{"id":1284,"date":"2013-07-22T13:33:53","date_gmt":"2013-07-22T11:33:53","guid":{"rendered":"http:\/\/www.feuerwehr-matzen.at\/?page_id=1284"},"modified":"2020-09-18T14:15:11","modified_gmt":"2020-09-18T12:15:11","slug":"02-janner-2010","status":"publish","type":"page","link":"https:\/\/www.feuerwehr-matzen.at\/?page_id=1284","title":{"rendered":"02. J\u00e4nner 2010"},"content":{"rendered":"<p><strong>Fahrzeugbergung<\/strong><a title=\"Eins\u00e4tze 2010\" href=\"https:\/\/www.feuerwehr-matzen.at\/?page_id=750\"><img loading=\"lazy\" decoding=\"async\" class=\"alignright size-full wp-image-1833\" alt=\"return\" src=\"https:\/\/www.feuerwehr-matzen.at\/wp-content\/uploads\/2013\/07\/return.jpg\" width=\"65\" height=\"30\" \/><\/a><\/p>\n<p>Am 2.J\u00e4nner 2010 um 10:37 wurde die Feuerwehr Matzen \u00fcber eine Privatperson zu einer Fahrzeugbergung nach einem Verkehrsunfall alarmiert.<br \/>\nZwei Fahrzeuge stie\u00dfen im Kreuzungsbereich L3159 und L 3161 zusammen und wurden dabei schwer besch\u00e4digt. Beide Fahrzeuglenker konnten ihre Fahrzeuge unverletzt verlassen.<br \/>\nNachdem die Unfallstelle abgesichert wurde und die Fahrzeugbatterien abgeklemmt wurden, konnte nach Freigabe durch die Polizei die Fahrzeuge auf einen zugewiesenen Parkplatz abtransportiert werden.<\/p>\n<p>Im Einsatz befindliche Fahrzeuge: RLF-A 2000, KDOF, Abschleppachse<br \/>\nMannschaftsst\u00e4rke: 4<br \/>\nsonstige Kr\u00e4fte: Polizei<\/p>\n<p><a href=\"https:\/\/www.feuerwehr-matzen.at\/wp-content\/uploads\/2013\/07\/011.jpg\"><img loading=\"lazy\" decoding=\"async\" class=\"alignleft size-thumbnail wp-image-1754\" alt=\"01\" src=\"https:\/\/www.feuerwehr-matzen.at\/wp-content\/uploads\/2013\/07\/011-150x150.jpg\" width=\"150\" height=\"150\" \/><\/a><\/p>\n<p>&nbsp;<\/p>\n","protected":false},"excerpt":{"rendered":"<p>Fahrzeugbergung Am 2.J\u00e4nner 2010 um 10:37 wurde die Feuerwehr Matzen \u00fcber eine Privatperson zu einer Fahrzeugbergung nach einem Verkehrsunfall alarmiert. Zwei Fahrzeuge stie\u00dfen im Kreuzungsbereich L3159 und L 3161 zusammen und wurden dabei schwer besch\u00e4digt. Beide Fahrzeuglenker konnten ihre Fahrzeuge <a class=\"more-link\" href=\"https:\/\/www.feuerwehr-matzen.at\/?page_id=1284\">weiterlesen  <span class=\"screen-reader-text\">  02. J\u00e4nner 2010<\/span><span class=\"meta-nav\">&rarr;<\/span><\/a><\/p>\n","protected":false},"author":6,"featured_media":0,"parent":0,"menu_order":0,"comment_status":"closed","ping_status":"open","template":"","meta":{"footnotes":""},"class_list":["post-1284","page","type-page","status-publish","hentry"],"_links":{"self":[{"href":"https:\/\/www.feuerwehr-matzen.at\/index.php?rest_route=\/wp\/v2\/pages\/1284","targetHints":{"allow":["GET"]}}],"collection":[{"href":"https:\/\/www.feuerwehr-matzen.at\/index.php?rest_route=\/wp\/v2\/pages"}],"about":[{"href":"https:\/\/www.feuerwehr-matzen.at\/index.php?rest_route=\/wp\/v2\/types\/page"}],"author":[{"embeddable":true,"href":"https:\/\/www.feuerwehr-matzen.at\/index.php?rest_route=\/wp\/v2\/users\/6"}],"replies":[{"embeddable":true,"href":"https:\/\/www.feuerwehr-matzen.at\/index.php?rest_route=%2Fwp%2Fv2%2Fcomments&post=1284"}],"version-history":[{"count":11,"href":"https:\/\/www.feuerwehr-matzen.at\/index.php?rest_route=\/wp\/v2\/pages\/1284\/revisions"}],"predecessor-version":[{"id":5750,"href":"https:\/\/www.feuerwehr-matzen.at\/index.php?rest_route=\/wp\/v2\/pages\/1284\/revisions\/5750"}],"wp:attachment":[{"href":"https:\/\/www.feuerwehr-matzen.at\/index.php?rest_route=%2Fwp%2Fv2%2Fmedia&parent=1284"}],"curies":[{"name":"wp","href":"https:\/\/api.w.org\/{rel}","templated":true}]}}