{"id":1288,"date":"2013-07-22T13:35:10","date_gmt":"2013-07-22T11:35:10","guid":{"rendered":"http:\/\/www.feuerwehr-matzen.at\/?page_id=1288"},"modified":"2020-09-18T14:15:11","modified_gmt":"2020-09-18T12:15:11","slug":"04-janner-2010","status":"publish","type":"page","link":"https:\/\/www.feuerwehr-matzen.at\/?page_id=1288","title":{"rendered":"04. J\u00e4nner 2010"},"content":{"rendered":"<p><strong>PKW am Dach<\/strong><a title=\"Eins\u00e4tze 2010\" href=\"https:\/\/www.feuerwehr-matzen.at\/?page_id=750\"><img loading=\"lazy\" decoding=\"async\" class=\"alignright size-full wp-image-1833\" alt=\"return\" src=\"https:\/\/www.feuerwehr-matzen.at\/wp-content\/uploads\/2013\/07\/return.jpg\" width=\"65\" height=\"30\" \/><\/a><\/p>\n<p>In den fr\u00fchen Morgenstunden des 4.J\u00e4nners l\u00e4uteten die Handy\u00b4s der Matzner Florianij\u00fcnger. Die Feuerwehr Matzen wurde um 6:32 Uhr von der Polizei informiert , dass es in der vergangenen Nacht Richtung Gro\u00df Schweinbarth zu einem Verkehrsunfall gekommen ist. Mittels SMS &#8211; Alarm wurde die restliche Mannschaft alarmiert. Kurze Zeit sp\u00e4ter r\u00fcckten sieben Mann mit 2 Fahrzeugen und der Abschleppachse aus.<br \/>\nAn der Unfallstelle angekommen wurde der Brandschutz aufgebaut, die Einsatzstelle ausgeleuchtet und abgesichert.<br \/>\nNachdem das Fahrzeug mittels der Seilwinde aufgestellt wurde konnte es auf einen von der Polizei zugewiesenen Parkplatz abgestellt werden.<br \/>\nUm 8:00 Uhr konnte die Einsatzbereitschaft wieder hergestellt werden.<\/p>\n<p>Im Einsatz befindliche Fahrzeuge: RLF-A 2000, KDOF, Abschleppachse<br \/>\nMannschaftsst\u00e4rke: 7<\/p>\n<p><a href=\"https:\/\/www.feuerwehr-matzen.at\/wp-content\/uploads\/2013\/07\/041.jpg\"><img loading=\"lazy\" decoding=\"async\" class=\"alignleft size-thumbnail wp-image-1859\" alt=\"04\" src=\"https:\/\/www.feuerwehr-matzen.at\/wp-content\/uploads\/2013\/07\/041-200x133.jpg\" width=\"150\" height=\"99\" srcset=\"https:\/\/www.feuerwehr-matzen.at\/wp-content\/uploads\/2013\/07\/041-200x133.jpg 200w, https:\/\/www.feuerwehr-matzen.at\/wp-content\/uploads\/2013\/07\/041.jpg 350w\" sizes=\"auto, (max-width: 150px) 100vw, 150px\" \/><\/a> <a href=\"https:\/\/www.feuerwehr-matzen.at\/wp-content\/uploads\/2013\/07\/031.jpg\"><img loading=\"lazy\" decoding=\"async\" class=\"alignleft size-thumbnail wp-image-1858\" alt=\"03\" src=\"https:\/\/www.feuerwehr-matzen.at\/wp-content\/uploads\/2013\/07\/031-200x133.jpg\" width=\"150\" height=\"99\" srcset=\"https:\/\/www.feuerwehr-matzen.at\/wp-content\/uploads\/2013\/07\/031-200x133.jpg 200w, https:\/\/www.feuerwehr-matzen.at\/wp-content\/uploads\/2013\/07\/031.jpg 350w\" sizes=\"auto, (max-width: 150px) 100vw, 150px\" \/><\/a> <a href=\"https:\/\/www.feuerwehr-matzen.at\/wp-content\/uploads\/2013\/07\/012.jpg\"><img loading=\"lazy\" decoding=\"async\" class=\"alignleft size-thumbnail wp-image-1856\" alt=\"01\" src=\"https:\/\/www.feuerwehr-matzen.at\/wp-content\/uploads\/2013\/07\/012-200x133.jpg\" width=\"150\" height=\"99\" srcset=\"https:\/\/www.feuerwehr-matzen.at\/wp-content\/uploads\/2013\/07\/012-200x133.jpg 200w, https:\/\/www.feuerwehr-matzen.at\/wp-content\/uploads\/2013\/07\/012.jpg 350w\" sizes=\"auto, (max-width: 150px) 100vw, 150px\" \/><\/a> <a href=\"https:\/\/www.feuerwehr-matzen.at\/wp-content\/uploads\/2013\/07\/021.jpg\"><img loading=\"lazy\" decoding=\"async\" class=\"alignleft size-thumbnail wp-image-1857\" alt=\"02\" src=\"https:\/\/www.feuerwehr-matzen.at\/wp-content\/uploads\/2013\/07\/021-200x133.jpg\" width=\"150\" height=\"99\" srcset=\"https:\/\/www.feuerwehr-matzen.at\/wp-content\/uploads\/2013\/07\/021-200x133.jpg 200w, https:\/\/www.feuerwehr-matzen.at\/wp-content\/uploads\/2013\/07\/021.jpg 350w\" sizes=\"auto, (max-width: 150px) 100vw, 150px\" \/><\/a><\/p>\n","protected":false},"excerpt":{"rendered":"<p>PKW am Dach In den fr\u00fchen Morgenstunden des 4.J\u00e4nners l\u00e4uteten die Handy\u00b4s der Matzner Florianij\u00fcnger. Die Feuerwehr Matzen wurde um 6:32 Uhr von der Polizei informiert , dass es in der vergangenen Nacht Richtung Gro\u00df Schweinbarth zu einem Verkehrsunfall gekommen <a class=\"more-link\" href=\"https:\/\/www.feuerwehr-matzen.at\/?page_id=1288\">weiterlesen  <span class=\"screen-reader-text\">  04. J\u00e4nner 2010<\/span><span class=\"meta-nav\">&rarr;<\/span><\/a><\/p>\n","protected":false},"author":6,"featured_media":0,"parent":0,"menu_order":0,"comment_status":"closed","ping_status":"open","template":"","meta":{"footnotes":""},"class_list":["post-1288","page","type-page","status-publish","hentry"],"_links":{"self":[{"href":"https:\/\/www.feuerwehr-matzen.at\/index.php?rest_route=\/wp\/v2\/pages\/1288","targetHints":{"allow":["GET"]}}],"collection":[{"href":"https:\/\/www.feuerwehr-matzen.at\/index.php?rest_route=\/wp\/v2\/pages"}],"about":[{"href":"https:\/\/www.feuerwehr-matzen.at\/index.php?rest_route=\/wp\/v2\/types\/page"}],"author":[{"embeddable":true,"href":"https:\/\/www.feuerwehr-matzen.at\/index.php?rest_route=\/wp\/v2\/users\/6"}],"replies":[{"embeddable":true,"href":"https:\/\/www.feuerwehr-matzen.at\/index.php?rest_route=%2Fwp%2Fv2%2Fcomments&post=1288"}],"version-history":[{"count":8,"href":"https:\/\/www.feuerwehr-matzen.at\/index.php?rest_route=\/wp\/v2\/pages\/1288\/revisions"}],"predecessor-version":[{"id":5762,"href":"https:\/\/www.feuerwehr-matzen.at\/index.php?rest_route=\/wp\/v2\/pages\/1288\/revisions\/5762"}],"wp:attachment":[{"href":"https:\/\/www.feuerwehr-matzen.at\/index.php?rest_route=%2Fwp%2Fv2%2Fmedia&parent=1288"}],"curies":[{"name":"wp","href":"https:\/\/api.w.org\/{rel}","templated":true}]}}