{"id":1306,"date":"2013-07-22T13:42:59","date_gmt":"2013-07-22T11:42:59","guid":{"rendered":"http:\/\/www.feuerwehr-matzen.at\/?page_id=1306"},"modified":"2020-09-18T14:15:34","modified_gmt":"2020-09-18T12:15:34","slug":"25-juli-2010","status":"publish","type":"page","link":"https:\/\/www.feuerwehr-matzen.at\/?page_id=1306","title":{"rendered":"25. Juli 2010"},"content":{"rendered":"<p><strong>Fahrzeugbrand<\/strong><a title=\"Eins\u00e4tze 2010\" href=\"https:\/\/www.feuerwehr-matzen.at\/?page_id=750\"><img loading=\"lazy\" decoding=\"async\" class=\"alignright size-full wp-image-1833\" alt=\"return\" src=\"https:\/\/www.feuerwehr-matzen.at\/wp-content\/uploads\/2013\/07\/return.jpg\" width=\"65\" height=\"30\" \/><\/a><\/p>\n<p>Am 25.Juli 2010 wurden die Matzner Florianij\u00fcnger um 21:46 Uhr mittels Sirene, Personenrufempf\u00e4nger und SMS-Alarm zu einem Fahrzeugbrand alarmiert. Aufgrund der Alarmstufe des Einsatzszenarios wurden zeitgleich die Feuerwehren Gro\u00df Schweinbarth und Raggendorf mitalarmiert.<br \/>\nZwei Feuerwehrkammeraden, die nicht weit vom Einsatzort wohnen, r\u00fcsteten sich mit einem Feuerl\u00f6scher aus und rannten direkt zur Einsatzstelle. Gl\u00fccklicherweise konnte der Besitzer den Wagen noch auf die Stra\u00dfe schieben. Die beiden Florianij\u00fcnger schlugen die Flammen bis zum Eintreffen der Einsatzkr\u00e4fte zur\u00fcck.<br \/>\nAn der Einsatzstelle angekommen wurde unverz\u00fcglich der Verkehr in beide Fahrtrichtungen angehalten. Zeitgleich wurde mittels Hochdruckrohr mit der Brandbek\u00e4mpfung begonnen. Aufgrund der verzogenen Motorhaube, musste diese mit dem Spreizer ge\u00f6ffnet werden. Danach konnten die L\u00f6schma\u00dfnahmen fortgesetzt werden. Zeitgleich mit der ersten Brandbek\u00e4mpfung trafen auch die beiden mitalarmierten Feuerwehren ein. Da der Brand bereits unter Kontrolle war, konnten die Nachbarfeuerwehren wieder einr\u00fccken.<br \/>\nNachdem der Brand abgel\u00f6scht war, wurde die Stra\u00dfe gereinigt und das Fahrzeug gesichert abgestellt.<br \/>\nNach rund 45 Minuten konnte die Feuerwehr Matzen wieder ins Zeughaus einr\u00fccken und die Einsatzbereitschaft herstellen.<\/p>\n<p>Im Einsatz befindliche Fahrzeuge: RLF-A 2000, KDOF, LAST<br \/>\nMannschaftsst\u00e4rke: 22<br \/>\nsonstige Kr\u00e4fte: FF Raggendorf, FF Gro\u00df Schweinbarth, Polizei<\/p>\n<p><a href=\"https:\/\/www.feuerwehr-matzen.at\/wp-content\/uploads\/2013\/08\/20100725_05.jpg\"><img loading=\"lazy\" decoding=\"async\" class=\"alignleft size-thumbnail wp-image-3083\" alt=\"20100725_05\" src=\"https:\/\/www.feuerwehr-matzen.at\/wp-content\/uploads\/2013\/08\/20100725_05-150x150.jpg\" width=\"150\" height=\"150\" \/><\/a> <a href=\"https:\/\/www.feuerwehr-matzen.at\/wp-content\/uploads\/2013\/08\/20100725_04.jpg\"><img loading=\"lazy\" decoding=\"async\" class=\"alignleft size-thumbnail wp-image-3082\" alt=\"20100725_04\" src=\"https:\/\/www.feuerwehr-matzen.at\/wp-content\/uploads\/2013\/08\/20100725_04-150x150.jpg\" width=\"150\" height=\"150\" \/><\/a> <a href=\"https:\/\/www.feuerwehr-matzen.at\/wp-content\/uploads\/2013\/08\/20100725_02.jpg\"><img loading=\"lazy\" decoding=\"async\" class=\"alignleft size-thumbnail wp-image-3080\" alt=\"20100725_02\" src=\"https:\/\/www.feuerwehr-matzen.at\/wp-content\/uploads\/2013\/08\/20100725_02-150x150.jpg\" width=\"150\" height=\"150\" \/><\/a> <a href=\"https:\/\/www.feuerwehr-matzen.at\/wp-content\/uploads\/2013\/08\/20100725_03.jpg\"><img loading=\"lazy\" decoding=\"async\" class=\"alignleft size-thumbnail wp-image-3081\" alt=\"20100725_03\" src=\"https:\/\/www.feuerwehr-matzen.at\/wp-content\/uploads\/2013\/08\/20100725_03-150x150.jpg\" width=\"150\" height=\"150\" \/><\/a> <a href=\"https:\/\/www.feuerwehr-matzen.at\/wp-content\/uploads\/2013\/08\/20100725_01.jpg\"><img loading=\"lazy\" decoding=\"async\" class=\"alignleft size-thumbnail wp-image-3079\" alt=\"20100725_01\" src=\"https:\/\/www.feuerwehr-matzen.at\/wp-content\/uploads\/2013\/08\/20100725_01-150x150.jpg\" width=\"150\" height=\"150\" \/><\/a><\/p>\n","protected":false},"excerpt":{"rendered":"<p>Fahrzeugbrand Am 25.Juli 2010 wurden die Matzner Florianij\u00fcnger um 21:46 Uhr mittels Sirene, Personenrufempf\u00e4nger und SMS-Alarm zu einem Fahrzeugbrand alarmiert. Aufgrund der Alarmstufe des Einsatzszenarios wurden zeitgleich die Feuerwehren Gro\u00df Schweinbarth und Raggendorf mitalarmiert. Zwei Feuerwehrkammeraden, die nicht weit vom <a class=\"more-link\" href=\"https:\/\/www.feuerwehr-matzen.at\/?page_id=1306\">weiterlesen  <span class=\"screen-reader-text\">  25. Juli 2010<\/span><span class=\"meta-nav\">&rarr;<\/span><\/a><\/p>\n","protected":false},"author":6,"featured_media":0,"parent":0,"menu_order":0,"comment_status":"closed","ping_status":"open","template":"","meta":{"footnotes":""},"class_list":["post-1306","page","type-page","status-publish","hentry"],"_links":{"self":[{"href":"https:\/\/www.feuerwehr-matzen.at\/index.php?rest_route=\/wp\/v2\/pages\/1306","targetHints":{"allow":["GET"]}}],"collection":[{"href":"https:\/\/www.feuerwehr-matzen.at\/index.php?rest_route=\/wp\/v2\/pages"}],"about":[{"href":"https:\/\/www.feuerwehr-matzen.at\/index.php?rest_route=\/wp\/v2\/types\/page"}],"author":[{"embeddable":true,"href":"https:\/\/www.feuerwehr-matzen.at\/index.php?rest_route=\/wp\/v2\/users\/6"}],"replies":[{"embeddable":true,"href":"https:\/\/www.feuerwehr-matzen.at\/index.php?rest_route=%2Fwp%2Fv2%2Fcomments&post=1306"}],"version-history":[{"count":6,"href":"https:\/\/www.feuerwehr-matzen.at\/index.php?rest_route=\/wp\/v2\/pages\/1306\/revisions"}],"predecessor-version":[{"id":5813,"href":"https:\/\/www.feuerwehr-matzen.at\/index.php?rest_route=\/wp\/v2\/pages\/1306\/revisions\/5813"}],"wp:attachment":[{"href":"https:\/\/www.feuerwehr-matzen.at\/index.php?rest_route=%2Fwp%2Fv2%2Fmedia&parent=1306"}],"curies":[{"name":"wp","href":"https:\/\/api.w.org\/{rel}","templated":true}]}}