{"id":1309,"date":"2013-07-22T13:44:51","date_gmt":"2013-07-22T11:44:51","guid":{"rendered":"http:\/\/www.feuerwehr-matzen.at\/?page_id=1309"},"modified":"2020-09-18T14:15:11","modified_gmt":"2020-09-18T12:15:11","slug":"1309-2","status":"publish","type":"page","link":"https:\/\/www.feuerwehr-matzen.at\/?page_id=1309","title":{"rendered":"04. Oktober 2010"},"content":{"rendered":"<p><strong>Person in Notlage<\/strong><a title=\"Eins\u00e4tze 2010\" href=\"https:\/\/www.feuerwehr-matzen.at\/?page_id=750\"><img loading=\"lazy\" decoding=\"async\" class=\"alignright size-full wp-image-1833\" alt=\"return\" src=\"https:\/\/www.feuerwehr-matzen.at\/wp-content\/uploads\/2013\/07\/return.jpg\" width=\"65\" height=\"30\" \/><\/a><\/p>\n<p>Am 4.Oktober wurde der Kommandant-Stellvertreter der Feuerwehr Matzen von beunruhigten Nachbarn dar\u00fcber informiert, dass eine Anrainerin seit gestern nicht mehr angetroffen wurde und weder auf Klingeln oder Klopfen reagiere.<br \/>\nUnverz\u00fcglich alarmierte Brandinspektor Sch\u00fctz die Feuerwehr Matzen und die Drehleiter der Stadtfeuerwehr G\u00e4nserndorf.<br \/>\nUm 12:35 r\u00fcckten 6 Mann mittels R\u00fcstl\u00f6schfahrzeug zum Einsatzort aus. Gemeinsam mit der Polizei und dem Feuerwehrarzt wurde vergeblich versucht Kontakt mit der abg\u00e4ngigen Person aufzunehmen. Nachdem die Drehleiter am Einsatzort ankam, wurde sie sofort in Stellung gebracht um \u00fcber den Balkon in die verschlossene Wohnung zu gelangen. Als die T\u00fcr endlich ge\u00f6ffnet wurde stellten die Einsatzkr\u00e4fte fest, dass die vermisste Person unverletzt war.<br \/>\nDa die Florianij\u00fcnger nicht mehr ben\u00f6tigt wurden konnte der Einsatz beendet werden. Die Matznerin wurde zur Sicherheit nach Mistelbach ins Landesklinikum gebracht.<br \/>\nUm 13:10 konnte die Feuerwehr Matzen die Einsatzbereitschaft wieder herstellen.<\/p>\n<p>Im Einsatz befindliche Fahrzeuge: RLF-A 2000<br \/>\nMannschaftsst\u00e4rke: 7<br \/>\nsonstige Kr\u00e4fte: FF G\u00e4nserndorf, RK G\u00e4nserndorf, Polizei<\/p>\n<p><a href=\"https:\/\/www.feuerwehr-matzen.at\/wp-content\/uploads\/2013\/07\/027.jpg\"><img loading=\"lazy\" decoding=\"async\" class=\"alignleft size-thumbnail wp-image-1906\" alt=\"02\" src=\"https:\/\/www.feuerwehr-matzen.at\/wp-content\/uploads\/2013\/07\/027-150x150.jpg\" width=\"150\" height=\"150\" \/><\/a>\u00a0<a href=\"https:\/\/www.feuerwehr-matzen.at\/wp-content\/uploads\/2013\/08\/01.jpg\"><img loading=\"lazy\" decoding=\"async\" class=\"alignleft size-thumbnail wp-image-3085\" alt=\"01\" src=\"https:\/\/www.feuerwehr-matzen.at\/wp-content\/uploads\/2013\/08\/01-150x150.jpg\" width=\"150\" height=\"150\" \/><\/a><\/p>\n","protected":false},"excerpt":{"rendered":"<p>Person in Notlage Am 4.Oktober wurde der Kommandant-Stellvertreter der Feuerwehr Matzen von beunruhigten Nachbarn dar\u00fcber informiert, dass eine Anrainerin seit gestern nicht mehr angetroffen wurde und weder auf Klingeln oder Klopfen reagiere. Unverz\u00fcglich alarmierte Brandinspektor Sch\u00fctz die Feuerwehr Matzen und <a class=\"more-link\" href=\"https:\/\/www.feuerwehr-matzen.at\/?page_id=1309\">weiterlesen  <span class=\"screen-reader-text\">  04. Oktober 2010<\/span><span class=\"meta-nav\">&rarr;<\/span><\/a><\/p>\n","protected":false},"author":6,"featured_media":0,"parent":0,"menu_order":0,"comment_status":"closed","ping_status":"open","template":"","meta":{"footnotes":""},"class_list":["post-1309","page","type-page","status-publish","hentry"],"_links":{"self":[{"href":"https:\/\/www.feuerwehr-matzen.at\/index.php?rest_route=\/wp\/v2\/pages\/1309","targetHints":{"allow":["GET"]}}],"collection":[{"href":"https:\/\/www.feuerwehr-matzen.at\/index.php?rest_route=\/wp\/v2\/pages"}],"about":[{"href":"https:\/\/www.feuerwehr-matzen.at\/index.php?rest_route=\/wp\/v2\/types\/page"}],"author":[{"embeddable":true,"href":"https:\/\/www.feuerwehr-matzen.at\/index.php?rest_route=\/wp\/v2\/users\/6"}],"replies":[{"embeddable":true,"href":"https:\/\/www.feuerwehr-matzen.at\/index.php?rest_route=%2Fwp%2Fv2%2Fcomments&post=1309"}],"version-history":[{"count":6,"href":"https:\/\/www.feuerwehr-matzen.at\/index.php?rest_route=\/wp\/v2\/pages\/1309\/revisions"}],"predecessor-version":[{"id":3476,"href":"https:\/\/www.feuerwehr-matzen.at\/index.php?rest_route=\/wp\/v2\/pages\/1309\/revisions\/3476"}],"wp:attachment":[{"href":"https:\/\/www.feuerwehr-matzen.at\/index.php?rest_route=%2Fwp%2Fv2%2Fmedia&parent=1309"}],"curies":[{"name":"wp","href":"https:\/\/api.w.org\/{rel}","templated":true}]}}