{"id":1315,"date":"2013-07-22T13:48:54","date_gmt":"2013-07-22T11:48:54","guid":{"rendered":"http:\/\/www.feuerwehr-matzen.at\/?page_id=1315"},"modified":"2020-09-18T14:15:23","modified_gmt":"2020-09-18T12:15:23","slug":"18-dezember-2010","status":"publish","type":"page","link":"https:\/\/www.feuerwehr-matzen.at\/?page_id=1315","title":{"rendered":"18. Dezember 2010"},"content":{"rendered":"<p><strong>Fahrzeugbergung<\/strong><a title=\"Eins\u00e4tze 2010\" href=\"https:\/\/www.feuerwehr-matzen.at\/?page_id=750\"><img loading=\"lazy\" decoding=\"async\" class=\"alignright size-full wp-image-1833\" alt=\"return\" src=\"https:\/\/www.feuerwehr-matzen.at\/wp-content\/uploads\/2013\/07\/return.jpg\" width=\"65\" height=\"30\" \/><\/a><\/p>\n<p>Am 18.12.2010 um 16:44, mitten unter den Vorbereitungen f\u00fcr den Punschstand wurde die Feuerwehr Matzen telefonisch zu einer Fahrzeugbergung auf der K\u00f6nigshut alarmiert.<br \/>\nMit dem R\u00fcstl\u00f6schfahrzeug der Feuerwehr Matzen r\u00fcckten 4 Kameraden zur Hilfeleistung aus.<br \/>\nDer festgefahrene PKW wurde mittels Seilwinde wieder auf festen Untergrund gezogen.<br \/>\nNach rund 40 Minuten konnten die Florianij\u00fcnger wieder einr\u00fccken.<\/p>\n<p>Im Einsatz befindliche Fahrzeuge: RLF-A 2000<br \/>\nMannschaftsst\u00e4rke: 4<\/p>\n<p><a href=\"https:\/\/www.feuerwehr-matzen.at\/wp-content\/uploads\/2013\/07\/0211.jpg\"><img loading=\"lazy\" decoding=\"async\" class=\"alignleft size-thumbnail wp-image-1925\" alt=\"02\" src=\"https:\/\/www.feuerwehr-matzen.at\/wp-content\/uploads\/2013\/07\/0211-150x150.jpg\" width=\"150\" height=\"150\" \/><\/a> <a href=\"https:\/\/www.feuerwehr-matzen.at\/wp-content\/uploads\/2013\/08\/011.jpg\"><img loading=\"lazy\" decoding=\"async\" class=\"alignleft size-thumbnail wp-image-3091\" alt=\"01\" src=\"https:\/\/www.feuerwehr-matzen.at\/wp-content\/uploads\/2013\/08\/011-150x150.jpg\" width=\"150\" height=\"150\" \/><\/a><\/p>\n","protected":false},"excerpt":{"rendered":"<p>Fahrzeugbergung Am 18.12.2010 um 16:44, mitten unter den Vorbereitungen f\u00fcr den Punschstand wurde die Feuerwehr Matzen telefonisch zu einer Fahrzeugbergung auf der K\u00f6nigshut alarmiert. Mit dem R\u00fcstl\u00f6schfahrzeug der Feuerwehr Matzen r\u00fcckten 4 Kameraden zur Hilfeleistung aus. Der festgefahrene PKW wurde <a class=\"more-link\" href=\"https:\/\/www.feuerwehr-matzen.at\/?page_id=1315\">weiterlesen  <span class=\"screen-reader-text\">  18. Dezember 2010<\/span><span class=\"meta-nav\">&rarr;<\/span><\/a><\/p>\n","protected":false},"author":6,"featured_media":0,"parent":0,"menu_order":0,"comment_status":"closed","ping_status":"open","template":"","meta":{"footnotes":""},"class_list":["post-1315","page","type-page","status-publish","hentry"],"_links":{"self":[{"href":"https:\/\/www.feuerwehr-matzen.at\/index.php?rest_route=\/wp\/v2\/pages\/1315","targetHints":{"allow":["GET"]}}],"collection":[{"href":"https:\/\/www.feuerwehr-matzen.at\/index.php?rest_route=\/wp\/v2\/pages"}],"about":[{"href":"https:\/\/www.feuerwehr-matzen.at\/index.php?rest_route=\/wp\/v2\/types\/page"}],"author":[{"embeddable":true,"href":"https:\/\/www.feuerwehr-matzen.at\/index.php?rest_route=\/wp\/v2\/users\/6"}],"replies":[{"embeddable":true,"href":"https:\/\/www.feuerwehr-matzen.at\/index.php?rest_route=%2Fwp%2Fv2%2Fcomments&post=1315"}],"version-history":[{"count":6,"href":"https:\/\/www.feuerwehr-matzen.at\/index.php?rest_route=\/wp\/v2\/pages\/1315\/revisions"}],"predecessor-version":[{"id":3522,"href":"https:\/\/www.feuerwehr-matzen.at\/index.php?rest_route=\/wp\/v2\/pages\/1315\/revisions\/3522"}],"wp:attachment":[{"href":"https:\/\/www.feuerwehr-matzen.at\/index.php?rest_route=%2Fwp%2Fv2%2Fmedia&parent=1315"}],"curies":[{"name":"wp","href":"https:\/\/api.w.org\/{rel}","templated":true}]}}