{"id":1354,"date":"2013-07-22T14:36:27","date_gmt":"2013-07-22T12:36:27","guid":{"rendered":"http:\/\/www.feuerwehr-matzen.at\/?page_id=1354"},"modified":"2020-09-18T14:15:34","modified_gmt":"2020-09-18T12:15:34","slug":"29-juli-2011-2","status":"publish","type":"page","link":"https:\/\/www.feuerwehr-matzen.at\/?page_id=1354","title":{"rendered":"29. Juli 2011"},"content":{"rendered":"<p><strong>Zimmerbrand<\/strong><a title=\"Eins\u00e4tze 2011\" href=\"https:\/\/www.feuerwehr-matzen.at\/?page_id=747\"><img loading=\"lazy\" decoding=\"async\" class=\"alignright size-full wp-image-1833\" alt=\"return\" src=\"https:\/\/www.feuerwehr-matzen.at\/wp-content\/uploads\/2013\/07\/return.jpg\" width=\"65\" height=\"30\" \/><\/a><\/p>\n<p>Am 29.07.2011 wurde die Kammeraden der Feuerwehr Matzen um 14:48 mittels Sirene und SMS-Alarm zu einem Zimmerbrand in der Hofgartenstra\u00dfe alarmiert.<br \/>\nKurz nachdem 13 Kameraden ins Feuerwehrhaus eilten, r\u00fcckten die Florianij\u00fcnger mit allen 3 Fahrzeugen zum Einsatzort aus.<br \/>\nAn der Einsatzstelle angekommen stellte sich nach der Erkundung durch Feuerwehrkommandant HBI Manfred Neubauer heraus, dass der Hauseigent\u00fcmer den Brand in der K\u00fcche mittels Nassl\u00f6scher selber abl\u00f6schen konnte. Nach der Kontrolle durch den Atemschutztrupp und des Einsatzleiters wurde &#8222;Brand Aus&#8220; gegeben, die mitalarmierten Nachbarfeuerwehren storniert und die Einsatzkr\u00e4fte r\u00fcckten wieder ins Zeughaus ein.<br \/>\nUm 15:11 wurde die Einsatzbereitschaft wieder hergestellt.<\/p>\n<p>Im Einsatz befindliche Fahrzeuge: RLF-A 2000, KDO, LAST<br \/>\nMannschaftsst\u00e4rke: 13<br \/>\nsonstige Kr\u00e4fte: FF Gro\u00df Schweinbarth, FF Raggendorf, RK G\u00e4nserndorf, Polizei<\/p>\n<p><a href=\"https:\/\/www.feuerwehr-matzen.at\/wp-content\/uploads\/2013\/08\/20110729_05.jpg\"><img loading=\"lazy\" decoding=\"async\" class=\"alignleft size-thumbnail wp-image-3101\" alt=\"20110729_05\" src=\"https:\/\/www.feuerwehr-matzen.at\/wp-content\/uploads\/2013\/08\/20110729_05-150x150.jpg\" width=\"150\" height=\"150\" \/><\/a> <a href=\"https:\/\/www.feuerwehr-matzen.at\/wp-content\/uploads\/2013\/08\/20110729_04.jpg\"><img loading=\"lazy\" decoding=\"async\" class=\"alignleft size-thumbnail wp-image-3100\" alt=\"20110729_04\" src=\"https:\/\/www.feuerwehr-matzen.at\/wp-content\/uploads\/2013\/08\/20110729_04-150x150.jpg\" width=\"150\" height=\"150\" \/><\/a> <a href=\"https:\/\/www.feuerwehr-matzen.at\/wp-content\/uploads\/2013\/08\/20110729_02.jpg\"><img loading=\"lazy\" decoding=\"async\" class=\"alignleft size-thumbnail wp-image-3098\" alt=\"20110729_02\" src=\"https:\/\/www.feuerwehr-matzen.at\/wp-content\/uploads\/2013\/08\/20110729_02-150x150.jpg\" width=\"150\" height=\"150\" \/><\/a> <a href=\"https:\/\/www.feuerwehr-matzen.at\/wp-content\/uploads\/2013\/08\/20110729_03.jpg\"><img loading=\"lazy\" decoding=\"async\" class=\"alignleft size-thumbnail wp-image-3099\" alt=\"20110729_03\" src=\"https:\/\/www.feuerwehr-matzen.at\/wp-content\/uploads\/2013\/08\/20110729_03-150x150.jpg\" width=\"150\" height=\"150\" \/><\/a> <a href=\"https:\/\/www.feuerwehr-matzen.at\/wp-content\/uploads\/2013\/08\/20110729_01.jpg\"><img loading=\"lazy\" decoding=\"async\" class=\"alignleft size-thumbnail wp-image-3097\" alt=\"20110729_01\" src=\"https:\/\/www.feuerwehr-matzen.at\/wp-content\/uploads\/2013\/08\/20110729_01-150x150.jpg\" width=\"150\" height=\"150\" \/><\/a><\/p>\n","protected":false},"excerpt":{"rendered":"<p>Zimmerbrand Am 29.07.2011 wurde die Kammeraden der Feuerwehr Matzen um 14:48 mittels Sirene und SMS-Alarm zu einem Zimmerbrand in der Hofgartenstra\u00dfe alarmiert. Kurz nachdem 13 Kameraden ins Feuerwehrhaus eilten, r\u00fcckten die Florianij\u00fcnger mit allen 3 Fahrzeugen zum Einsatzort aus. An <a class=\"more-link\" href=\"https:\/\/www.feuerwehr-matzen.at\/?page_id=1354\">weiterlesen  <span class=\"screen-reader-text\">  29. Juli 2011<\/span><span class=\"meta-nav\">&rarr;<\/span><\/a><\/p>\n","protected":false},"author":6,"featured_media":0,"parent":0,"menu_order":0,"comment_status":"closed","ping_status":"open","template":"","meta":{"footnotes":""},"class_list":["post-1354","page","type-page","status-publish","hentry"],"_links":{"self":[{"href":"https:\/\/www.feuerwehr-matzen.at\/index.php?rest_route=\/wp\/v2\/pages\/1354","targetHints":{"allow":["GET"]}}],"collection":[{"href":"https:\/\/www.feuerwehr-matzen.at\/index.php?rest_route=\/wp\/v2\/pages"}],"about":[{"href":"https:\/\/www.feuerwehr-matzen.at\/index.php?rest_route=\/wp\/v2\/types\/page"}],"author":[{"embeddable":true,"href":"https:\/\/www.feuerwehr-matzen.at\/index.php?rest_route=\/wp\/v2\/users\/6"}],"replies":[{"embeddable":true,"href":"https:\/\/www.feuerwehr-matzen.at\/index.php?rest_route=%2Fwp%2Fv2%2Fcomments&post=1354"}],"version-history":[{"count":7,"href":"https:\/\/www.feuerwehr-matzen.at\/index.php?rest_route=\/wp\/v2\/pages\/1354\/revisions"}],"predecessor-version":[{"id":5825,"href":"https:\/\/www.feuerwehr-matzen.at\/index.php?rest_route=\/wp\/v2\/pages\/1354\/revisions\/5825"}],"wp:attachment":[{"href":"https:\/\/www.feuerwehr-matzen.at\/index.php?rest_route=%2Fwp%2Fv2%2Fmedia&parent=1354"}],"curies":[{"name":"wp","href":"https:\/\/api.w.org\/{rel}","templated":true}]}}