{"id":1357,"date":"2013-07-22T14:38:15","date_gmt":"2013-07-22T12:38:15","guid":{"rendered":"http:\/\/www.feuerwehr-matzen.at\/?page_id=1357"},"modified":"2020-09-18T14:15:23","modified_gmt":"2020-09-18T12:15:23","slug":"10-juli-2011-2","status":"publish","type":"page","link":"https:\/\/www.feuerwehr-matzen.at\/?page_id=1357","title":{"rendered":"10. Juli 2011"},"content":{"rendered":"<p><strong>Technische Hilfeleistung<\/strong><a title=\"Eins\u00e4tze 2011\" href=\"https:\/\/www.feuerwehr-matzen.at\/?page_id=747\"><img loading=\"lazy\" decoding=\"async\" class=\"alignright size-full wp-image-1833\" alt=\"return\" src=\"https:\/\/www.feuerwehr-matzen.at\/wp-content\/uploads\/2013\/07\/return.jpg\" width=\"65\" height=\"30\" \/><\/a><\/p>\n<p>Am 10.07.2011 wurde die Feuerwehr Matzen per SMS-Alarm zu einer Technischen Hilfeleitung alarmiert. Auf der Kreuzung Hauptstrasse # Spannbergerstrasse verlor ein Landwirt Saatgut. Die Feuerwehr Matzen r\u00fcckte mit dem R\u00fcstl\u00f6schfahrzeug und 5 Mann zum Einsatzort aus. Rund 30 Minuten reinigten die Florianij\u00fcnger die verschmutzten Verkehrswege. Der Verkehr wurde w\u00e4hrend den Arbeiten einspurig an der Einsatzstelle vorbeigelotst. Um 14:30 konnte die Einsatzbereitschaft wieder hergestellt werden.<\/p>\n<p>Im Einsatz befindliche Fahrzeuge: RLF-A 2000<br \/>\nMannschaftsst\u00e4rke: 5<\/p>\n<p><a href=\"https:\/\/www.feuerwehr-matzen.at\/wp-content\/uploads\/2013\/08\/20110710_03.jpg\"><img loading=\"lazy\" decoding=\"async\" class=\"alignleft size-thumbnail wp-image-3095\" alt=\"20110710_03\" src=\"https:\/\/www.feuerwehr-matzen.at\/wp-content\/uploads\/2013\/08\/20110710_03-150x150.jpg\" width=\"150\" height=\"150\" \/><\/a> <a href=\"https:\/\/www.feuerwehr-matzen.at\/wp-content\/uploads\/2013\/08\/20110710_02.jpg\"><img loading=\"lazy\" decoding=\"async\" class=\"alignleft size-thumbnail wp-image-3094\" alt=\"20110710_02\" src=\"https:\/\/www.feuerwehr-matzen.at\/wp-content\/uploads\/2013\/08\/20110710_02-150x150.jpg\" width=\"150\" height=\"150\" \/><\/a> <a href=\"https:\/\/www.feuerwehr-matzen.at\/wp-content\/uploads\/2013\/08\/20110710_01.jpg\"><img loading=\"lazy\" decoding=\"async\" class=\"alignleft size-thumbnail wp-image-3093\" alt=\"20110710_01\" src=\"https:\/\/www.feuerwehr-matzen.at\/wp-content\/uploads\/2013\/08\/20110710_01-150x150.jpg\" width=\"150\" height=\"150\" \/><\/a><\/p>\n","protected":false},"excerpt":{"rendered":"<p>Technische Hilfeleistung Am 10.07.2011 wurde die Feuerwehr Matzen per SMS-Alarm zu einer Technischen Hilfeleitung alarmiert. Auf der Kreuzung Hauptstrasse # Spannbergerstrasse verlor ein Landwirt Saatgut. Die Feuerwehr Matzen r\u00fcckte mit dem R\u00fcstl\u00f6schfahrzeug und 5 Mann zum Einsatzort aus. Rund 30 <a class=\"more-link\" href=\"https:\/\/www.feuerwehr-matzen.at\/?page_id=1357\">weiterlesen  <span class=\"screen-reader-text\">  10. Juli 2011<\/span><span class=\"meta-nav\">&rarr;<\/span><\/a><\/p>\n","protected":false},"author":6,"featured_media":0,"parent":0,"menu_order":0,"comment_status":"closed","ping_status":"open","template":"","meta":{"footnotes":""},"class_list":["post-1357","page","type-page","status-publish","hentry"],"_links":{"self":[{"href":"https:\/\/www.feuerwehr-matzen.at\/index.php?rest_route=\/wp\/v2\/pages\/1357","targetHints":{"allow":["GET"]}}],"collection":[{"href":"https:\/\/www.feuerwehr-matzen.at\/index.php?rest_route=\/wp\/v2\/pages"}],"about":[{"href":"https:\/\/www.feuerwehr-matzen.at\/index.php?rest_route=\/wp\/v2\/types\/page"}],"author":[{"embeddable":true,"href":"https:\/\/www.feuerwehr-matzen.at\/index.php?rest_route=\/wp\/v2\/users\/6"}],"replies":[{"embeddable":true,"href":"https:\/\/www.feuerwehr-matzen.at\/index.php?rest_route=%2Fwp%2Fv2%2Fcomments&post=1357"}],"version-history":[{"count":4,"href":"https:\/\/www.feuerwehr-matzen.at\/index.php?rest_route=\/wp\/v2\/pages\/1357\/revisions"}],"predecessor-version":[{"id":3543,"href":"https:\/\/www.feuerwehr-matzen.at\/index.php?rest_route=\/wp\/v2\/pages\/1357\/revisions\/3543"}],"wp:attachment":[{"href":"https:\/\/www.feuerwehr-matzen.at\/index.php?rest_route=%2Fwp%2Fv2%2Fmedia&parent=1357"}],"curies":[{"name":"wp","href":"https:\/\/api.w.org\/{rel}","templated":true}]}}