{"id":1361,"date":"2013-07-22T14:39:38","date_gmt":"2013-07-22T12:39:38","guid":{"rendered":"http:\/\/www.feuerwehr-matzen.at\/?page_id=1361"},"modified":"2020-09-18T14:15:34","modified_gmt":"2020-09-18T12:15:34","slug":"25-janner-2011-2","status":"publish","type":"page","link":"https:\/\/www.feuerwehr-matzen.at\/?page_id=1361","title":{"rendered":"25. J\u00e4nner 2011"},"content":{"rendered":"<p><strong>Fahrzeugbergung nach Kollision<\/strong><a title=\"Eins\u00e4tze 2011\" href=\"https:\/\/www.feuerwehr-matzen.at\/?page_id=747\"><img loading=\"lazy\" decoding=\"async\" class=\"alignright size-full wp-image-1833\" alt=\"return\" src=\"https:\/\/www.feuerwehr-matzen.at\/wp-content\/uploads\/2013\/07\/return.jpg\" width=\"65\" height=\"30\" \/><\/a><\/p>\n<p>Am 29.09.2011 wurde der Kommandant telefonisch dar\u00fcber informiert, dass die Feuerwehr Matzen eine Abl\u00f6se f\u00fcr die L\u00f6schmannschaften, die seit rund 20 Stunden den Brand im Strohlager der Fernw\u00e4rme Lassee bek\u00e4mpften, stellen m\u00fc\u00dfte. 6 Kameraden der FF Matzen begaben sich um 15:00 zum beorderten Treffpunkt mit den anderen Feuerwehren. Die Schicht in Lasse sollte um 16:00 beginnen und bis zum Brand aus um ca. 24:00 andauern.<br \/>\nAn der Einsatzstelle angekommen bekam die Feuerwehr Matzen ihren Einsatzbefehl, der aus dem Abl\u00f6schen der immer wieder aufflackerten Glutnester bestand. W\u00e4hrend eine Vielzahl von LKWs von Radladern beladen wurde, sorgten insgesamt 6 Rohre f\u00fcr die Brandbek\u00e4mpfung. W\u00e4hrend 4 davon das Arbeiten der Kettenbager direkt in der Halle \u00fcberwachten, mu\u00dfte mit 2 Rohren der Schaufelinhalt der Radlader beim Aufladen der LKWs abgel\u00f6scht werden. Das glosende Stroh wurde dann auf ein nahegelegenes Feld gebracht.<br \/>\nUm ca. 22:00 verlie\u00dfen die Radlader ein letztes Mal f\u00fcr diesen Abend die schwer besch\u00e4digte Halle. Nach den ersten \u201egroben\u201c Aufr\u00e4umungsarbeiten konnte die FF Matzen um kurz nach 23:00 den Einsatzort verlassen. Um ca. 24:00 konnte die Einsatzbereitschaft wieder hergestellt werden.<\/p>\n<p>Im Einsatz befindliche Fahrzeuge: RLF-A 2000, KDO<br \/>\nMannschaftsst\u00e4rke: 6<\/p>\n<p><a href=\"https:\/\/www.feuerwehr-matzen.at\/wp-content\/uploads\/2013\/07\/049.jpg\"><img loading=\"lazy\" decoding=\"async\" class=\"alignleft size-thumbnail wp-image-1970\" alt=\"04\" src=\"https:\/\/www.feuerwehr-matzen.at\/wp-content\/uploads\/2013\/07\/049-150x150.jpg\" width=\"150\" height=\"150\" \/><\/a> <a href=\"https:\/\/www.feuerwehr-matzen.at\/wp-content\/uploads\/2013\/07\/0114.jpg\"><img loading=\"lazy\" decoding=\"async\" class=\"alignleft size-thumbnail wp-image-1968\" alt=\"01\" src=\"https:\/\/www.feuerwehr-matzen.at\/wp-content\/uploads\/2013\/07\/0114-150x150.jpg\" width=\"150\" height=\"150\" \/><\/a> <a href=\"https:\/\/www.feuerwehr-matzen.at\/wp-content\/uploads\/2013\/07\/0213.jpg\"><img loading=\"lazy\" decoding=\"async\" class=\"alignleft size-thumbnail wp-image-1969\" alt=\"02\" src=\"https:\/\/www.feuerwehr-matzen.at\/wp-content\/uploads\/2013\/07\/0213-150x150.jpg\" width=\"150\" height=\"150\" \/><\/a><\/p>\n","protected":false},"excerpt":{"rendered":"<p>Fahrzeugbergung nach Kollision Am 29.09.2011 wurde der Kommandant telefonisch dar\u00fcber informiert, dass die Feuerwehr Matzen eine Abl\u00f6se f\u00fcr die L\u00f6schmannschaften, die seit rund 20 Stunden den Brand im Strohlager der Fernw\u00e4rme Lassee bek\u00e4mpften, stellen m\u00fc\u00dfte. 6 Kameraden der FF Matzen <a class=\"more-link\" href=\"https:\/\/www.feuerwehr-matzen.at\/?page_id=1361\">weiterlesen  <span class=\"screen-reader-text\">  25. J\u00e4nner 2011<\/span><span class=\"meta-nav\">&rarr;<\/span><\/a><\/p>\n","protected":false},"author":6,"featured_media":0,"parent":0,"menu_order":0,"comment_status":"closed","ping_status":"open","template":"","meta":{"footnotes":""},"class_list":["post-1361","page","type-page","status-publish","hentry"],"_links":{"self":[{"href":"https:\/\/www.feuerwehr-matzen.at\/index.php?rest_route=\/wp\/v2\/pages\/1361","targetHints":{"allow":["GET"]}}],"collection":[{"href":"https:\/\/www.feuerwehr-matzen.at\/index.php?rest_route=\/wp\/v2\/pages"}],"about":[{"href":"https:\/\/www.feuerwehr-matzen.at\/index.php?rest_route=\/wp\/v2\/types\/page"}],"author":[{"embeddable":true,"href":"https:\/\/www.feuerwehr-matzen.at\/index.php?rest_route=\/wp\/v2\/users\/6"}],"replies":[{"embeddable":true,"href":"https:\/\/www.feuerwehr-matzen.at\/index.php?rest_route=%2Fwp%2Fv2%2Fcomments&post=1361"}],"version-history":[{"count":6,"href":"https:\/\/www.feuerwehr-matzen.at\/index.php?rest_route=\/wp\/v2\/pages\/1361\/revisions"}],"predecessor-version":[{"id":5812,"href":"https:\/\/www.feuerwehr-matzen.at\/index.php?rest_route=\/wp\/v2\/pages\/1361\/revisions\/5812"}],"wp:attachment":[{"href":"https:\/\/www.feuerwehr-matzen.at\/index.php?rest_route=%2Fwp%2Fv2%2Fmedia&parent=1361"}],"curies":[{"name":"wp","href":"https:\/\/api.w.org\/{rel}","templated":true}]}}