{"id":1364,"date":"2013-07-22T14:44:07","date_gmt":"2013-07-22T12:44:07","guid":{"rendered":"http:\/\/www.feuerwehr-matzen.at\/?page_id=1364"},"modified":"2020-09-18T14:15:35","modified_gmt":"2020-09-18T12:15:35","slug":"30-dezember-2012-2","status":"publish","type":"page","link":"https:\/\/www.feuerwehr-matzen.at\/?page_id=1364","title":{"rendered":"30. Dezember 2012"},"content":{"rendered":"<p><strong>Brand eines Gewerbebetriebes in Matzen<\/strong><a title=\"Eins\u00e4tze 2012\" href=\"https:\/\/www.feuerwehr-matzen.at\/?page_id=193\"><img loading=\"lazy\" decoding=\"async\" class=\"alignright size-full wp-image-1833\" alt=\"return\" src=\"https:\/\/www.feuerwehr-matzen.at\/wp-content\/uploads\/2013\/07\/return.jpg\" width=\"65\" height=\"30\" \/><\/a><\/p>\n<p>Am 30.12. 2012 heulten in 7 Gemeinden rund um Matzen die Sirenen. Die Feuerwehr Matzen wurde um 17:30 mittels Totalalarm zu einem Brand bei der Firma Marco Moto alarmiert. Weiters wurden die Feuerwehren Raggendorf, Prottes und Gro\u00df Schweinbarth gleichzeitig alarmiert. Unverz\u00fcglich r\u00fcckten 17 Mann der \u00f6rtlichen Feuerwehr mit 2 Fahrzeugen zum Einsatzort aus.<br \/>\nAn der Einsatzstelle angekommen erkundete der Einsatzleiter HBI Neubauer Manfred die Lage und teilte die bereits eingetroffenen Feuerwehren ein. Gl\u00fccklicherweise befanden sich keine Personen im Geb\u00e4ude. Aufgrund der thermischen Belastung der Dachkonstruktion konnte kein Innenangriff vorgenommen werden, deshalb wurde ein umfassender Au\u00dfenangriff befohlen. Es wurde die Wasserversorgung von drei Hydranten hergestellt und mit der Brandbek\u00e4mpfung unter Atemschutz mittels C und B-Strahlrohren begonnen. Da die im hinteren Bereich befindliche Werkstatt noch nicht in Brand geraten war, wurde diese mit einigen Rohren gesch\u00fctzt. Inzwischen wurde von der FF Matzen die Einsatzleitung und von der FF Gro\u00df Schweinbarth der Atemschutzsammelplatz aufgebaut. W\u00e4hrend den K\u00fchlversuchen im hinteren Bereich wurden Gas und Acetylenflaschen gesichtet und in Folge in Sicherheit gebracht. Da aufgrund der Konstruktion der Halle die direkte Bek\u00e4mpfung des Brandherdes nicht m\u00f6glich war, wurde von der Feuerwehr Matzen eine \u00d6ffnung in der Seitenwand mittels Rettungss\u00e4ge geschnitten und mittels Schaummittel bek\u00e4mpft. Wegen der gro\u00dfen Rauchentwicklung wurde der Druckbel\u00fcfter in Stellung gebracht um die heissen Brandgase aus der Halle zu bekommen. Aufgrund des gro\u00dfen Atemschutzbedarfs wurden die Feuerwehren Sch\u00f6nkirchen-Reyersdorf, Auersthal und D\u00f6rfles nachalarmiert. Um 19:05 wurde vom Einsatzleiter an die Einsatzleitung gemeldet das der Brand unter Kontrolle ist und die ersten Feuerwehren den Einsatzort verlassen k\u00f6nnen. Bereits 40 Minuten sp\u00e4ter konnte Brand aus gegeben werden und die restlichen Feuerwehren bis auf Matzen und ein Fahrzeug der Feuerwehr Gro\u00df Schweinbarth konnten wieder reinr\u00fccken. W\u00e4hrend der Brandsicherheitswache wurden noch Spannplatten und Tellwollerollen aus dem Brandobjekt entfernt. Nachdem noch einige kleinere Glutnester abgel\u00f6scht wurden konnten die verbliebenen Einsatzkr\u00e4fte den Einsatzort um 00:10 verlassen. Um ca 1 Uhr wurde die Einsatzbereitschaft wieder hergestellt.<\/p>\n<p>Im Einsatz befanden sich:<br \/>\n21 Fahrzeuge der Feuerwehr mit 138 Mann<br \/>\n7 C-Rohre, 2 B-Rohre, 1 Schaumrohr<br \/>\n2 Fahrzeuge des Roten Kreuzes mit 4 Mann<br \/>\n2 Fahrzeuge der Polizei mit 2 Beamten<br \/>\nB\u00fcrgermeisterin<br \/>\nStra\u00dfenmeisterei<\/p>\n<p>Die Feuerwehr Matzen bedankt sich bei den beteiligten Feuerwehren, dem Roten Kreuz und der Polizei f\u00fcr die gute Zusammenarbeit und bei der B\u00fcrgermeisterin, mit Unterst\u00fctzung des Cafe Matzen und den Mitarbeitern der Firma Billa f\u00fcr die Versorgung.<\/p>\n<p>Im Einsatz befindliche Fahrzeuge: RLF-A 2000m KDO<br \/>\nMannschaftsst\u00e4rke: 17<br \/>\nsonstige Kr\u00e4fte: FF Raggendorf, FF Prottes, FF Gro\u00df Schweinbarth, FF Sch\u00f6nkirchen-Reyersdorf, FF Auersthal, FF D\u00f6rfles, Polizei, Stra\u00dfenmeisterei, RK G\u00e4nserndorf<\/p>\n<p><a href=\"https:\/\/www.feuerwehr-matzen.at\/wp-content\/uploads\/2013\/08\/1230_DSC074331.jpg\"><img loading=\"lazy\" decoding=\"async\" class=\"alignleft size-thumbnail wp-image-3174\" alt=\"1230_DSC07433\" src=\"https:\/\/www.feuerwehr-matzen.at\/wp-content\/uploads\/2013\/08\/1230_DSC074331-150x150.jpg\" width=\"150\" height=\"150\" \/><\/a> <a href=\"https:\/\/www.feuerwehr-matzen.at\/wp-content\/uploads\/2013\/08\/1230_DSC075741.jpg\"><img loading=\"lazy\" decoding=\"async\" class=\"alignleft size-thumbnail wp-image-3189\" alt=\"1230_DSC07574\" src=\"https:\/\/www.feuerwehr-matzen.at\/wp-content\/uploads\/2013\/08\/1230_DSC075741-150x150.jpg\" width=\"150\" height=\"150\" \/><\/a> <a href=\"https:\/\/www.feuerwehr-matzen.at\/wp-content\/uploads\/2013\/08\/1230_DSC075411.jpg\"><img loading=\"lazy\" decoding=\"async\" class=\"alignleft size-thumbnail wp-image-3188\" alt=\"1230_DSC07541\" src=\"https:\/\/www.feuerwehr-matzen.at\/wp-content\/uploads\/2013\/08\/1230_DSC075411-150x150.jpg\" width=\"150\" height=\"150\" \/><\/a> <a href=\"https:\/\/www.feuerwehr-matzen.at\/wp-content\/uploads\/2013\/08\/1230_DSC075221.jpg\"><img loading=\"lazy\" decoding=\"async\" class=\"alignleft size-thumbnail wp-image-3187\" alt=\"1230_DSC07522\" src=\"https:\/\/www.feuerwehr-matzen.at\/wp-content\/uploads\/2013\/08\/1230_DSC075221-150x150.jpg\" width=\"150\" height=\"150\" \/><\/a> <a href=\"https:\/\/www.feuerwehr-matzen.at\/wp-content\/uploads\/2013\/08\/1230_DSC074971.jpg\"><img loading=\"lazy\" decoding=\"async\" class=\"alignleft size-thumbnail wp-image-3186\" alt=\"1230_DSC07497\" src=\"https:\/\/www.feuerwehr-matzen.at\/wp-content\/uploads\/2013\/08\/1230_DSC074971-150x150.jpg\" width=\"150\" height=\"150\" \/><\/a> <a href=\"https:\/\/www.feuerwehr-matzen.at\/wp-content\/uploads\/2013\/08\/1230_DSC074921.jpg\"><img loading=\"lazy\" decoding=\"async\" class=\"alignleft size-thumbnail wp-image-3185\" alt=\"1230_DSC07492\" src=\"https:\/\/www.feuerwehr-matzen.at\/wp-content\/uploads\/2013\/08\/1230_DSC074921-150x150.jpg\" width=\"150\" height=\"150\" \/><\/a> <a href=\"https:\/\/www.feuerwehr-matzen.at\/wp-content\/uploads\/2013\/08\/1230_DSC074901.jpg\"><img loading=\"lazy\" decoding=\"async\" class=\"alignleft size-thumbnail wp-image-3184\" alt=\"1230_DSC07490\" src=\"https:\/\/www.feuerwehr-matzen.at\/wp-content\/uploads\/2013\/08\/1230_DSC074901-150x150.jpg\" width=\"150\" height=\"150\" \/><\/a> <a href=\"https:\/\/www.feuerwehr-matzen.at\/wp-content\/uploads\/2013\/08\/1230_DSC074811.jpg\"><img loading=\"lazy\" decoding=\"async\" class=\"alignleft size-thumbnail wp-image-3183\" alt=\"1230_DSC07481\" src=\"https:\/\/www.feuerwehr-matzen.at\/wp-content\/uploads\/2013\/08\/1230_DSC074811-150x150.jpg\" width=\"150\" height=\"150\" \/><\/a> <a href=\"https:\/\/www.feuerwehr-matzen.at\/wp-content\/uploads\/2013\/08\/1230_DSC074731.jpg\"><img loading=\"lazy\" decoding=\"async\" class=\"alignleft size-thumbnail wp-image-3182\" alt=\"1230_DSC07473\" src=\"https:\/\/www.feuerwehr-matzen.at\/wp-content\/uploads\/2013\/08\/1230_DSC074731-150x150.jpg\" width=\"150\" height=\"150\" \/><\/a> <a href=\"https:\/\/www.feuerwehr-matzen.at\/wp-content\/uploads\/2013\/08\/1230_DSC074591.jpg\"><img loading=\"lazy\" decoding=\"async\" class=\"alignleft size-thumbnail wp-image-3181\" alt=\"1230_DSC07459\" src=\"https:\/\/www.feuerwehr-matzen.at\/wp-content\/uploads\/2013\/08\/1230_DSC074591-150x150.jpg\" width=\"150\" height=\"150\" \/><\/a> <a href=\"https:\/\/www.feuerwehr-matzen.at\/wp-content\/uploads\/2013\/08\/1230_DSC074531.jpg\"><img loading=\"lazy\" decoding=\"async\" class=\"alignleft size-thumbnail wp-image-3180\" alt=\"1230_DSC07453\" src=\"https:\/\/www.feuerwehr-matzen.at\/wp-content\/uploads\/2013\/08\/1230_DSC074531-150x150.jpg\" width=\"150\" height=\"150\" \/><\/a> <a href=\"https:\/\/www.feuerwehr-matzen.at\/wp-content\/uploads\/2013\/08\/1230_DSC074491.jpg\"><img loading=\"lazy\" decoding=\"async\" class=\"alignleft size-thumbnail wp-image-3179\" alt=\"1230_DSC07449\" src=\"https:\/\/www.feuerwehr-matzen.at\/wp-content\/uploads\/2013\/08\/1230_DSC074491-150x150.jpg\" width=\"150\" height=\"150\" \/><\/a> <a href=\"https:\/\/www.feuerwehr-matzen.at\/wp-content\/uploads\/2013\/08\/1230_DSC074481.jpg\"><img loading=\"lazy\" decoding=\"async\" class=\"alignleft size-thumbnail wp-image-3178\" alt=\"1230_DSC07448\" src=\"https:\/\/www.feuerwehr-matzen.at\/wp-content\/uploads\/2013\/08\/1230_DSC074481-150x150.jpg\" width=\"150\" height=\"150\" \/><\/a> <a href=\"https:\/\/www.feuerwehr-matzen.at\/wp-content\/uploads\/2013\/08\/1230_DSC074471.jpg\"><img loading=\"lazy\" decoding=\"async\" class=\"alignleft size-thumbnail wp-image-3177\" alt=\"1230_DSC07447\" src=\"https:\/\/www.feuerwehr-matzen.at\/wp-content\/uploads\/2013\/08\/1230_DSC074471-150x150.jpg\" width=\"150\" height=\"150\" \/><\/a> <a href=\"https:\/\/www.feuerwehr-matzen.at\/wp-content\/uploads\/2013\/08\/1230_DSC074381.jpg\"><img loading=\"lazy\" decoding=\"async\" class=\"alignleft size-thumbnail wp-image-3176\" alt=\"1230_DSC07438\" src=\"https:\/\/www.feuerwehr-matzen.at\/wp-content\/uploads\/2013\/08\/1230_DSC074381-150x150.jpg\" width=\"150\" height=\"150\" \/><\/a> <a href=\"https:\/\/www.feuerwehr-matzen.at\/wp-content\/uploads\/2013\/08\/1230_DSC074351.jpg\"><img loading=\"lazy\" decoding=\"async\" class=\"alignleft size-thumbnail wp-image-3175\" alt=\"1230_DSC07435\" src=\"https:\/\/www.feuerwehr-matzen.at\/wp-content\/uploads\/2013\/08\/1230_DSC074351-150x150.jpg\" width=\"150\" height=\"150\" \/><\/a><\/p>\n","protected":false},"excerpt":{"rendered":"<p>Brand eines Gewerbebetriebes in Matzen Am 30.12. 2012 heulten in 7 Gemeinden rund um Matzen die Sirenen. Die Feuerwehr Matzen wurde um 17:30 mittels Totalalarm zu einem Brand bei der Firma Marco Moto alarmiert. Weiters wurden die Feuerwehren Raggendorf, Prottes <a class=\"more-link\" href=\"https:\/\/www.feuerwehr-matzen.at\/?page_id=1364\">weiterlesen  <span class=\"screen-reader-text\">  30. Dezember 2012<\/span><span class=\"meta-nav\">&rarr;<\/span><\/a><\/p>\n","protected":false},"author":6,"featured_media":0,"parent":0,"menu_order":0,"comment_status":"closed","ping_status":"open","template":"","meta":{"footnotes":""},"class_list":["post-1364","page","type-page","status-publish","hentry"],"_links":{"self":[{"href":"https:\/\/www.feuerwehr-matzen.at\/index.php?rest_route=\/wp\/v2\/pages\/1364","targetHints":{"allow":["GET"]}}],"collection":[{"href":"https:\/\/www.feuerwehr-matzen.at\/index.php?rest_route=\/wp\/v2\/pages"}],"about":[{"href":"https:\/\/www.feuerwehr-matzen.at\/index.php?rest_route=\/wp\/v2\/types\/page"}],"author":[{"embeddable":true,"href":"https:\/\/www.feuerwehr-matzen.at\/index.php?rest_route=\/wp\/v2\/users\/6"}],"replies":[{"embeddable":true,"href":"https:\/\/www.feuerwehr-matzen.at\/index.php?rest_route=%2Fwp%2Fv2%2Fcomments&post=1364"}],"version-history":[{"count":5,"href":"https:\/\/www.feuerwehr-matzen.at\/index.php?rest_route=\/wp\/v2\/pages\/1364\/revisions"}],"predecessor-version":[{"id":5833,"href":"https:\/\/www.feuerwehr-matzen.at\/index.php?rest_route=\/wp\/v2\/pages\/1364\/revisions\/5833"}],"wp:attachment":[{"href":"https:\/\/www.feuerwehr-matzen.at\/index.php?rest_route=%2Fwp%2Fv2%2Fmedia&parent=1364"}],"curies":[{"name":"wp","href":"https:\/\/api.w.org\/{rel}","templated":true}]}}