{"id":1366,"date":"2013-07-22T14:45:34","date_gmt":"2013-07-22T12:45:34","guid":{"rendered":"http:\/\/www.feuerwehr-matzen.at\/?page_id=1366"},"modified":"2020-09-18T14:15:23","modified_gmt":"2020-09-18T12:15:23","slug":"11-dezember-2012","status":"publish","type":"page","link":"https:\/\/www.feuerwehr-matzen.at\/?page_id=1366","title":{"rendered":"11. Dezember 2012"},"content":{"rendered":"<p><strong>Ausweichman\u00f6ver endete ungl\u00fccklich<\/strong><a title=\"Eins\u00e4tze 2012\" href=\"https:\/\/www.feuerwehr-matzen.at\/?page_id=193\"><img loading=\"lazy\" decoding=\"async\" class=\"alignright size-full wp-image-1833\" alt=\"return\" src=\"https:\/\/www.feuerwehr-matzen.at\/wp-content\/uploads\/2013\/07\/return.jpg\" width=\"65\" height=\"30\" \/><\/a><\/p>\n<p>Die Feuerwehr Matzen wurde am 11.12.2012 um 15:06 mittels Alarm-SMS zu einer Fahrzeugbergung alarmiert. Kurze Zeit sp\u00e4ter r\u00fcckten 5 Mann mittels RLF-A 2000 und KDO mit der Abschleppachse zum Einsatzort aus.<br \/>\nKurz vor der Ortseinfahrt Bockflie\u00df, kommend von Reyersdorf, kam es zu einem Verkehrsunfall mehrerer Fahrzeuge. Eine Matznerin, die unmittelbar dahinter fuhr, kam in Folge ihres Ausweichman\u00f6vers von der Stra\u00dfe ab und prallte gegen einen Baum. Gl\u00fccklicherweise wurde die Fahrerin dabei nicht verletzt. Da die Feuerwehr Bockflie\u00df bereits vor Ort war, die Unfallstelle abgesichert und eine Einbahnregelung eingerichtet hatte, konnte die Feuerwehr Matzen direkt nach der Ankunft mit der Fahrzeugbergung beginnen.<br \/>\nDas Unfallfahrzeug wurde vom Baum gezogen und mittels Abschleppachse und Kommandofahrzeug aus dem Gefahrenbereich bef\u00f6rdert. Das R\u00fcstl\u00f6schfahrzeug unterst\u00fctzte noch die Feuerwehr Bockflie\u00df mit den Bergungsarbeiten bevor es die Einsatzstelle verlie\u00df.<br \/>\nUm 16:15 konnte die Einsatzbereitschaft wieder hergestellt werden.<\/p>\n<p>Im Einsatz befindliche Fahrzeuge: RLF-A 2000, KDO<br \/>\nMannschaftsst\u00e4rke: 17<br \/>\nsonstige Kr\u00e4fte: FF Bockflie\u00df, Polizei, Stra\u00dfenmeisterei<\/p>\n<p><a href=\"https:\/\/www.feuerwehr-matzen.at\/wp-content\/uploads\/2013\/08\/1211_DSC07386.jpg\"><img loading=\"lazy\" decoding=\"async\" class=\"alignleft size-thumbnail wp-image-3168\" alt=\"1211_DSC07386\" src=\"https:\/\/www.feuerwehr-matzen.at\/wp-content\/uploads\/2013\/08\/1211_DSC07386-150x150.jpg\" width=\"150\" height=\"150\" \/><\/a> <a href=\"https:\/\/www.feuerwehr-matzen.at\/wp-content\/uploads\/2013\/08\/1211_DSC07399.jpg\"><img loading=\"lazy\" decoding=\"async\" class=\"alignleft size-thumbnail wp-image-3172\" alt=\"1211_DSC07399\" src=\"https:\/\/www.feuerwehr-matzen.at\/wp-content\/uploads\/2013\/08\/1211_DSC07399-150x150.jpg\" width=\"150\" height=\"150\" \/><\/a> <a href=\"https:\/\/www.feuerwehr-matzen.at\/wp-content\/uploads\/2013\/08\/1211_DSC07397.jpg\"><img loading=\"lazy\" decoding=\"async\" class=\"alignleft size-thumbnail wp-image-3171\" alt=\"1211_DSC07397\" src=\"https:\/\/www.feuerwehr-matzen.at\/wp-content\/uploads\/2013\/08\/1211_DSC07397-150x150.jpg\" width=\"150\" height=\"150\" \/><\/a> <a href=\"https:\/\/www.feuerwehr-matzen.at\/wp-content\/uploads\/2013\/08\/1211_DSC07395.jpg\"><img loading=\"lazy\" decoding=\"async\" class=\"alignleft size-thumbnail wp-image-3170\" alt=\"1211_DSC07395\" src=\"https:\/\/www.feuerwehr-matzen.at\/wp-content\/uploads\/2013\/08\/1211_DSC07395-150x150.jpg\" width=\"150\" height=\"150\" \/><\/a> <a href=\"https:\/\/www.feuerwehr-matzen.at\/wp-content\/uploads\/2013\/08\/1211_DSC07389.jpg\"><img loading=\"lazy\" decoding=\"async\" class=\"alignleft size-thumbnail wp-image-3169\" alt=\"1211_DSC07389\" src=\"https:\/\/www.feuerwehr-matzen.at\/wp-content\/uploads\/2013\/08\/1211_DSC07389-150x150.jpg\" width=\"150\" height=\"150\" \/><\/a><\/p>\n","protected":false},"excerpt":{"rendered":"<p>Ausweichman\u00f6ver endete ungl\u00fccklich Die Feuerwehr Matzen wurde am 11.12.2012 um 15:06 mittels Alarm-SMS zu einer Fahrzeugbergung alarmiert. Kurze Zeit sp\u00e4ter r\u00fcckten 5 Mann mittels RLF-A 2000 und KDO mit der Abschleppachse zum Einsatzort aus. Kurz vor der Ortseinfahrt Bockflie\u00df, kommend <a class=\"more-link\" href=\"https:\/\/www.feuerwehr-matzen.at\/?page_id=1366\">weiterlesen  <span class=\"screen-reader-text\">  11. Dezember 2012<\/span><span class=\"meta-nav\">&rarr;<\/span><\/a><\/p>\n","protected":false},"author":6,"featured_media":0,"parent":0,"menu_order":0,"comment_status":"closed","ping_status":"open","template":"","meta":{"footnotes":""},"class_list":["post-1366","page","type-page","status-publish","hentry"],"_links":{"self":[{"href":"https:\/\/www.feuerwehr-matzen.at\/index.php?rest_route=\/wp\/v2\/pages\/1366","targetHints":{"allow":["GET"]}}],"collection":[{"href":"https:\/\/www.feuerwehr-matzen.at\/index.php?rest_route=\/wp\/v2\/pages"}],"about":[{"href":"https:\/\/www.feuerwehr-matzen.at\/index.php?rest_route=\/wp\/v2\/types\/page"}],"author":[{"embeddable":true,"href":"https:\/\/www.feuerwehr-matzen.at\/index.php?rest_route=\/wp\/v2\/users\/6"}],"replies":[{"embeddable":true,"href":"https:\/\/www.feuerwehr-matzen.at\/index.php?rest_route=%2Fwp%2Fv2%2Fcomments&post=1366"}],"version-history":[{"count":7,"href":"https:\/\/www.feuerwehr-matzen.at\/index.php?rest_route=\/wp\/v2\/pages\/1366\/revisions"}],"predecessor-version":[{"id":5782,"href":"https:\/\/www.feuerwehr-matzen.at\/index.php?rest_route=\/wp\/v2\/pages\/1366\/revisions\/5782"}],"wp:attachment":[{"href":"https:\/\/www.feuerwehr-matzen.at\/index.php?rest_route=%2Fwp%2Fv2%2Fmedia&parent=1366"}],"curies":[{"name":"wp","href":"https:\/\/api.w.org\/{rel}","templated":true}]}}