{"id":1369,"date":"2013-07-22T14:46:34","date_gmt":"2013-07-22T12:46:34","guid":{"rendered":"http:\/\/www.feuerwehr-matzen.at\/?page_id=1369"},"modified":"2020-09-18T14:15:23","modified_gmt":"2020-09-18T12:15:23","slug":"19-september-2012-3","status":"publish","type":"page","link":"https:\/\/www.feuerwehr-matzen.at\/?page_id=1369","title":{"rendered":"19. September 2012"},"content":{"rendered":"<p><strong>Schutzengel an Board<\/strong><a title=\"Eins\u00e4tze 2012\" href=\"https:\/\/www.feuerwehr-matzen.at\/?page_id=193\"><img loading=\"lazy\" decoding=\"async\" class=\"alignright size-full wp-image-1833\" alt=\"return\" src=\"https:\/\/www.feuerwehr-matzen.at\/wp-content\/uploads\/2013\/07\/return.jpg\" width=\"65\" height=\"30\" \/><\/a><\/p>\n<p>Gl\u00fcck im Ungl\u00fcck hatte ein Fahrzeuglenker am 19.09.2012. Aus bisher ungekl\u00e4rter Ursache kam ein PKW auf der L18 Richtung Spannberg von der Fahrbahn ab, \u00fcberschlug sich in Folge und kam am Dach im Acker zum liegen.<br \/>\nDie Feuerwehr Matzen wurde um 21:03 mittels Sirene und SMS zur Fahrzeugbergung alarmiert. 17 Florianij\u00fcnger r\u00fcckten nur kurz danach mit 2 Fahrzeugen zum Einsatzort aus. An der Unfallstelle angekommen wurde die Fahrbahn abgesichert und der Brandschutz aufgebaut. Wie durch ein Wunder konnte sich der Lenker unverletzt aus dem Fahrzeug befreien. Nachdem der PKW wieder auf die R\u00e4der gestellt wurde, konnte mit der Fahrzeugbergung begonnen werden. MIttels Seilwinde wurde das Unfallwrack auf die Stra\u00dfe gezogen und gesichert abgestellt.<\/p>\n<p>Um 22:45 r\u00fcckten die Einsatzkr\u00e4fte wieder ins Zeughaus ein und stellten die Einsatzbereitschaft wieder her.<\/p>\n<p>Im Einsatz befindliche Fahrzeuge: RLF-A 2000, KDO, Abschleppachse<br \/>\nMannschaftsst\u00e4rke: 17<br \/>\nsonstige Kr\u00e4fte: Polizei<\/p>\n<p><a href=\"https:\/\/www.feuerwehr-matzen.at\/wp-content\/uploads\/2013\/08\/0919_01.jpg\"><img loading=\"lazy\" decoding=\"async\" class=\"alignleft size-thumbnail wp-image-3160\" alt=\"0919_01\" src=\"https:\/\/www.feuerwehr-matzen.at\/wp-content\/uploads\/2013\/08\/0919_01-150x150.jpg\" width=\"150\" height=\"150\" \/><\/a> <a href=\"https:\/\/www.feuerwehr-matzen.at\/wp-content\/uploads\/2013\/08\/0919_07.jpg\"><img loading=\"lazy\" decoding=\"async\" class=\"alignleft size-thumbnail wp-image-3166\" alt=\"0919_07\" src=\"https:\/\/www.feuerwehr-matzen.at\/wp-content\/uploads\/2013\/08\/0919_07-150x150.jpg\" width=\"150\" height=\"150\" \/><\/a> <a href=\"https:\/\/www.feuerwehr-matzen.at\/wp-content\/uploads\/2013\/08\/0919_06.jpg\"><img loading=\"lazy\" decoding=\"async\" class=\"alignleft size-thumbnail wp-image-3165\" alt=\"0919_06\" src=\"https:\/\/www.feuerwehr-matzen.at\/wp-content\/uploads\/2013\/08\/0919_06-150x150.jpg\" width=\"150\" height=\"150\" \/><\/a> <a href=\"https:\/\/www.feuerwehr-matzen.at\/wp-content\/uploads\/2013\/08\/0919_05.jpg\"><img loading=\"lazy\" decoding=\"async\" class=\"alignleft size-thumbnail wp-image-3164\" alt=\"0919_05\" src=\"https:\/\/www.feuerwehr-matzen.at\/wp-content\/uploads\/2013\/08\/0919_05-150x150.jpg\" width=\"150\" height=\"150\" \/><\/a> <a href=\"https:\/\/www.feuerwehr-matzen.at\/wp-content\/uploads\/2013\/08\/0919_04.jpg\"><img loading=\"lazy\" decoding=\"async\" class=\"alignleft size-thumbnail wp-image-3163\" alt=\"0919_04\" src=\"https:\/\/www.feuerwehr-matzen.at\/wp-content\/uploads\/2013\/08\/0919_04-150x150.jpg\" width=\"150\" height=\"150\" \/><\/a> <a href=\"https:\/\/www.feuerwehr-matzen.at\/wp-content\/uploads\/2013\/08\/0919_03.jpg\"><img loading=\"lazy\" decoding=\"async\" class=\"alignleft size-thumbnail wp-image-3162\" alt=\"0919_03\" src=\"https:\/\/www.feuerwehr-matzen.at\/wp-content\/uploads\/2013\/08\/0919_03-150x150.jpg\" width=\"150\" height=\"150\" \/><\/a> <a href=\"https:\/\/www.feuerwehr-matzen.at\/wp-content\/uploads\/2013\/08\/0919_02.jpg\"><img loading=\"lazy\" decoding=\"async\" class=\"alignleft size-thumbnail wp-image-3161\" alt=\"0919_02\" src=\"https:\/\/www.feuerwehr-matzen.at\/wp-content\/uploads\/2013\/08\/0919_02-150x150.jpg\" width=\"150\" height=\"150\" \/><\/a><\/p>\n","protected":false},"excerpt":{"rendered":"<p>Schutzengel an Board Gl\u00fcck im Ungl\u00fcck hatte ein Fahrzeuglenker am 19.09.2012. Aus bisher ungekl\u00e4rter Ursache kam ein PKW auf der L18 Richtung Spannberg von der Fahrbahn ab, \u00fcberschlug sich in Folge und kam am Dach im Acker zum liegen. Die <a class=\"more-link\" href=\"https:\/\/www.feuerwehr-matzen.at\/?page_id=1369\">weiterlesen  <span class=\"screen-reader-text\">  19. September 2012<\/span><span class=\"meta-nav\">&rarr;<\/span><\/a><\/p>\n","protected":false},"author":6,"featured_media":0,"parent":0,"menu_order":0,"comment_status":"closed","ping_status":"open","template":"","meta":{"footnotes":""},"class_list":["post-1369","page","type-page","status-publish","hentry"],"_links":{"self":[{"href":"https:\/\/www.feuerwehr-matzen.at\/index.php?rest_route=\/wp\/v2\/pages\/1369","targetHints":{"allow":["GET"]}}],"collection":[{"href":"https:\/\/www.feuerwehr-matzen.at\/index.php?rest_route=\/wp\/v2\/pages"}],"about":[{"href":"https:\/\/www.feuerwehr-matzen.at\/index.php?rest_route=\/wp\/v2\/types\/page"}],"author":[{"embeddable":true,"href":"https:\/\/www.feuerwehr-matzen.at\/index.php?rest_route=\/wp\/v2\/users\/6"}],"replies":[{"embeddable":true,"href":"https:\/\/www.feuerwehr-matzen.at\/index.php?rest_route=%2Fwp%2Fv2%2Fcomments&post=1369"}],"version-history":[{"count":5,"href":"https:\/\/www.feuerwehr-matzen.at\/index.php?rest_route=\/wp\/v2\/pages\/1369\/revisions"}],"predecessor-version":[{"id":5799,"href":"https:\/\/www.feuerwehr-matzen.at\/index.php?rest_route=\/wp\/v2\/pages\/1369\/revisions\/5799"}],"wp:attachment":[{"href":"https:\/\/www.feuerwehr-matzen.at\/index.php?rest_route=%2Fwp%2Fv2%2Fmedia&parent=1369"}],"curies":[{"name":"wp","href":"https:\/\/api.w.org\/{rel}","templated":true}]}}