{"id":1373,"date":"2013-07-22T14:47:54","date_gmt":"2013-07-22T12:47:54","guid":{"rendered":"http:\/\/www.feuerwehr-matzen.at\/?page_id=1373"},"modified":"2020-09-18T14:15:23","modified_gmt":"2020-09-18T12:15:23","slug":"16-juni-2012-2","status":"publish","type":"page","link":"https:\/\/www.feuerwehr-matzen.at\/?page_id=1373","title":{"rendered":"16. Juni 2012"},"content":{"rendered":"<p><strong>Gasaustritt<\/strong><a title=\"Eins\u00e4tze 2012\" href=\"https:\/\/www.feuerwehr-matzen.at\/?page_id=193\"><img loading=\"lazy\" decoding=\"async\" class=\"alignright size-full wp-image-1833\" alt=\"return\" src=\"https:\/\/www.feuerwehr-matzen.at\/wp-content\/uploads\/2013\/07\/return.jpg\" width=\"65\" height=\"30\" \/><\/a><\/p>\n<p>Am 16.06.2012 wurde der Feuerwehrkommandant telefonisch \u00fcber einen Gasaustritt alarmiert. Unverz\u00fcglich alarmierte er um 7:32 einige seiner Kameraden mittels AlarmSMS.<br \/>\nKurz darauf r\u00fcckten 5 Mann mit einem Fahrzeug zur Einsatzadresse in der Reselgasse aus. Bei Grabungsarbeiten wurde die Gasleitung besch\u00e4digt wodurch Gas austrat. Unverz\u00fcglich wurde weitr\u00e4umig abgesperrt. Nach Absprache mit der EVN wurde der Kanal gel\u00fcftet und Gasmessungen durchgef\u00fchrt.<br \/>\nNach rund einer Stunde konnte Entwarnung gegeben werden und die Einsatzkr\u00e4fte r\u00fcckten wieder ins Zeughaus ein.<\/p>\n<p>Im Einsatz befindliche Fahrzeuge: RLF-A 2000<br \/>\nMannschaftsst\u00e4rke: 5<br \/>\nsonstige Kr\u00e4fte: EVN<\/p>\n<p><a href=\"https:\/\/www.feuerwehr-matzen.at\/wp-content\/uploads\/2013\/08\/0616_04.jpg\"><img loading=\"lazy\" decoding=\"async\" class=\"alignleft size-thumbnail wp-image-3158\" alt=\"0616_04\" src=\"https:\/\/www.feuerwehr-matzen.at\/wp-content\/uploads\/2013\/08\/0616_04-150x150.jpg\" width=\"150\" height=\"150\" \/><\/a> <a href=\"https:\/\/www.feuerwehr-matzen.at\/wp-content\/uploads\/2013\/08\/0616_03.jpg\"><img loading=\"lazy\" decoding=\"async\" class=\"alignleft size-thumbnail wp-image-3157\" alt=\"0616_03\" src=\"https:\/\/www.feuerwehr-matzen.at\/wp-content\/uploads\/2013\/08\/0616_03-150x150.jpg\" width=\"150\" height=\"150\" \/><\/a> <a href=\"https:\/\/www.feuerwehr-matzen.at\/wp-content\/uploads\/2013\/08\/0616_02.jpg\"><img loading=\"lazy\" decoding=\"async\" class=\"alignleft size-thumbnail wp-image-3156\" alt=\"0616_02\" src=\"https:\/\/www.feuerwehr-matzen.at\/wp-content\/uploads\/2013\/08\/0616_02-150x150.jpg\" width=\"150\" height=\"150\" \/><\/a> <a href=\"https:\/\/www.feuerwehr-matzen.at\/wp-content\/uploads\/2013\/08\/0616_01.jpg\"><img loading=\"lazy\" decoding=\"async\" class=\"alignleft size-thumbnail wp-image-3155\" alt=\"0616_01\" src=\"https:\/\/www.feuerwehr-matzen.at\/wp-content\/uploads\/2013\/08\/0616_01-150x150.jpg\" width=\"150\" height=\"150\" \/><\/a><\/p>\n","protected":false},"excerpt":{"rendered":"<p>Gasaustritt Am 16.06.2012 wurde der Feuerwehrkommandant telefonisch \u00fcber einen Gasaustritt alarmiert. Unverz\u00fcglich alarmierte er um 7:32 einige seiner Kameraden mittels AlarmSMS. Kurz darauf r\u00fcckten 5 Mann mit einem Fahrzeug zur Einsatzadresse in der Reselgasse aus. Bei Grabungsarbeiten wurde die Gasleitung <a class=\"more-link\" href=\"https:\/\/www.feuerwehr-matzen.at\/?page_id=1373\">weiterlesen  <span class=\"screen-reader-text\">  16. Juni 2012<\/span><span class=\"meta-nav\">&rarr;<\/span><\/a><\/p>\n","protected":false},"author":6,"featured_media":0,"parent":0,"menu_order":0,"comment_status":"closed","ping_status":"open","template":"","meta":{"footnotes":""},"class_list":["post-1373","page","type-page","status-publish","hentry"],"_links":{"self":[{"href":"https:\/\/www.feuerwehr-matzen.at\/index.php?rest_route=\/wp\/v2\/pages\/1373","targetHints":{"allow":["GET"]}}],"collection":[{"href":"https:\/\/www.feuerwehr-matzen.at\/index.php?rest_route=\/wp\/v2\/pages"}],"about":[{"href":"https:\/\/www.feuerwehr-matzen.at\/index.php?rest_route=\/wp\/v2\/types\/page"}],"author":[{"embeddable":true,"href":"https:\/\/www.feuerwehr-matzen.at\/index.php?rest_route=\/wp\/v2\/users\/6"}],"replies":[{"embeddable":true,"href":"https:\/\/www.feuerwehr-matzen.at\/index.php?rest_route=%2Fwp%2Fv2%2Fcomments&post=1373"}],"version-history":[{"count":5,"href":"https:\/\/www.feuerwehr-matzen.at\/index.php?rest_route=\/wp\/v2\/pages\/1373\/revisions"}],"predecessor-version":[{"id":5792,"href":"https:\/\/www.feuerwehr-matzen.at\/index.php?rest_route=\/wp\/v2\/pages\/1373\/revisions\/5792"}],"wp:attachment":[{"href":"https:\/\/www.feuerwehr-matzen.at\/index.php?rest_route=%2Fwp%2Fv2%2Fmedia&parent=1373"}],"curies":[{"name":"wp","href":"https:\/\/api.w.org\/{rel}","templated":true}]}}