{"id":1375,"date":"2013-07-22T14:49:32","date_gmt":"2013-07-22T12:49:32","guid":{"rendered":"http:\/\/www.feuerwehr-matzen.at\/?page_id=1375"},"modified":"2020-09-18T14:15:11","modified_gmt":"2020-09-18T12:15:11","slug":"05-april-2012-2","status":"publish","type":"page","link":"https:\/\/www.feuerwehr-matzen.at\/?page_id=1375","title":{"rendered":"05. April 2012"},"content":{"rendered":"<p><strong>Brandeinsatz<\/strong><a title=\"Eins\u00e4tze 2012\" href=\"https:\/\/www.feuerwehr-matzen.at\/?page_id=193\"><img loading=\"lazy\" decoding=\"async\" class=\"alignright size-full wp-image-1833\" alt=\"return\" src=\"https:\/\/www.feuerwehr-matzen.at\/wp-content\/uploads\/2013\/07\/return.jpg\" width=\"65\" height=\"30\" \/><\/a><\/p>\n<p>Am 05. April 2012 heulten abermals die Sirenen. Die Feuerwehren Raggendorf, Matzen und Sch\u00f6nkirchen-Reyersdorf wurden um 19:28 zu einem Fahrzeugbrand nach Raggendorf alarmiert.<br \/>\nDa zur selben Zeit die Grundausbildung unserer Jungfeuerwehrm\u00e4nner stattfand, r\u00fcckte das erste Fahrzeug der Feuerwehr Matzen nur 3 Minuten nach der Alarmierung, vollbesetzt zum Einsatzort aus. Dort angekommen erkundete die zeitgleich eingetroffene Feuerwehr Raggendorf das Einsatzgeschehen. Der alarmierte Fahrzeugbrand stellte sich als Garagenbrand heraus.<br \/>\nDer erste Atemschutztrupp entfernte nach der \u00d6fnnung des Garagentores sofort das Fahrzeug direkt neben dem Brandherd. Ein Regal, in dem diverseste Stoffe gelagert wurden stand im Vollbrand. Nachdem die beiden ersten Atemschutztrupps den Brand bek\u00e4mpft hatten, konnten de nachr\u00fcckenden mit der Zerteilung des Brandgutes beginnen. Zur Unterst\u00fctzung wurde die Feuerwehr G\u00e4nserndorf mit dem Atemluftkompressor und der W\u00e4rmebildkamera nachalarmiert.<br \/>\nNach rund 1,5 Stunden konnten die Einsatzkr\u00e4fte aus Matzen wieder abr\u00fccken. Um 21:15 wurde die Einsatzbereitschaft wieder hergestellt<\/p>\n<p>Im Einsatz befindliche Fahrzeuge: RLF-A 2000, KDO<br \/>\nMannschaftsst\u00e4rke: 18<br \/>\nsonstige Kr\u00e4fte: FF Raggendorf, FF Sch\u00f6nkirchen-Reyersdorf, FF G\u00e4nserndorf, Polizei<\/p>\n<p><iframe loading=\"lazy\" title=\"Feuerwehr Matzen - Brandeinsatz 5. April\" width=\"530\" height=\"298\" src=\"https:\/\/www.youtube.com\/embed\/BqSiwoDE4cA?feature=oembed\" frameborder=\"0\" allow=\"accelerometer; autoplay; clipboard-write; encrypted-media; gyroscope; picture-in-picture; web-share\" referrerpolicy=\"strict-origin-when-cross-origin\" allowfullscreen><\/iframe><\/p>\n<p><a href=\"https:\/\/www.feuerwehr-matzen.at\/wp-content\/uploads\/2013\/08\/0405_01.jpg\"><img loading=\"lazy\" decoding=\"async\" class=\"alignleft size-thumbnail wp-image-3150\" alt=\"0405_01\" src=\"https:\/\/www.feuerwehr-matzen.at\/wp-content\/uploads\/2013\/08\/0405_01-150x150.jpg\" width=\"150\" height=\"150\" \/><\/a> <a href=\"https:\/\/www.feuerwehr-matzen.at\/wp-content\/uploads\/2013\/08\/0405_04.jpg\"><img loading=\"lazy\" decoding=\"async\" class=\"alignleft size-thumbnail wp-image-3153\" alt=\"0405_04\" src=\"https:\/\/www.feuerwehr-matzen.at\/wp-content\/uploads\/2013\/08\/0405_04-150x150.jpg\" width=\"150\" height=\"150\" \/><\/a> <a href=\"https:\/\/www.feuerwehr-matzen.at\/wp-content\/uploads\/2013\/08\/0405_03.jpg\"><img loading=\"lazy\" decoding=\"async\" class=\"alignleft size-thumbnail wp-image-3152\" alt=\"0405_03\" src=\"https:\/\/www.feuerwehr-matzen.at\/wp-content\/uploads\/2013\/08\/0405_03-150x150.jpg\" width=\"150\" height=\"150\" \/><\/a> <a href=\"https:\/\/www.feuerwehr-matzen.at\/wp-content\/uploads\/2013\/08\/0405_02.jpg\"><img loading=\"lazy\" decoding=\"async\" class=\"alignleft size-thumbnail wp-image-3151\" alt=\"0405_02\" src=\"https:\/\/www.feuerwehr-matzen.at\/wp-content\/uploads\/2013\/08\/0405_02-150x150.jpg\" width=\"150\" height=\"150\" \/><\/a><\/p>\n<p>&nbsp;<\/p>\n<p>&nbsp;<\/p>\n","protected":false},"excerpt":{"rendered":"<p>Brandeinsatz Am 05. April 2012 heulten abermals die Sirenen. Die Feuerwehren Raggendorf, Matzen und Sch\u00f6nkirchen-Reyersdorf wurden um 19:28 zu einem Fahrzeugbrand nach Raggendorf alarmiert. Da zur selben Zeit die Grundausbildung unserer Jungfeuerwehrm\u00e4nner stattfand, r\u00fcckte das erste Fahrzeug der Feuerwehr Matzen <a class=\"more-link\" href=\"https:\/\/www.feuerwehr-matzen.at\/?page_id=1375\">weiterlesen  <span class=\"screen-reader-text\">  05. April 2012<\/span><span class=\"meta-nav\">&rarr;<\/span><\/a><\/p>\n","protected":false},"author":6,"featured_media":0,"parent":0,"menu_order":0,"comment_status":"closed","ping_status":"open","template":"","meta":{"footnotes":""},"class_list":["post-1375","page","type-page","status-publish","hentry"],"_links":{"self":[{"href":"https:\/\/www.feuerwehr-matzen.at\/index.php?rest_route=\/wp\/v2\/pages\/1375","targetHints":{"allow":["GET"]}}],"collection":[{"href":"https:\/\/www.feuerwehr-matzen.at\/index.php?rest_route=\/wp\/v2\/pages"}],"about":[{"href":"https:\/\/www.feuerwehr-matzen.at\/index.php?rest_route=\/wp\/v2\/types\/page"}],"author":[{"embeddable":true,"href":"https:\/\/www.feuerwehr-matzen.at\/index.php?rest_route=\/wp\/v2\/users\/6"}],"replies":[{"embeddable":true,"href":"https:\/\/www.feuerwehr-matzen.at\/index.php?rest_route=%2Fwp%2Fv2%2Fcomments&post=1375"}],"version-history":[{"count":10,"href":"https:\/\/www.feuerwehr-matzen.at\/index.php?rest_route=\/wp\/v2\/pages\/1375\/revisions"}],"predecessor-version":[{"id":3407,"href":"https:\/\/www.feuerwehr-matzen.at\/index.php?rest_route=\/wp\/v2\/pages\/1375\/revisions\/3407"}],"wp:attachment":[{"href":"https:\/\/www.feuerwehr-matzen.at\/index.php?rest_route=%2Fwp%2Fv2%2Fmedia&parent=1375"}],"curies":[{"name":"wp","href":"https:\/\/api.w.org\/{rel}","templated":true}]}}