{"id":1377,"date":"2013-07-22T14:50:15","date_gmt":"2013-07-22T12:50:15","guid":{"rendered":"http:\/\/www.feuerwehr-matzen.at\/?page_id=1377"},"modified":"2020-09-18T14:15:34","modified_gmt":"2020-09-18T12:15:34","slug":"29-marz-2012-2","status":"publish","type":"page","link":"https:\/\/www.feuerwehr-matzen.at\/?page_id=1377","title":{"rendered":"29. M\u00e4rz 2012"},"content":{"rendered":"<p><strong>Flurbrand am Warthberg<\/strong><a title=\"Eins\u00e4tze 2012\" href=\"https:\/\/www.feuerwehr-matzen.at\/?page_id=193\"><img loading=\"lazy\" decoding=\"async\" class=\"alignright size-full wp-image-1833\" alt=\"return\" src=\"https:\/\/www.feuerwehr-matzen.at\/wp-content\/uploads\/2013\/07\/return.jpg\" width=\"65\" height=\"30\" \/><\/a><\/p>\n<p>Am 29. M\u00e4rz 2012 wurde die Feuerwehr Matzen um 12:24 mittels SMS-Alarm und Sirene zu einem Brandeinsatz\/Flurbrand alarmiert.<br \/>\nNur wenige Minuten sp\u00e4ter r\u00fcckten 9 Mann mit 2 Fahrzeugen zum Einsatzort am Warthberg aus.<br \/>\nDort angekommen, fanden die Einsatzkr\u00e4fte ein bereits abgebranntes Feld, sowie einige Brandstellen in einem kleinen angrenzendem Waldst\u00fcck, vor.<br \/>\nUnverz\u00fcglich wurde mit den L\u00f6scharbeiten mittels HD-Rohr begonnen. Gleichzeitig wurde mit Feuerpatschen und Schanzwerkzeug versucht, eine weitere Ausbreitung zu verhindern.<br \/>\nNach rund 1,5 Stunden konnten der Einsatzleiter Brand-Aus geben und die Einsatzkr\u00e4fte beendeten die L\u00f6schma\u00dfnahmen.<br \/>\nUm 14:00 Uhr wurde die Einsatzbereitschaft wieder hergestellt.<\/p>\n<p>Im Einsatz befindliche Fahrzeuge: RLF-A 2000, KDO<br \/>\nMannschaftsst\u00e4rke: 9<br \/>\nsonstige Kr\u00e4fte: Polizei<\/p>\n<p><iframe loading=\"lazy\" title=\"Feuerwehr Matzen - GAB-Abschluss\u00fcbung am 26. April\" width=\"530\" height=\"298\" src=\"https:\/\/www.youtube.com\/embed\/U2VBWnXQOPA?feature=oembed\" frameborder=\"0\" allow=\"accelerometer; autoplay; clipboard-write; encrypted-media; gyroscope; picture-in-picture; web-share\" referrerpolicy=\"strict-origin-when-cross-origin\" allowfullscreen><\/iframe><\/p>\n<p><a href=\"https:\/\/www.feuerwehr-matzen.at\/wp-content\/uploads\/2013\/08\/0329_01.jpg\"><img loading=\"lazy\" decoding=\"async\" class=\"alignleft size-thumbnail wp-image-3139\" alt=\"0329_01\" src=\"https:\/\/www.feuerwehr-matzen.at\/wp-content\/uploads\/2013\/08\/0329_01-150x150.jpg\" width=\"150\" height=\"150\" \/><\/a> <a href=\"https:\/\/www.feuerwehr-matzen.at\/wp-content\/uploads\/2013\/08\/0329_10.jpg\"><img loading=\"lazy\" decoding=\"async\" class=\"alignleft size-thumbnail wp-image-3149\" alt=\"0329_10\" src=\"https:\/\/www.feuerwehr-matzen.at\/wp-content\/uploads\/2013\/08\/0329_10-150x150.jpg\" width=\"150\" height=\"150\" \/><\/a> <a href=\"https:\/\/www.feuerwehr-matzen.at\/wp-content\/uploads\/2013\/08\/0329_09.jpg\"><img loading=\"lazy\" decoding=\"async\" class=\"alignleft size-thumbnail wp-image-3148\" alt=\"0329_09\" src=\"https:\/\/www.feuerwehr-matzen.at\/wp-content\/uploads\/2013\/08\/0329_09-150x150.jpg\" width=\"150\" height=\"150\" \/><\/a> <a href=\"https:\/\/www.feuerwehr-matzen.at\/wp-content\/uploads\/2013\/08\/0329_08.jpg\"><img loading=\"lazy\" decoding=\"async\" class=\"alignleft size-thumbnail wp-image-3147\" alt=\"0329_08\" src=\"https:\/\/www.feuerwehr-matzen.at\/wp-content\/uploads\/2013\/08\/0329_08-150x150.jpg\" width=\"150\" height=\"150\" \/><\/a> <a href=\"https:\/\/www.feuerwehr-matzen.at\/wp-content\/uploads\/2013\/08\/0329_07.jpg\"><img loading=\"lazy\" decoding=\"async\" class=\"alignleft size-thumbnail wp-image-3146\" alt=\"0329_07\" src=\"https:\/\/www.feuerwehr-matzen.at\/wp-content\/uploads\/2013\/08\/0329_07-150x150.jpg\" width=\"150\" height=\"150\" \/><\/a> <a href=\"https:\/\/www.feuerwehr-matzen.at\/wp-content\/uploads\/2013\/08\/0329_06.jpg\"><img loading=\"lazy\" decoding=\"async\" class=\"alignleft size-thumbnail wp-image-3144\" alt=\"0329_06\" src=\"https:\/\/www.feuerwehr-matzen.at\/wp-content\/uploads\/2013\/08\/0329_06-150x150.jpg\" width=\"150\" height=\"150\" \/><\/a> <a href=\"https:\/\/www.feuerwehr-matzen.at\/wp-content\/uploads\/2013\/08\/0329_05.jpg\"><img loading=\"lazy\" decoding=\"async\" class=\"alignleft size-thumbnail wp-image-3143\" alt=\"0329_05\" src=\"https:\/\/www.feuerwehr-matzen.at\/wp-content\/uploads\/2013\/08\/0329_05-150x150.jpg\" width=\"150\" height=\"150\" \/><\/a> <a href=\"https:\/\/www.feuerwehr-matzen.at\/wp-content\/uploads\/2013\/08\/0329_04.jpg\"><img loading=\"lazy\" decoding=\"async\" class=\"alignleft size-thumbnail wp-image-3142\" alt=\"0329_04\" src=\"https:\/\/www.feuerwehr-matzen.at\/wp-content\/uploads\/2013\/08\/0329_04-150x150.jpg\" width=\"150\" height=\"150\" \/><\/a> <a href=\"https:\/\/www.feuerwehr-matzen.at\/wp-content\/uploads\/2013\/08\/0329_03.jpg\"><img loading=\"lazy\" decoding=\"async\" class=\"alignleft size-thumbnail wp-image-3141\" alt=\"0329_03\" src=\"https:\/\/www.feuerwehr-matzen.at\/wp-content\/uploads\/2013\/08\/0329_03-150x150.jpg\" width=\"150\" height=\"150\" \/><\/a> <a href=\"https:\/\/www.feuerwehr-matzen.at\/wp-content\/uploads\/2013\/08\/0329_02.jpg\"><img loading=\"lazy\" decoding=\"async\" class=\"alignleft size-thumbnail wp-image-3140\" alt=\"0329_02\" src=\"https:\/\/www.feuerwehr-matzen.at\/wp-content\/uploads\/2013\/08\/0329_02-150x150.jpg\" width=\"150\" height=\"150\" \/><\/a><\/p>\n","protected":false},"excerpt":{"rendered":"<p>Flurbrand am Warthberg Am 29. M\u00e4rz 2012 wurde die Feuerwehr Matzen um 12:24 mittels SMS-Alarm und Sirene zu einem Brandeinsatz\/Flurbrand alarmiert. Nur wenige Minuten sp\u00e4ter r\u00fcckten 9 Mann mit 2 Fahrzeugen zum Einsatzort am Warthberg aus. Dort angekommen, fanden die <a class=\"more-link\" href=\"https:\/\/www.feuerwehr-matzen.at\/?page_id=1377\">weiterlesen  <span class=\"screen-reader-text\">  29. M\u00e4rz 2012<\/span><span class=\"meta-nav\">&rarr;<\/span><\/a><\/p>\n","protected":false},"author":6,"featured_media":0,"parent":0,"menu_order":0,"comment_status":"closed","ping_status":"open","template":"","meta":{"footnotes":""},"class_list":["post-1377","page","type-page","status-publish","hentry"],"_links":{"self":[{"href":"https:\/\/www.feuerwehr-matzen.at\/index.php?rest_route=\/wp\/v2\/pages\/1377","targetHints":{"allow":["GET"]}}],"collection":[{"href":"https:\/\/www.feuerwehr-matzen.at\/index.php?rest_route=\/wp\/v2\/pages"}],"about":[{"href":"https:\/\/www.feuerwehr-matzen.at\/index.php?rest_route=\/wp\/v2\/types\/page"}],"author":[{"embeddable":true,"href":"https:\/\/www.feuerwehr-matzen.at\/index.php?rest_route=\/wp\/v2\/users\/6"}],"replies":[{"embeddable":true,"href":"https:\/\/www.feuerwehr-matzen.at\/index.php?rest_route=%2Fwp%2Fv2%2Fcomments&post=1377"}],"version-history":[{"count":6,"href":"https:\/\/www.feuerwehr-matzen.at\/index.php?rest_route=\/wp\/v2\/pages\/1377\/revisions"}],"predecessor-version":[{"id":3415,"href":"https:\/\/www.feuerwehr-matzen.at\/index.php?rest_route=\/wp\/v2\/pages\/1377\/revisions\/3415"}],"wp:attachment":[{"href":"https:\/\/www.feuerwehr-matzen.at\/index.php?rest_route=%2Fwp%2Fv2%2Fmedia&parent=1377"}],"curies":[{"name":"wp","href":"https:\/\/api.w.org\/{rel}","templated":true}]}}