{"id":1379,"date":"2013-07-22T14:51:24","date_gmt":"2013-07-22T12:51:24","guid":{"rendered":"http:\/\/www.feuerwehr-matzen.at\/?page_id=1379"},"modified":"2020-09-18T14:15:23","modified_gmt":"2020-09-18T12:15:23","slug":"20-marz-2012-2","status":"publish","type":"page","link":"https:\/\/www.feuerwehr-matzen.at\/?page_id=1379","title":{"rendered":"20. M\u00e4rz 2012"},"content":{"rendered":"<p><strong>David gegen Goliath<\/strong><a title=\"Eins\u00e4tze 2012\" href=\"https:\/\/www.feuerwehr-matzen.at\/?page_id=193\"><img loading=\"lazy\" decoding=\"async\" class=\"alignright size-full wp-image-1833\" alt=\"return\" src=\"https:\/\/www.feuerwehr-matzen.at\/wp-content\/uploads\/2013\/07\/return.jpg\" width=\"65\" height=\"30\" \/><\/a><\/p>\n<p>Am 20. M\u00e4rz heulten in Matzen um 9:13 die Sirenen. Die Freiwillige Feuerwehr Matzen wurde mittels Sirene und SMS-Alarm zu einem Verkehrsunfall auf der Kreuzung L3159#L3061 alarmiert.<br \/>\nUnverz\u00fcglich r\u00fcckten 9 Mann mit 2 Fahrzeugen zum Einsatzort aus.<br \/>\nAm Unfallort angekommen erkundete der Einsatzleiter eine Kollision zwischen einem LKW und einem PKW im Kreuzungsbereich. Die verletzten Unfallbeteiligten wurden bereits vom RK G\u00e4nserndorf ins Krankenhaus abtransportiert. Da der Unfall schon von der Polizei aufgenommen und die Fahrzeuge freigegeben wurden, konnte nach Absichern der Unfallstelle mit dem Freimachen der Verkehrswege begonnen werden.<br \/>\nDie beiden Unfallwracks wurden auf einer angrenzeneden Gr\u00fcnfl\u00e4che abgestellt. Da sich der Einsatz im Einsatzgebiet der Nachbarfeuerwehr Sch\u00f6nkirchen-Reyersdorf befand, kamen die Florianij\u00fcnger zur Unterst\u00fctzung, konnten aber kurze Zeit sp\u00e4ter wieder abr\u00fccken.<br \/>\nNachdem alle Verkehrsfl\u00e4chen wieder frei und von den ausgelaufenen Betriebsmittel gereinigt waren, konnten die Einsatzkr\u00e4fte den Unfallort wieder verlassen.<br \/>\nUm 10:30 wurde die Einsatzbereitschaft wieder hergestellt.<\/p>\n<p>Im Einsatz befindliche Fahrzeuge: RLF-A 2000, KDO<br \/>\nMannschaftsst\u00e4rke: 9<br \/>\nsonstige Kr\u00e4fte: FF Sch\u00f6nirchen-Reyersdorf, Polizei<\/p>\n<p><a href=\"https:\/\/www.feuerwehr-matzen.at\/wp-content\/uploads\/2013\/08\/0320_01.jpg\"><img loading=\"lazy\" decoding=\"async\" class=\"alignleft size-thumbnail wp-image-3130\" alt=\"0320_01\" src=\"https:\/\/www.feuerwehr-matzen.at\/wp-content\/uploads\/2013\/08\/0320_01-150x150.jpg\" width=\"150\" height=\"150\" \/><\/a> <a href=\"https:\/\/www.feuerwehr-matzen.at\/wp-content\/uploads\/2013\/08\/0320_08.jpg\"><img loading=\"lazy\" decoding=\"async\" class=\"alignleft size-thumbnail wp-image-3137\" alt=\"0320_08\" src=\"https:\/\/www.feuerwehr-matzen.at\/wp-content\/uploads\/2013\/08\/0320_08-150x150.jpg\" width=\"150\" height=\"150\" \/><\/a> <a href=\"https:\/\/www.feuerwehr-matzen.at\/wp-content\/uploads\/2013\/08\/0320_07.jpg\"><img loading=\"lazy\" decoding=\"async\" class=\"alignleft size-thumbnail wp-image-3136\" alt=\"0320_07\" src=\"https:\/\/www.feuerwehr-matzen.at\/wp-content\/uploads\/2013\/08\/0320_07-150x150.jpg\" width=\"150\" height=\"150\" \/><\/a> <a href=\"https:\/\/www.feuerwehr-matzen.at\/wp-content\/uploads\/2013\/08\/0320_06.jpg\"><img loading=\"lazy\" decoding=\"async\" class=\"alignleft size-thumbnail wp-image-3135\" alt=\"0320_06\" src=\"https:\/\/www.feuerwehr-matzen.at\/wp-content\/uploads\/2013\/08\/0320_06-150x150.jpg\" width=\"150\" height=\"150\" \/><\/a> <a href=\"https:\/\/www.feuerwehr-matzen.at\/wp-content\/uploads\/2013\/08\/0320_05.jpg\"><img loading=\"lazy\" decoding=\"async\" class=\"alignleft size-thumbnail wp-image-3134\" alt=\"0320_05\" src=\"https:\/\/www.feuerwehr-matzen.at\/wp-content\/uploads\/2013\/08\/0320_05-150x150.jpg\" width=\"150\" height=\"150\" \/><\/a> <a href=\"https:\/\/www.feuerwehr-matzen.at\/wp-content\/uploads\/2013\/08\/0320_04.jpg\"><img loading=\"lazy\" decoding=\"async\" class=\"alignleft size-thumbnail wp-image-3133\" alt=\"0320_04\" src=\"https:\/\/www.feuerwehr-matzen.at\/wp-content\/uploads\/2013\/08\/0320_04-150x150.jpg\" width=\"150\" height=\"150\" \/><\/a> <a href=\"https:\/\/www.feuerwehr-matzen.at\/wp-content\/uploads\/2013\/08\/0320_03.jpg\"><img loading=\"lazy\" decoding=\"async\" class=\"alignleft size-thumbnail wp-image-3132\" alt=\"0320_03\" src=\"https:\/\/www.feuerwehr-matzen.at\/wp-content\/uploads\/2013\/08\/0320_03-150x150.jpg\" width=\"150\" height=\"150\" \/><\/a> <a href=\"https:\/\/www.feuerwehr-matzen.at\/wp-content\/uploads\/2013\/08\/0320_02.jpg\"><img loading=\"lazy\" decoding=\"async\" class=\"alignleft size-thumbnail wp-image-3131\" alt=\"0320_02\" src=\"https:\/\/www.feuerwehr-matzen.at\/wp-content\/uploads\/2013\/08\/0320_02-150x150.jpg\" width=\"150\" height=\"150\" \/><\/a><\/p>\n","protected":false},"excerpt":{"rendered":"<p>David gegen Goliath Am 20. M\u00e4rz heulten in Matzen um 9:13 die Sirenen. Die Freiwillige Feuerwehr Matzen wurde mittels Sirene und SMS-Alarm zu einem Verkehrsunfall auf der Kreuzung L3159#L3061 alarmiert. Unverz\u00fcglich r\u00fcckten 9 Mann mit 2 Fahrzeugen zum Einsatzort aus. <a class=\"more-link\" href=\"https:\/\/www.feuerwehr-matzen.at\/?page_id=1379\">weiterlesen  <span class=\"screen-reader-text\">  20. M\u00e4rz 2012<\/span><span class=\"meta-nav\">&rarr;<\/span><\/a><\/p>\n","protected":false},"author":6,"featured_media":0,"parent":0,"menu_order":0,"comment_status":"closed","ping_status":"open","template":"","meta":{"footnotes":""},"class_list":["post-1379","page","type-page","status-publish","hentry"],"_links":{"self":[{"href":"https:\/\/www.feuerwehr-matzen.at\/index.php?rest_route=\/wp\/v2\/pages\/1379","targetHints":{"allow":["GET"]}}],"collection":[{"href":"https:\/\/www.feuerwehr-matzen.at\/index.php?rest_route=\/wp\/v2\/pages"}],"about":[{"href":"https:\/\/www.feuerwehr-matzen.at\/index.php?rest_route=\/wp\/v2\/types\/page"}],"author":[{"embeddable":true,"href":"https:\/\/www.feuerwehr-matzen.at\/index.php?rest_route=\/wp\/v2\/users\/6"}],"replies":[{"embeddable":true,"href":"https:\/\/www.feuerwehr-matzen.at\/index.php?rest_route=%2Fwp%2Fv2%2Fcomments&post=1379"}],"version-history":[{"count":4,"href":"https:\/\/www.feuerwehr-matzen.at\/index.php?rest_route=\/wp\/v2\/pages\/1379\/revisions"}],"predecessor-version":[{"id":5801,"href":"https:\/\/www.feuerwehr-matzen.at\/index.php?rest_route=\/wp\/v2\/pages\/1379\/revisions\/5801"}],"wp:attachment":[{"href":"https:\/\/www.feuerwehr-matzen.at\/index.php?rest_route=%2Fwp%2Fv2%2Fmedia&parent=1379"}],"curies":[{"name":"wp","href":"https:\/\/api.w.org\/{rel}","templated":true}]}}