{"id":1388,"date":"2013-07-22T14:57:25","date_gmt":"2013-07-22T12:57:25","guid":{"rendered":"http:\/\/www.feuerwehr-matzen.at\/?page_id=1388"},"modified":"2020-09-18T14:15:34","modified_gmt":"2020-09-18T12:15:34","slug":"26-janner-2013-2","status":"publish","type":"page","link":"https:\/\/www.feuerwehr-matzen.at\/?page_id=1388","title":{"rendered":"26. J\u00e4nner 2013"},"content":{"rendered":"<p><strong>Brandverdacht<\/strong><a title=\"Eins\u00e4tze 2013\" href=\"https:\/\/www.feuerwehr-matzen.at\/?page_id=177\"><img loading=\"lazy\" decoding=\"async\" class=\"alignright size-full wp-image-1833\" alt=\"return\" src=\"https:\/\/www.feuerwehr-matzen.at\/wp-content\/uploads\/2013\/07\/return.jpg\" width=\"65\" height=\"30\" \/><\/a><\/p>\n<p>Am Samstag, dem 26. J\u00e4nner wurde die Feuerwehr Matzen um 19:53 zu einem Brandverdacht in der Hofrat-D\u00f6ltl Stra\u00dfe mittels SMS Alarm und Sirene alarmiert.<br \/>\nEin aufmerksamer B\u00fcrger entdeckte am Horizont Richtung Raggendorf Flammen und w\u00e4hlte den Notruf. Nur kurze Zeit sp\u00e4ter waren die Einsatzkr\u00e4fte bereits vor Ort und kontrollierten die Umgebung. Nach der Kontrollfahrt bis zur Matzner Einsatzbereichs-Grenze konnte Einsatzleiter LM Gnadenberger Markus Entwarnung geben. Der Flammen kamen aus der OMV Anlage in Auersthal und durch den Nebel war der Lichtschein weit zu sehen.<br \/>\nUm 20:15 konnten die Einsatzkr\u00e4fte wieder ins Feuerwehrhaus einr\u00fccken.<\/p>\n<p>Scheuen Sie sich nicht den Notruf zu w\u00e4hlen &#8211; Lieber einmal zu viel als einmal zu wenig.<\/p>\n<p>Im Einsatz befindliche Fahrzeuge: RLF-A 2000, KDO<br \/>\nMannschaftsst\u00e4rke: 15<\/p>\n","protected":false},"excerpt":{"rendered":"<p>Brandverdacht Am Samstag, dem 26. J\u00e4nner wurde die Feuerwehr Matzen um 19:53 zu einem Brandverdacht in der Hofrat-D\u00f6ltl Stra\u00dfe mittels SMS Alarm und Sirene alarmiert. Ein aufmerksamer B\u00fcrger entdeckte am Horizont Richtung Raggendorf Flammen und w\u00e4hlte den Notruf. Nur kurze <a class=\"more-link\" href=\"https:\/\/www.feuerwehr-matzen.at\/?page_id=1388\">weiterlesen  <span class=\"screen-reader-text\">  26. J\u00e4nner 2013<\/span><span class=\"meta-nav\">&rarr;<\/span><\/a><\/p>\n","protected":false},"author":6,"featured_media":0,"parent":0,"menu_order":0,"comment_status":"closed","ping_status":"open","template":"","meta":{"footnotes":""},"class_list":["post-1388","page","type-page","status-publish","hentry"],"_links":{"self":[{"href":"https:\/\/www.feuerwehr-matzen.at\/index.php?rest_route=\/wp\/v2\/pages\/1388","targetHints":{"allow":["GET"]}}],"collection":[{"href":"https:\/\/www.feuerwehr-matzen.at\/index.php?rest_route=\/wp\/v2\/pages"}],"about":[{"href":"https:\/\/www.feuerwehr-matzen.at\/index.php?rest_route=\/wp\/v2\/types\/page"}],"author":[{"embeddable":true,"href":"https:\/\/www.feuerwehr-matzen.at\/index.php?rest_route=\/wp\/v2\/users\/6"}],"replies":[{"embeddable":true,"href":"https:\/\/www.feuerwehr-matzen.at\/index.php?rest_route=%2Fwp%2Fv2%2Fcomments&post=1388"}],"version-history":[{"count":3,"href":"https:\/\/www.feuerwehr-matzen.at\/index.php?rest_route=\/wp\/v2\/pages\/1388\/revisions"}],"predecessor-version":[{"id":5817,"href":"https:\/\/www.feuerwehr-matzen.at\/index.php?rest_route=\/wp\/v2\/pages\/1388\/revisions\/5817"}],"wp:attachment":[{"href":"https:\/\/www.feuerwehr-matzen.at\/index.php?rest_route=%2Fwp%2Fv2%2Fmedia&parent=1388"}],"curies":[{"name":"wp","href":"https:\/\/api.w.org\/{rel}","templated":true}]}}