{"id":1390,"date":"2013-07-22T14:58:42","date_gmt":"2013-07-22T12:58:42","guid":{"rendered":"http:\/\/www.feuerwehr-matzen.at\/?page_id=1390"},"modified":"2020-09-18T14:15:23","modified_gmt":"2020-09-18T12:15:23","slug":"12-april-2013-2","status":"publish","type":"page","link":"https:\/\/www.feuerwehr-matzen.at\/?page_id=1390","title":{"rendered":"12. April 2013"},"content":{"rendered":"<p><strong>Dachhaut der Fa. Makromoto l\u00f6ste sich<\/strong><a title=\"Eins\u00e4tze 2013\" href=\"https:\/\/www.feuerwehr-matzen.at\/?page_id=177\"><img loading=\"lazy\" decoding=\"async\" class=\"alignright size-full wp-image-1833\" alt=\"return\" src=\"https:\/\/www.feuerwehr-matzen.at\/wp-content\/uploads\/2013\/07\/return.jpg\" width=\"65\" height=\"30\" \/><\/a><\/p>\n<p>Am 12.04.2013 wurde die Feuerwehr Matzen um 19:24 zu einer Technischen Hilfeleistung bei der Fa. Makromoto alarmiert. Nachdem Start der Abbrucharbeiten der Fa. Makromoto l\u00f6ste sich in den Abendstunden aufgrund von Sturmb\u00f6en die Dachhaut und st\u00fcrtzte teilweise auf die angrenzende Landesstra\u00dfe. Gleichzeitig wurde die Feuerwehr Raggendorf alarmiert. Mit 20 Mann und 3 Fahrzeugen r\u00fcckten die Matzener Florianij\u00fcnger zur Einsatzstelle.<br \/>\nNach der Erkundung des Einsatzleiters wurde die Teleskopmastb\u00fchne der Feuerwehr Deutsch Wagram nachalarmiert. Inzwischen wurde begonnen die abgest\u00fcrtzten Teile zu zerlegen und von der Stra\u00dfe zu entfernen. Nach dem Eintreffen der Einsatzkr\u00e4fte aus Deutsch Wagram wurde begonnen die restliche Dachhaut zu entfernen. Nach rund 2 Stunden wurden die beiden letzten Elemente mit Stahlseilen gesichert und die Einsatzkr\u00e4fte konnten um 22:45 wieder einr\u00fccken.<\/p>\n<p>Im Einsatz befindliche Fahrzeuge: RLF-A 2000, KDO, LAST<br \/>\nMannschaftsst\u00e4rke: 20<br \/>\nsonstige Kr\u00e4fte: FF Raggendorf, FF Deutsch Wagram<\/p>\n<p><a href=\"https:\/\/www.feuerwehr-matzen.at\/wp-content\/uploads\/2013\/07\/DSC07925.jpg\"><img loading=\"lazy\" decoding=\"async\" class=\"alignleft size-thumbnail wp-image-2105\" alt=\"DSC07925\" src=\"https:\/\/www.feuerwehr-matzen.at\/wp-content\/uploads\/2013\/07\/DSC07925-150x150.jpg\" width=\"150\" height=\"150\" \/><\/a> <a href=\"https:\/\/www.feuerwehr-matzen.at\/wp-content\/uploads\/2013\/07\/DSC07866.jpg\"><img loading=\"lazy\" decoding=\"async\" class=\"alignleft size-thumbnail wp-image-2104\" alt=\"DSC07866\" src=\"https:\/\/www.feuerwehr-matzen.at\/wp-content\/uploads\/2013\/07\/DSC07866-150x150.jpg\" width=\"150\" height=\"150\" \/><\/a> <a href=\"https:\/\/www.feuerwehr-matzen.at\/wp-content\/uploads\/2013\/07\/DSC07861.jpg\"><img loading=\"lazy\" decoding=\"async\" class=\"alignleft size-thumbnail wp-image-2103\" alt=\"DSC07861\" src=\"https:\/\/www.feuerwehr-matzen.at\/wp-content\/uploads\/2013\/07\/DSC07861-150x150.jpg\" width=\"150\" height=\"150\" \/><\/a> <a href=\"https:\/\/www.feuerwehr-matzen.at\/wp-content\/uploads\/2013\/07\/DSC07822.jpg\"><img loading=\"lazy\" decoding=\"async\" class=\"alignleft size-thumbnail wp-image-2102\" alt=\"DSC07822\" src=\"https:\/\/www.feuerwehr-matzen.at\/wp-content\/uploads\/2013\/07\/DSC07822-150x150.jpg\" width=\"150\" height=\"150\" \/><\/a> <a href=\"https:\/\/www.feuerwehr-matzen.at\/wp-content\/uploads\/2013\/07\/DSC07817.jpg\"><img loading=\"lazy\" decoding=\"async\" class=\"alignleft size-thumbnail wp-image-2101\" alt=\"DSC07817\" src=\"https:\/\/www.feuerwehr-matzen.at\/wp-content\/uploads\/2013\/07\/DSC07817-150x150.jpg\" width=\"150\" height=\"150\" \/><\/a> <a href=\"https:\/\/www.feuerwehr-matzen.at\/wp-content\/uploads\/2013\/08\/DSC07811.jpg\"><img loading=\"lazy\" decoding=\"async\" class=\"alignleft size-thumbnail wp-image-2865\" alt=\"DSC07811\" src=\"https:\/\/www.feuerwehr-matzen.at\/wp-content\/uploads\/2013\/08\/DSC07811-150x150.jpg\" width=\"150\" height=\"150\" \/><\/a> <a href=\"https:\/\/www.feuerwehr-matzen.at\/wp-content\/uploads\/2013\/07\/DSC07770.jpg\"><img loading=\"lazy\" decoding=\"async\" class=\"alignleft size-thumbnail wp-image-2099\" alt=\"DSC07770\" src=\"https:\/\/www.feuerwehr-matzen.at\/wp-content\/uploads\/2013\/07\/DSC07770-150x150.jpg\" width=\"150\" height=\"150\" \/><\/a> <a href=\"https:\/\/www.feuerwehr-matzen.at\/wp-content\/uploads\/2013\/08\/DSC07755.jpg\"><img loading=\"lazy\" decoding=\"async\" class=\"alignleft size-thumbnail wp-image-2866\" alt=\"DSC07755\" src=\"https:\/\/www.feuerwehr-matzen.at\/wp-content\/uploads\/2013\/08\/DSC07755-150x150.jpg\" width=\"150\" height=\"150\" \/><\/a> <a href=\"https:\/\/www.feuerwehr-matzen.at\/wp-content\/uploads\/2013\/07\/DSC07749.jpg\"><img loading=\"lazy\" decoding=\"async\" class=\"alignleft size-thumbnail wp-image-2097\" alt=\"DSC07749\" src=\"https:\/\/www.feuerwehr-matzen.at\/wp-content\/uploads\/2013\/07\/DSC07749-150x150.jpg\" width=\"150\" height=\"150\" \/><\/a> <a href=\"https:\/\/www.feuerwehr-matzen.at\/wp-content\/uploads\/2013\/07\/DSC07736.jpg\"><img loading=\"lazy\" decoding=\"async\" class=\"alignleft size-thumbnail wp-image-2096\" alt=\"DSC07736\" src=\"https:\/\/www.feuerwehr-matzen.at\/wp-content\/uploads\/2013\/07\/DSC07736-150x150.jpg\" width=\"150\" height=\"150\" \/><\/a> <a href=\"https:\/\/www.feuerwehr-matzen.at\/wp-content\/uploads\/2013\/07\/DSC07730.jpg\"><img loading=\"lazy\" decoding=\"async\" class=\"alignleft size-thumbnail wp-image-2095\" alt=\"DSC07730\" src=\"https:\/\/www.feuerwehr-matzen.at\/wp-content\/uploads\/2013\/07\/DSC07730-150x150.jpg\" width=\"150\" height=\"150\" \/><\/a><\/p>\n","protected":false},"excerpt":{"rendered":"<p>Dachhaut der Fa. Makromoto l\u00f6ste sich Am 12.04.2013 wurde die Feuerwehr Matzen um 19:24 zu einer Technischen Hilfeleistung bei der Fa. Makromoto alarmiert. Nachdem Start der Abbrucharbeiten der Fa. Makromoto l\u00f6ste sich in den Abendstunden aufgrund von Sturmb\u00f6en die Dachhaut <a class=\"more-link\" href=\"https:\/\/www.feuerwehr-matzen.at\/?page_id=1390\">weiterlesen  <span class=\"screen-reader-text\">  12. April 2013<\/span><span class=\"meta-nav\">&rarr;<\/span><\/a><\/p>\n","protected":false},"author":6,"featured_media":0,"parent":0,"menu_order":0,"comment_status":"closed","ping_status":"open","template":"","meta":{"footnotes":""},"class_list":["post-1390","page","type-page","status-publish","hentry"],"_links":{"self":[{"href":"https:\/\/www.feuerwehr-matzen.at\/index.php?rest_route=\/wp\/v2\/pages\/1390","targetHints":{"allow":["GET"]}}],"collection":[{"href":"https:\/\/www.feuerwehr-matzen.at\/index.php?rest_route=\/wp\/v2\/pages"}],"about":[{"href":"https:\/\/www.feuerwehr-matzen.at\/index.php?rest_route=\/wp\/v2\/types\/page"}],"author":[{"embeddable":true,"href":"https:\/\/www.feuerwehr-matzen.at\/index.php?rest_route=\/wp\/v2\/users\/6"}],"replies":[{"embeddable":true,"href":"https:\/\/www.feuerwehr-matzen.at\/index.php?rest_route=%2Fwp%2Fv2%2Fcomments&post=1390"}],"version-history":[{"count":4,"href":"https:\/\/www.feuerwehr-matzen.at\/index.php?rest_route=\/wp\/v2\/pages\/1390\/revisions"}],"predecessor-version":[{"id":5785,"href":"https:\/\/www.feuerwehr-matzen.at\/index.php?rest_route=\/wp\/v2\/pages\/1390\/revisions\/5785"}],"wp:attachment":[{"href":"https:\/\/www.feuerwehr-matzen.at\/index.php?rest_route=%2Fwp%2Fv2%2Fmedia&parent=1390"}],"curies":[{"name":"wp","href":"https:\/\/api.w.org\/{rel}","templated":true}]}}