{"id":1394,"date":"2013-07-22T15:00:21","date_gmt":"2013-07-22T13:00:21","guid":{"rendered":"http:\/\/www.feuerwehr-matzen.at\/?page_id=1394"},"modified":"2020-09-18T14:15:11","modified_gmt":"2020-09-18T12:15:11","slug":"02-mai-2013","status":"publish","type":"page","link":"https:\/\/www.feuerwehr-matzen.at\/?page_id=1394","title":{"rendered":"02. Mai 2013"},"content":{"rendered":"<p><strong>Unwettereinsatz<\/strong><a title=\"Eins\u00e4tze 2013\" href=\"https:\/\/www.feuerwehr-matzen.at\/?page_id=177\"><img loading=\"lazy\" decoding=\"async\" class=\"alignright size-full wp-image-1833\" alt=\"return\" src=\"https:\/\/www.feuerwehr-matzen.at\/wp-content\/uploads\/2013\/07\/return.jpg\" width=\"65\" height=\"30\" \/><\/a><\/p>\n<p>Ein Anrainer bemerkte die verunreinigte Stra\u00dfe und meldete dies beim Notruf. Kurz darauf heulten die Sirenen in Matzen und die Florianij\u00fcnger eilten nur wenige Minuten darauf zum Einsatzort.<br \/>\nDurch die Regenf\u00e4lle wurde ein Feldweg ausgewasche und verunreinigte in Folge eine Gemeindestra\u00dfe. 19 Mann der ortsans\u00e4ssigen Feuerwehr reinigten mittels Schaufeln und Hochdruckrohr das verstopfte Einlaufgitter und die Stra\u00dfe. Nach der Kontrolle der Kanaleinl\u00e4ufe und der Begutachtung durch die B\u00fcrgermeisterin konnten die Einsatzkr\u00e4fte nach rund 1 Stunde abr\u00fccken und die Einsatzbereitschaft wieder herstellen.<\/p>\n<p>Im Einsatz befindliche Fahrzeuge: RLF-A 2000, KDO<br \/>\nMannschaftsst\u00e4rke: 19<\/p>\n<p><a href=\"https:\/\/www.feuerwehr-matzen.at\/wp-content\/uploads\/2013\/08\/DSC07998.jpg\"><img loading=\"lazy\" decoding=\"async\" class=\"alignleft size-thumbnail wp-image-2863\" alt=\"DSC07998\" src=\"https:\/\/www.feuerwehr-matzen.at\/wp-content\/uploads\/2013\/08\/DSC07998-150x150.jpg\" width=\"150\" height=\"150\" \/><\/a> <a href=\"https:\/\/www.feuerwehr-matzen.at\/wp-content\/uploads\/2013\/07\/DSC07992.jpg\"><img loading=\"lazy\" decoding=\"async\" class=\"alignleft size-thumbnail wp-image-2116\" alt=\"DSC07992\" src=\"https:\/\/www.feuerwehr-matzen.at\/wp-content\/uploads\/2013\/07\/DSC07992-150x150.jpg\" width=\"150\" height=\"150\" \/><\/a> <a href=\"https:\/\/www.feuerwehr-matzen.at\/wp-content\/uploads\/2013\/07\/DSC07984.jpg\"><img loading=\"lazy\" decoding=\"async\" class=\"alignleft size-thumbnail wp-image-2115\" alt=\"DSC07984\" src=\"https:\/\/www.feuerwehr-matzen.at\/wp-content\/uploads\/2013\/07\/DSC07984-150x150.jpg\" width=\"150\" height=\"150\" \/><\/a> <a href=\"https:\/\/www.feuerwehr-matzen.at\/wp-content\/uploads\/2013\/07\/DSC07983.jpg\"><img loading=\"lazy\" decoding=\"async\" class=\"alignleft size-thumbnail wp-image-2114\" alt=\"DSC07983\" src=\"https:\/\/www.feuerwehr-matzen.at\/wp-content\/uploads\/2013\/07\/DSC07983-150x150.jpg\" width=\"150\" height=\"150\" \/><\/a><\/p>\n","protected":false},"excerpt":{"rendered":"<p>Unwettereinsatz Ein Anrainer bemerkte die verunreinigte Stra\u00dfe und meldete dies beim Notruf. Kurz darauf heulten die Sirenen in Matzen und die Florianij\u00fcnger eilten nur wenige Minuten darauf zum Einsatzort. Durch die Regenf\u00e4lle wurde ein Feldweg ausgewasche und verunreinigte in Folge <a class=\"more-link\" href=\"https:\/\/www.feuerwehr-matzen.at\/?page_id=1394\">weiterlesen  <span class=\"screen-reader-text\">  02. Mai 2013<\/span><span class=\"meta-nav\">&rarr;<\/span><\/a><\/p>\n","protected":false},"author":6,"featured_media":0,"parent":0,"menu_order":0,"comment_status":"closed","ping_status":"open","template":"","meta":{"footnotes":""},"class_list":["post-1394","page","type-page","status-publish","hentry"],"_links":{"self":[{"href":"https:\/\/www.feuerwehr-matzen.at\/index.php?rest_route=\/wp\/v2\/pages\/1394","targetHints":{"allow":["GET"]}}],"collection":[{"href":"https:\/\/www.feuerwehr-matzen.at\/index.php?rest_route=\/wp\/v2\/pages"}],"about":[{"href":"https:\/\/www.feuerwehr-matzen.at\/index.php?rest_route=\/wp\/v2\/types\/page"}],"author":[{"embeddable":true,"href":"https:\/\/www.feuerwehr-matzen.at\/index.php?rest_route=\/wp\/v2\/users\/6"}],"replies":[{"embeddable":true,"href":"https:\/\/www.feuerwehr-matzen.at\/index.php?rest_route=%2Fwp%2Fv2%2Fcomments&post=1394"}],"version-history":[{"count":4,"href":"https:\/\/www.feuerwehr-matzen.at\/index.php?rest_route=\/wp\/v2\/pages\/1394\/revisions"}],"predecessor-version":[{"id":5752,"href":"https:\/\/www.feuerwehr-matzen.at\/index.php?rest_route=\/wp\/v2\/pages\/1394\/revisions\/5752"}],"wp:attachment":[{"href":"https:\/\/www.feuerwehr-matzen.at\/index.php?rest_route=%2Fwp%2Fv2%2Fmedia&parent=1394"}],"curies":[{"name":"wp","href":"https:\/\/api.w.org\/{rel}","templated":true}]}}