{"id":1396,"date":"2013-07-22T15:00:57","date_gmt":"2013-07-22T13:00:57","guid":{"rendered":"http:\/\/www.feuerwehr-matzen.at\/?page_id=1396"},"modified":"2020-09-18T14:15:11","modified_gmt":"2020-09-18T12:15:11","slug":"03-mai-2013-3","status":"publish","type":"page","link":"https:\/\/www.feuerwehr-matzen.at\/?page_id=1396","title":{"rendered":"03. Mai 2013"},"content":{"rendered":"<p><strong>Unwettereinsatz<\/strong><a title=\"Eins\u00e4tze 2013\" href=\"https:\/\/www.feuerwehr-matzen.at\/?page_id=177\"><img loading=\"lazy\" decoding=\"async\" class=\"alignright size-full wp-image-1833\" alt=\"return\" src=\"https:\/\/www.feuerwehr-matzen.at\/wp-content\/uploads\/2013\/07\/return.jpg\" width=\"65\" height=\"30\" \/><\/a><\/p>\n<p>Am 03. Mai wurde die Feuerwehr Matzen abermals aufgrund des Unwetters alarmiert. Um 12:43 schrillten die Handys der Matzner Florianij\u00fcnger. Kurz darauf r\u00fcckten 7 Mann zum Einsatzort am Tennisplatz aus. Durch die Regenf\u00e4lle am Vortag standen teile des Tennisplatzes unter Wasser bzw. Schlamm. Mittels Schaufeln und Scheibtruhen wurden der Schlamm entfernt. Um 14:50 konnten die Einsatzkr\u00e4fte wieder abr\u00fccken und die Einsatzbereitschaft herstellen.<\/p>\n<p>Im Einsatz befindliche Fahrzeuge: KDO<br \/>\nMannschaftsst\u00e4rke: 7<\/p>\n<p><a href=\"https:\/\/www.feuerwehr-matzen.at\/wp-content\/uploads\/2013\/07\/DSC08033.jpg\"><img loading=\"lazy\" decoding=\"async\" class=\"alignleft size-thumbnail wp-image-2129\" alt=\"DSC08033\" src=\"https:\/\/www.feuerwehr-matzen.at\/wp-content\/uploads\/2013\/07\/DSC08033-150x150.jpg\" width=\"150\" height=\"150\" \/><\/a> <a href=\"https:\/\/www.feuerwehr-matzen.at\/wp-content\/uploads\/2013\/08\/DSC08032.jpg\"><img loading=\"lazy\" decoding=\"async\" class=\"alignleft size-thumbnail wp-image-2861\" alt=\"DSC08032\" src=\"https:\/\/www.feuerwehr-matzen.at\/wp-content\/uploads\/2013\/08\/DSC08032-150x150.jpg\" width=\"150\" height=\"150\" \/><\/a>\u00a0<a href=\"https:\/\/www.feuerwehr-matzen.at\/wp-content\/uploads\/2013\/08\/DSC08029.jpg\"><img loading=\"lazy\" decoding=\"async\" class=\"alignleft size-thumbnail wp-image-2859\" alt=\"DSC08029\" src=\"https:\/\/www.feuerwehr-matzen.at\/wp-content\/uploads\/2013\/08\/DSC08029-150x150.jpg\" width=\"150\" height=\"150\" \/><\/a>\u00a0<a href=\"https:\/\/www.feuerwehr-matzen.at\/wp-content\/uploads\/2013\/07\/DSC08028.jpg\"><img loading=\"lazy\" decoding=\"async\" class=\"alignleft size-thumbnail wp-image-2126\" alt=\"DSC08028\" src=\"https:\/\/www.feuerwehr-matzen.at\/wp-content\/uploads\/2013\/07\/DSC08028-150x150.jpg\" width=\"150\" height=\"150\" \/><\/a> <a href=\"https:\/\/www.feuerwehr-matzen.at\/wp-content\/uploads\/2013\/07\/DSC08026.jpg\"><img loading=\"lazy\" decoding=\"async\" class=\"alignleft size-thumbnail wp-image-2125\" alt=\"DSC08026\" src=\"https:\/\/www.feuerwehr-matzen.at\/wp-content\/uploads\/2013\/07\/DSC08026-150x150.jpg\" width=\"150\" height=\"150\" \/><\/a><\/p>\n","protected":false},"excerpt":{"rendered":"<p>Unwettereinsatz Am 03. Mai wurde die Feuerwehr Matzen abermals aufgrund des Unwetters alarmiert. Um 12:43 schrillten die Handys der Matzner Florianij\u00fcnger. Kurz darauf r\u00fcckten 7 Mann zum Einsatzort am Tennisplatz aus. Durch die Regenf\u00e4lle am Vortag standen teile des Tennisplatzes <a class=\"more-link\" href=\"https:\/\/www.feuerwehr-matzen.at\/?page_id=1396\">weiterlesen  <span class=\"screen-reader-text\">  03. Mai 2013<\/span><span class=\"meta-nav\">&rarr;<\/span><\/a><\/p>\n","protected":false},"author":6,"featured_media":0,"parent":0,"menu_order":0,"comment_status":"closed","ping_status":"open","template":"","meta":{"footnotes":""},"class_list":["post-1396","page","type-page","status-publish","hentry"],"_links":{"self":[{"href":"https:\/\/www.feuerwehr-matzen.at\/index.php?rest_route=\/wp\/v2\/pages\/1396","targetHints":{"allow":["GET"]}}],"collection":[{"href":"https:\/\/www.feuerwehr-matzen.at\/index.php?rest_route=\/wp\/v2\/pages"}],"about":[{"href":"https:\/\/www.feuerwehr-matzen.at\/index.php?rest_route=\/wp\/v2\/types\/page"}],"author":[{"embeddable":true,"href":"https:\/\/www.feuerwehr-matzen.at\/index.php?rest_route=\/wp\/v2\/users\/6"}],"replies":[{"embeddable":true,"href":"https:\/\/www.feuerwehr-matzen.at\/index.php?rest_route=%2Fwp%2Fv2%2Fcomments&post=1396"}],"version-history":[{"count":6,"href":"https:\/\/www.feuerwehr-matzen.at\/index.php?rest_route=\/wp\/v2\/pages\/1396\/revisions"}],"predecessor-version":[{"id":5758,"href":"https:\/\/www.feuerwehr-matzen.at\/index.php?rest_route=\/wp\/v2\/pages\/1396\/revisions\/5758"}],"wp:attachment":[{"href":"https:\/\/www.feuerwehr-matzen.at\/index.php?rest_route=%2Fwp%2Fv2%2Fmedia&parent=1396"}],"curies":[{"name":"wp","href":"https:\/\/api.w.org\/{rel}","templated":true}]}}