{"id":1400,"date":"2013-07-22T15:02:30","date_gmt":"2013-07-22T13:02:30","guid":{"rendered":"http:\/\/www.feuerwehr-matzen.at\/?page_id=1400"},"modified":"2020-09-18T14:15:11","modified_gmt":"2020-09-18T12:15:11","slug":"06-juni-2013-2","status":"publish","type":"page","link":"https:\/\/www.feuerwehr-matzen.at\/?page_id=1400","title":{"rendered":"05. Juni 2013"},"content":{"rendered":"<p><strong>Katastropheneinsatz<\/strong><a title=\"Eins\u00e4tze 2013\" href=\"https:\/\/www.feuerwehr-matzen.at\/?page_id=177\"><img loading=\"lazy\" decoding=\"async\" class=\"alignright size-full wp-image-1833\" alt=\"return\" src=\"https:\/\/www.feuerwehr-matzen.at\/wp-content\/uploads\/2013\/07\/return.jpg\" width=\"65\" height=\"30\" \/><\/a><\/p>\n<p>Am 5. Juni wurde die Feuerwehr Matzen um 11:47 vom Bezirksf\u00fchrungsstab zum Katastropheneinsatz alarmiert.<br \/>\n5 Kameraden r\u00fcckten mit dem Kommandofahrzeug zum Bereitstellungsraum nach Stopfenreuth aus. Nach der Befehlsausgabe an die in diesem Einsatzgebiet eingesetzten Feuerwehren, begaben sich die Einsatzkr\u00e4fte auf den Damm. Dieser musste aufgrund des steigenden Pegels auf einer L\u00e4nge von ca 1800 Metern erh\u00f6ht werden, um einen Anstieg \u00fcber den Scheitelpunkt des Dammes zu verhindern. Die Last- und Wechselladefahrzeuge aus dem gesamten Bezirk lieferten Folien und Flies die auf der Dammkrone aufgelegt wurden. F\u00fcr die Erh\u00f6hung sch\u00fctteten eine Vielzahl von Traktoren Sand auf welcher wiederum von den Folien abgedeckt wurde. Abschlie\u00dfend wurden die Folien mit Sands\u00e4cken beschwert. Nach rund 6 Stunden Arbeit am Damm konnten die eingesetzten Feuerwehren wieder abr\u00fccken.<br \/>\nUm 20:15 konnte die Feuerwehr Matzen die Einsatzbereitschaft wieder herstellen.<\/p>\n<p>Im Einsatz befindliche Fahrzeuge: KDO<br \/>\nMannschaftsst\u00e4rke: 5<\/p>\n<p><a href=\"https:\/\/www.feuerwehr-matzen.at\/wp-content\/uploads\/2013\/07\/0406_7.jpg\"><img loading=\"lazy\" decoding=\"async\" class=\"alignleft size-thumbnail wp-image-2139\" alt=\"0406_7\" src=\"https:\/\/www.feuerwehr-matzen.at\/wp-content\/uploads\/2013\/07\/0406_7-150x150.jpg\" width=\"150\" height=\"150\" \/><\/a> <a href=\"https:\/\/www.feuerwehr-matzen.at\/wp-content\/uploads\/2013\/07\/0406_6.jpg\"><img loading=\"lazy\" decoding=\"async\" class=\"alignleft size-thumbnail wp-image-2138\" alt=\"0406_6\" src=\"https:\/\/www.feuerwehr-matzen.at\/wp-content\/uploads\/2013\/07\/0406_6-150x150.jpg\" width=\"150\" height=\"150\" \/><\/a> <a href=\"https:\/\/www.feuerwehr-matzen.at\/wp-content\/uploads\/2013\/08\/0406_5.jpg\"><img loading=\"lazy\" decoding=\"async\" class=\"alignleft size-thumbnail wp-image-2854\" alt=\"0406_5\" src=\"https:\/\/www.feuerwehr-matzen.at\/wp-content\/uploads\/2013\/08\/0406_5-150x150.jpg\" width=\"150\" height=\"150\" \/><\/a> <a href=\"https:\/\/www.feuerwehr-matzen.at\/wp-content\/uploads\/2013\/08\/0406_4.jpg\"><img loading=\"lazy\" decoding=\"async\" class=\"alignleft size-thumbnail wp-image-2853\" alt=\"0406_4\" src=\"https:\/\/www.feuerwehr-matzen.at\/wp-content\/uploads\/2013\/08\/0406_4-150x150.jpg\" width=\"150\" height=\"150\" \/><\/a> <a href=\"https:\/\/www.feuerwehr-matzen.at\/wp-content\/uploads\/2013\/08\/0406_3.jpg\"><img loading=\"lazy\" decoding=\"async\" class=\"alignleft size-thumbnail wp-image-2857\" alt=\"0406_3\" src=\"https:\/\/www.feuerwehr-matzen.at\/wp-content\/uploads\/2013\/08\/0406_3-150x150.jpg\" width=\"150\" height=\"150\" \/><\/a> <a href=\"https:\/\/www.feuerwehr-matzen.at\/wp-content\/uploads\/2013\/07\/0406_2.jpg\"><img loading=\"lazy\" decoding=\"async\" class=\"alignleft size-thumbnail wp-image-2134\" alt=\"0406_2\" src=\"https:\/\/www.feuerwehr-matzen.at\/wp-content\/uploads\/2013\/07\/0406_2-150x150.jpg\" width=\"150\" height=\"150\" \/><\/a> <a href=\"https:\/\/www.feuerwehr-matzen.at\/wp-content\/uploads\/2013\/07\/0406_1.jpg\"><img loading=\"lazy\" decoding=\"async\" class=\"alignleft size-thumbnail wp-image-2133\" alt=\"0406_1\" src=\"https:\/\/www.feuerwehr-matzen.at\/wp-content\/uploads\/2013\/07\/0406_1-150x150.jpg\" width=\"150\" height=\"150\" \/><\/a><\/p>\n","protected":false},"excerpt":{"rendered":"<p>Katastropheneinsatz Am 5. Juni wurde die Feuerwehr Matzen um 11:47 vom Bezirksf\u00fchrungsstab zum Katastropheneinsatz alarmiert. 5 Kameraden r\u00fcckten mit dem Kommandofahrzeug zum Bereitstellungsraum nach Stopfenreuth aus. Nach der Befehlsausgabe an die in diesem Einsatzgebiet eingesetzten Feuerwehren, begaben sich die Einsatzkr\u00e4fte <a class=\"more-link\" href=\"https:\/\/www.feuerwehr-matzen.at\/?page_id=1400\">weiterlesen  <span class=\"screen-reader-text\">  05. Juni 2013<\/span><span class=\"meta-nav\">&rarr;<\/span><\/a><\/p>\n","protected":false},"author":6,"featured_media":0,"parent":0,"menu_order":0,"comment_status":"closed","ping_status":"open","template":"","meta":{"footnotes":""},"class_list":["post-1400","page","type-page","status-publish","hentry"],"_links":{"self":[{"href":"https:\/\/www.feuerwehr-matzen.at\/index.php?rest_route=\/wp\/v2\/pages\/1400","targetHints":{"allow":["GET"]}}],"collection":[{"href":"https:\/\/www.feuerwehr-matzen.at\/index.php?rest_route=\/wp\/v2\/pages"}],"about":[{"href":"https:\/\/www.feuerwehr-matzen.at\/index.php?rest_route=\/wp\/v2\/types\/page"}],"author":[{"embeddable":true,"href":"https:\/\/www.feuerwehr-matzen.at\/index.php?rest_route=\/wp\/v2\/users\/6"}],"replies":[{"embeddable":true,"href":"https:\/\/www.feuerwehr-matzen.at\/index.php?rest_route=%2Fwp%2Fv2%2Fcomments&post=1400"}],"version-history":[{"count":8,"href":"https:\/\/www.feuerwehr-matzen.at\/index.php?rest_route=\/wp\/v2\/pages\/1400\/revisions"}],"predecessor-version":[{"id":5766,"href":"https:\/\/www.feuerwehr-matzen.at\/index.php?rest_route=\/wp\/v2\/pages\/1400\/revisions\/5766"}],"wp:attachment":[{"href":"https:\/\/www.feuerwehr-matzen.at\/index.php?rest_route=%2Fwp%2Fv2%2Fmedia&parent=1400"}],"curies":[{"name":"wp","href":"https:\/\/api.w.org\/{rel}","templated":true}]}}