{"id":1406,"date":"2013-07-22T15:21:53","date_gmt":"2013-07-22T13:21:53","guid":{"rendered":"http:\/\/www.feuerwehr-matzen.at\/?page_id=1406"},"modified":"2020-09-18T14:15:34","modified_gmt":"2020-09-18T12:15:34","slug":"1406-2","status":"publish","type":"page","link":"https:\/\/www.feuerwehr-matzen.at\/?page_id=1406","title":{"rendered":"26. Februar 2010"},"content":{"rendered":"<p><strong>Gasbrandbek\u00e4mpfung Theorieteil<\/strong><a title=\"\u00dcbungen 2010\" href=\"https:\/\/www.feuerwehr-matzen.at\/?page_id=752\"><img loading=\"lazy\" decoding=\"async\" class=\"alignright size-full wp-image-1833\" alt=\"return\" src=\"https:\/\/www.feuerwehr-matzen.at\/wp-content\/uploads\/2013\/07\/return.jpg\" width=\"65\" height=\"30\" \/><\/a><\/p>\n<p>Aufgrund eines Vorfalles im Dezember des vorigen Jahres auf einer OMV-Sonde, entschloss sich die Feuerwehr Matzen das Thema \u201eGasbrandbek\u00e4mpfung\u201c in den Ausbildungsplan 2010 zu integrieren, um genaueres \u00fcber die Vorgehensweise bei einem Gebrechen zu vertiefen. Infolgedessen fand am 26. Februar 2010 ein Vortrag der OMV Betriebsfeuerwehr G\u00e4nserndorf durch ABI Hofegger im Feuerwehrhaus Matzen statt.<br \/>\n21 interessierte Kameraden fanden sich im Lehrsaal zur Pr\u00e4sentation ein.<br \/>\nNach der Begr\u00fc\u00dfung wurde den Kameraden die Entstehungsgeschichte erl\u00e4utert, um den Einblick in die Materie zu erleichtern. Nach der darauffolgenden Begriffserkl\u00e4rung, wurden die spezifischen Daten der relevanten Stoffe definiert. Danach begann die eigentliche Pr\u00e4sentation, es wurden Gefahren, die im Hoch- und Niederdruckbereich auftreten k\u00f6nnen, genannt und L\u00f6sungsvarianten dargelegt. Durch praktische Beispiele, die uns ABI Hofegger n\u00e4herbrachte, konnten sich die Kameraden das Ausma\u00df noch besser vorstellen.<br \/>\nIn einer kleinen Pause gab es eine St\u00e4rkung f\u00fcr die Feuerwehrm\u00e4nner.<br \/>\nNach dem Imbiss wurde die Pr\u00e4sentation mit den verschiedenen L\u00f6schtaktiken fortgesetzt. Im Anschluss wurden den Feuerwehrkameraden die Einsatzrichtlinien erl\u00e4utert. Am Ende wurde das soeben Erlernte anhand von Videos verbildlicht.<\/p>\n<p>Die Feuerwehr Matzen bedankt sich bei der OMV Betriebsfeuerwehr G\u00e4nserndorf und ABI Hofegger f\u00fcr die Durchf\u00fchrung dieser Pr\u00e4sentation.<\/p>\n<p><a href=\"https:\/\/www.feuerwehr-matzen.at\/wp-content\/uploads\/2013\/07\/27971905.jpg\"><img loading=\"lazy\" decoding=\"async\" class=\"alignleft size-thumbnail wp-image-2399\" alt=\"27971905\" src=\"https:\/\/www.feuerwehr-matzen.at\/wp-content\/uploads\/2013\/07\/27971905-150x150.jpg\" width=\"150\" height=\"150\" \/><\/a><\/p>\n","protected":false},"excerpt":{"rendered":"<p>Gasbrandbek\u00e4mpfung Theorieteil Aufgrund eines Vorfalles im Dezember des vorigen Jahres auf einer OMV-Sonde, entschloss sich die Feuerwehr Matzen das Thema \u201eGasbrandbek\u00e4mpfung\u201c in den Ausbildungsplan 2010 zu integrieren, um genaueres \u00fcber die Vorgehensweise bei einem Gebrechen zu vertiefen. Infolgedessen fand am <a class=\"more-link\" href=\"https:\/\/www.feuerwehr-matzen.at\/?page_id=1406\">weiterlesen  <span class=\"screen-reader-text\">  26. Februar 2010<\/span><span class=\"meta-nav\">&rarr;<\/span><\/a><\/p>\n","protected":false},"author":6,"featured_media":0,"parent":0,"menu_order":0,"comment_status":"closed","ping_status":"open","template":"","meta":{"footnotes":""},"class_list":["post-1406","page","type-page","status-publish","hentry"],"_links":{"self":[{"href":"https:\/\/www.feuerwehr-matzen.at\/index.php?rest_route=\/wp\/v2\/pages\/1406","targetHints":{"allow":["GET"]}}],"collection":[{"href":"https:\/\/www.feuerwehr-matzen.at\/index.php?rest_route=\/wp\/v2\/pages"}],"about":[{"href":"https:\/\/www.feuerwehr-matzen.at\/index.php?rest_route=\/wp\/v2\/types\/page"}],"author":[{"embeddable":true,"href":"https:\/\/www.feuerwehr-matzen.at\/index.php?rest_route=\/wp\/v2\/users\/6"}],"replies":[{"embeddable":true,"href":"https:\/\/www.feuerwehr-matzen.at\/index.php?rest_route=%2Fwp%2Fv2%2Fcomments&post=1406"}],"version-history":[{"count":6,"href":"https:\/\/www.feuerwehr-matzen.at\/index.php?rest_route=\/wp\/v2\/pages\/1406\/revisions"}],"predecessor-version":[{"id":5816,"href":"https:\/\/www.feuerwehr-matzen.at\/index.php?rest_route=\/wp\/v2\/pages\/1406\/revisions\/5816"}],"wp:attachment":[{"href":"https:\/\/www.feuerwehr-matzen.at\/index.php?rest_route=%2Fwp%2Fv2%2Fmedia&parent=1406"}],"curies":[{"name":"wp","href":"https:\/\/api.w.org\/{rel}","templated":true}]}}