{"id":1410,"date":"2013-07-22T15:23:45","date_gmt":"2013-07-22T13:23:45","guid":{"rendered":"http:\/\/www.feuerwehr-matzen.at\/?page_id=1410"},"modified":"2020-09-18T14:15:11","modified_gmt":"2020-09-18T12:15:11","slug":"06-marz-2010","status":"publish","type":"page","link":"https:\/\/www.feuerwehr-matzen.at\/?page_id=1410","title":{"rendered":"06. M\u00e4rz 2010"},"content":{"rendered":"<p><strong>Monats\u00fcbung<\/strong><a title=\"\u00dcbungen 2010\" href=\"https:\/\/www.feuerwehr-matzen.at\/?page_id=752\"><img loading=\"lazy\" decoding=\"async\" class=\"alignright size-full wp-image-1833\" alt=\"return\" src=\"https:\/\/www.feuerwehr-matzen.at\/wp-content\/uploads\/2013\/07\/return.jpg\" width=\"65\" height=\"30\" \/><\/a><\/p>\n<p>Am 6.M\u00e4rz 2010 erprobten 25 Kameraden der Feuerwehr Matzen den Ernstfall. Das Thema der Monats\u00fcbung war das Retten aus H\u00f6he und Tiefen. Im Stationsbetrieb wurden verschiedene Szenarien durchgearbeitet.<br \/>\nIn der ersten Station wurde das Retten aus einem Schacht bzw. Kanal erl\u00e4utert. Mittels zwei Steckleitern und einer Umlenkrolle wurde eine in einem Kanal verungl\u00fcckte Person (als Puppe dargestellt) rasch gerettet.<br \/>\nDas zweite Szenario stellte eine unter einer Baumaschine eingeklemmte Person dar. Mittels Hebekissen musste diese Person gerettet werden.<br \/>\nIn der letzten Station musste eine Person vom Dach gerettet werden. Unter Verwendung der 2 Schiebeleitern der Feuerwehr Matzen und der Schaufeltrage konnte die Person aus ihrer misslichen Lage befreit werden. Nach einer kurzen Nachbesprechung konnte die \u00dcbung beendet werden.<\/p>\n<p><a href=\"https:\/\/www.feuerwehr-matzen.at\/wp-content\/uploads\/2013\/07\/89382230.jpg\"><img loading=\"lazy\" decoding=\"async\" class=\"alignleft size-thumbnail wp-image-2405\" alt=\"89382230\" src=\"https:\/\/www.feuerwehr-matzen.at\/wp-content\/uploads\/2013\/07\/89382230-150x150.jpg\" width=\"150\" height=\"150\" \/><\/a> <a href=\"https:\/\/www.feuerwehr-matzen.at\/wp-content\/uploads\/2013\/07\/56999309.jpg\"><img loading=\"lazy\" decoding=\"async\" class=\"alignleft size-thumbnail wp-image-2403\" alt=\"56999309\" src=\"https:\/\/www.feuerwehr-matzen.at\/wp-content\/uploads\/2013\/07\/56999309-150x150.jpg\" width=\"150\" height=\"150\" \/><\/a> <a href=\"https:\/\/www.feuerwehr-matzen.at\/wp-content\/uploads\/2013\/07\/88312190.jpg\"><img loading=\"lazy\" decoding=\"async\" class=\"alignleft size-thumbnail wp-image-2404\" alt=\"88312190\" src=\"https:\/\/www.feuerwehr-matzen.at\/wp-content\/uploads\/2013\/07\/88312190-150x150.jpg\" width=\"150\" height=\"150\" \/><\/a> <a href=\"https:\/\/www.feuerwehr-matzen.at\/wp-content\/uploads\/2013\/07\/52577931.jpg\"><img loading=\"lazy\" decoding=\"async\" class=\"alignleft size-thumbnail wp-image-2402\" alt=\"52577931\" src=\"https:\/\/www.feuerwehr-matzen.at\/wp-content\/uploads\/2013\/07\/52577931-150x150.jpg\" width=\"150\" height=\"150\" \/><\/a> <a href=\"https:\/\/www.feuerwehr-matzen.at\/wp-content\/uploads\/2013\/07\/49364606.jpg\"><img loading=\"lazy\" decoding=\"async\" class=\"alignleft size-thumbnail wp-image-2401\" alt=\"49364606\" src=\"https:\/\/www.feuerwehr-matzen.at\/wp-content\/uploads\/2013\/07\/49364606-150x150.jpg\" width=\"150\" height=\"150\" \/><\/a><\/p>\n","protected":false},"excerpt":{"rendered":"<p>Monats\u00fcbung Am 6.M\u00e4rz 2010 erprobten 25 Kameraden der Feuerwehr Matzen den Ernstfall. Das Thema der Monats\u00fcbung war das Retten aus H\u00f6he und Tiefen. Im Stationsbetrieb wurden verschiedene Szenarien durchgearbeitet. In der ersten Station wurde das Retten aus einem Schacht bzw. <a class=\"more-link\" href=\"https:\/\/www.feuerwehr-matzen.at\/?page_id=1410\">weiterlesen  <span class=\"screen-reader-text\">  06. M\u00e4rz 2010<\/span><span class=\"meta-nav\">&rarr;<\/span><\/a><\/p>\n","protected":false},"author":6,"featured_media":0,"parent":0,"menu_order":0,"comment_status":"closed","ping_status":"open","template":"","meta":{"footnotes":""},"class_list":["post-1410","page","type-page","status-publish","hentry"],"_links":{"self":[{"href":"https:\/\/www.feuerwehr-matzen.at\/index.php?rest_route=\/wp\/v2\/pages\/1410","targetHints":{"allow":["GET"]}}],"collection":[{"href":"https:\/\/www.feuerwehr-matzen.at\/index.php?rest_route=\/wp\/v2\/pages"}],"about":[{"href":"https:\/\/www.feuerwehr-matzen.at\/index.php?rest_route=\/wp\/v2\/types\/page"}],"author":[{"embeddable":true,"href":"https:\/\/www.feuerwehr-matzen.at\/index.php?rest_route=\/wp\/v2\/users\/6"}],"replies":[{"embeddable":true,"href":"https:\/\/www.feuerwehr-matzen.at\/index.php?rest_route=%2Fwp%2Fv2%2Fcomments&post=1410"}],"version-history":[{"count":4,"href":"https:\/\/www.feuerwehr-matzen.at\/index.php?rest_route=\/wp\/v2\/pages\/1410\/revisions"}],"predecessor-version":[{"id":5772,"href":"https:\/\/www.feuerwehr-matzen.at\/index.php?rest_route=\/wp\/v2\/pages\/1410\/revisions\/5772"}],"wp:attachment":[{"href":"https:\/\/www.feuerwehr-matzen.at\/index.php?rest_route=%2Fwp%2Fv2%2Fmedia&parent=1410"}],"curies":[{"name":"wp","href":"https:\/\/api.w.org\/{rel}","templated":true}]}}