{"id":1412,"date":"2013-07-22T15:24:29","date_gmt":"2013-07-22T13:24:29","guid":{"rendered":"http:\/\/www.feuerwehr-matzen.at\/?page_id=1412"},"modified":"2020-09-18T14:15:34","modified_gmt":"2020-09-18T12:15:34","slug":"25-marz-2010","status":"publish","type":"page","link":"https:\/\/www.feuerwehr-matzen.at\/?page_id=1412","title":{"rendered":"25. M\u00e4rz 2010"},"content":{"rendered":"<p><strong>Atemschutz\u00fcbungsstrecke<\/strong><a title=\"\u00dcbungen 2010\" href=\"https:\/\/www.feuerwehr-matzen.at\/?page_id=752\"><img loading=\"lazy\" decoding=\"async\" class=\"alignright size-full wp-image-1833\" alt=\"return\" src=\"https:\/\/www.feuerwehr-matzen.at\/wp-content\/uploads\/2013\/07\/return.jpg\" width=\"65\" height=\"30\" \/><\/a><\/p>\n<p>Am 25. M\u00e4rz 2010 fand die n\u00e4chste Schulung im Thema \u201eSchwerpunkt Atemschutz\u201c des Ausbildungsplanes statt. Diese Schulung fand im Feuerwehrhaus G\u00e4nserndorf statt.<br \/>\nJeder Trupp konnte in zwei Durchg\u00e4ngen seine bisherigen Schulungen in der Praxis anwenden. Beobachtet wurden die Trupps vom Kommandanten der Feuerwehr Matzen HBI Neubauer Manfred und dem Bezirkssachbearbeiter f\u00fcr Atemschutz OLM Kellner Peter. Im Anschluss gab es wichtige Tipps und Verbesserungsvorschl\u00e4ge.<br \/>\nEin Dank daf\u00fcr an die Feuerwehr G\u00e4nserndorf die uns die \u00dcbungstrecke zur Verf\u00fcgung gestellt haben.<\/p>\n<p><a href=\"https:\/\/www.feuerwehr-matzen.at\/wp-content\/uploads\/2013\/08\/81746488.jpg\"><img loading=\"lazy\" decoding=\"async\" class=\"alignleft size-thumbnail wp-image-2959\" alt=\"81746488\" src=\"https:\/\/www.feuerwehr-matzen.at\/wp-content\/uploads\/2013\/08\/81746488-150x150.jpg\" width=\"150\" height=\"150\" \/><\/a>\u00a0<a href=\"https:\/\/www.feuerwehr-matzen.at\/wp-content\/uploads\/2013\/07\/51551370.jpg\"><img loading=\"lazy\" decoding=\"async\" class=\"alignleft size-thumbnail wp-image-2410\" alt=\"51551370\" src=\"https:\/\/www.feuerwehr-matzen.at\/wp-content\/uploads\/2013\/07\/51551370-150x150.jpg\" width=\"150\" height=\"150\" \/><\/a> <a href=\"https:\/\/www.feuerwehr-matzen.at\/wp-content\/uploads\/2013\/08\/00847021.jpg\"><img loading=\"lazy\" decoding=\"async\" class=\"alignleft size-thumbnail wp-image-2957\" alt=\"00847021\" src=\"https:\/\/www.feuerwehr-matzen.at\/wp-content\/uploads\/2013\/08\/00847021-150x150.jpg\" width=\"150\" height=\"150\" \/><\/a>\u00a0<a href=\"https:\/\/www.feuerwehr-matzen.at\/wp-content\/uploads\/2013\/07\/23940964.jpg\"><img loading=\"lazy\" decoding=\"async\" class=\"alignleft size-thumbnail wp-image-2408\" alt=\"23940964\" src=\"https:\/\/www.feuerwehr-matzen.at\/wp-content\/uploads\/2013\/07\/23940964-150x150.jpg\" width=\"150\" height=\"150\" \/><\/a> <a href=\"https:\/\/www.feuerwehr-matzen.at\/wp-content\/uploads\/2013\/07\/37598765.jpg\"><img loading=\"lazy\" decoding=\"async\" class=\"alignleft size-thumbnail wp-image-2409\" alt=\"37598765\" src=\"https:\/\/www.feuerwehr-matzen.at\/wp-content\/uploads\/2013\/07\/37598765-150x150.jpg\" width=\"150\" height=\"150\" \/><\/a>\u00a0<a href=\"https:\/\/www.feuerwehr-matzen.at\/wp-content\/uploads\/2013\/08\/62196516.jpg\"><img loading=\"lazy\" decoding=\"async\" class=\"alignleft size-thumbnail wp-image-2958\" alt=\"62196516\" src=\"https:\/\/www.feuerwehr-matzen.at\/wp-content\/uploads\/2013\/08\/62196516-150x150.jpg\" width=\"150\" height=\"150\" \/><\/a><\/p>\n","protected":false},"excerpt":{"rendered":"<p>Atemschutz\u00fcbungsstrecke Am 25. M\u00e4rz 2010 fand die n\u00e4chste Schulung im Thema \u201eSchwerpunkt Atemschutz\u201c des Ausbildungsplanes statt. Diese Schulung fand im Feuerwehrhaus G\u00e4nserndorf statt. Jeder Trupp konnte in zwei Durchg\u00e4ngen seine bisherigen Schulungen in der Praxis anwenden. Beobachtet wurden die Trupps <a class=\"more-link\" href=\"https:\/\/www.feuerwehr-matzen.at\/?page_id=1412\">weiterlesen  <span class=\"screen-reader-text\">  25. M\u00e4rz 2010<\/span><span class=\"meta-nav\">&rarr;<\/span><\/a><\/p>\n","protected":false},"author":6,"featured_media":0,"parent":0,"menu_order":0,"comment_status":"closed","ping_status":"open","template":"","meta":{"footnotes":""},"class_list":["post-1412","page","type-page","status-publish","hentry"],"_links":{"self":[{"href":"https:\/\/www.feuerwehr-matzen.at\/index.php?rest_route=\/wp\/v2\/pages\/1412","targetHints":{"allow":["GET"]}}],"collection":[{"href":"https:\/\/www.feuerwehr-matzen.at\/index.php?rest_route=\/wp\/v2\/pages"}],"about":[{"href":"https:\/\/www.feuerwehr-matzen.at\/index.php?rest_route=\/wp\/v2\/types\/page"}],"author":[{"embeddable":true,"href":"https:\/\/www.feuerwehr-matzen.at\/index.php?rest_route=\/wp\/v2\/users\/6"}],"replies":[{"embeddable":true,"href":"https:\/\/www.feuerwehr-matzen.at\/index.php?rest_route=%2Fwp%2Fv2%2Fcomments&post=1412"}],"version-history":[{"count":5,"href":"https:\/\/www.feuerwehr-matzen.at\/index.php?rest_route=\/wp\/v2\/pages\/1412\/revisions"}],"predecessor-version":[{"id":5814,"href":"https:\/\/www.feuerwehr-matzen.at\/index.php?rest_route=\/wp\/v2\/pages\/1412\/revisions\/5814"}],"wp:attachment":[{"href":"https:\/\/www.feuerwehr-matzen.at\/index.php?rest_route=%2Fwp%2Fv2%2Fmedia&parent=1412"}],"curies":[{"name":"wp","href":"https:\/\/api.w.org\/{rel}","templated":true}]}}