{"id":1414,"date":"2013-07-22T15:25:07","date_gmt":"2013-07-22T13:25:07","guid":{"rendered":"http:\/\/www.feuerwehr-matzen.at\/?page_id=1414"},"modified":"2020-09-18T14:15:11","modified_gmt":"2020-09-18T12:15:11","slug":"03-april-2010","status":"publish","type":"page","link":"https:\/\/www.feuerwehr-matzen.at\/?page_id=1414","title":{"rendered":"03. April 2010"},"content":{"rendered":"<p><strong>Monats\u00fcbung<\/strong><a title=\"\u00dcbungen 2010\" href=\"https:\/\/www.feuerwehr-matzen.at\/?page_id=752\"><img loading=\"lazy\" decoding=\"async\" class=\"alignright size-full wp-image-1833\" alt=\"return\" src=\"https:\/\/www.feuerwehr-matzen.at\/wp-content\/uploads\/2013\/07\/return.jpg\" width=\"65\" height=\"30\" \/><\/a><\/p>\n<p>Am Samstag, den 3.April fand im Matzner Wald eine \u00dcbung der Feuerwehr Matzen statt. \u00dcbungsannahme war ein Unfall bei Waldarbeiten.<br \/>\nUm 14 Uhr r\u00fcckte die Feuerwehr Matzen mit 3 Fahrzeugen und 15 Mann zum Einsatzort in den Matzner Wald aus. Bei der Ankunft stellte sich folgende Lage den Einsatzkr\u00e4fte. Vermutlich bei Verladearbeiten kollidierten ein Traktor mit Anh\u00e4nger und eine Baumaschine. Durch den Anprall kippte der Anh\u00e4nger und der Fahrer der Baumaschine wurde auf die Ladefl\u00e4che katapultiert. Der Fahrer des Traktors sa\u00df mit unbestimmten Verletzungen, bewusstlos im F\u00fchrerhaus.<br \/>\nDer Einsatzleiter bei dieser \u00dcbung, BI Wolfgang Sch\u00fctz teilte nach der Erkundung seine Manschaft ein. Nach dem Absichern der Einsatzstelle, sicheren der beiden Fahrzeuge und Aufbau des Brandschutzes konnten die beiden Verletzten Personen aus dem Gefahrenbereich getragen werden.<br \/>\nAnschlie\u00dfend wurde der Anh\u00e4nger (es wurde ein wesentlich gr\u00f6\u00dferer Anh\u00e4nger simuliert) wieder auf seine R\u00e4der gestellt werden. Davor musste die Baumaschine mittels Hebekissen angehoben werden, da sich diese bei der Kollision verkeilten.<br \/>\nUm ein Kippen des Anh\u00e4ngers zu vermeiden wurde dieser mittels Greifzug gesichert und mit der Seilwinde wieder aufgestellt. Nach dem Abarbeiten des \u00dcbungsszenarios konnten die Einsatzkr\u00e4fte zur \u00dcbungsnachbesprechung ins Feuerwehrhaus einr\u00fccken.<\/p>\n<p><a href=\"https:\/\/www.feuerwehr-matzen.at\/wp-content\/uploads\/2013\/07\/76862286.jpg\"><img loading=\"lazy\" decoding=\"async\" class=\"alignleft size-thumbnail wp-image-2419\" alt=\"76862286\" src=\"https:\/\/www.feuerwehr-matzen.at\/wp-content\/uploads\/2013\/07\/76862286-150x150.jpg\" width=\"150\" height=\"150\" \/><\/a> <a href=\"https:\/\/www.feuerwehr-matzen.at\/wp-content\/uploads\/2013\/07\/44286584.jpg\"><img loading=\"lazy\" decoding=\"async\" class=\"alignleft size-thumbnail wp-image-2417\" alt=\"44286584\" src=\"https:\/\/www.feuerwehr-matzen.at\/wp-content\/uploads\/2013\/07\/44286584-150x150.jpg\" width=\"150\" height=\"150\" \/><\/a> <a href=\"https:\/\/www.feuerwehr-matzen.at\/wp-content\/uploads\/2013\/07\/57935614.jpg\"><img loading=\"lazy\" decoding=\"async\" class=\"alignleft size-thumbnail wp-image-2418\" alt=\"57935614\" src=\"https:\/\/www.feuerwehr-matzen.at\/wp-content\/uploads\/2013\/07\/57935614-150x150.jpg\" width=\"150\" height=\"150\" \/><\/a>\u00a0<a href=\"https:\/\/www.feuerwehr-matzen.at\/wp-content\/uploads\/2013\/08\/15948436.jpg\"><img loading=\"lazy\" decoding=\"async\" class=\"alignleft size-thumbnail wp-image-2963\" alt=\"15948436\" src=\"https:\/\/www.feuerwehr-matzen.at\/wp-content\/uploads\/2013\/08\/15948436-150x150.jpg\" width=\"150\" height=\"150\" \/><\/a> <a href=\"https:\/\/www.feuerwehr-matzen.at\/wp-content\/uploads\/2013\/08\/02331997.jpg\"><img loading=\"lazy\" decoding=\"async\" class=\"alignleft size-thumbnail wp-image-2961\" alt=\"02331997\" src=\"https:\/\/www.feuerwehr-matzen.at\/wp-content\/uploads\/2013\/08\/02331997-150x150.jpg\" width=\"150\" height=\"150\" \/><\/a> <a href=\"https:\/\/www.feuerwehr-matzen.at\/wp-content\/uploads\/2013\/08\/03007111.jpg\"><img loading=\"lazy\" decoding=\"async\" class=\"alignleft size-thumbnail wp-image-2962\" alt=\"03007111\" src=\"https:\/\/www.feuerwehr-matzen.at\/wp-content\/uploads\/2013\/08\/03007111-150x150.jpg\" width=\"150\" height=\"150\" \/><\/a><\/p>\n","protected":false},"excerpt":{"rendered":"<p>Monats\u00fcbung Am Samstag, den 3.April fand im Matzner Wald eine \u00dcbung der Feuerwehr Matzen statt. \u00dcbungsannahme war ein Unfall bei Waldarbeiten. Um 14 Uhr r\u00fcckte die Feuerwehr Matzen mit 3 Fahrzeugen und 15 Mann zum Einsatzort in den Matzner Wald <a class=\"more-link\" href=\"https:\/\/www.feuerwehr-matzen.at\/?page_id=1414\">weiterlesen  <span class=\"screen-reader-text\">  03. April 2010<\/span><span class=\"meta-nav\">&rarr;<\/span><\/a><\/p>\n","protected":false},"author":6,"featured_media":0,"parent":0,"menu_order":0,"comment_status":"closed","ping_status":"open","template":"","meta":{"footnotes":""},"class_list":["post-1414","page","type-page","status-publish","hentry"],"_links":{"self":[{"href":"https:\/\/www.feuerwehr-matzen.at\/index.php?rest_route=\/wp\/v2\/pages\/1414","targetHints":{"allow":["GET"]}}],"collection":[{"href":"https:\/\/www.feuerwehr-matzen.at\/index.php?rest_route=\/wp\/v2\/pages"}],"about":[{"href":"https:\/\/www.feuerwehr-matzen.at\/index.php?rest_route=\/wp\/v2\/types\/page"}],"author":[{"embeddable":true,"href":"https:\/\/www.feuerwehr-matzen.at\/index.php?rest_route=\/wp\/v2\/users\/6"}],"replies":[{"embeddable":true,"href":"https:\/\/www.feuerwehr-matzen.at\/index.php?rest_route=%2Fwp%2Fv2%2Fcomments&post=1414"}],"version-history":[{"count":5,"href":"https:\/\/www.feuerwehr-matzen.at\/index.php?rest_route=\/wp\/v2\/pages\/1414\/revisions"}],"predecessor-version":[{"id":5755,"href":"https:\/\/www.feuerwehr-matzen.at\/index.php?rest_route=\/wp\/v2\/pages\/1414\/revisions\/5755"}],"wp:attachment":[{"href":"https:\/\/www.feuerwehr-matzen.at\/index.php?rest_route=%2Fwp%2Fv2%2Fmedia&parent=1414"}],"curies":[{"name":"wp","href":"https:\/\/api.w.org\/{rel}","templated":true}]}}