{"id":1420,"date":"2013-07-22T15:27:22","date_gmt":"2013-07-22T13:27:22","guid":{"rendered":"http:\/\/www.feuerwehr-matzen.at\/?page_id=1420"},"modified":"2020-09-18T14:15:11","modified_gmt":"2020-09-18T12:15:11","slug":"10-april-2010","status":"publish","type":"page","link":"https:\/\/www.feuerwehr-matzen.at\/?page_id=1420","title":{"rendered":"10. April 2010"},"content":{"rendered":"<p><strong>Maschinistenschulung<\/strong><a title=\"\u00dcbungen 2010\" href=\"https:\/\/www.feuerwehr-matzen.at\/?page_id=752\"><img loading=\"lazy\" decoding=\"async\" class=\"alignright size-full wp-image-1833\" alt=\"return\" src=\"https:\/\/www.feuerwehr-matzen.at\/wp-content\/uploads\/2013\/07\/return.jpg\" width=\"65\" height=\"30\" \/><\/a><\/p>\n<p>Am 10.April 2010 fand von 8 bis 11 Uhr eine Maschinistenschulung statt. 13 Kameraden der Feuerwehr Matzen beteiligten sich an der Weiterbildung.<br \/>\nIn zwei Gruppen wurden die einzelnen \u00dcbungsziele durchgenommen. In der ersten Station wurde das Bedienfeld der Pumpensteuerung und der Wasserwerfer bedient.<br \/>\nDer zweite Teil der Mannschaft \u00fcbte mit der Seilwinde und dem Greifzug.<br \/>\nIm laufendem Jahr ist eine weitere Maschinistenschulung geplant um im Ernstfall gew\u00e4hrleisten zu k\u00f6nnen, das jedes Feuerwehrmitglied alle Ger\u00e4tschaften und Steuerungen schnell und sicher bedienen kann.<br \/>\nUm 11 Uhr konnten die Freiwilligen Helfer die Einsatzbereitschaft wieder herstellen.<\/p>\n<p><a href=\"https:\/\/www.feuerwehr-matzen.at\/wp-content\/uploads\/2013\/07\/73719466.jpg\"><img loading=\"lazy\" decoding=\"async\" class=\"alignleft size-thumbnail wp-image-2421\" alt=\"73719466\" src=\"https:\/\/www.feuerwehr-matzen.at\/wp-content\/uploads\/2013\/07\/73719466-150x150.jpg\" width=\"150\" height=\"150\" \/><\/a><\/p>\n","protected":false},"excerpt":{"rendered":"<p>Maschinistenschulung Am 10.April 2010 fand von 8 bis 11 Uhr eine Maschinistenschulung statt. 13 Kameraden der Feuerwehr Matzen beteiligten sich an der Weiterbildung. In zwei Gruppen wurden die einzelnen \u00dcbungsziele durchgenommen. In der ersten Station wurde das Bedienfeld der Pumpensteuerung <a class=\"more-link\" href=\"https:\/\/www.feuerwehr-matzen.at\/?page_id=1420\">weiterlesen  <span class=\"screen-reader-text\">  10. April 2010<\/span><span class=\"meta-nav\">&rarr;<\/span><\/a><\/p>\n","protected":false},"author":6,"featured_media":0,"parent":0,"menu_order":0,"comment_status":"closed","ping_status":"open","template":"","meta":{"footnotes":""},"class_list":["post-1420","page","type-page","status-publish","hentry"],"_links":{"self":[{"href":"https:\/\/www.feuerwehr-matzen.at\/index.php?rest_route=\/wp\/v2\/pages\/1420","targetHints":{"allow":["GET"]}}],"collection":[{"href":"https:\/\/www.feuerwehr-matzen.at\/index.php?rest_route=\/wp\/v2\/pages"}],"about":[{"href":"https:\/\/www.feuerwehr-matzen.at\/index.php?rest_route=\/wp\/v2\/types\/page"}],"author":[{"embeddable":true,"href":"https:\/\/www.feuerwehr-matzen.at\/index.php?rest_route=\/wp\/v2\/users\/6"}],"replies":[{"embeddable":true,"href":"https:\/\/www.feuerwehr-matzen.at\/index.php?rest_route=%2Fwp%2Fv2%2Fcomments&post=1420"}],"version-history":[{"count":3,"href":"https:\/\/www.feuerwehr-matzen.at\/index.php?rest_route=\/wp\/v2\/pages\/1420\/revisions"}],"predecessor-version":[{"id":5781,"href":"https:\/\/www.feuerwehr-matzen.at\/index.php?rest_route=\/wp\/v2\/pages\/1420\/revisions\/5781"}],"wp:attachment":[{"href":"https:\/\/www.feuerwehr-matzen.at\/index.php?rest_route=%2Fwp%2Fv2%2Fmedia&parent=1420"}],"curies":[{"name":"wp","href":"https:\/\/api.w.org\/{rel}","templated":true}]}}