{"id":1424,"date":"2013-07-22T15:28:47","date_gmt":"2013-07-22T13:28:47","guid":{"rendered":"http:\/\/www.feuerwehr-matzen.at\/?page_id=1424"},"modified":"2020-09-18T14:15:11","modified_gmt":"2020-09-18T12:15:11","slug":"08-mai-2010","status":"publish","type":"page","link":"https:\/\/www.feuerwehr-matzen.at\/?page_id=1424","title":{"rendered":"08. Mai 2010"},"content":{"rendered":"<p><strong>Brand in KIJUB Matzen<\/strong><a title=\"\u00dcbungen 2010\" href=\"https:\/\/www.feuerwehr-matzen.at\/?page_id=752\"><img loading=\"lazy\" decoding=\"async\" class=\"alignright size-full wp-image-1833\" alt=\"return\" src=\"https:\/\/www.feuerwehr-matzen.at\/wp-content\/uploads\/2013\/07\/return.jpg\" width=\"65\" height=\"30\" \/><\/a><\/p>\n<p>Am 8.Mai fand in Matzen eine Gro\u00df\u00fcbung statt. \u00dcbungsannahme war ein Brand im KIJUB Matzen mit mehreren vermissten Personen. An der \u00dcbung nahmen die Feuerwehren Raggendorf, Klein-Harras, Sch\u00f6nkirchen-Reyersdorf, Prottes, Spannberg, Gro\u00df Schweinbarth, Strasshof, Deutsch \u2013 Wagram und Matzen sowie das Rote Kreuz G\u00e4nserndorf, mit insgesamt 18 Fahrzeugen und 100 Mann teil.<br \/>\nUm kurz nach 14 Uhr schlug ein Rauchmelder in einem Zimmer des KIJUB Matzens an. Ein Mitarbeiter meldete dieses sofort beim Notruf. Aufgrund der Tageszeit wurde \u00fcber die BAZ Mistelbach Alarmstufe B4 ausgel\u00f6st. Da die Drehleiter der Feuerwehr G\u00e4nserndorf wegen eines weiteren Einsatzes nicht verf\u00fcgbar war, wurde die Teleskopmastb\u00fchne der Feuerwehr Deutsch-Wagram mitalarmiert.<br \/>\nUnverz\u00fcglich r\u00fcckten die Florianij\u00fcnger zum \u00dcbungsort aus. Die Feuerwehr Matzen traf nur wenige Minuten nach dem Alarm am KIJUB Matzen ein. Sofort machte sich \u00dcbungsleiter LM Rennthaler Roman auf den Weg, die Brandmeldeanlage auszulesen. W\u00e4hrenddessen r\u00fcstete sich ein Atemschutztrupp zur Menschenrettung aus. Nachdem der Brandmelder lokalisiert wurde und die Betreuerinnen am Evakuierungssammelplatz befragt wurden, erteilte der \u00dcbungsleitern den Befehl zur Menschenrettung vorzugehen und eine Einsatzleitung aufzubauen.<br \/>\nKurz darauf r\u00fcckten die alarmierten Feuerwehren der Nachbargemeinden an. Unverz\u00fcglich wurde die Drehleiter Strasshof in den Innenhof des Geb\u00e4udes beordert, um im Seitenfl\u00fcgel die vermissten Personen aus dem 1. Stock zu retten. Gleichzeitig bezog die Teleskopmastb\u00fchne vor dem Kinderheim Stellung um hauptstra\u00dfenseitig die Menschenrettung durchzuf\u00fchren.<br \/>\nDurch die Rauchentwicklung kam es hinter dem \u00dcbungsort zu einem Folgeunfall. Ein Pkw kollidierte mit einer Hausmauer, wobei die beiden Insassen eingeklemmt wurden. Die Feuerwehr Raggendorf wurde mit der Menschenrettung beauftragt.<br \/>\nParallel wurde von den insgesamt 8 Atemschutztrupps die vermissten Kinder aus dem Erdgescho\u00df und dem ersten Stock gerettet.<br \/>\nNachdem alle 10 vermissten Personen aus dem Objekt befreit worden, konnte mit der Brandbek\u00e4mpfung begonnen werden. Der Dachstuhlbrand wurde durch einen massiven Au\u00dfenangriff bek\u00e4mpft. Um die \u00dcbung so realit\u00e4tsnah wie m\u00f6glich zu gestalten, wurde ein Feuerwehrmann pr\u00e4pariert und in Brand gesteckt. Der brennende Florianij\u00fcnger kam hinter dem Geb\u00e4ude hervor gerannt und wurde sofort von dem richtig agierendem Trupp abgel\u00f6scht. Unverz\u00fcglich wurden einige Kameraden abgestellt, den Verletzten zu betreuen.<br \/>\nNachdem Brand aus gegeben wurde und alle vermissten Personen gerettet wurden, konnte die \u00dcbung beendet werden.<br \/>\nZum Abschluss durften die Kinder noch die Aussicht auf der Teleskopmastb\u00fchne genie\u00dfen.<br \/>\nNach der \u00dcbungsnachbesprechung wurden die Einsatzkr\u00e4fte zu einer St\u00e4rkung ins Feuerwehrhaus geladen.<br \/>\nDie Feuerwehr Matzen bedankt sich bei den Feuerwehren f\u00fcr die gute Zusammenarbeit und Teilnahme an dieser Gro\u00df\u00fcbung. Au\u00dferdem danken wir den Betreuern und den Kindern des KIJUB Matzens und dem Standdienst des Roten Kreuzes sowie der gro\u00dfen Anzahl an Zusehern.<\/p>\n<p><iframe loading=\"lazy\" title=\"Feuerwehr Matzen - Einsatz\u00fcbung im Kijub\" width=\"530\" height=\"298\" src=\"https:\/\/www.youtube.com\/embed\/eJQvSivbKaM?feature=oembed\" frameborder=\"0\" allow=\"accelerometer; autoplay; clipboard-write; encrypted-media; gyroscope; picture-in-picture; web-share\" referrerpolicy=\"strict-origin-when-cross-origin\" allowfullscreen><\/iframe><\/p>\n<p><a href=\"https:\/\/www.feuerwehr-matzen.at\/wp-content\/uploads\/2013\/08\/79049202.jpg\"><img loading=\"lazy\" decoding=\"async\" class=\"alignleft size-thumbnail wp-image-2975\" alt=\"79049202\" src=\"https:\/\/www.feuerwehr-matzen.at\/wp-content\/uploads\/2013\/08\/79049202-150x150.jpg\" width=\"150\" height=\"150\" \/><\/a>\u00a0<a href=\"https:\/\/www.feuerwehr-matzen.at\/wp-content\/uploads\/2013\/08\/74392220.jpg\"><img loading=\"lazy\" decoding=\"async\" class=\"alignleft size-thumbnail wp-image-2974\" alt=\"74392220\" src=\"https:\/\/www.feuerwehr-matzen.at\/wp-content\/uploads\/2013\/08\/74392220-150x150.jpg\" width=\"150\" height=\"150\" \/><\/a> <a href=\"https:\/\/www.feuerwehr-matzen.at\/wp-content\/uploads\/2013\/07\/75938991.jpg\"><img loading=\"lazy\" decoding=\"async\" class=\"alignleft size-thumbnail wp-image-2441\" alt=\"75938991\" src=\"https:\/\/www.feuerwehr-matzen.at\/wp-content\/uploads\/2013\/07\/75938991-150x150.jpg\" width=\"150\" height=\"150\" \/><\/a> <a href=\"https:\/\/www.feuerwehr-matzen.at\/wp-content\/uploads\/2013\/07\/61562248.jpg\"><img loading=\"lazy\" decoding=\"async\" class=\"alignleft size-thumbnail wp-image-2438\" alt=\"61562248\" src=\"https:\/\/www.feuerwehr-matzen.at\/wp-content\/uploads\/2013\/07\/61562248-150x150.jpg\" width=\"150\" height=\"150\" \/><\/a>\u00a0<a href=\"https:\/\/www.feuerwehr-matzen.at\/wp-content\/uploads\/2013\/08\/70790725.jpg\"><img loading=\"lazy\" decoding=\"async\" class=\"alignleft size-thumbnail wp-image-2973\" alt=\"70790725\" src=\"https:\/\/www.feuerwehr-matzen.at\/wp-content\/uploads\/2013\/08\/70790725-150x150.jpg\" width=\"150\" height=\"150\" \/><\/a>\u00a0<a href=\"https:\/\/www.feuerwehr-matzen.at\/wp-content\/uploads\/2013\/07\/55666662.jpg\"><img loading=\"lazy\" decoding=\"async\" class=\"alignleft size-thumbnail wp-image-2437\" alt=\"55666662\" src=\"https:\/\/www.feuerwehr-matzen.at\/wp-content\/uploads\/2013\/07\/55666662-150x150.jpg\" width=\"150\" height=\"150\" \/><\/a> <a href=\"https:\/\/www.feuerwehr-matzen.at\/wp-content\/uploads\/2013\/07\/33251197.jpg\"><img loading=\"lazy\" decoding=\"async\" class=\"alignleft size-thumbnail wp-image-2436\" alt=\"33251197\" src=\"https:\/\/www.feuerwehr-matzen.at\/wp-content\/uploads\/2013\/07\/33251197-150x150.jpg\" width=\"150\" height=\"150\" \/><\/a> <a href=\"https:\/\/www.feuerwehr-matzen.at\/wp-content\/uploads\/2013\/07\/29482300.jpg\"><img loading=\"lazy\" decoding=\"async\" class=\"alignleft size-thumbnail wp-image-2434\" alt=\"29482300\" src=\"https:\/\/www.feuerwehr-matzen.at\/wp-content\/uploads\/2013\/07\/29482300-150x150.jpg\" width=\"150\" height=\"150\" \/><\/a> <a href=\"https:\/\/www.feuerwehr-matzen.at\/wp-content\/uploads\/2013\/07\/32856930.jpg\"><img loading=\"lazy\" decoding=\"async\" class=\"alignleft size-thumbnail wp-image-2435\" alt=\"32856930\" src=\"https:\/\/www.feuerwehr-matzen.at\/wp-content\/uploads\/2013\/07\/32856930-150x150.jpg\" width=\"150\" height=\"150\" \/><\/a> <a href=\"https:\/\/www.feuerwehr-matzen.at\/wp-content\/uploads\/2013\/07\/26012697.jpg\"><img loading=\"lazy\" decoding=\"async\" class=\"alignleft size-thumbnail wp-image-2432\" alt=\"26012697\" src=\"https:\/\/www.feuerwehr-matzen.at\/wp-content\/uploads\/2013\/07\/26012697-150x150.jpg\" width=\"150\" height=\"150\" \/><\/a>\u00a0<a href=\"https:\/\/www.feuerwehr-matzen.at\/wp-content\/uploads\/2013\/08\/29322029.jpg\"><img loading=\"lazy\" decoding=\"async\" class=\"alignleft size-thumbnail wp-image-2972\" alt=\"29322029\" src=\"https:\/\/www.feuerwehr-matzen.at\/wp-content\/uploads\/2013\/08\/29322029-150x150.jpg\" width=\"150\" height=\"150\" \/><\/a>\u00a0<a href=\"https:\/\/www.feuerwehr-matzen.at\/wp-content\/uploads\/2013\/07\/25711259.jpg\"><img loading=\"lazy\" decoding=\"async\" class=\"alignleft size-thumbnail wp-image-2431\" alt=\"25711259\" src=\"https:\/\/www.feuerwehr-matzen.at\/wp-content\/uploads\/2013\/07\/25711259-150x150.jpg\" width=\"150\" height=\"150\" \/><\/a> <a href=\"https:\/\/www.feuerwehr-matzen.at\/wp-content\/uploads\/2013\/07\/16827545.jpg\"><img loading=\"lazy\" decoding=\"async\" class=\"alignleft size-thumbnail wp-image-2430\" alt=\"16827545\" src=\"https:\/\/www.feuerwehr-matzen.at\/wp-content\/uploads\/2013\/07\/16827545-150x150.jpg\" width=\"150\" height=\"150\" \/><\/a><\/p>\n","protected":false},"excerpt":{"rendered":"<p>Brand in KIJUB Matzen Am 8.Mai fand in Matzen eine Gro\u00df\u00fcbung statt. \u00dcbungsannahme war ein Brand im KIJUB Matzen mit mehreren vermissten Personen. An der \u00dcbung nahmen die Feuerwehren Raggendorf, Klein-Harras, Sch\u00f6nkirchen-Reyersdorf, Prottes, Spannberg, Gro\u00df Schweinbarth, Strasshof, Deutsch \u2013 Wagram <a class=\"more-link\" href=\"https:\/\/www.feuerwehr-matzen.at\/?page_id=1424\">weiterlesen  <span class=\"screen-reader-text\">  08. Mai 2010<\/span><span class=\"meta-nav\">&rarr;<\/span><\/a><\/p>\n","protected":false},"author":6,"featured_media":0,"parent":0,"menu_order":0,"comment_status":"closed","ping_status":"open","template":"","meta":{"footnotes":""},"class_list":["post-1424","page","type-page","status-publish","hentry"],"_links":{"self":[{"href":"https:\/\/www.feuerwehr-matzen.at\/index.php?rest_route=\/wp\/v2\/pages\/1424","targetHints":{"allow":["GET"]}}],"collection":[{"href":"https:\/\/www.feuerwehr-matzen.at\/index.php?rest_route=\/wp\/v2\/pages"}],"about":[{"href":"https:\/\/www.feuerwehr-matzen.at\/index.php?rest_route=\/wp\/v2\/types\/page"}],"author":[{"embeddable":true,"href":"https:\/\/www.feuerwehr-matzen.at\/index.php?rest_route=\/wp\/v2\/users\/6"}],"replies":[{"embeddable":true,"href":"https:\/\/www.feuerwehr-matzen.at\/index.php?rest_route=%2Fwp%2Fv2%2Fcomments&post=1424"}],"version-history":[{"count":5,"href":"https:\/\/www.feuerwehr-matzen.at\/index.php?rest_route=\/wp\/v2\/pages\/1424\/revisions"}],"predecessor-version":[{"id":3409,"href":"https:\/\/www.feuerwehr-matzen.at\/index.php?rest_route=\/wp\/v2\/pages\/1424\/revisions\/3409"}],"wp:attachment":[{"href":"https:\/\/www.feuerwehr-matzen.at\/index.php?rest_route=%2Fwp%2Fv2%2Fmedia&parent=1424"}],"curies":[{"name":"wp","href":"https:\/\/api.w.org\/{rel}","templated":true}]}}