{"id":1426,"date":"2013-07-22T15:29:58","date_gmt":"2013-07-22T13:29:58","guid":{"rendered":"http:\/\/www.feuerwehr-matzen.at\/?page_id=1426"},"modified":"2020-09-18T14:15:23","modified_gmt":"2020-09-18T12:15:23","slug":"19-juni-2010","status":"publish","type":"page","link":"https:\/\/www.feuerwehr-matzen.at\/?page_id=1426","title":{"rendered":"19. Juni 2010"},"content":{"rendered":"<p><strong>Gasbrandbek\u00e4mpfung Praxisteil<\/strong><a title=\"\u00dcbungen 2010\" href=\"https:\/\/www.feuerwehr-matzen.at\/?page_id=752\"><img loading=\"lazy\" decoding=\"async\" class=\"alignright size-full wp-image-1833\" alt=\"return\" src=\"https:\/\/www.feuerwehr-matzen.at\/wp-content\/uploads\/2013\/07\/return.jpg\" width=\"65\" height=\"30\" \/><\/a><\/p>\n<p>Aufgrund eines Vorfalles im Dezember des vorigen Jahres auf einer OMV-Sonde, entschloss sich die Feuerwehr Matzen das Thema \u201eGasbrandbek\u00e4mpfung\u201c in den Ausbildungsplan 2010 zu integrieren, um genaueres \u00fcber die Vorgehensweise bei einem Gebrechen zu vertiefen. Infolgedessen fand am 26. Februar 2010 ein Vortrag der OMV Betriebsfeuerwehr G\u00e4nserndorf durch ABI Hofegger im Feuerwehrhaus Matzen statt.<br \/>\nDie Feuerwehr Matzen bekam die Gelegenheit das in der Theorieschuloung gelernte in der Praxis am Gel\u00e4nde der OMV umzusetzen. 10 Kameraden ergriffen die Chance am Vormittag des 19. Junis.<br \/>\nABI Hofegger erl\u00e4uterte uns nochmal die verschiedenen L\u00f6schtechniken bevor jeder Florianij\u00fcnger mit den unterschiedlichen L\u00f6schmitteln die verschiedenen Szenarien abzuarbeiten. Ob Nieder- oder Hochdruck, Wasser oder Pulver, jeder konnte seine L\u00f6schtechnik verbessern und auf die Probe stellen.<br \/>\nZum Abschluss wurde uns das L\u00f6schmittel A3F bei einem Methanolbrand vorgef\u00fchrt. Die Feuerwehr Matzen m\u00f6chte sich hiermit bei ABI Hofegger und seinen Kameraden, sowie bei der gesamten OMV Betriebsfeuerwehr f\u00fcr die Bereitstellung der Ger\u00e4te und der interessanten Schulung bedanken.<\/p>\n<p><a href=\"https:\/\/www.feuerwehr-matzen.at\/wp-content\/uploads\/2013\/07\/98275536.jpg\"><img loading=\"lazy\" decoding=\"async\" class=\"alignleft size-thumbnail wp-image-2449\" alt=\"98275536\" src=\"https:\/\/www.feuerwehr-matzen.at\/wp-content\/uploads\/2013\/07\/98275536-150x150.jpg\" width=\"150\" height=\"150\" \/><\/a> <a href=\"https:\/\/www.feuerwehr-matzen.at\/wp-content\/uploads\/2013\/07\/90081447.jpg\"><img loading=\"lazy\" decoding=\"async\" class=\"alignleft size-thumbnail wp-image-2447\" alt=\"90081447\" src=\"https:\/\/www.feuerwehr-matzen.at\/wp-content\/uploads\/2013\/07\/90081447-150x150.jpg\" width=\"150\" height=\"150\" \/><\/a> <a href=\"https:\/\/www.feuerwehr-matzen.at\/wp-content\/uploads\/2013\/08\/95050800.jpg\"><img loading=\"lazy\" decoding=\"async\" class=\"alignleft size-thumbnail wp-image-2979\" alt=\"95050800\" src=\"https:\/\/www.feuerwehr-matzen.at\/wp-content\/uploads\/2013\/08\/95050800-150x150.jpg\" width=\"150\" height=\"150\" \/><\/a> <a href=\"https:\/\/www.feuerwehr-matzen.at\/wp-content\/uploads\/2013\/08\/74433343.jpg\"><img loading=\"lazy\" decoding=\"async\" class=\"alignleft size-thumbnail wp-image-2978\" alt=\"74433343\" src=\"https:\/\/www.feuerwehr-matzen.at\/wp-content\/uploads\/2013\/08\/74433343-150x150.jpg\" width=\"150\" height=\"150\" srcset=\"https:\/\/www.feuerwehr-matzen.at\/wp-content\/uploads\/2013\/08\/74433343-150x150.jpg 150w, https:\/\/www.feuerwehr-matzen.at\/wp-content\/uploads\/2013\/08\/74433343-263x261.jpg 263w\" sizes=\"auto, (max-width: 150px) 100vw, 150px\" \/><\/a> <a href=\"https:\/\/www.feuerwehr-matzen.at\/wp-content\/uploads\/2013\/07\/40465722.jpg\"><img loading=\"lazy\" decoding=\"async\" class=\"alignleft size-thumbnail wp-image-2444\" alt=\"40465722\" src=\"https:\/\/www.feuerwehr-matzen.at\/wp-content\/uploads\/2013\/07\/40465722-150x150.jpg\" width=\"150\" height=\"150\" \/><\/a> <a href=\"https:\/\/www.feuerwehr-matzen.at\/wp-content\/uploads\/2013\/08\/41738192.jpg\"><img loading=\"lazy\" decoding=\"async\" class=\"alignleft size-thumbnail wp-image-2977\" alt=\"41738192\" src=\"https:\/\/www.feuerwehr-matzen.at\/wp-content\/uploads\/2013\/08\/41738192-150x150.jpg\" width=\"150\" height=\"150\" \/><\/a><\/p>\n","protected":false},"excerpt":{"rendered":"<p>Gasbrandbek\u00e4mpfung Praxisteil Aufgrund eines Vorfalles im Dezember des vorigen Jahres auf einer OMV-Sonde, entschloss sich die Feuerwehr Matzen das Thema \u201eGasbrandbek\u00e4mpfung\u201c in den Ausbildungsplan 2010 zu integrieren, um genaueres \u00fcber die Vorgehensweise bei einem Gebrechen zu vertiefen. Infolgedessen fand am <a class=\"more-link\" href=\"https:\/\/www.feuerwehr-matzen.at\/?page_id=1426\">weiterlesen  <span class=\"screen-reader-text\">  19. Juni 2010<\/span><span class=\"meta-nav\">&rarr;<\/span><\/a><\/p>\n","protected":false},"author":6,"featured_media":0,"parent":0,"menu_order":0,"comment_status":"closed","ping_status":"open","template":"","meta":{"footnotes":""},"class_list":["post-1426","page","type-page","status-publish","hentry"],"_links":{"self":[{"href":"https:\/\/www.feuerwehr-matzen.at\/index.php?rest_route=\/wp\/v2\/pages\/1426","targetHints":{"allow":["GET"]}}],"collection":[{"href":"https:\/\/www.feuerwehr-matzen.at\/index.php?rest_route=\/wp\/v2\/pages"}],"about":[{"href":"https:\/\/www.feuerwehr-matzen.at\/index.php?rest_route=\/wp\/v2\/types\/page"}],"author":[{"embeddable":true,"href":"https:\/\/www.feuerwehr-matzen.at\/index.php?rest_route=\/wp\/v2\/users\/6"}],"replies":[{"embeddable":true,"href":"https:\/\/www.feuerwehr-matzen.at\/index.php?rest_route=%2Fwp%2Fv2%2Fcomments&post=1426"}],"version-history":[{"count":4,"href":"https:\/\/www.feuerwehr-matzen.at\/index.php?rest_route=\/wp\/v2\/pages\/1426\/revisions"}],"predecessor-version":[{"id":5796,"href":"https:\/\/www.feuerwehr-matzen.at\/index.php?rest_route=\/wp\/v2\/pages\/1426\/revisions\/5796"}],"wp:attachment":[{"href":"https:\/\/www.feuerwehr-matzen.at\/index.php?rest_route=%2Fwp%2Fv2%2Fmedia&parent=1426"}],"curies":[{"name":"wp","href":"https:\/\/api.w.org\/{rel}","templated":true}]}}