{"id":1428,"date":"2013-07-22T15:31:00","date_gmt":"2013-07-22T13:31:00","guid":{"rendered":"http:\/\/www.feuerwehr-matzen.at\/?page_id=1428"},"modified":"2020-09-18T14:15:34","modified_gmt":"2020-09-18T12:15:34","slug":"24-september-2010","status":"publish","type":"page","link":"https:\/\/www.feuerwehr-matzen.at\/?page_id=1428","title":{"rendered":"24. September 2010"},"content":{"rendered":"<p><strong>Brand in der Lebenshilfe<\/strong><a title=\"\u00dcbungen 2010\" href=\"https:\/\/www.feuerwehr-matzen.at\/?page_id=752\"><img loading=\"lazy\" decoding=\"async\" class=\"alignright size-full wp-image-1833\" alt=\"return\" src=\"https:\/\/www.feuerwehr-matzen.at\/wp-content\/uploads\/2013\/07\/return.jpg\" width=\"65\" height=\"30\" \/><\/a><\/p>\n<p>\u2026war die \u00dcbungsannahme am Freitag, den 24.September. \u00dcbungsbeginn war 14 Uhr um gleichzeitig mit dem Arbeiten mit behinderten Menschen sowie mit der realit\u00e4tsnahen Anzahl an Einsatzkr\u00e4ften umgehen zu k\u00f6nnen. Die eingeladenen Feuerwehren aus dem Unterabschnit Matzen-Raggendorf sowie der Feuerwehr Spannberg mit dem Atemluftkompressor wurden von der \u00d6HU Suchhundestaffel Regionalgruppe Strasshof unterst\u00fctzt.<br \/>\nUm Punkt 14 Uhr langte eine Notruf aus der Lebenshilfe im Feuerwehrhaus Matzen ein. In der Meldung hie\u00df es lediglich \u201eBrand in der Lebenshilfe Matzen\u201c. Unverz\u00fcglich r\u00fcckten 13 Mann mit 2 Fahrzeugen zum \u00dcbungsort aus. Zeitgleich wurden der Unterabschnitt Matzen \u2013 Raggendorf mitalarmiert.<br \/>\nAn der Einsatzstelle angekommen wurde vom Einsatzleiter VM Widhalm Klemens der erste Atemschutztrupp zur Erkundung in das Erdgescho\u00df beordert. Nach Lokalisierung des Brandes und Berfragung des Leiters der Einrichtung wurden weitere Ma\u00dfnahmen eingeleitet. Die bereits eingerichtete Einsatzleitung alarmierte die Feuerwehr Spannberg mit dem Atemluftkompressor und das Rote Kreuz und koordinierte die eintreffenden Einsatzkr\u00e4fte.<br \/>\nNachdem die Befragung des Leiters ergab, dass 5 Personen abg\u00e4ngig waren, wurden die beiden Atemschutztrupps der Feuerwehren Raggendorf und Klein-Harras zur Personensuche ins Geb\u00e4ude delegiert.<br \/>\nDer Atemschutztrupp Matzen konnte kurz nach der Erkundung den ersten \u00dcbungserfolg erzielen. 2 Personen wurde unmittelbar aus der N\u00e4he des Brandraumes gerettet. Zeitgleich mit dem Vorgehen des Trupps wurde der Druckbel\u00fcfter in Stellung gebracht. Die bereits eingetroffenen Suchhunde konnten die restlichen vermissten Personen lokalisieren und mit Unterst\u00fctzung der Florianij\u00fcnger der FF Raggendorf und Klein-Harras aus deren Zwangslage befreien.<br \/>\nDiese \u00dcbung war eine besondere Herausforderung der Einsatzkr\u00e4fte, da es sich haupts\u00e4chlich um behinderte Menschen handelte. Hier m\u00f6chten wir gerne ein Lob an den Leiter, seine Mitarbeiter und seine Sch\u00fctzlinge f\u00fcr die hervorragende Vorarbeit bei der Evakuierung aussprechen. Ein Dankesch\u00f6n gilt auch den Feuerwehrkameraden der Nachbarfeuerwehren, der \u00d6HU Suchhundestaffel und dem Roten Kreuz f\u00fcr die ausgezeichnete Zusammenarbeit.<br \/>\nNach \u00dcbungsende konnten alle Beteiligten noch eine kleine Vorf\u00fchrung der \u00d6HU Suchhundestaffel bestaunen.<br \/>\nZur Nachbesprechung wurde ins Cafe Matzen geladen, in dem es nach der Aufarbeitung der \u00dcbung eine kleine St\u00e4rkung gab.<\/p>\n<p><a href=\"https:\/\/www.feuerwehr-matzen.at\/wp-content\/uploads\/2013\/07\/74738818.jpg\"><img loading=\"lazy\" decoding=\"async\" class=\"alignleft size-thumbnail wp-image-2456\" alt=\"74738818\" src=\"https:\/\/www.feuerwehr-matzen.at\/wp-content\/uploads\/2013\/07\/74738818-150x150.jpg\" width=\"150\" height=\"150\" \/><\/a>\u00a0<a href=\"https:\/\/www.feuerwehr-matzen.at\/wp-content\/uploads\/2013\/08\/43910459.jpg\"><img loading=\"lazy\" decoding=\"async\" class=\"alignleft size-thumbnail wp-image-2982\" alt=\"43910459\" src=\"https:\/\/www.feuerwehr-matzen.at\/wp-content\/uploads\/2013\/08\/43910459-150x150.jpg\" width=\"150\" height=\"150\" \/><\/a>\u00a0<a href=\"https:\/\/www.feuerwehr-matzen.at\/wp-content\/uploads\/2013\/07\/37786314.jpg\"><img loading=\"lazy\" decoding=\"async\" class=\"alignleft size-thumbnail wp-image-2454\" alt=\"37786314\" src=\"https:\/\/www.feuerwehr-matzen.at\/wp-content\/uploads\/2013\/07\/37786314-150x150.jpg\" width=\"150\" height=\"150\" \/><\/a> <a href=\"https:\/\/www.feuerwehr-matzen.at\/wp-content\/uploads\/2013\/07\/22057996.jpg\"><img loading=\"lazy\" decoding=\"async\" class=\"alignleft size-thumbnail wp-image-2453\" alt=\"22057996\" src=\"https:\/\/www.feuerwehr-matzen.at\/wp-content\/uploads\/2013\/07\/22057996-150x150.jpg\" width=\"150\" height=\"150\" \/><\/a> <a href=\"https:\/\/www.feuerwehr-matzen.at\/wp-content\/uploads\/2013\/07\/22006417.jpg\"><img loading=\"lazy\" decoding=\"async\" class=\"alignleft size-thumbnail wp-image-2452\" alt=\"22006417\" src=\"https:\/\/www.feuerwehr-matzen.at\/wp-content\/uploads\/2013\/07\/22006417-150x150.jpg\" width=\"150\" height=\"150\" \/><\/a>\u00a0<a href=\"https:\/\/www.feuerwehr-matzen.at\/wp-content\/uploads\/2013\/08\/01476102.jpg\"><img loading=\"lazy\" decoding=\"async\" class=\"alignleft size-thumbnail wp-image-2981\" alt=\"01476102\" src=\"https:\/\/www.feuerwehr-matzen.at\/wp-content\/uploads\/2013\/08\/01476102-150x150.jpg\" width=\"150\" height=\"150\" \/><\/a><\/p>\n","protected":false},"excerpt":{"rendered":"<p>Brand in der Lebenshilfe \u2026war die \u00dcbungsannahme am Freitag, den 24.September. \u00dcbungsbeginn war 14 Uhr um gleichzeitig mit dem Arbeiten mit behinderten Menschen sowie mit der realit\u00e4tsnahen Anzahl an Einsatzkr\u00e4ften umgehen zu k\u00f6nnen. Die eingeladenen Feuerwehren aus dem Unterabschnit Matzen-Raggendorf <a class=\"more-link\" href=\"https:\/\/www.feuerwehr-matzen.at\/?page_id=1428\">weiterlesen  <span class=\"screen-reader-text\">  24. September 2010<\/span><span class=\"meta-nav\">&rarr;<\/span><\/a><\/p>\n","protected":false},"author":6,"featured_media":0,"parent":0,"menu_order":0,"comment_status":"closed","ping_status":"open","template":"","meta":{"footnotes":""},"class_list":["post-1428","page","type-page","status-publish","hentry"],"_links":{"self":[{"href":"https:\/\/www.feuerwehr-matzen.at\/index.php?rest_route=\/wp\/v2\/pages\/1428","targetHints":{"allow":["GET"]}}],"collection":[{"href":"https:\/\/www.feuerwehr-matzen.at\/index.php?rest_route=\/wp\/v2\/pages"}],"about":[{"href":"https:\/\/www.feuerwehr-matzen.at\/index.php?rest_route=\/wp\/v2\/types\/page"}],"author":[{"embeddable":true,"href":"https:\/\/www.feuerwehr-matzen.at\/index.php?rest_route=\/wp\/v2\/users\/6"}],"replies":[{"embeddable":true,"href":"https:\/\/www.feuerwehr-matzen.at\/index.php?rest_route=%2Fwp%2Fv2%2Fcomments&post=1428"}],"version-history":[{"count":4,"href":"https:\/\/www.feuerwehr-matzen.at\/index.php?rest_route=\/wp\/v2\/pages\/1428\/revisions"}],"predecessor-version":[{"id":5809,"href":"https:\/\/www.feuerwehr-matzen.at\/index.php?rest_route=\/wp\/v2\/pages\/1428\/revisions\/5809"}],"wp:attachment":[{"href":"https:\/\/www.feuerwehr-matzen.at\/index.php?rest_route=%2Fwp%2Fv2%2Fmedia&parent=1428"}],"curies":[{"name":"wp","href":"https:\/\/api.w.org\/{rel}","templated":true}]}}