{"id":1430,"date":"2013-07-22T15:32:49","date_gmt":"2013-07-22T13:32:49","guid":{"rendered":"http:\/\/www.feuerwehr-matzen.at\/?page_id=1430"},"modified":"2020-09-18T14:15:11","modified_gmt":"2020-09-18T12:15:11","slug":"07-oktober-2010","status":"publish","type":"page","link":"https:\/\/www.feuerwehr-matzen.at\/?page_id=1430","title":{"rendered":"08. Oktober 2010"},"content":{"rendered":"<p><strong>PKW gegen Baum<\/strong><a title=\"\u00dcbungen 2010\" href=\"https:\/\/www.feuerwehr-matzen.at\/?page_id=752\"><img loading=\"lazy\" decoding=\"async\" class=\"alignright size-full wp-image-1833\" alt=\"return\" src=\"https:\/\/www.feuerwehr-matzen.at\/wp-content\/uploads\/2013\/07\/return.jpg\" width=\"65\" height=\"30\" \/><\/a><\/p>\n<p>2 verletzte bei einem Verkehrsunfall im Gel\u00e4nde war die \u00dcbungsannahme am 8. Oktober 2010 bei der Monats\u00fcbung der Feuerwehr Matzen.<br \/>\nUm 19 Uhr wurde r\u00fcckte die Feuerwehr Matzen mit 18 Mann und 2 Fahrzeugen zu einer \u00dcbung auf die Schlo\u00dfstra\u00dfe aus. Ein Pkw kam in der Kurve direkt vor dem Matzner Schlo\u00df von der Stra\u00dfe ab und prallte in Folge gegen einen Baum in der B\u00f6schung. Das Unfallfahrzeug kam in Schr\u00e4glage zum Stillstand. Die Fahrerin wurde dabei im Fu\u00dfbereich eingeklemmt, wobei die Beifahrerin aus dem Fahrzeug geschleudert wurde.<br \/>\nAn der Einsatzstelle angekommen, erkundete Einsatzleiter BI Sch\u00fctz die Lage und gab seine beiden Gruppenkommandanten deren Einsatzbefehl. Die Besatzung des R\u00fcstl\u00f6schfahrzeuges konzentrierte sich dabei auf die Menschenrettung aus dem Unfallwrack, zeitgleich arbeitete die Mannschaft des Kommandofahrzeuges im Gel\u00e4nde, um die herausgeschleuderte Person, mit schweren Wirbels\u00e4ulenverletzungen schonend zu retten.<br \/>\nHierbei wurden die Einsatzkr\u00e4fte mittels Arbeitsleinen gesichert, um ein sicheres Arbeiten in der Schr\u00e4glage zu gew\u00e4hrleisten. Die Verletzte Person wurde aus ihrer missligen Lage, Beine zwischen \u00c4sten eingeklemmt, befreit und mittels Schaufeltrage so schonend wie nur m\u00f6glich aus dem Gel\u00e4nde getragen.<br \/>\nZeitgleich wurde mittels hydraulischem Rettungsger\u00e4t eine Rettungs\u00f6ffnung in den verungl\u00fcckten Pkw geschaffen. Um die Verletze besser zu betreuen zu k\u00f6nnen, rutschte ein Florianij\u00fcnger \u00fcber die Heckscheibe in den Fahrgastraum. Kurz nachdem die zweite Verletzte Person dem Roten Kreuz \u00fcbergeben wurde, konnte die Person aus dem Fahrzeug mittels Schaufeltrage gerettet werden.<br \/>\nNachdem die Fahrzeugbergung durchgef\u00fchrt wurde, konnten die Einsatzkr\u00e4fte nach rund 1 \u00bd Stunden wieder ins Zeughaus einr\u00fccken. Nach einer kurzen Nachbesprechung gab es noch eine St\u00e4rkung f\u00fcr die Florianij\u00fcnger.<\/p>\n<p><a href=\"https:\/\/www.feuerwehr-matzen.at\/wp-content\/uploads\/2013\/07\/97239934.jpg\"><img loading=\"lazy\" decoding=\"async\" class=\"alignleft size-thumbnail wp-image-2471\" alt=\"97239934\" src=\"https:\/\/www.feuerwehr-matzen.at\/wp-content\/uploads\/2013\/07\/97239934-150x150.jpg\" width=\"150\" height=\"150\" \/><\/a> <a href=\"https:\/\/www.feuerwehr-matzen.at\/wp-content\/uploads\/2013\/07\/86723174.jpg\"><img loading=\"lazy\" decoding=\"async\" class=\"alignleft size-thumbnail wp-image-2470\" alt=\"86723174\" src=\"https:\/\/www.feuerwehr-matzen.at\/wp-content\/uploads\/2013\/07\/86723174-150x150.jpg\" width=\"150\" height=\"150\" \/><\/a> <a href=\"https:\/\/www.feuerwehr-matzen.at\/wp-content\/uploads\/2013\/07\/77993247.jpg\"><img loading=\"lazy\" decoding=\"async\" class=\"alignleft size-thumbnail wp-image-2469\" alt=\"77993247\" src=\"https:\/\/www.feuerwehr-matzen.at\/wp-content\/uploads\/2013\/07\/77993247-150x150.jpg\" width=\"150\" height=\"150\" \/><\/a> <a href=\"https:\/\/www.feuerwehr-matzen.at\/wp-content\/uploads\/2013\/07\/65424733.jpg\"><img loading=\"lazy\" decoding=\"async\" class=\"alignleft size-thumbnail wp-image-2467\" alt=\"65424733\" src=\"https:\/\/www.feuerwehr-matzen.at\/wp-content\/uploads\/2013\/07\/65424733-150x150.jpg\" width=\"150\" height=\"150\" \/><\/a> <a href=\"https:\/\/www.feuerwehr-matzen.at\/wp-content\/uploads\/2013\/07\/68980888.jpg\"><img loading=\"lazy\" decoding=\"async\" class=\"alignleft size-thumbnail wp-image-2468\" alt=\"68980888\" src=\"https:\/\/www.feuerwehr-matzen.at\/wp-content\/uploads\/2013\/07\/68980888-150x150.jpg\" width=\"150\" height=\"150\" \/><\/a> <a href=\"https:\/\/www.feuerwehr-matzen.at\/wp-content\/uploads\/2013\/07\/61067013.jpg\"><img loading=\"lazy\" decoding=\"async\" class=\"alignleft size-thumbnail wp-image-2466\" alt=\"61067013\" src=\"https:\/\/www.feuerwehr-matzen.at\/wp-content\/uploads\/2013\/07\/61067013-150x150.jpg\" width=\"150\" height=\"150\" \/><\/a> <a href=\"https:\/\/www.feuerwehr-matzen.at\/wp-content\/uploads\/2013\/08\/51724009.jpg\"><img loading=\"lazy\" decoding=\"async\" class=\"alignleft size-thumbnail wp-image-2985\" alt=\"51724009\" src=\"https:\/\/www.feuerwehr-matzen.at\/wp-content\/uploads\/2013\/08\/51724009-150x150.jpg\" width=\"150\" height=\"150\" \/><\/a> <a href=\"https:\/\/www.feuerwehr-matzen.at\/wp-content\/uploads\/2013\/07\/50094939.jpg\"><img loading=\"lazy\" decoding=\"async\" class=\"alignleft size-thumbnail wp-image-2464\" alt=\"50094939\" src=\"https:\/\/www.feuerwehr-matzen.at\/wp-content\/uploads\/2013\/07\/50094939-150x150.jpg\" width=\"150\" height=\"150\" \/><\/a> <a href=\"https:\/\/www.feuerwehr-matzen.at\/wp-content\/uploads\/2013\/07\/47304398.jpg\"><img loading=\"lazy\" decoding=\"async\" class=\"alignleft size-thumbnail wp-image-2463\" alt=\"47304398\" src=\"https:\/\/www.feuerwehr-matzen.at\/wp-content\/uploads\/2013\/07\/47304398-150x150.jpg\" width=\"150\" height=\"150\" \/><\/a> <a href=\"https:\/\/www.feuerwehr-matzen.at\/wp-content\/uploads\/2013\/07\/30890103.jpg\"><img loading=\"lazy\" decoding=\"async\" class=\"alignleft size-thumbnail wp-image-2462\" alt=\"30890103\" src=\"https:\/\/www.feuerwehr-matzen.at\/wp-content\/uploads\/2013\/07\/30890103-150x150.jpg\" width=\"150\" height=\"150\" \/><\/a> <a href=\"https:\/\/www.feuerwehr-matzen.at\/wp-content\/uploads\/2013\/07\/05831216.jpg\"><img loading=\"lazy\" decoding=\"async\" class=\"alignleft size-thumbnail wp-image-2460\" alt=\"05831216\" src=\"https:\/\/www.feuerwehr-matzen.at\/wp-content\/uploads\/2013\/07\/05831216-150x150.jpg\" width=\"150\" height=\"150\" \/><\/a> <a href=\"https:\/\/www.feuerwehr-matzen.at\/wp-content\/uploads\/2013\/07\/21662236.jpg\"><img loading=\"lazy\" decoding=\"async\" class=\"alignleft size-thumbnail wp-image-2461\" alt=\"21662236\" src=\"https:\/\/www.feuerwehr-matzen.at\/wp-content\/uploads\/2013\/07\/21662236-150x150.jpg\" width=\"150\" height=\"150\" \/><\/a> <a href=\"https:\/\/www.feuerwehr-matzen.at\/wp-content\/uploads\/2013\/07\/04056721.jpg\"><img loading=\"lazy\" decoding=\"async\" class=\"alignleft size-thumbnail wp-image-2459\" alt=\"04056721\" src=\"https:\/\/www.feuerwehr-matzen.at\/wp-content\/uploads\/2013\/07\/04056721-150x150.jpg\" width=\"150\" height=\"150\" \/><\/a> <a href=\"https:\/\/www.feuerwehr-matzen.at\/wp-content\/uploads\/2013\/08\/02172226.jpg\"><img loading=\"lazy\" decoding=\"async\" class=\"alignleft size-thumbnail wp-image-2984\" alt=\"02172226\" src=\"https:\/\/www.feuerwehr-matzen.at\/wp-content\/uploads\/2013\/08\/02172226-150x150.jpg\" width=\"150\" height=\"150\" \/><\/a><\/p>\n","protected":false},"excerpt":{"rendered":"<p>PKW gegen Baum 2 verletzte bei einem Verkehrsunfall im Gel\u00e4nde war die \u00dcbungsannahme am 8. Oktober 2010 bei der Monats\u00fcbung der Feuerwehr Matzen. Um 19 Uhr wurde r\u00fcckte die Feuerwehr Matzen mit 18 Mann und 2 Fahrzeugen zu einer \u00dcbung <a class=\"more-link\" href=\"https:\/\/www.feuerwehr-matzen.at\/?page_id=1430\">weiterlesen  <span class=\"screen-reader-text\">  08. Oktober 2010<\/span><span class=\"meta-nav\">&rarr;<\/span><\/a><\/p>\n","protected":false},"author":6,"featured_media":0,"parent":0,"menu_order":0,"comment_status":"closed","ping_status":"open","template":"","meta":{"footnotes":""},"class_list":["post-1430","page","type-page","status-publish","hentry"],"_links":{"self":[{"href":"https:\/\/www.feuerwehr-matzen.at\/index.php?rest_route=\/wp\/v2\/pages\/1430","targetHints":{"allow":["GET"]}}],"collection":[{"href":"https:\/\/www.feuerwehr-matzen.at\/index.php?rest_route=\/wp\/v2\/pages"}],"about":[{"href":"https:\/\/www.feuerwehr-matzen.at\/index.php?rest_route=\/wp\/v2\/types\/page"}],"author":[{"embeddable":true,"href":"https:\/\/www.feuerwehr-matzen.at\/index.php?rest_route=\/wp\/v2\/users\/6"}],"replies":[{"embeddable":true,"href":"https:\/\/www.feuerwehr-matzen.at\/index.php?rest_route=%2Fwp%2Fv2%2Fcomments&post=1430"}],"version-history":[{"count":5,"href":"https:\/\/www.feuerwehr-matzen.at\/index.php?rest_route=\/wp\/v2\/pages\/1430\/revisions"}],"predecessor-version":[{"id":5777,"href":"https:\/\/www.feuerwehr-matzen.at\/index.php?rest_route=\/wp\/v2\/pages\/1430\/revisions\/5777"}],"wp:attachment":[{"href":"https:\/\/www.feuerwehr-matzen.at\/index.php?rest_route=%2Fwp%2Fv2%2Fmedia&parent=1430"}],"curies":[{"name":"wp","href":"https:\/\/api.w.org\/{rel}","templated":true}]}}