{"id":1432,"date":"2013-07-22T15:33:33","date_gmt":"2013-07-22T13:33:33","guid":{"rendered":"http:\/\/www.feuerwehr-matzen.at\/?page_id=1432"},"modified":"2020-09-18T14:15:24","modified_gmt":"2020-09-18T12:15:24","slug":"20-november-2010","status":"publish","type":"page","link":"https:\/\/www.feuerwehr-matzen.at\/?page_id=1432","title":{"rendered":"20. November 2010"},"content":{"rendered":"<p><strong>Brandhaus Tulln<\/strong><a title=\"\u00dcbungen 2010\" href=\"https:\/\/www.feuerwehr-matzen.at\/?page_id=752\"><img loading=\"lazy\" decoding=\"async\" class=\"alignright size-full wp-image-1833\" alt=\"return\" src=\"https:\/\/www.feuerwehr-matzen.at\/wp-content\/uploads\/2013\/07\/return.jpg\" width=\"65\" height=\"30\" \/><\/a><\/p>\n<p>Die Feuerweher Matzen hat im heurigen Jahr den Ausbildungsschwerpunkt Atemschutz im Ausbildungsplan verankert. In den letzten Wochen und Monaten wurden unz\u00e4hlige \u00dcbungen, Schulungen zur Erlernung, Weiterbildung und Aus\u00fcbung aller relevanten Themen rund um die Materie Atemschutz abgehalten.<br \/>\nZum Abschluss wurde das Brandhaus in der N\u00d6 Landesfeuerwehrschule angemietet, um einen Gro\u00dfteil der Atemschutzger\u00e4tetr\u00e4ger der Feuerwehr Matzen eine noch einsatzn\u00e4here \u00dcbungsumgebung zu bieten.<br \/>\nIm Brandhaus k\u00f6nnen verschiedenen Br\u00e4nde, die in einem Wohnhaus auftreten k\u00f6nnen, be\u00fcbt werden. Um die Einsatzkr\u00e4fte nicht zu gef\u00e4hrden wird das Brandhaus ausschlie\u00dflich mit Gas befeuert und st\u00e4ndig mittels Gas-und Temperatursensoren \u00fcberwacht. Zus\u00e4tzlich verf\u00fcgt das Brandhaus \u00fcber Notaus-Schalter, die innerhalb weniger Sekunden die Gaszufuhr stoppt und alle R\u00e4ume entl\u00fcftet.<br \/>\nNach einer Sicherheitseinweisung in den eigenen Reihen machten sich 11 Kameraden der Feuerwehr Matzen und 9 Mitglieder der FF Klein Harras am 20.11.2010 um 8:30 auf den Weg nach Tulln in die N\u00d6LFS. Angekommen gab es nach einer kleinen St\u00e4rkung noch einige Hinweise von den Ausbildern der N\u00d6LFS.<br \/>\nInsgesamt wurden in 11 Durchg\u00e4ngen verschiedene Szenarien durchgespielt, bei denen es sich haupts\u00e4chlich um Brandbek\u00e4mpfung handelte. Bei jedem Durchgang wurde versucht, das in den Schulungen Gelernte umzusetzen. Jeweils ein Beobachter der eigenen Feuerwehr \u00fcberwachte den Trupp im Innenangriff und gab im Anschluss noch einige kleine Tipps.<br \/>\nZum Abschluss gab es noch eine Nachbesprechung in der die Beobachter die wichtigsten Punkte mit der gesamten Mannschaft besprachen.<br \/>\nUm ca 16:00 Uhr r\u00fcckten die Florianij\u00fcnger wieder in ihre Zeugh\u00e4user en und stellten die Einsatzbereitschaft wieder her.<\/p>\n<p><a href=\"https:\/\/www.feuerwehr-matzen.at\/wp-content\/uploads\/2013\/07\/91651496.jpg\"><img loading=\"lazy\" decoding=\"async\" class=\"alignleft size-thumbnail wp-image-2484\" alt=\"91651496\" src=\"https:\/\/www.feuerwehr-matzen.at\/wp-content\/uploads\/2013\/07\/91651496-150x150.jpg\" width=\"150\" height=\"150\" \/><\/a> <a href=\"https:\/\/www.feuerwehr-matzen.at\/wp-content\/uploads\/2013\/08\/70851495.jpg\"><img loading=\"lazy\" decoding=\"async\" class=\"alignleft size-thumbnail wp-image-2992\" alt=\"70851495\" src=\"https:\/\/www.feuerwehr-matzen.at\/wp-content\/uploads\/2013\/08\/70851495-150x150.jpg\" width=\"150\" height=\"150\" srcset=\"https:\/\/www.feuerwehr-matzen.at\/wp-content\/uploads\/2013\/08\/70851495-150x150.jpg 150w, https:\/\/www.feuerwehr-matzen.at\/wp-content\/uploads\/2013\/08\/70851495-263x261.jpg 263w\" sizes=\"auto, (max-width: 150px) 100vw, 150px\" \/><\/a> <a href=\"https:\/\/www.feuerwehr-matzen.at\/wp-content\/uploads\/2013\/08\/91180429.jpg\"><img loading=\"lazy\" decoding=\"async\" class=\"alignleft size-thumbnail wp-image-2993\" alt=\"91180429\" src=\"https:\/\/www.feuerwehr-matzen.at\/wp-content\/uploads\/2013\/08\/91180429-150x150.jpg\" width=\"150\" height=\"150\" \/><\/a> <a href=\"https:\/\/www.feuerwehr-matzen.at\/wp-content\/uploads\/2013\/08\/62928330.jpg\"><img loading=\"lazy\" decoding=\"async\" class=\"alignleft size-thumbnail wp-image-2991\" alt=\"62928330\" src=\"https:\/\/www.feuerwehr-matzen.at\/wp-content\/uploads\/2013\/08\/62928330-150x150.jpg\" width=\"150\" height=\"150\" \/><\/a> <a href=\"https:\/\/www.feuerwehr-matzen.at\/wp-content\/uploads\/2013\/07\/70851495.jpg\"><img loading=\"lazy\" decoding=\"async\" class=\"alignleft size-thumbnail wp-image-2481\" alt=\"70851495\" src=\"https:\/\/www.feuerwehr-matzen.at\/wp-content\/uploads\/2013\/07\/70851495-150x150.jpg\" width=\"150\" height=\"150\" srcset=\"https:\/\/www.feuerwehr-matzen.at\/wp-content\/uploads\/2013\/07\/70851495-150x150.jpg 150w, https:\/\/www.feuerwehr-matzen.at\/wp-content\/uploads\/2013\/07\/70851495-263x261.jpg 263w\" sizes=\"auto, (max-width: 150px) 100vw, 150px\" \/><\/a> <a href=\"https:\/\/www.feuerwehr-matzen.at\/wp-content\/uploads\/2013\/07\/45711657.jpg\"><img loading=\"lazy\" decoding=\"async\" class=\"alignleft size-thumbnail wp-image-2479\" alt=\"45711657\" src=\"https:\/\/www.feuerwehr-matzen.at\/wp-content\/uploads\/2013\/07\/45711657-150x150.jpg\" width=\"150\" height=\"150\" \/><\/a> <a href=\"https:\/\/www.feuerwehr-matzen.at\/wp-content\/uploads\/2013\/08\/25283956.jpg\"><img loading=\"lazy\" decoding=\"async\" class=\"alignleft size-thumbnail wp-image-2990\" alt=\"25283956\" src=\"https:\/\/www.feuerwehr-matzen.at\/wp-content\/uploads\/2013\/08\/25283956-150x150.jpg\" width=\"150\" height=\"150\" \/><\/a> <a href=\"https:\/\/www.feuerwehr-matzen.at\/wp-content\/uploads\/2013\/08\/15506576.jpg\"><img loading=\"lazy\" decoding=\"async\" class=\"alignleft size-thumbnail wp-image-2989\" alt=\"15506576\" src=\"https:\/\/www.feuerwehr-matzen.at\/wp-content\/uploads\/2013\/08\/15506576-150x150.jpg\" width=\"150\" height=\"150\" \/><\/a> <a href=\"https:\/\/www.feuerwehr-matzen.at\/wp-content\/uploads\/2013\/07\/11197225.jpg\"><img loading=\"lazy\" decoding=\"async\" class=\"alignleft size-thumbnail wp-image-2476\" alt=\"11197225\" src=\"https:\/\/www.feuerwehr-matzen.at\/wp-content\/uploads\/2013\/07\/11197225-150x150.jpg\" width=\"150\" height=\"150\" \/><\/a> <a href=\"https:\/\/www.feuerwehr-matzen.at\/wp-content\/uploads\/2013\/07\/06012783.jpg\"><img loading=\"lazy\" decoding=\"async\" class=\"alignleft size-thumbnail wp-image-2475\" alt=\"06012783\" src=\"https:\/\/www.feuerwehr-matzen.at\/wp-content\/uploads\/2013\/07\/06012783-150x150.jpg\" width=\"150\" height=\"150\" \/><\/a> <a href=\"https:\/\/www.feuerwehr-matzen.at\/wp-content\/uploads\/2013\/07\/00619506.jpg\"><img loading=\"lazy\" decoding=\"async\" class=\"alignleft size-thumbnail wp-image-2473\" alt=\"00619506\" src=\"https:\/\/www.feuerwehr-matzen.at\/wp-content\/uploads\/2013\/07\/00619506-150x150.jpg\" width=\"150\" height=\"150\" \/><\/a> <a href=\"https:\/\/www.feuerwehr-matzen.at\/wp-content\/uploads\/2013\/08\/02595452.jpg\"><img loading=\"lazy\" decoding=\"async\" class=\"alignleft size-thumbnail wp-image-2988\" alt=\"02595452\" src=\"https:\/\/www.feuerwehr-matzen.at\/wp-content\/uploads\/2013\/08\/02595452-150x150.jpg\" width=\"150\" height=\"150\" \/><\/a><\/p>\n","protected":false},"excerpt":{"rendered":"<p>Brandhaus Tulln Die Feuerweher Matzen hat im heurigen Jahr den Ausbildungsschwerpunkt Atemschutz im Ausbildungsplan verankert. In den letzten Wochen und Monaten wurden unz\u00e4hlige \u00dcbungen, Schulungen zur Erlernung, Weiterbildung und Aus\u00fcbung aller relevanten Themen rund um die Materie Atemschutz abgehalten. Zum <a class=\"more-link\" href=\"https:\/\/www.feuerwehr-matzen.at\/?page_id=1432\">weiterlesen  <span class=\"screen-reader-text\">  20. November 2010<\/span><span class=\"meta-nav\">&rarr;<\/span><\/a><\/p>\n","protected":false},"author":6,"featured_media":0,"parent":0,"menu_order":0,"comment_status":"closed","ping_status":"open","template":"","meta":{"footnotes":""},"class_list":["post-1432","page","type-page","status-publish","hentry"],"_links":{"self":[{"href":"https:\/\/www.feuerwehr-matzen.at\/index.php?rest_route=\/wp\/v2\/pages\/1432","targetHints":{"allow":["GET"]}}],"collection":[{"href":"https:\/\/www.feuerwehr-matzen.at\/index.php?rest_route=\/wp\/v2\/pages"}],"about":[{"href":"https:\/\/www.feuerwehr-matzen.at\/index.php?rest_route=\/wp\/v2\/types\/page"}],"author":[{"embeddable":true,"href":"https:\/\/www.feuerwehr-matzen.at\/index.php?rest_route=\/wp\/v2\/users\/6"}],"replies":[{"embeddable":true,"href":"https:\/\/www.feuerwehr-matzen.at\/index.php?rest_route=%2Fwp%2Fv2%2Fcomments&post=1432"}],"version-history":[{"count":6,"href":"https:\/\/www.feuerwehr-matzen.at\/index.php?rest_route=\/wp\/v2\/pages\/1432\/revisions"}],"predecessor-version":[{"id":3475,"href":"https:\/\/www.feuerwehr-matzen.at\/index.php?rest_route=\/wp\/v2\/pages\/1432\/revisions\/3475"}],"wp:attachment":[{"href":"https:\/\/www.feuerwehr-matzen.at\/index.php?rest_route=%2Fwp%2Fv2%2Fmedia&parent=1432"}],"curies":[{"name":"wp","href":"https:\/\/api.w.org\/{rel}","templated":true}]}}