{"id":1434,"date":"2013-07-22T15:34:10","date_gmt":"2013-07-22T13:34:10","guid":{"rendered":"http:\/\/www.feuerwehr-matzen.at\/?page_id=1434"},"modified":"2020-09-18T14:15:23","modified_gmt":"2020-09-18T12:15:23","slug":"13-dezember-2010","status":"publish","type":"page","link":"https:\/\/www.feuerwehr-matzen.at\/?page_id=1434","title":{"rendered":"13. Dezember 2010"},"content":{"rendered":"<p><strong>Monats\u00fcbung<\/strong><a title=\"\u00dcbungen 2010\" href=\"https:\/\/www.feuerwehr-matzen.at\/?page_id=752\"><img loading=\"lazy\" decoding=\"async\" class=\"alignright size-full wp-image-1833\" alt=\"return\" src=\"https:\/\/www.feuerwehr-matzen.at\/wp-content\/uploads\/2013\/07\/return.jpg\" width=\"65\" height=\"30\" \/><\/a><\/p>\n<p>Bei der letzten Monats\u00fcbung der Feuerewhr Matzen handelte es sich um einen G\u00e4rgasunfall in einem Weinkeller. 2 Personen wurden Vermisst.<br \/>\nDie Feuerwehr Matzen r\u00fcckte mit 11 Mann und 2 Fahrzeugen zum \u00dcbungsobjekt in der Sch\u00fcttelstra\u00dfe aus.<br \/>\nUnter schwerem Atemschutz wurde die 2 vermissten Personen in k\u00fcrzester Zeit geretten. W\u00e4hrend der Menschenrettung wurde von der restlichen Mannschaft die Einsatzstelle abgesichert und ausgeleuchtet.<br \/>\nNach rund 1 Stunde konnte die \u00dcbung erfolgreich beendet werden.<\/p>\n<p><a href=\"https:\/\/www.feuerwehr-matzen.at\/wp-content\/uploads\/2013\/07\/83482990.jpg\"><img loading=\"lazy\" decoding=\"async\" class=\"alignleft size-thumbnail wp-image-2488\" alt=\"83482990\" src=\"https:\/\/www.feuerwehr-matzen.at\/wp-content\/uploads\/2013\/07\/83482990-150x150.jpg\" width=\"150\" height=\"150\" \/><\/a> <a href=\"https:\/\/www.feuerwehr-matzen.at\/wp-content\/uploads\/2013\/08\/38727309.jpg\"><img loading=\"lazy\" decoding=\"async\" class=\"alignleft size-thumbnail wp-image-2996\" alt=\"38727309\" src=\"https:\/\/www.feuerwehr-matzen.at\/wp-content\/uploads\/2013\/08\/38727309-150x150.jpg\" width=\"150\" height=\"150\" \/><\/a> <a href=\"https:\/\/www.feuerwehr-matzen.at\/wp-content\/uploads\/2013\/07\/06292748.jpg\"><img loading=\"lazy\" decoding=\"async\" class=\"alignleft size-thumbnail wp-image-2486\" alt=\"06292748\" src=\"https:\/\/www.feuerwehr-matzen.at\/wp-content\/uploads\/2013\/07\/06292748-150x150.jpg\" width=\"150\" height=\"150\" \/><\/a><\/p>\n","protected":false},"excerpt":{"rendered":"<p>Monats\u00fcbung Bei der letzten Monats\u00fcbung der Feuerewhr Matzen handelte es sich um einen G\u00e4rgasunfall in einem Weinkeller. 2 Personen wurden Vermisst. Die Feuerwehr Matzen r\u00fcckte mit 11 Mann und 2 Fahrzeugen zum \u00dcbungsobjekt in der Sch\u00fcttelstra\u00dfe aus. Unter schwerem Atemschutz <a class=\"more-link\" href=\"https:\/\/www.feuerwehr-matzen.at\/?page_id=1434\">weiterlesen  <span class=\"screen-reader-text\">  13. Dezember 2010<\/span><span class=\"meta-nav\">&rarr;<\/span><\/a><\/p>\n","protected":false},"author":6,"featured_media":0,"parent":0,"menu_order":0,"comment_status":"closed","ping_status":"open","template":"","meta":{"footnotes":""},"class_list":["post-1434","page","type-page","status-publish","hentry"],"_links":{"self":[{"href":"https:\/\/www.feuerwehr-matzen.at\/index.php?rest_route=\/wp\/v2\/pages\/1434","targetHints":{"allow":["GET"]}}],"collection":[{"href":"https:\/\/www.feuerwehr-matzen.at\/index.php?rest_route=\/wp\/v2\/pages"}],"about":[{"href":"https:\/\/www.feuerwehr-matzen.at\/index.php?rest_route=\/wp\/v2\/types\/page"}],"author":[{"embeddable":true,"href":"https:\/\/www.feuerwehr-matzen.at\/index.php?rest_route=\/wp\/v2\/users\/6"}],"replies":[{"embeddable":true,"href":"https:\/\/www.feuerwehr-matzen.at\/index.php?rest_route=%2Fwp%2Fv2%2Fcomments&post=1434"}],"version-history":[{"count":4,"href":"https:\/\/www.feuerwehr-matzen.at\/index.php?rest_route=\/wp\/v2\/pages\/1434\/revisions"}],"predecessor-version":[{"id":5787,"href":"https:\/\/www.feuerwehr-matzen.at\/index.php?rest_route=\/wp\/v2\/pages\/1434\/revisions\/5787"}],"wp:attachment":[{"href":"https:\/\/www.feuerwehr-matzen.at\/index.php?rest_route=%2Fwp%2Fv2%2Fmedia&parent=1434"}],"curies":[{"name":"wp","href":"https:\/\/api.w.org\/{rel}","templated":true}]}}