{"id":1472,"date":"2013-07-22T16:00:28","date_gmt":"2013-07-22T14:00:28","guid":{"rendered":"http:\/\/www.feuerwehr-matzen.at\/?page_id=1472"},"modified":"2020-09-18T14:15:11","modified_gmt":"2020-09-18T12:15:11","slug":"05-oktober-2012","status":"publish","type":"page","link":"https:\/\/www.feuerwehr-matzen.at\/?page_id=1472","title":{"rendered":"05. Oktober 2012"},"content":{"rendered":"<p><strong>Unterabschnittsatemschutz\u00fcbung<\/strong><a title=\"\u00dcbungen 2012\" href=\"https:\/\/www.feuerwehr-matzen.at\/?page_id=333\"><img loading=\"lazy\" decoding=\"async\" class=\"alignright size-full wp-image-1833\" alt=\"return\" src=\"https:\/\/www.feuerwehr-matzen.at\/wp-content\/uploads\/2013\/07\/return.jpg\" width=\"65\" height=\"30\" \/><\/a><\/p>\n<p>&#8222;Brand in einem Gewerbebetrieb, mehrere Personen werden vermisst&#8220; so lautete die Alarmierung f\u00fcr die Feuerwehren Matzen, Raggendorf und Klein Harras f\u00fcr die Unterabschnitts\u00fcbung am Freitag, den 5. Oktober. P\u00fcnktlich um 19 Uhr wurde zudem auch die Feuerwehr Spannberg mit dem Atemluftkompressor in die G\u00e4nserndorferstra\u00dfe 2 alarmiert.<br \/>\nAm Gel\u00e4nde der AMS Wassertechnik GmbH ist im B\u00fcrotrakt ein Brand ausgebrochen. Insgesamt 4 Personen werden in den B\u00fcros und in der Lagerhalle vermisst. Sofort nach dem Eintreffen wurde durch den Einsatzleiter, OLM Christoph Wetska, ein Atemschutztrupp der Feuerwehr Matzen in den verrauchten B\u00fcrotrakt zur Menschenrettung geschickt. Parallel dazu wurde durch das Kommandofahrzeug Matzen eine Einsatzleitung aufgebaut. In kurzen Abst\u00e4nden trafen die Feuerwehren Raggendorf und Klein Harras am \u00dcbungsort ein. Die Feuerwehr Raggendorf musste eine Person im verrauchten Bereich mittels Hebekissen befreien und im Anschluss ins Freie bringen. Durch die weiteren Kr\u00e4fte wurde ein Au\u00dfenangriff aufgebaut um das \u00dcbergreifen der Flammen vom B\u00fcrotrakt auf die Lagerhalle zu verhindern. Die Feuerwehr Klein Harras unterst\u00fctzte hier die Kameraden mit einem C Rohr von der Ost Seite her. Zus\u00e4tzlich wurde die Wasserversorgung zu dem R\u00fcstl\u00f6schfahrzeug Matzen und zum Tankl\u00f6schfahrzeug Raggendorf aufgebaut.<br \/>\nDurch eine Beteiligte war bekannt, dass in den Lagerr\u00e4umlichkeiten, welche unverraucht waren, eine verletzte Person ist. Die Person wurde auf der Zwischendecke, welche als Lagerraum fungiert, mit einer Pf\u00e4hlungsverletzung gefunden. Hier arbeiteten die anwesenden Mitglieder des Roten Kreuz gemeinsam mit einem Trupp der Feuerwehr Matzen Hand in Hand um die Person aus der misslichen Lage zu befreien. Nach rund 40 Minuten wurden alle f\u00fcnf verletzten Personen durch das Rote Kreuz G\u00e4nserndorf, welche mit 2 Rettungstransport- und einem Notarztwagen an der \u00dcbung teilnahmen, erstversorgt und abtransportiert.<br \/>\nNach dem \u00dcbungsende wurde direkt vor Ort die \u00dcbungsbesprechung abgehalten. Kommandant HBI Manfred Neubauer begr\u00fc\u00dfte den Eigent\u00fcmer Martin Kaiser und die anwesenden Einsatzkr\u00e4fte. \u00dcbungsausarbeiter LM Klemens Widhalm bedankte sich f\u00fcr das zahlreiche erscheinen und gemeinsam mit den \u00dcbungsbeobachtern, ABI Reinhard Schuller und LM Martin Sofka, wurden die positive und weniger positive \u00dcbungskritik an die Teilnehmer herangetragen. Zum Abschluss wurden wir vom Eigent\u00fcmer der Firma AMS Wassertechnik GmbH, Martin Kaiser, auf W\u00fcrstchen und Getr\u00e4nke eingeladen. Wir m\u00f6chten uns an dieser Stelle sehr herzlich f\u00fcr die M\u00f6glichkeit der \u00dcbungsabhaltung und die Verpflegung Bedanken.<\/p>\n<p><iframe loading=\"lazy\" title=\"UA-ATS \u00dcbung Matzen\" width=\"530\" height=\"298\" src=\"https:\/\/www.youtube.com\/embed\/9tQol-BNlcY?feature=oembed\" frameborder=\"0\" allow=\"accelerometer; autoplay; clipboard-write; encrypted-media; gyroscope; picture-in-picture; web-share\" referrerpolicy=\"strict-origin-when-cross-origin\" allowfullscreen><\/iframe><\/p>\n<p><a href=\"https:\/\/www.feuerwehr-matzen.at\/wp-content\/uploads\/2013\/07\/73558850.jpg\"><img loading=\"lazy\" decoding=\"async\" class=\"alignleft size-thumbnail wp-image-2688\" alt=\"73558850\" src=\"https:\/\/www.feuerwehr-matzen.at\/wp-content\/uploads\/2013\/07\/73558850-150x150.jpg\" width=\"150\" height=\"150\" \/><\/a> <a href=\"https:\/\/www.feuerwehr-matzen.at\/wp-content\/uploads\/2013\/07\/60571346.jpg\"><img loading=\"lazy\" decoding=\"async\" class=\"alignleft size-thumbnail wp-image-2687\" alt=\"60571346\" src=\"https:\/\/www.feuerwehr-matzen.at\/wp-content\/uploads\/2013\/07\/60571346-150x150.jpg\" width=\"150\" height=\"150\" \/><\/a> <a href=\"https:\/\/www.feuerwehr-matzen.at\/wp-content\/uploads\/2013\/07\/59281385.jpg\"><img loading=\"lazy\" decoding=\"async\" class=\"alignleft size-thumbnail wp-image-2686\" alt=\"59281385\" src=\"https:\/\/www.feuerwehr-matzen.at\/wp-content\/uploads\/2013\/07\/59281385-150x150.jpg\" width=\"150\" height=\"150\" \/><\/a> <a href=\"https:\/\/www.feuerwehr-matzen.at\/wp-content\/uploads\/2013\/08\/59238480.jpg\"><img loading=\"lazy\" decoding=\"async\" class=\"alignleft size-thumbnail wp-image-3054\" alt=\"59238480\" src=\"https:\/\/www.feuerwehr-matzen.at\/wp-content\/uploads\/2013\/08\/59238480-150x150.jpg\" width=\"150\" height=\"150\" \/><\/a> <a href=\"https:\/\/www.feuerwehr-matzen.at\/wp-content\/uploads\/2013\/07\/47197604.jpg\"><img loading=\"lazy\" decoding=\"async\" class=\"alignleft size-thumbnail wp-image-2684\" alt=\"47197604\" src=\"https:\/\/www.feuerwehr-matzen.at\/wp-content\/uploads\/2013\/07\/47197604-150x150.jpg\" width=\"150\" height=\"150\" \/><\/a> <a href=\"https:\/\/www.feuerwehr-matzen.at\/wp-content\/uploads\/2013\/07\/32648131.jpg\"><img loading=\"lazy\" decoding=\"async\" class=\"alignleft size-thumbnail wp-image-2683\" alt=\"32648131\" src=\"https:\/\/www.feuerwehr-matzen.at\/wp-content\/uploads\/2013\/07\/32648131-150x150.jpg\" width=\"150\" height=\"150\" \/><\/a> <a href=\"https:\/\/www.feuerwehr-matzen.at\/wp-content\/uploads\/2013\/08\/24033226.jpg\"><img loading=\"lazy\" decoding=\"async\" class=\"alignleft size-thumbnail wp-image-3053\" alt=\"24033226\" src=\"https:\/\/www.feuerwehr-matzen.at\/wp-content\/uploads\/2013\/08\/24033226-150x150.jpg\" width=\"150\" height=\"150\" \/><\/a> <a href=\"https:\/\/www.feuerwehr-matzen.at\/wp-content\/uploads\/2013\/08\/21627109.jpg\"><img loading=\"lazy\" decoding=\"async\" class=\"alignleft size-thumbnail wp-image-3052\" alt=\"21627109\" src=\"https:\/\/www.feuerwehr-matzen.at\/wp-content\/uploads\/2013\/08\/21627109-150x150.jpg\" width=\"150\" height=\"150\" \/><\/a> <a href=\"https:\/\/www.feuerwehr-matzen.at\/wp-content\/uploads\/2013\/07\/12058174.jpg\"><img loading=\"lazy\" decoding=\"async\" class=\"alignleft size-thumbnail wp-image-2680\" alt=\"12058174\" src=\"https:\/\/www.feuerwehr-matzen.at\/wp-content\/uploads\/2013\/07\/12058174-150x150.jpg\" width=\"150\" height=\"150\" \/><\/a> <a href=\"https:\/\/www.feuerwehr-matzen.at\/wp-content\/uploads\/2013\/07\/03805401.jpg\"><img loading=\"lazy\" decoding=\"async\" class=\"alignleft size-thumbnail wp-image-2679\" alt=\"03805401\" src=\"https:\/\/www.feuerwehr-matzen.at\/wp-content\/uploads\/2013\/07\/03805401-150x150.jpg\" width=\"150\" height=\"150\" \/><\/a><\/p>\n","protected":false},"excerpt":{"rendered":"<p>Unterabschnittsatemschutz\u00fcbung &#8222;Brand in einem Gewerbebetrieb, mehrere Personen werden vermisst&#8220; so lautete die Alarmierung f\u00fcr die Feuerwehren Matzen, Raggendorf und Klein Harras f\u00fcr die Unterabschnitts\u00fcbung am Freitag, den 5. Oktober. P\u00fcnktlich um 19 Uhr wurde zudem auch die Feuerwehr Spannberg mit <a class=\"more-link\" href=\"https:\/\/www.feuerwehr-matzen.at\/?page_id=1472\">weiterlesen  <span class=\"screen-reader-text\">  05. Oktober 2012<\/span><span class=\"meta-nav\">&rarr;<\/span><\/a><\/p>\n","protected":false},"author":6,"featured_media":0,"parent":0,"menu_order":0,"comment_status":"closed","ping_status":"open","template":"","meta":{"footnotes":""},"class_list":["post-1472","page","type-page","status-publish","hentry"],"_links":{"self":[{"href":"https:\/\/www.feuerwehr-matzen.at\/index.php?rest_route=\/wp\/v2\/pages\/1472","targetHints":{"allow":["GET"]}}],"collection":[{"href":"https:\/\/www.feuerwehr-matzen.at\/index.php?rest_route=\/wp\/v2\/pages"}],"about":[{"href":"https:\/\/www.feuerwehr-matzen.at\/index.php?rest_route=\/wp\/v2\/types\/page"}],"author":[{"embeddable":true,"href":"https:\/\/www.feuerwehr-matzen.at\/index.php?rest_route=\/wp\/v2\/users\/6"}],"replies":[{"embeddable":true,"href":"https:\/\/www.feuerwehr-matzen.at\/index.php?rest_route=%2Fwp%2Fv2%2Fcomments&post=1472"}],"version-history":[{"count":6,"href":"https:\/\/www.feuerwehr-matzen.at\/index.php?rest_route=\/wp\/v2\/pages\/1472\/revisions"}],"predecessor-version":[{"id":3416,"href":"https:\/\/www.feuerwehr-matzen.at\/index.php?rest_route=\/wp\/v2\/pages\/1472\/revisions\/3416"}],"wp:attachment":[{"href":"https:\/\/www.feuerwehr-matzen.at\/index.php?rest_route=%2Fwp%2Fv2%2Fmedia&parent=1472"}],"curies":[{"name":"wp","href":"https:\/\/api.w.org\/{rel}","templated":true}]}}