{"id":1474,"date":"2013-07-22T16:02:24","date_gmt":"2013-07-22T14:02:24","guid":{"rendered":"http:\/\/www.feuerwehr-matzen.at\/?page_id=1474"},"modified":"2020-09-18T14:15:23","modified_gmt":"2020-09-18T12:15:23","slug":"16-juni-2012-3","status":"publish","type":"page","link":"https:\/\/www.feuerwehr-matzen.at\/?page_id=1474","title":{"rendered":"16. Juni 2012"},"content":{"rendered":"<p><strong>24 Stunden Tag bei der Feuerwehr Matzen<\/strong><a title=\"\u00dcbungen 2012\" href=\"https:\/\/www.feuerwehr-matzen.at\/?page_id=333\"><img loading=\"lazy\" decoding=\"async\" class=\"alignright size-full wp-image-1833\" alt=\"return\" src=\"https:\/\/www.feuerwehr-matzen.at\/wp-content\/uploads\/2013\/07\/return.jpg\" width=\"65\" height=\"30\" \/><\/a><\/p>\n<p>Vor ca einem Jahr wurde die Idee eines Feuerwehrtages von einer jungen aber sehr engagierte Kameradin geboren. Der Grundgedanke war die Kameradschaft noch mehr zu st\u00e4rken und dazwischen etwas zu lernen. Ganze 24 Stunden sollte er dauern, in denen zwischen Spiel und Spa\u00df Einsatz\u00fcbungen abgearbeitet werden sollten.<br \/>\nAm 16. Juni 2012 war es dann soweit. Um 13: 00 fanden sich 16 Kameraden im Feuerwehrhaus ein, um 24 Stunden im Kreis der Feuerwehr zu verbringen. Zum Start wurde als erste Station die M\u00f6glichkeit geboten, sich vom Hubrettungsger\u00e4t der FF Angern abzuseilen. Nach einer kurzen Einweisung seilten sich die Teilnehmer aus einer H\u00f6he von ca 5-6 Metern ab. im Anschluss wurde der R\u00fcckzug bzw die Selbstrettung \u00fcber Leitern erl\u00e4utert und gepr\u00fcft..<br \/>\nNachdem sich einige Kameraden vom 2 1\/2 Meter hohen Objekt &#8222;retteten&#8220;, wurden zur Freizeitgestaltung ein kleiner Pool, sowie einige Karten bzw Brettspiele und eine Wii zur Verf\u00fcgung gestellt.<br \/>\nKurz nachdem sich einige Kameraden zum Tarokieren im Lehrsaal einfanden, vibrierten gleichzeitig alle Handys und alarmierten zum ersten Einsatz des 24 Stunden Tages. Florian Mistelbach meldet VU eingekl. Person (T2) Auffangbecken Richtung Scheibenberg(16:07 16.6) erschein auf den Displays aller Teilnehmer. Unverz\u00fcglich r\u00fcsteten sich alle mit der pers\u00f6nliche Schutzausr\u00fcstung aus und r\u00fcckten zum Unfallort aus. Dort angekommen lief dem Einsatzleiter eine hysterische Unfallbeteiligte in die Arme und schilderte den Unfallhergang und teilte ihm mit, dass noch 2 Personen verletzt sind. Bei der Erkundung wurde eine Person einige Meter neben dem Fahrzeug mit Verletzungen unbestimmten Grades und eine im Fahrzeug eingeklemmte Person vorgefunden. Unverz\u00fcglich wurde die beiden Fahrzeugbesatzungen eingeteilt. Nur Augenblicke sp\u00e4ter war die Zugangs\u00f6ffung geschaffen und die Person im Fahrzeug konnte betreut werden. Nach der Sicherung gegen weiteres Abrutschen des Fahrzeuges konnte mit der Menschenrettung begonnen werden. Mittels Schaufeltrage wurden beide Personen aus dem Gefahrenbereich gebracht. Nachdem alle Personen erstversorgt und das Fahrzeug geborgen wurde, konnten die Einsatzkr\u00e4fte wieder abr\u00fccken.<br \/>\nUm nicht jedes Ereignis mit den selben Fahrzeugbesatzungen abzuarbeiten, wurden im Vorfeld diese zusammen gestellt und vor jedem Einsatz verlautbart.<br \/>\nNach der schwei\u00dftreibenden Arbeit bei ca 30 Grad war es dann auch schon Zeit um das Abendessen vorzubereiten. K\u00e4sekrainer und Bratw\u00fcrste mit unz\u00e4hligen Salaten, Brot und Semmeln wurden gerichtet. Nachdem der Abwasch erledigt wurde setzten sich die Kameraden zum gemeinsamen EM Abend zusammen. Nach und nach wurden diese doch weniger bis alle das Matratzenlager aufsuchten.<br \/>\nBis um 23:44 Uhr lauter verschiedene Klingelt\u00f6ne im ruhigen Raum erhallten. &#8222;Brandeinsatz am Sportplatz mit vermissten Personen&#8220; war die Alarmierung zum 2. Einsatz des Tages. Kurz zuvor noch im Tiefschlaf r\u00fcsteten sich die Florianij\u00fcnger mit ihrer Schutzausr\u00fcstung aus. Nur kurz darauf r\u00fcckte auch schon das erste Fahrzeug ab. Bei der Erkundung wurde starke Rauchentwicklung in der Kantine am Sportplatz wahrgenommen. Der Einsatzleiter ordnete die Menschenrettung unter Atmeschutz und das Sch\u00fctzen des angrenzen Waldes an. Nur wenige Minuten nach Eintreffen der Einsatzkr\u00e4fte wurde auch schon die erste Person im Brandobjekt gefunden. Um die Suche zu erleichtern r\u00fcckte der zweite Trupp gleichzeitig mit der Dr\u00fcckbel\u00fcftung vor. Auch dieser Trupp konnte eine Person aus dem Geb\u00e4ude retten. Nachdem Brand Aus gegeben wurde, konnten die Einsatzkr\u00e4fte wieder abr\u00fccken und um ca 1:30 Uhr ihre Betten aufsuchen.<br \/>\nDoch lange dauerte die Ruhe nicht. Um 7:11 schrillten der Alarm durchs Feuerwehrhaus &#8222;Fahrzeugbrand&#8220;. Ein weiteres Mal r\u00fcsteten sich die Teilnehmer aus und r\u00fcckten mit R\u00fcstl\u00f6schfahrzeug und Kommandofahrzeug zum Einsatzort am Gewerbegebiet ab. Schon von weitem war die Rauchs\u00e4ule zu erkennen. An der Einsatzstelle angekommen, wurde ein Pkw in Vollbrand vorgefunden. Unter Atemschutz wurde die Brandbek\u00e4mpfung des Fahrzeuges mittels Hochdruck begonnen. Zeitgleich wurde die L\u00f6schwasserversorgung sichergestellt. Um ein weiteres Aufflakern des Brandes zu verhinder wurde der PKW mit einer Schaumdecke abgedeckt. Nach rund einer Stunden r\u00fcckten die Teilnehmer wieder ein. Daheim erwartete die 16 ausger\u00fcckten Kameraden schon das wohlverdiente Fr\u00fchst\u00fcck. Bei weichen Eiern, Schinken, K\u00e4se, warmen Semmeln und auch Kuchen wurden die M\u00e4gen gef\u00fcllt. Nat\u00fcrlich wusste zu dieser Zeit noch niemand wie lange die Ruhe anh\u00e4lt.<br \/>\nNach dem Fr\u00fchst\u00fcck genossen ein paar die Abk\u00fchlung im Pool, andere faulenzten wiederum in der Sonne und unsere Tarockspieler starteten den 2. Versuch. Exakt nach 1 1\/2 Partien war es kurz vor dreiviertel 10 wieder so weit : &#8222;Schadstoffeinsatz auf der L 19 Richtung Gro\u00df Schweinbarth&#8220; zeigten die Displays der Handys. Ein Traktor verlor aus einem undichten Beh\u00e4ltnis 51 %ige Schwefels\u00e4ure. Unverz\u00fcglich wurde die Einsatzstelle abgesichert und der Lenker des Traktors medizinisch erstversorgt. Nachdem das Leck abgedichtet werden konnte, wurde der letzte Einsatz des 24 Stunden Tages beendet.<br \/>\nNun konnten die Teilnehmer die letzten Stunden die Sonne genie\u00dfen, den fehlenden Schlaf nachholen und auf ereignisreiche 24 Stunden zur\u00fcckblicken. Die Feuerwehr Matzen bedankt sich bei den involvierten Kameraden, umliegenden Feuerwehren Angern, Raggendorf und Klein Harras f\u00fcr die Ausarbeitung der Einsatz\u00fcbungen. Ein besonderer Dank gilt an Fr. Doris Zimmer die uns das Fr\u00fchst\u00fcck gesponsert und ganz liebevoll gerichtet hat.<br \/>\nEbenso dankt die Feuerwehr Matzen ihren 16 Kameraden welche 24 Stunden f\u00fcr diesen Ersten 24-Stunden-Tag geopfert haben.<\/p>\n<p><iframe loading=\"lazy\" title=\"24 Stunden Tag\" width=\"530\" height=\"298\" src=\"https:\/\/www.youtube.com\/embed\/AxsfW55g7aU?feature=oembed\" frameborder=\"0\" allow=\"accelerometer; autoplay; clipboard-write; encrypted-media; gyroscope; picture-in-picture; web-share\" referrerpolicy=\"strict-origin-when-cross-origin\" allowfullscreen><\/iframe><\/p>\n<p><a href=\"https:\/\/www.feuerwehr-matzen.at\/wp-content\/uploads\/2013\/07\/97792035.jpg\"><img loading=\"lazy\" decoding=\"async\" class=\"alignleft size-thumbnail wp-image-2676\" alt=\"97792035\" src=\"https:\/\/www.feuerwehr-matzen.at\/wp-content\/uploads\/2013\/07\/97792035-150x150.jpg\" width=\"150\" height=\"150\" \/><\/a> <a href=\"https:\/\/www.feuerwehr-matzen.at\/wp-content\/uploads\/2013\/07\/89558916.jpg\"><img loading=\"lazy\" decoding=\"async\" class=\"alignleft size-thumbnail wp-image-2675\" alt=\"89558916\" src=\"https:\/\/www.feuerwehr-matzen.at\/wp-content\/uploads\/2013\/07\/89558916-150x150.jpg\" width=\"150\" height=\"150\" \/><\/a> <a href=\"https:\/\/www.feuerwehr-matzen.at\/wp-content\/uploads\/2013\/08\/86887862-Kopie.jpg\"><img loading=\"lazy\" decoding=\"async\" class=\"alignleft size-thumbnail wp-image-3050\" alt=\"86887862 - Kopie\" src=\"https:\/\/www.feuerwehr-matzen.at\/wp-content\/uploads\/2013\/08\/86887862-Kopie-150x150.jpg\" width=\"150\" height=\"150\" \/><\/a> <a href=\"https:\/\/www.feuerwehr-matzen.at\/wp-content\/uploads\/2013\/07\/88284914.jpg\"><img loading=\"lazy\" decoding=\"async\" class=\"alignleft size-thumbnail wp-image-2674\" alt=\"88284914\" src=\"https:\/\/www.feuerwehr-matzen.at\/wp-content\/uploads\/2013\/07\/88284914-150x150.jpg\" width=\"150\" height=\"150\" \/><\/a> <a href=\"https:\/\/www.feuerwehr-matzen.at\/wp-content\/uploads\/2013\/07\/83896617.jpg\"><img loading=\"lazy\" decoding=\"async\" class=\"alignleft size-thumbnail wp-image-2671\" alt=\"83896617\" src=\"https:\/\/www.feuerwehr-matzen.at\/wp-content\/uploads\/2013\/07\/83896617-150x150.jpg\" width=\"150\" height=\"150\" \/><\/a> <a href=\"https:\/\/www.feuerwehr-matzen.at\/wp-content\/uploads\/2013\/07\/86598817.jpg\"><img loading=\"lazy\" decoding=\"async\" class=\"alignleft size-thumbnail wp-image-2672\" alt=\"86598817\" src=\"https:\/\/www.feuerwehr-matzen.at\/wp-content\/uploads\/2013\/07\/86598817-150x150.jpg\" width=\"150\" height=\"150\" \/><\/a> <a href=\"https:\/\/www.feuerwehr-matzen.at\/wp-content\/uploads\/2013\/08\/83290248-Kopie.jpg\"><img loading=\"lazy\" decoding=\"async\" class=\"alignleft size-thumbnail wp-image-3049\" alt=\"83290248 - Kopie\" src=\"https:\/\/www.feuerwehr-matzen.at\/wp-content\/uploads\/2013\/08\/83290248-Kopie-150x150.jpg\" width=\"150\" height=\"150\" \/><\/a> <a href=\"https:\/\/www.feuerwehr-matzen.at\/wp-content\/uploads\/2013\/07\/74368381.jpg\"><img loading=\"lazy\" decoding=\"async\" class=\"alignleft size-thumbnail wp-image-2669\" alt=\"74368381\" src=\"https:\/\/www.feuerwehr-matzen.at\/wp-content\/uploads\/2013\/07\/74368381-150x150.jpg\" width=\"150\" height=\"150\" \/><\/a> <a href=\"https:\/\/www.feuerwehr-matzen.at\/wp-content\/uploads\/2013\/08\/68829999-Kopie.jpg\"><img loading=\"lazy\" decoding=\"async\" class=\"alignleft size-thumbnail wp-image-3048\" alt=\"68829999 - Kopie\" src=\"https:\/\/www.feuerwehr-matzen.at\/wp-content\/uploads\/2013\/08\/68829999-Kopie-150x150.jpg\" width=\"150\" height=\"150\" \/><\/a> <a href=\"https:\/\/www.feuerwehr-matzen.at\/wp-content\/uploads\/2013\/07\/59992722.jpg\"><img loading=\"lazy\" decoding=\"async\" class=\"alignleft size-thumbnail wp-image-2666\" alt=\"59992722\" src=\"https:\/\/www.feuerwehr-matzen.at\/wp-content\/uploads\/2013\/07\/59992722-150x150.jpg\" width=\"150\" height=\"150\" \/><\/a> <a href=\"https:\/\/www.feuerwehr-matzen.at\/wp-content\/uploads\/2013\/07\/66359007.jpg\"><img loading=\"lazy\" decoding=\"async\" class=\"alignleft size-thumbnail wp-image-2667\" alt=\"66359007\" src=\"https:\/\/www.feuerwehr-matzen.at\/wp-content\/uploads\/2013\/07\/66359007-150x150.jpg\" width=\"150\" height=\"150\" \/><\/a> <a href=\"https:\/\/www.feuerwehr-matzen.at\/wp-content\/uploads\/2013\/08\/57834495-Kopie.jpg\"><img loading=\"lazy\" decoding=\"async\" class=\"alignleft size-thumbnail wp-image-3047\" alt=\"57834495 - Kopie\" src=\"https:\/\/www.feuerwehr-matzen.at\/wp-content\/uploads\/2013\/08\/57834495-Kopie-150x150.jpg\" width=\"150\" height=\"150\" \/><\/a> <a href=\"https:\/\/www.feuerwehr-matzen.at\/wp-content\/uploads\/2013\/07\/55907258.jpg\"><img loading=\"lazy\" decoding=\"async\" class=\"alignleft size-thumbnail wp-image-2663\" alt=\"55907258\" src=\"https:\/\/www.feuerwehr-matzen.at\/wp-content\/uploads\/2013\/07\/55907258-150x150.jpg\" width=\"150\" height=\"150\" \/><\/a> <a href=\"https:\/\/www.feuerwehr-matzen.at\/wp-content\/uploads\/2013\/07\/57254279.jpg\"><img loading=\"lazy\" decoding=\"async\" class=\"alignleft size-thumbnail wp-image-2664\" alt=\"57254279\" src=\"https:\/\/www.feuerwehr-matzen.at\/wp-content\/uploads\/2013\/07\/57254279-150x150.jpg\" width=\"150\" height=\"150\" \/><\/a> <a href=\"https:\/\/www.feuerwehr-matzen.at\/wp-content\/uploads\/2013\/07\/54359224.jpg\"><img loading=\"lazy\" decoding=\"async\" class=\"alignleft size-thumbnail wp-image-2662\" alt=\"54359224\" src=\"https:\/\/www.feuerwehr-matzen.at\/wp-content\/uploads\/2013\/07\/54359224-150x150.jpg\" width=\"150\" height=\"150\" \/><\/a> <a href=\"https:\/\/www.feuerwehr-matzen.at\/wp-content\/uploads\/2013\/07\/47672322.jpg\"><img loading=\"lazy\" decoding=\"async\" class=\"alignleft size-thumbnail wp-image-2661\" alt=\"47672322\" src=\"https:\/\/www.feuerwehr-matzen.at\/wp-content\/uploads\/2013\/07\/47672322-150x150.jpg\" width=\"150\" height=\"150\" \/><\/a> <a href=\"https:\/\/www.feuerwehr-matzen.at\/wp-content\/uploads\/2013\/08\/46403866-Kopie.jpg\"><img loading=\"lazy\" decoding=\"async\" class=\"alignleft size-thumbnail wp-image-3045\" alt=\"46403866 - Kopie\" src=\"https:\/\/www.feuerwehr-matzen.at\/wp-content\/uploads\/2013\/08\/46403866-Kopie-150x150.jpg\" width=\"150\" height=\"150\" \/><\/a> <a href=\"https:\/\/www.feuerwehr-matzen.at\/wp-content\/uploads\/2013\/08\/46406641-Kopie.jpg\"><img loading=\"lazy\" decoding=\"async\" class=\"alignleft size-thumbnail wp-image-3046\" alt=\"46406641 - Kopie\" src=\"https:\/\/www.feuerwehr-matzen.at\/wp-content\/uploads\/2013\/08\/46406641-Kopie-150x150.jpg\" width=\"150\" height=\"150\" \/><\/a> <a href=\"https:\/\/www.feuerwehr-matzen.at\/wp-content\/uploads\/2013\/07\/43093274.jpg\"><img loading=\"lazy\" decoding=\"async\" class=\"alignleft size-thumbnail wp-image-2658\" alt=\"43093274\" src=\"https:\/\/www.feuerwehr-matzen.at\/wp-content\/uploads\/2013\/07\/43093274-150x150.jpg\" width=\"150\" height=\"150\" \/><\/a> <a href=\"https:\/\/www.feuerwehr-matzen.at\/wp-content\/uploads\/2013\/07\/39684713.jpg\"><img loading=\"lazy\" decoding=\"async\" class=\"alignleft size-thumbnail wp-image-2656\" alt=\"39684713\" src=\"https:\/\/www.feuerwehr-matzen.at\/wp-content\/uploads\/2013\/07\/39684713-150x150.jpg\" width=\"150\" height=\"150\" \/><\/a> <a href=\"https:\/\/www.feuerwehr-matzen.at\/wp-content\/uploads\/2013\/07\/41517745.jpg\"><img loading=\"lazy\" decoding=\"async\" class=\"alignleft size-thumbnail wp-image-2657\" alt=\"41517745\" src=\"https:\/\/www.feuerwehr-matzen.at\/wp-content\/uploads\/2013\/07\/41517745-150x150.jpg\" width=\"150\" height=\"150\" \/><\/a> <a href=\"https:\/\/www.feuerwehr-matzen.at\/wp-content\/uploads\/2013\/07\/38516589.jpg\"><img loading=\"lazy\" decoding=\"async\" class=\"alignleft size-thumbnail wp-image-2655\" alt=\"38516589\" src=\"https:\/\/www.feuerwehr-matzen.at\/wp-content\/uploads\/2013\/07\/38516589-150x150.jpg\" width=\"150\" height=\"150\" \/><\/a> <a href=\"https:\/\/www.feuerwehr-matzen.at\/wp-content\/uploads\/2013\/07\/37438858.jpg\"><img loading=\"lazy\" decoding=\"async\" class=\"alignleft size-thumbnail wp-image-2654\" alt=\"37438858\" src=\"https:\/\/www.feuerwehr-matzen.at\/wp-content\/uploads\/2013\/07\/37438858-150x150.jpg\" width=\"150\" height=\"150\" \/><\/a> <a href=\"https:\/\/www.feuerwehr-matzen.at\/wp-content\/uploads\/2013\/07\/30596900.jpg\"><img loading=\"lazy\" decoding=\"async\" class=\"alignleft size-thumbnail wp-image-2652\" alt=\"30596900\" src=\"https:\/\/www.feuerwehr-matzen.at\/wp-content\/uploads\/2013\/07\/30596900-150x150.jpg\" width=\"150\" height=\"150\" \/><\/a> <a href=\"https:\/\/www.feuerwehr-matzen.at\/wp-content\/uploads\/2013\/08\/31452751-Kopie.jpg\"><img loading=\"lazy\" decoding=\"async\" class=\"alignleft size-thumbnail wp-image-3044\" alt=\"31452751 - Kopie\" src=\"https:\/\/www.feuerwehr-matzen.at\/wp-content\/uploads\/2013\/08\/31452751-Kopie-150x150.jpg\" width=\"150\" height=\"150\" \/><\/a> <a href=\"https:\/\/www.feuerwehr-matzen.at\/wp-content\/uploads\/2013\/07\/18713644.jpg\"><img loading=\"lazy\" decoding=\"async\" class=\"alignleft size-thumbnail wp-image-2650\" alt=\"18713644\" src=\"https:\/\/www.feuerwehr-matzen.at\/wp-content\/uploads\/2013\/07\/18713644-150x150.jpg\" width=\"150\" height=\"150\" \/><\/a> <a href=\"https:\/\/www.feuerwehr-matzen.at\/wp-content\/uploads\/2013\/07\/26695532.jpg\"><img loading=\"lazy\" decoding=\"async\" class=\"alignleft size-thumbnail wp-image-2651\" alt=\"26695532\" src=\"https:\/\/www.feuerwehr-matzen.at\/wp-content\/uploads\/2013\/07\/26695532-150x150.jpg\" width=\"150\" height=\"150\" \/><\/a> <a href=\"https:\/\/www.feuerwehr-matzen.at\/wp-content\/uploads\/2013\/07\/17409270.jpg\"><img loading=\"lazy\" decoding=\"async\" class=\"alignleft size-thumbnail wp-image-2649\" alt=\"17409270\" src=\"https:\/\/www.feuerwehr-matzen.at\/wp-content\/uploads\/2013\/07\/17409270-150x150.jpg\" width=\"150\" height=\"150\" \/><\/a> <a href=\"https:\/\/www.feuerwehr-matzen.at\/wp-content\/uploads\/2013\/08\/16394154-Kopie.jpg\"><img loading=\"lazy\" decoding=\"async\" class=\"alignleft size-thumbnail wp-image-3043\" alt=\"16394154 - Kopie\" src=\"https:\/\/www.feuerwehr-matzen.at\/wp-content\/uploads\/2013\/08\/16394154-Kopie-150x150.jpg\" width=\"150\" height=\"150\" \/><\/a> <a href=\"https:\/\/www.feuerwehr-matzen.at\/wp-content\/uploads\/2013\/07\/12062180.jpg\"><img loading=\"lazy\" decoding=\"async\" class=\"alignleft size-thumbnail wp-image-2647\" alt=\"12062180\" src=\"https:\/\/www.feuerwehr-matzen.at\/wp-content\/uploads\/2013\/07\/12062180-150x150.jpg\" width=\"150\" height=\"150\" \/><\/a> <a href=\"https:\/\/www.feuerwehr-matzen.at\/wp-content\/uploads\/2013\/07\/11059532.jpg\"><img loading=\"lazy\" decoding=\"async\" class=\"alignleft size-thumbnail wp-image-2645\" alt=\"11059532\" src=\"https:\/\/www.feuerwehr-matzen.at\/wp-content\/uploads\/2013\/07\/11059532-150x150.jpg\" width=\"150\" height=\"150\" \/><\/a> <a href=\"https:\/\/www.feuerwehr-matzen.at\/wp-content\/uploads\/2013\/07\/12027301.jpg\"><img loading=\"lazy\" decoding=\"async\" class=\"alignleft size-thumbnail wp-image-2646\" alt=\"12027301\" src=\"https:\/\/www.feuerwehr-matzen.at\/wp-content\/uploads\/2013\/07\/12027301-150x150.jpg\" width=\"150\" height=\"150\" \/><\/a> <a href=\"https:\/\/www.feuerwehr-matzen.at\/wp-content\/uploads\/2013\/07\/09144957.jpg\"><img loading=\"lazy\" decoding=\"async\" class=\"alignleft size-thumbnail wp-image-2643\" alt=\"09144957\" src=\"https:\/\/www.feuerwehr-matzen.at\/wp-content\/uploads\/2013\/07\/09144957-150x150.jpg\" width=\"150\" height=\"150\" \/><\/a> <a href=\"https:\/\/www.feuerwehr-matzen.at\/wp-content\/uploads\/2013\/07\/09310552.jpg\"><img loading=\"lazy\" decoding=\"async\" class=\"alignleft size-thumbnail wp-image-2644\" alt=\"09310552\" src=\"https:\/\/www.feuerwehr-matzen.at\/wp-content\/uploads\/2013\/07\/09310552-150x150.jpg\" width=\"150\" height=\"150\" \/><\/a> <a href=\"https:\/\/www.feuerwehr-matzen.at\/wp-content\/uploads\/2013\/07\/04093733.jpg\"><img loading=\"lazy\" decoding=\"async\" class=\"alignleft size-thumbnail wp-image-2642\" alt=\"04093733\" src=\"https:\/\/www.feuerwehr-matzen.at\/wp-content\/uploads\/2013\/07\/04093733-150x150.jpg\" width=\"150\" height=\"150\" \/><\/a> <a href=\"https:\/\/www.feuerwehr-matzen.at\/wp-content\/uploads\/2013\/07\/03705288.jpg\"><img loading=\"lazy\" decoding=\"async\" class=\"alignleft size-thumbnail wp-image-2641\" alt=\"03705288\" src=\"https:\/\/www.feuerwehr-matzen.at\/wp-content\/uploads\/2013\/07\/03705288-150x150.jpg\" width=\"150\" height=\"150\" \/><\/a> <a href=\"https:\/\/www.feuerwehr-matzen.at\/wp-content\/uploads\/2013\/08\/03293515-Kopie.jpg\"><img loading=\"lazy\" decoding=\"async\" class=\"alignleft size-thumbnail wp-image-3042\" alt=\"03293515 - Kopie\" src=\"https:\/\/www.feuerwehr-matzen.at\/wp-content\/uploads\/2013\/08\/03293515-Kopie-150x150.jpg\" width=\"150\" height=\"150\" \/><\/a> <a href=\"https:\/\/www.feuerwehr-matzen.at\/wp-content\/uploads\/2013\/07\/03155784.jpg\"><img loading=\"lazy\" decoding=\"async\" class=\"alignleft size-thumbnail wp-image-2639\" alt=\"03155784\" src=\"https:\/\/www.feuerwehr-matzen.at\/wp-content\/uploads\/2013\/07\/03155784-150x150.jpg\" width=\"150\" height=\"150\" \/><\/a><\/p>\n","protected":false},"excerpt":{"rendered":"<p>24 Stunden Tag bei der Feuerwehr Matzen Vor ca einem Jahr wurde die Idee eines Feuerwehrtages von einer jungen aber sehr engagierte Kameradin geboren. Der Grundgedanke war die Kameradschaft noch mehr zu st\u00e4rken und dazwischen etwas zu lernen. Ganze 24 <a class=\"more-link\" href=\"https:\/\/www.feuerwehr-matzen.at\/?page_id=1474\">weiterlesen  <span class=\"screen-reader-text\">  16. Juni 2012<\/span><span class=\"meta-nav\">&rarr;<\/span><\/a><\/p>\n","protected":false},"author":6,"featured_media":0,"parent":0,"menu_order":0,"comment_status":"closed","ping_status":"open","template":"","meta":{"footnotes":""},"class_list":["post-1474","page","type-page","status-publish","hentry"],"_links":{"self":[{"href":"https:\/\/www.feuerwehr-matzen.at\/index.php?rest_route=\/wp\/v2\/pages\/1474","targetHints":{"allow":["GET"]}}],"collection":[{"href":"https:\/\/www.feuerwehr-matzen.at\/index.php?rest_route=\/wp\/v2\/pages"}],"about":[{"href":"https:\/\/www.feuerwehr-matzen.at\/index.php?rest_route=\/wp\/v2\/types\/page"}],"author":[{"embeddable":true,"href":"https:\/\/www.feuerwehr-matzen.at\/index.php?rest_route=\/wp\/v2\/users\/6"}],"replies":[{"embeddable":true,"href":"https:\/\/www.feuerwehr-matzen.at\/index.php?rest_route=%2Fwp%2Fv2%2Fcomments&post=1474"}],"version-history":[{"count":6,"href":"https:\/\/www.feuerwehr-matzen.at\/index.php?rest_route=\/wp\/v2\/pages\/1474\/revisions"}],"predecessor-version":[{"id":3418,"href":"https:\/\/www.feuerwehr-matzen.at\/index.php?rest_route=\/wp\/v2\/pages\/1474\/revisions\/3418"}],"wp:attachment":[{"href":"https:\/\/www.feuerwehr-matzen.at\/index.php?rest_route=%2Fwp%2Fv2%2Fmedia&parent=1474"}],"curies":[{"name":"wp","href":"https:\/\/api.w.org\/{rel}","templated":true}]}}