{"id":1476,"date":"2013-07-22T16:03:00","date_gmt":"2013-07-22T14:03:00","guid":{"rendered":"http:\/\/www.feuerwehr-matzen.at\/?page_id=1476"},"modified":"2020-09-18T14:15:11","modified_gmt":"2020-09-18T12:15:11","slug":"04-mai-2012","status":"publish","type":"page","link":"https:\/\/www.feuerwehr-matzen.at\/?page_id=1476","title":{"rendered":"04. Mai 2012"},"content":{"rendered":"<p><strong>Monats\u00fcbung<\/strong><a title=\"\u00dcbungen 2012\" href=\"https:\/\/www.feuerwehr-matzen.at\/?page_id=333\"><img loading=\"lazy\" decoding=\"async\" class=\"alignright size-full wp-image-1833\" alt=\"return\" src=\"https:\/\/www.feuerwehr-matzen.at\/wp-content\/uploads\/2013\/07\/return.jpg\" width=\"65\" height=\"30\" \/><\/a><\/p>\n<p>Am 4. Mai 2012 fand die Monats\u00fcbung mit dem \u00dcbungsszenario PKW gegen LKW mit mehreren eingeklemmten Personen statt. Gemeinsam mit der Feuerwehr Raggendorf r\u00fcckten 18 Florianij\u00fcnger um 19:05 zum Einsatzortaus.<br \/>\nDer Einsatzleiter fand einen Zusammenstoss zwischen einem PKW und einen mit Ladet\u00e4tigkeiten besch\u00e4ftigten LKW mit insgesamt 5 Verletzte vor, wobei 3 im Fahrzeug und eine unter einem Baumstamm eingeklemmt waren. Die Feuerwhehr Raggendorf k\u00fcmmerte sich inzwischen um die erste Person aus dem PKW und begann gleichzeitig mit der Menschenrettung der Person unter dem Holzstamm und den vermissten Fahrer des LKWs. Zeitgleich wurde von der Feuerwehr Matzen die Menschenrettung der beiden restlichen Personen des PKWs vorbereitet. Mittels hydraulischen Bergesatz wurde eine Rettungs\u00f6ffnung geschaffen.<br \/>\nW\u00e4hrend der Rettungsaktion der Person unter dem Baumstamm wurde der Fahrer auf der Ladefl\u00e4che entdeckt. Dieser wurde von den Einsatzkr\u00e4ften der FF Raggendorf ebenfalls gerettet.<br \/>\nNachdem die Verletzten auch aus dem PKW gerettet werden konnte, konnte die \u00dcbung beendet werde. Nach der \u00dcbungsnachbesprechung wurden die Einsatzkr\u00e4fte nach auf eine St\u00e4rkung ins FF Haus Matzen geladen.<\/p>\n<p><a href=\"https:\/\/www.feuerwehr-matzen.at\/wp-content\/uploads\/2013\/08\/85024085.jpg\"><img loading=\"lazy\" decoding=\"async\" class=\"alignleft size-thumbnail wp-image-3040\" alt=\"85024085\" src=\"https:\/\/www.feuerwehr-matzen.at\/wp-content\/uploads\/2013\/08\/85024085-150x150.jpg\" width=\"150\" height=\"150\" \/><\/a> <a href=\"https:\/\/www.feuerwehr-matzen.at\/wp-content\/uploads\/2013\/07\/80741940.jpg\"><img loading=\"lazy\" decoding=\"async\" class=\"alignleft size-thumbnail wp-image-2636\" alt=\"80741940\" src=\"https:\/\/www.feuerwehr-matzen.at\/wp-content\/uploads\/2013\/07\/80741940-150x150.jpg\" width=\"150\" height=\"150\" \/><\/a> <a href=\"https:\/\/www.feuerwehr-matzen.at\/wp-content\/uploads\/2013\/08\/44868948.jpg\"><img loading=\"lazy\" decoding=\"async\" class=\"alignleft size-thumbnail wp-image-3039\" alt=\"44868948\" src=\"https:\/\/www.feuerwehr-matzen.at\/wp-content\/uploads\/2013\/08\/44868948-150x150.jpg\" width=\"150\" height=\"150\" \/><\/a> <a href=\"https:\/\/www.feuerwehr-matzen.at\/wp-content\/uploads\/2013\/07\/38003618.jpg\"><img loading=\"lazy\" decoding=\"async\" class=\"alignleft size-thumbnail wp-image-2634\" alt=\"38003618\" src=\"https:\/\/www.feuerwehr-matzen.at\/wp-content\/uploads\/2013\/07\/38003618-150x150.jpg\" width=\"150\" height=\"150\" \/><\/a><\/p>\n","protected":false},"excerpt":{"rendered":"<p>Monats\u00fcbung Am 4. Mai 2012 fand die Monats\u00fcbung mit dem \u00dcbungsszenario PKW gegen LKW mit mehreren eingeklemmten Personen statt. Gemeinsam mit der Feuerwehr Raggendorf r\u00fcckten 18 Florianij\u00fcnger um 19:05 zum Einsatzortaus. Der Einsatzleiter fand einen Zusammenstoss zwischen einem PKW und <a class=\"more-link\" href=\"https:\/\/www.feuerwehr-matzen.at\/?page_id=1476\">weiterlesen  <span class=\"screen-reader-text\">  04. Mai 2012<\/span><span class=\"meta-nav\">&rarr;<\/span><\/a><\/p>\n","protected":false},"author":6,"featured_media":0,"parent":0,"menu_order":0,"comment_status":"closed","ping_status":"open","template":"","meta":{"footnotes":""},"class_list":["post-1476","page","type-page","status-publish","hentry"],"_links":{"self":[{"href":"https:\/\/www.feuerwehr-matzen.at\/index.php?rest_route=\/wp\/v2\/pages\/1476","targetHints":{"allow":["GET"]}}],"collection":[{"href":"https:\/\/www.feuerwehr-matzen.at\/index.php?rest_route=\/wp\/v2\/pages"}],"about":[{"href":"https:\/\/www.feuerwehr-matzen.at\/index.php?rest_route=\/wp\/v2\/types\/page"}],"author":[{"embeddable":true,"href":"https:\/\/www.feuerwehr-matzen.at\/index.php?rest_route=\/wp\/v2\/users\/6"}],"replies":[{"embeddable":true,"href":"https:\/\/www.feuerwehr-matzen.at\/index.php?rest_route=%2Fwp%2Fv2%2Fcomments&post=1476"}],"version-history":[{"count":4,"href":"https:\/\/www.feuerwehr-matzen.at\/index.php?rest_route=\/wp\/v2\/pages\/1476\/revisions"}],"predecessor-version":[{"id":5763,"href":"https:\/\/www.feuerwehr-matzen.at\/index.php?rest_route=\/wp\/v2\/pages\/1476\/revisions\/5763"}],"wp:attachment":[{"href":"https:\/\/www.feuerwehr-matzen.at\/index.php?rest_route=%2Fwp%2Fv2%2Fmedia&parent=1476"}],"curies":[{"name":"wp","href":"https:\/\/api.w.org\/{rel}","templated":true}]}}