{"id":1479,"date":"2013-07-22T16:04:18","date_gmt":"2013-07-22T14:04:18","guid":{"rendered":"http:\/\/www.feuerwehr-matzen.at\/?page_id=1479"},"modified":"2020-09-18T14:15:34","modified_gmt":"2020-09-18T12:15:34","slug":"26-mai-2012","status":"publish","type":"page","link":"https:\/\/www.feuerwehr-matzen.at\/?page_id=1479","title":{"rendered":"26. April 2012"},"content":{"rendered":"<p><strong>Abschluss\u00fcbung<\/strong><a title=\"\u00dcbungen 2012\" href=\"https:\/\/www.feuerwehr-matzen.at\/?page_id=333\"><img loading=\"lazy\" decoding=\"async\" class=\"alignright size-full wp-image-1833\" alt=\"return\" src=\"https:\/\/www.feuerwehr-matzen.at\/wp-content\/uploads\/2013\/07\/return.jpg\" width=\"65\" height=\"30\" \/><\/a><\/p>\n<p>Da unsere Jungfeuerwehrm\u00e4nner kurz vor dem Modul Abschluss Grundlagen F\u00fchren standen, wurde in der Vorletzten Grundausbildungseinheit eine Einsatz\u00fcbung abgehalten. \u00dcbungsszenario war eine Wohnungsbrand im ersten Stock mit einer vermissten Person. Es galt die Person auffindig zu machen, die Menschenrettung durchzuf\u00fchren und anschlie\u00dfend den Brand zu bek\u00e4mpfen. Ziel der Ausbildungseinheit war das Arbeiten als Truppf\u00fchrer.<br \/>\nBeide Kameraden absolvierten die gestellten Aufgaben bravur\u00f6s. Nach der Druckbel\u00fcftung der Wohnung konnte nach kurzer Nachbesprechung die \u00dcbung beendet werden.<br \/>\nNach ca. 1 1\/2 Stunden wurde die Einsatzbereitschaft wieder hergestellt.<\/p>\n<p><iframe loading=\"lazy\" title=\"Feuerwehr Matzen - GAB-Abschluss\u00fcbung am 26. April\" width=\"530\" height=\"298\" src=\"https:\/\/www.youtube.com\/embed\/U2VBWnXQOPA?feature=oembed\" frameborder=\"0\" allow=\"accelerometer; autoplay; clipboard-write; encrypted-media; gyroscope; picture-in-picture; web-share\" referrerpolicy=\"strict-origin-when-cross-origin\" allowfullscreen><\/iframe><\/p>\n<p><a href=\"https:\/\/www.feuerwehr-matzen.at\/wp-content\/uploads\/2013\/08\/71864886.jpg\"><img loading=\"lazy\" decoding=\"async\" class=\"alignleft size-thumbnail wp-image-3037\" alt=\"71864886\" src=\"https:\/\/www.feuerwehr-matzen.at\/wp-content\/uploads\/2013\/08\/71864886-150x150.jpg\" width=\"150\" height=\"150\" \/><\/a> <a href=\"https:\/\/www.feuerwehr-matzen.at\/wp-content\/uploads\/2013\/07\/56363833.jpg\"><img loading=\"lazy\" decoding=\"async\" class=\"alignleft size-thumbnail wp-image-2631\" alt=\"56363833\" src=\"https:\/\/www.feuerwehr-matzen.at\/wp-content\/uploads\/2013\/07\/56363833-150x150.jpg\" width=\"150\" height=\"150\" \/><\/a> <a href=\"https:\/\/www.feuerwehr-matzen.at\/wp-content\/uploads\/2013\/07\/55062081.jpg\"><img loading=\"lazy\" decoding=\"async\" class=\"alignleft size-thumbnail wp-image-2630\" alt=\"55062081\" src=\"https:\/\/www.feuerwehr-matzen.at\/wp-content\/uploads\/2013\/07\/55062081-150x150.jpg\" width=\"150\" height=\"150\" \/><\/a> <a href=\"https:\/\/www.feuerwehr-matzen.at\/wp-content\/uploads\/2013\/07\/43443415.jpg\"><img loading=\"lazy\" decoding=\"async\" class=\"alignleft size-thumbnail wp-image-2629\" alt=\"43443415\" src=\"https:\/\/www.feuerwehr-matzen.at\/wp-content\/uploads\/2013\/07\/43443415-150x150.jpg\" width=\"150\" height=\"150\" \/><\/a> <a href=\"https:\/\/www.feuerwehr-matzen.at\/wp-content\/uploads\/2013\/07\/37263454.jpg\"><img loading=\"lazy\" decoding=\"async\" class=\"alignleft size-thumbnail wp-image-2628\" alt=\"37263454\" src=\"https:\/\/www.feuerwehr-matzen.at\/wp-content\/uploads\/2013\/07\/37263454-150x150.jpg\" width=\"150\" height=\"150\" \/><\/a> <a href=\"https:\/\/www.feuerwehr-matzen.at\/wp-content\/uploads\/2013\/07\/22241502.jpg\"><img loading=\"lazy\" decoding=\"async\" class=\"alignleft size-thumbnail wp-image-2627\" alt=\"22241502\" src=\"https:\/\/www.feuerwehr-matzen.at\/wp-content\/uploads\/2013\/07\/22241502-150x150.jpg\" width=\"150\" height=\"150\" \/><\/a> <a href=\"https:\/\/www.feuerwehr-matzen.at\/wp-content\/uploads\/2013\/07\/02676082.jpg\"><img loading=\"lazy\" decoding=\"async\" class=\"alignleft size-thumbnail wp-image-2626\" alt=\"02676082\" src=\"https:\/\/www.feuerwehr-matzen.at\/wp-content\/uploads\/2013\/07\/02676082-150x150.jpg\" width=\"150\" height=\"150\" \/><\/a><\/p>\n","protected":false},"excerpt":{"rendered":"<p>Abschluss\u00fcbung Da unsere Jungfeuerwehrm\u00e4nner kurz vor dem Modul Abschluss Grundlagen F\u00fchren standen, wurde in der Vorletzten Grundausbildungseinheit eine Einsatz\u00fcbung abgehalten. \u00dcbungsszenario war eine Wohnungsbrand im ersten Stock mit einer vermissten Person. Es galt die Person auffindig zu machen, die Menschenrettung <a class=\"more-link\" href=\"https:\/\/www.feuerwehr-matzen.at\/?page_id=1479\">weiterlesen  <span class=\"screen-reader-text\">  26. April 2012<\/span><span class=\"meta-nav\">&rarr;<\/span><\/a><\/p>\n","protected":false},"author":6,"featured_media":0,"parent":0,"menu_order":0,"comment_status":"closed","ping_status":"open","template":"","meta":{"footnotes":""},"class_list":["post-1479","page","type-page","status-publish","hentry"],"_links":{"self":[{"href":"https:\/\/www.feuerwehr-matzen.at\/index.php?rest_route=\/wp\/v2\/pages\/1479","targetHints":{"allow":["GET"]}}],"collection":[{"href":"https:\/\/www.feuerwehr-matzen.at\/index.php?rest_route=\/wp\/v2\/pages"}],"about":[{"href":"https:\/\/www.feuerwehr-matzen.at\/index.php?rest_route=\/wp\/v2\/types\/page"}],"author":[{"embeddable":true,"href":"https:\/\/www.feuerwehr-matzen.at\/index.php?rest_route=\/wp\/v2\/users\/6"}],"replies":[{"embeddable":true,"href":"https:\/\/www.feuerwehr-matzen.at\/index.php?rest_route=%2Fwp%2Fv2%2Fcomments&post=1479"}],"version-history":[{"count":6,"href":"https:\/\/www.feuerwehr-matzen.at\/index.php?rest_route=\/wp\/v2\/pages\/1479\/revisions"}],"predecessor-version":[{"id":3413,"href":"https:\/\/www.feuerwehr-matzen.at\/index.php?rest_route=\/wp\/v2\/pages\/1479\/revisions\/3413"}],"wp:attachment":[{"href":"https:\/\/www.feuerwehr-matzen.at\/index.php?rest_route=%2Fwp%2Fv2%2Fmedia&parent=1479"}],"curies":[{"name":"wp","href":"https:\/\/api.w.org\/{rel}","templated":true}]}}