{"id":1481,"date":"2013-07-22T16:04:49","date_gmt":"2013-07-22T14:04:49","guid":{"rendered":"http:\/\/www.feuerwehr-matzen.at\/?page_id=1481"},"modified":"2020-09-18T14:15:11","modified_gmt":"2020-09-18T12:15:11","slug":"06-april-2012","status":"publish","type":"page","link":"https:\/\/www.feuerwehr-matzen.at\/?page_id=1481","title":{"rendered":"06. April 2012"},"content":{"rendered":"<p><strong>Monats\u00fcbung<\/strong><a title=\"\u00dcbungen 2012\" href=\"https:\/\/www.feuerwehr-matzen.at\/?page_id=333\"><img loading=\"lazy\" decoding=\"async\" class=\"alignright size-full wp-image-1833\" alt=\"return\" src=\"https:\/\/www.feuerwehr-matzen.at\/wp-content\/uploads\/2013\/07\/return.jpg\" width=\"65\" height=\"30\" \/><\/a><\/p>\n<p>In der Monats\u00fcbung im April handelte es sich um einen Stationsbetrieb. In drei Stationen wurde gleichzeitig: Strahlrohrtraining, Leiternangriff und Schaumangriff behandelt.<br \/>\nDrei Gruppen aus den Kameraden der Feuerwehren Matzen und Klein Harras durchliefen nacheinander die Stationen. In der ersten wurde der Umgang mit den Hohlstrahlrohren, des B-Kombinationsstrahlrohres und des HDs trainiert und der Unterschied zwischen dem Arbeiten mit und ohne Mundst\u00fcck und den verschiedenen Wassermengen verglichen.<br \/>\nDie zweite Station bestand aus den verschiedenen Leitern im Feuerwehrdienst. Unser Feuerwehrkommandant erl\u00e4uterte den Florianis die wichtigsten Spezifikationen und Verhaltensregeln beim Arbeiten mit Leitern.. In praktischen Anwendungsbeispielen wurde im Anschluss der Umgang mit der Schiebe- und Steckleiter, sowie des Steckleitern-Verbindungsteils ge\u00fcbt.<br \/>\nIm letzten Abschnitt wurde ein Schaumangriff geprobt, um den schrittweisen Aufbau der Schaumleitung zu festigen. Ausserdem wurden die theoretischen Kenntnisse \u00fcber die verschiedenen Arten geschult.<br \/>\nNachdem jeder der Einsatzkr\u00e4fte alle Stationen bew\u00e4ltigt hatte, konnte nach der Herstellung der Einsatzbereitschaft die \u00dcbung beendet werden.<\/p>\n<p><a href=\"https:\/\/www.feuerwehr-matzen.at\/wp-content\/uploads\/2013\/07\/67967196.jpg\"><img loading=\"lazy\" decoding=\"async\" class=\"alignleft size-thumbnail wp-image-2623\" alt=\"67967196\" src=\"https:\/\/www.feuerwehr-matzen.at\/wp-content\/uploads\/2013\/07\/67967196-150x150.jpg\" width=\"150\" height=\"150\" \/><\/a> <a href=\"https:\/\/www.feuerwehr-matzen.at\/wp-content\/uploads\/2013\/07\/42593969.jpg\"><img loading=\"lazy\" decoding=\"async\" class=\"alignleft size-thumbnail wp-image-2622\" alt=\"42593969\" src=\"https:\/\/www.feuerwehr-matzen.at\/wp-content\/uploads\/2013\/07\/42593969-150x150.jpg\" width=\"150\" height=\"150\" \/><\/a> <a href=\"https:\/\/www.feuerwehr-matzen.at\/wp-content\/uploads\/2013\/07\/38370875.jpg\"><img loading=\"lazy\" decoding=\"async\" class=\"alignleft size-thumbnail wp-image-2620\" alt=\"38370875\" src=\"https:\/\/www.feuerwehr-matzen.at\/wp-content\/uploads\/2013\/07\/38370875-150x150.jpg\" width=\"150\" height=\"150\" \/><\/a> <a href=\"https:\/\/www.feuerwehr-matzen.at\/wp-content\/uploads\/2013\/08\/41304536.jpg\"><img loading=\"lazy\" decoding=\"async\" class=\"alignleft size-thumbnail wp-image-3035\" alt=\"41304536\" src=\"https:\/\/www.feuerwehr-matzen.at\/wp-content\/uploads\/2013\/08\/41304536-150x150.jpg\" width=\"150\" height=\"150\" \/><\/a><a href=\"https:\/\/www.feuerwehr-matzen.at\/wp-content\/uploads\/2013\/08\/32371382.jpg\"><img loading=\"lazy\" decoding=\"async\" class=\"alignleft size-thumbnail wp-image-3034\" alt=\"32371382\" src=\"https:\/\/www.feuerwehr-matzen.at\/wp-content\/uploads\/2013\/08\/32371382-150x150.jpg\" width=\"150\" height=\"150\" \/><\/a> <a href=\"https:\/\/www.feuerwehr-matzen.at\/wp-content\/uploads\/2013\/07\/24795005.jpg\"><img loading=\"lazy\" decoding=\"async\" class=\"alignleft size-thumbnail wp-image-2618\" alt=\"24795005\" src=\"https:\/\/www.feuerwehr-matzen.at\/wp-content\/uploads\/2013\/07\/24795005-150x150.jpg\" width=\"150\" height=\"150\" \/><\/a> <a href=\"https:\/\/www.feuerwehr-matzen.at\/wp-content\/uploads\/2013\/07\/12857074.jpg\"><img loading=\"lazy\" decoding=\"async\" class=\"alignleft size-thumbnail wp-image-2617\" alt=\"12857074\" src=\"https:\/\/www.feuerwehr-matzen.at\/wp-content\/uploads\/2013\/07\/12857074-150x150.jpg\" width=\"150\" height=\"150\" \/><\/a> <a href=\"https:\/\/www.feuerwehr-matzen.at\/wp-content\/uploads\/2013\/07\/11197185.jpg\"><img loading=\"lazy\" decoding=\"async\" class=\"alignleft size-thumbnail wp-image-2616\" alt=\"11197185\" src=\"https:\/\/www.feuerwehr-matzen.at\/wp-content\/uploads\/2013\/07\/11197185-150x150.jpg\" width=\"150\" height=\"150\" \/><\/a> <a href=\"https:\/\/www.feuerwehr-matzen.at\/wp-content\/uploads\/2013\/07\/01686862.jpg\"><img loading=\"lazy\" decoding=\"async\" class=\"alignleft size-thumbnail wp-image-2615\" alt=\"01686862\" src=\"https:\/\/www.feuerwehr-matzen.at\/wp-content\/uploads\/2013\/07\/01686862-150x150.jpg\" width=\"150\" height=\"150\" \/><\/a><\/p>\n","protected":false},"excerpt":{"rendered":"<p>Monats\u00fcbung In der Monats\u00fcbung im April handelte es sich um einen Stationsbetrieb. In drei Stationen wurde gleichzeitig: Strahlrohrtraining, Leiternangriff und Schaumangriff behandelt. Drei Gruppen aus den Kameraden der Feuerwehren Matzen und Klein Harras durchliefen nacheinander die Stationen. In der ersten <a class=\"more-link\" href=\"https:\/\/www.feuerwehr-matzen.at\/?page_id=1481\">weiterlesen  <span class=\"screen-reader-text\">  06. April 2012<\/span><span class=\"meta-nav\">&rarr;<\/span><\/a><\/p>\n","protected":false},"author":6,"featured_media":0,"parent":0,"menu_order":0,"comment_status":"closed","ping_status":"open","template":"","meta":{"footnotes":""},"class_list":["post-1481","page","type-page","status-publish","hentry"],"_links":{"self":[{"href":"https:\/\/www.feuerwehr-matzen.at\/index.php?rest_route=\/wp\/v2\/pages\/1481","targetHints":{"allow":["GET"]}}],"collection":[{"href":"https:\/\/www.feuerwehr-matzen.at\/index.php?rest_route=\/wp\/v2\/pages"}],"about":[{"href":"https:\/\/www.feuerwehr-matzen.at\/index.php?rest_route=\/wp\/v2\/types\/page"}],"author":[{"embeddable":true,"href":"https:\/\/www.feuerwehr-matzen.at\/index.php?rest_route=\/wp\/v2\/users\/6"}],"replies":[{"embeddable":true,"href":"https:\/\/www.feuerwehr-matzen.at\/index.php?rest_route=%2Fwp%2Fv2%2Fcomments&post=1481"}],"version-history":[{"count":5,"href":"https:\/\/www.feuerwehr-matzen.at\/index.php?rest_route=\/wp\/v2\/pages\/1481\/revisions"}],"predecessor-version":[{"id":5769,"href":"https:\/\/www.feuerwehr-matzen.at\/index.php?rest_route=\/wp\/v2\/pages\/1481\/revisions\/5769"}],"wp:attachment":[{"href":"https:\/\/www.feuerwehr-matzen.at\/index.php?rest_route=%2Fwp%2Fv2%2Fmedia&parent=1481"}],"curies":[{"name":"wp","href":"https:\/\/api.w.org\/{rel}","templated":true}]}}