{"id":1483,"date":"2013-07-22T16:05:25","date_gmt":"2013-07-22T14:05:25","guid":{"rendered":"http:\/\/www.feuerwehr-matzen.at\/?page_id=1483"},"modified":"2020-09-18T14:15:11","modified_gmt":"2020-09-18T12:15:11","slug":"02-marz-2012","status":"publish","type":"page","link":"https:\/\/www.feuerwehr-matzen.at\/?page_id=1483","title":{"rendered":"02. M\u00e4rz 2012"},"content":{"rendered":"<p><strong>Monats\u00fcbung<\/strong><a title=\"\u00dcbungen 2012\" href=\"https:\/\/www.feuerwehr-matzen.at\/?page_id=333\"><img loading=\"lazy\" decoding=\"async\" class=\"alignright size-full wp-image-1833\" alt=\"return\" src=\"https:\/\/www.feuerwehr-matzen.at\/wp-content\/uploads\/2013\/07\/return.jpg\" width=\"65\" height=\"30\" \/><\/a><\/p>\n<p>\u00dcbungsszenario der Monats\u00fcbung am 2. M\u00e4rz war ein Wohnungsbrand in der Bahnstrasse. Da sich das \u00dcbungsobjekt direkt \u00fcber dem Feuerwehrhaus befand wurde die Anfahrt der 16 Kameraden, die in zwei Fahrzeugen ausr\u00fcckten, \u00fcber den Kreisverkehr simuliert. Da es sich bei dieser \u00dcbung um einen Brand handelte, r\u00fcstete sich ein Trupp bereits bei der Anfahrt aus. Am \u00dcbungsort angekommen erkundete der Einsatzleiter die genaue Lage, um im Anschluss die Einsatzkr\u00e4ften zu deligieren.<br \/>\nDa der Einsatzleiter vom Hauseigent\u00fcmer erfuhr, dass sich noch eine Person im Geb\u00e4ude befinden musste, wurde der bereits ausger\u00fcstete Atemschutztrupp zur Menschenrettung beordert. Unverz\u00fcglich machte sich der Trupp mit einer L\u00f6schleitung in die im 1.Stock befindliche Wohung auf. Die Suche wurde durch den bereits in alle R\u00e4ume vorgedrungenen Rauch erschwert.<br \/>\nNach kurzer Zeit konnte die bewusstlose Person aufgefunden und ins Freie bef\u00f6rdert werden. Dort wurde der Verletzte durch die Einsatzkr\u00e4fte erstversorgt. Der Atemschutztrupp k\u00e4mpfte sich ein zweites Mal durch die Rauchschwaden um mit der Brandbek\u00e4mpfung beginnen zu k\u00f6nnen. Nachdem Brand Aus gegeben wurde, konnte zur \u00dcbungsnachbesprechung \u00fcbergegangen werden.<\/p>\n<p><iframe loading=\"lazy\" title=\"Feuerwehr Matzen - Monats\u00fcbung Wohnungsbrand\" width=\"530\" height=\"298\" src=\"https:\/\/www.youtube.com\/embed\/FcF6GQ0IQOs?feature=oembed\" frameborder=\"0\" allow=\"accelerometer; autoplay; clipboard-write; encrypted-media; gyroscope; picture-in-picture; web-share\" referrerpolicy=\"strict-origin-when-cross-origin\" allowfullscreen><\/iframe><\/p>\n<p><a href=\"https:\/\/www.feuerwehr-matzen.at\/wp-content\/uploads\/2013\/07\/74122943.jpg\"><img loading=\"lazy\" decoding=\"async\" class=\"alignleft size-thumbnail wp-image-2612\" alt=\"74122943\" src=\"https:\/\/www.feuerwehr-matzen.at\/wp-content\/uploads\/2013\/07\/74122943-150x150.jpg\" width=\"150\" height=\"150\" \/><\/a> <a href=\"https:\/\/www.feuerwehr-matzen.at\/wp-content\/uploads\/2013\/07\/48791880.jpg\"><img loading=\"lazy\" decoding=\"async\" class=\"alignleft size-thumbnail wp-image-2611\" alt=\"48791880\" src=\"https:\/\/www.feuerwehr-matzen.at\/wp-content\/uploads\/2013\/07\/48791880-150x150.jpg\" width=\"150\" height=\"150\" \/><\/a> <a href=\"https:\/\/www.feuerwehr-matzen.at\/wp-content\/uploads\/2013\/08\/40291210.jpg\"><img loading=\"lazy\" decoding=\"async\" class=\"alignleft size-thumbnail wp-image-3032\" alt=\"40291210\" src=\"https:\/\/www.feuerwehr-matzen.at\/wp-content\/uploads\/2013\/08\/40291210-150x150.jpg\" width=\"150\" height=\"150\" \/><\/a> <a href=\"https:\/\/www.feuerwehr-matzen.at\/wp-content\/uploads\/2013\/08\/11081990.jpg\"><img loading=\"lazy\" decoding=\"async\" class=\"alignleft size-thumbnail wp-image-3031\" alt=\"11081990\" src=\"https:\/\/www.feuerwehr-matzen.at\/wp-content\/uploads\/2013\/08\/11081990-150x150.jpg\" width=\"150\" height=\"150\" \/><\/a> <a href=\"https:\/\/www.feuerwehr-matzen.at\/wp-content\/uploads\/2013\/07\/07615197.jpg\"><img loading=\"lazy\" decoding=\"async\" class=\"alignleft size-thumbnail wp-image-2608\" alt=\"07615197\" src=\"https:\/\/www.feuerwehr-matzen.at\/wp-content\/uploads\/2013\/07\/07615197-150x150.jpg\" width=\"150\" height=\"150\" \/><\/a> <a href=\"https:\/\/www.feuerwehr-matzen.at\/wp-content\/uploads\/2013\/08\/01165247.jpg\"><img loading=\"lazy\" decoding=\"async\" class=\"alignleft size-thumbnail wp-image-3030\" alt=\"01165247\" src=\"https:\/\/www.feuerwehr-matzen.at\/wp-content\/uploads\/2013\/08\/01165247-150x150.jpg\" width=\"150\" height=\"150\" \/><\/a><\/p>\n","protected":false},"excerpt":{"rendered":"<p>Monats\u00fcbung \u00dcbungsszenario der Monats\u00fcbung am 2. M\u00e4rz war ein Wohnungsbrand in der Bahnstrasse. Da sich das \u00dcbungsobjekt direkt \u00fcber dem Feuerwehrhaus befand wurde die Anfahrt der 16 Kameraden, die in zwei Fahrzeugen ausr\u00fcckten, \u00fcber den Kreisverkehr simuliert. Da es sich <a class=\"more-link\" href=\"https:\/\/www.feuerwehr-matzen.at\/?page_id=1483\">weiterlesen  <span class=\"screen-reader-text\">  02. M\u00e4rz 2012<\/span><span class=\"meta-nav\">&rarr;<\/span><\/a><\/p>\n","protected":false},"author":6,"featured_media":0,"parent":0,"menu_order":0,"comment_status":"closed","ping_status":"open","template":"","meta":{"footnotes":""},"class_list":["post-1483","page","type-page","status-publish","hentry"],"_links":{"self":[{"href":"https:\/\/www.feuerwehr-matzen.at\/index.php?rest_route=\/wp\/v2\/pages\/1483","targetHints":{"allow":["GET"]}}],"collection":[{"href":"https:\/\/www.feuerwehr-matzen.at\/index.php?rest_route=\/wp\/v2\/pages"}],"about":[{"href":"https:\/\/www.feuerwehr-matzen.at\/index.php?rest_route=\/wp\/v2\/types\/page"}],"author":[{"embeddable":true,"href":"https:\/\/www.feuerwehr-matzen.at\/index.php?rest_route=\/wp\/v2\/users\/6"}],"replies":[{"embeddable":true,"href":"https:\/\/www.feuerwehr-matzen.at\/index.php?rest_route=%2Fwp%2Fv2%2Fcomments&post=1483"}],"version-history":[{"count":6,"href":"https:\/\/www.feuerwehr-matzen.at\/index.php?rest_route=\/wp\/v2\/pages\/1483\/revisions"}],"predecessor-version":[{"id":3411,"href":"https:\/\/www.feuerwehr-matzen.at\/index.php?rest_route=\/wp\/v2\/pages\/1483\/revisions\/3411"}],"wp:attachment":[{"href":"https:\/\/www.feuerwehr-matzen.at\/index.php?rest_route=%2Fwp%2Fv2%2Fmedia&parent=1483"}],"curies":[{"name":"wp","href":"https:\/\/api.w.org\/{rel}","templated":true}]}}