{"id":1492,"date":"2013-07-22T16:10:34","date_gmt":"2013-07-22T14:10:34","guid":{"rendered":"http:\/\/www.feuerwehr-matzen.at\/?page_id=1492"},"modified":"2020-09-18T14:15:23","modified_gmt":"2020-09-18T12:15:23","slug":"20-april-2013","status":"publish","type":"page","link":"https:\/\/www.feuerwehr-matzen.at\/?page_id=1492","title":{"rendered":"20. April 2013"},"content":{"rendered":"<p><strong>Schweres Busungl\u00fcck in Matzen<\/strong><a title=\"\u00dcbungen 2013\" href=\"https:\/\/www.feuerwehr-matzen.at\/?page_id=486\"><img loading=\"lazy\" decoding=\"async\" class=\"alignright size-full wp-image-1833\" alt=\"return\" src=\"https:\/\/www.feuerwehr-matzen.at\/wp-content\/uploads\/2013\/07\/return.jpg\" width=\"65\" height=\"30\" \/><\/a><\/p>\n<p>Gro\u00dfschadens\u00fcbung mit 6 beteiligten Fahrzeugen und 45 Verletzten<\/p>\n<p>Samstag, den 20. April zwischen Matzen und G\u00e4nserndorf kurz vor 14 Uhr.<\/p>\n<p>Ein Autobus, in dem sich zirka 35 Personen befanden, kollidierte im Kreuzungsbereich der L3159 und einem Feldweg mit einem PKW und kam auf der Seite zu liegen. Durch ein Ausweichman\u00f6ver \u00fcberschlug sich hinter dem Autobus ein PKW und landete Dachseitig in einem ausgetrockneten Bachbett. Auf der Gegenfahrbahn kam es durch eine Notbremsung zu einem Auffahrunfall zweier Fahrzeuge. Ein mit 2 Personen besetztes Fahrzeug konnte nicht mehr rechtzeitig bremsen und krachte in den Vordermann. Der Lenker eines nachkommenden Motorfahrrades ist durch den Anprall erschrocken und schleuderte in Folge gegen einen Begrenzungspfeiler.<br \/>\nDurch eine leichtverletzte Unfallbeteiligte wurde der Notruf 122 verst\u00e4ndigt.<br \/>\nUm 14:53 erfolgte die Alarmierung der Feuerwehren Matzen, Raggendorf, Sch\u00f6nkirchen-Reyersdorf, Spannberg und Angern an der March durch die Feuerwehrleitstelle in Mistelbach zu einem Autobusunfall. Kurz nach dem Alarm r\u00fcckten 19 Kameraden der Feuerwehr Matzen mit 3 Fahrzeugen zur Unfallstelle aus. Der Einsatzleiter BM Rennthaler Roman erkundete die Einsatzstelle und beauftragte den Gruppenkommandanten des R\u00fcstl\u00f6schfahrzeuges mit der Menschenrettung der Businsassen. Der GrpKdt des Kommandofahrzeuges bekam den Auftrag zur Errichtung der Einsatzleitung. Gleichzeitig mit den Feuerwehren wurde der Katastrophenzug des Roten Kreuzes zu einem Massenanfall von Verletzten alarmiert.<br \/>\nUnverz\u00fcglich begann die Mannschaft des RLF Matzen mit der Schaffung der Zugangs\u00f6ffnung durch die Heckscheibe des Autobusses. Im Anschluss wurden mittels Force Ger\u00e4t und Glasmaster am Dach des Busses zus\u00e4tzlich Rettungs\u00f6ffnungen ges\u00e4gt. Zeitgleich wurde der Brandschutz aufgebaut und der Bus gegen Verrutschen gesichert.<br \/>\nParralell dazu wurden die anr\u00fcckenden Nachbarfeuerwehren von der Einsatzleitung ihren Einsatzabschnitten zugewiesen. Die Feuerwehr Raggendorf k\u00fcmmerte sich um die Menschenrettung der beiden Insassen, des mit dem Bus kolliediertem PKWs. Die durch den Auffahrunfall verkeilten Fahrzeuge wurden der Feuerwehr Sch\u00f6nkirchen-Reyersdorf und Spannberg \u00fcbergeben. Die Feuerwehr Angern \u00fcbernahm die Menschenrettung des im Bachbett am Dach liegenden Unfallautos.<br \/>\nDie anr\u00fcckenden Kr\u00e4fte des Roten Kreuzes haben nach einer ersten Erkundung der Lage und R\u00fccksprache mit dem Einsatzleiter der Feuerwehr eine Sichtung der Patienten sowie eine Einteilung nach Bergewichtigkeit getroffen. Parallel dazu haben sie einen Verletzteneinsch\u00e4tzungsplatz eingerichtet, sowie mit der Versorgung der von der Feuerwehr \u00fcbergebenen Verletzten begonnen.<br \/>\nIm Minutentakt wurden die Personen aus den verunfallten PKWs gerettet und den Rettungseinheiten \u00fcbergeben. Nach genau 34 Minuten nach Eintreffen der ersten Einsatzkr\u00e4fte war die letzte Person aus dem verunfalltem Bus gerettet.<br \/>\nDurch die schwierige Lage und enormen Verletzungen mu\u00dfte die Eingeklemmte aus dem Unfallwrack im Bach achsengerecht durch die Beifahrert\u00fcr gerettet werden.<br \/>\nDie Menschenrettungen wurden durch auftretende Br\u00e4nde in zweier Fahrzeugen erschwert. Da im Vorfeld der Brandschutz bereit gestellt wurde, konnten die Flammen im Keim erstickt werden.<br \/>\nNachdem das letzte Unfallopfer gerettet und vom Roten Kreuz versorgt wurde konnte die \u00dcbung beendet werden. Im Anschluss wurde der Autobus mittels 4 Seilwinden auf die R\u00e4der gestellt und die Unfallfahrzeuge vom \u00dcbungsort entfernt. Neben dem Einsatzleiter des Roten Kreuzes wurde die hervorragende Zusammenarbeit der Einsatzkr\u00e4fte bei der gemeinsamen \u00dcbungsnachbesprechung durch die \u00dcbungsbeobachter gelobt. Nach den Verbesserungsvorschl\u00e4gen der Beobachter w\u00fcrdigte B\u00fcrgermeisterin Claudia Weber die ausgezeichnete Arbeit aller Einsatzkr\u00e4fte. F\u00fcr die St\u00e4rkung der ersch\u00f6pften Einsatzkr\u00e4fte sorgte die Feldk\u00fcche des Roten Kreuzes G\u00e4nserndorf.<br \/>\nNeben den 5 Feuerwehren mit 10 Fahrzeugen und 65 Mann sowie den 13 Fahrzeuge mit 34 Mann des Roten Kreuzes war das Kriseninterventionsteam G\u00e4nsernsdorf anwesend. Um eine wirklichkeitsnahe Unfalldarstellung zu gew\u00e4hrleisten, wurden die insgesamt 45 Verletzten 3 Stunden vom Realistikteam in Kleinstarbeit vorbereitet.<\/p>\n<p>Die Vorbereitungen<\/p>\n<p>August 2012, die Idee einer Bus\u00fcbung wurde w\u00e4hrend einer Sitzung aufgeworfen. Umgehend begann das Ausbildungsteam unter Leitung von LM Klemens Widhalm mit den ersten Anfragen an die umliegenden Busunternehmen. Rund einen Monat sp\u00e4ter konnte ein Bus der Wiener Linien organisiert werden und die Planung der Abholung in Absprache mit dem Bezirksfeuerwehrverband und den Beh\u00f6rden in Nieder\u00f6sterreich und Wien begann.<br \/>\n27. Oktober 2012, Abholung des Gelenksbusses aus Simmering. Der Bus wurde vom R\u00fcstl\u00f6schfahrzeug Matzen mittels Schleppstange, abgesichert von Kommandofahrzeug Matzen und Kommandofahrzeug Angern abgeholt und auf den \u00dcberwinterungsplatz in Angern an der March verbracht.<br \/>\nFr\u00fchjahr 2013, in unz\u00e4hligen Telefonaten, Mails und Sitzungen mit Rotem Kreuz, Realistikteam, Entsorgungsfirmen, Bezirkshauptmannschaft, Presse- und Filmteams und den umliegenden Feuerwehren ging die Planung in die Endphase.<br \/>\n20. April 2013 Vormittag, mittels 4 R\u00fcstl\u00f6schfahrzeugen wurde der Linienbus auf die Seite gekippt und die Unfallfahrzeuge positioniert und vom Gemeindebagger pr\u00e4pariert. Gleichzeitig verausgabte sich das Realistikteam des Roten Kreuzes mit den \u00dcbungsdarstellern. Im Anschluss wurden die Unfallopfer in den Wracks positioniert und die beteiligten Feuerwehren warteten auf die Alarmierung.<\/p>\n<p>Ein besonderer Dank gilt den Gemeindevertretern f\u00fcr die Bereitstellung des Veranstaltungssaals und f\u00fcr die \u00dcbungsbeobachtung, dem Bauhof Matzen, den Wiener Linien f\u00fcr die Bereitstellung des Busses, der Entsorgungsfirmen f\u00fcr die Versorgung mit Fahrzeugen, den \u00dcbungsbeobachtern, den \u00dcbungsdarstellern und dem Realistikteam, der Bezirksstelle G\u00e4nserndorf des Roten Kreuzes, der Feuerwehr G\u00e4nserndorf f\u00fcr die Bereitstellung der Drehleiter, Josef Letschka und Gerald Naber f\u00fcr die Fotos und Videos, der N\u00d6N f\u00fcr die positive Berichterstattung und den beteiligten Feuerwehren.<\/p>\n<p>Ein herzliches Dankesch\u00f6n an das Ausbildungsteam der Feuerwehr Matzen f\u00fcr die Ausarbeitung und Vorbereitung der realit\u00e4tsnahen \u00dcbung.<\/p>\n<p><iframe loading=\"lazy\" title=\"Gro\u00dfschadens\u00fcbung Matzen am 20.04.2013\" width=\"530\" height=\"398\" src=\"https:\/\/www.youtube.com\/embed\/GWvFM2dLXAw?feature=oembed\" frameborder=\"0\" allow=\"accelerometer; autoplay; clipboard-write; encrypted-media; gyroscope; picture-in-picture; web-share\" referrerpolicy=\"strict-origin-when-cross-origin\" allowfullscreen><\/iframe><\/p>\n<p><a href=\"https:\/\/www.feuerwehr-matzen.at\/wp-content\/uploads\/2013\/07\/K-uebung_cGeraldNaber_242.jpg\"><img loading=\"lazy\" decoding=\"async\" class=\"alignleft size-thumbnail wp-image-2739\" alt=\"K-uebung_(c)GeraldNaber_242\" src=\"https:\/\/www.feuerwehr-matzen.at\/wp-content\/uploads\/2013\/07\/K-uebung_cGeraldNaber_242-150x150.jpg\" width=\"150\" height=\"150\" \/><\/a> <a href=\"https:\/\/www.feuerwehr-matzen.at\/wp-content\/uploads\/2013\/07\/K-uebung_cGeraldNaber_215.jpg\"><img loading=\"lazy\" decoding=\"async\" class=\"alignleft size-thumbnail wp-image-2738\" alt=\"K-uebung_(c)GeraldNaber_215\" src=\"https:\/\/www.feuerwehr-matzen.at\/wp-content\/uploads\/2013\/07\/K-uebung_cGeraldNaber_215-150x150.jpg\" width=\"150\" height=\"150\" \/><\/a> <a href=\"https:\/\/www.feuerwehr-matzen.at\/wp-content\/uploads\/2013\/08\/K-uebung_cGeraldNaber_195.jpg\"><img loading=\"lazy\" decoding=\"async\" class=\"alignleft size-thumbnail wp-image-3067\" alt=\"K-uebung_(c)GeraldNaber_195\" src=\"https:\/\/www.feuerwehr-matzen.at\/wp-content\/uploads\/2013\/08\/K-uebung_cGeraldNaber_195-150x150.jpg\" width=\"150\" height=\"150\" \/><\/a> <a href=\"https:\/\/www.feuerwehr-matzen.at\/wp-content\/uploads\/2013\/07\/K-uebung_cGeraldNaber_185.jpg\"><img loading=\"lazy\" decoding=\"async\" class=\"alignleft size-thumbnail wp-image-2736\" alt=\"K-uebung_(c)GeraldNaber_185\" src=\"https:\/\/www.feuerwehr-matzen.at\/wp-content\/uploads\/2013\/07\/K-uebung_cGeraldNaber_185-150x150.jpg\" width=\"150\" height=\"150\" \/><\/a> <a href=\"https:\/\/www.feuerwehr-matzen.at\/wp-content\/uploads\/2013\/08\/K-uebung_cGeraldNaber_169.jpg\"><img loading=\"lazy\" decoding=\"async\" class=\"alignleft size-thumbnail wp-image-3066\" alt=\"K-uebung_(c)GeraldNaber_169\" src=\"https:\/\/www.feuerwehr-matzen.at\/wp-content\/uploads\/2013\/08\/K-uebung_cGeraldNaber_169-150x150.jpg\" width=\"150\" height=\"150\" \/><\/a> <a href=\"https:\/\/www.feuerwehr-matzen.at\/wp-content\/uploads\/2013\/07\/K-uebung_cGeraldNaber_166.jpg\"><img loading=\"lazy\" decoding=\"async\" class=\"alignleft size-thumbnail wp-image-2733\" alt=\"K-uebung_(c)GeraldNaber_166\" src=\"https:\/\/www.feuerwehr-matzen.at\/wp-content\/uploads\/2013\/07\/K-uebung_cGeraldNaber_166-150x150.jpg\" width=\"150\" height=\"150\" \/><\/a> <a href=\"https:\/\/www.feuerwehr-matzen.at\/wp-content\/uploads\/2013\/07\/K-uebung_cGeraldNaber_138.jpg\"><img loading=\"lazy\" decoding=\"async\" class=\"alignleft size-thumbnail wp-image-2732\" alt=\"K-uebung_(c)GeraldNaber_138\" src=\"https:\/\/www.feuerwehr-matzen.at\/wp-content\/uploads\/2013\/07\/K-uebung_cGeraldNaber_138-150x150.jpg\" width=\"150\" height=\"150\" \/><\/a> <a href=\"https:\/\/www.feuerwehr-matzen.at\/wp-content\/uploads\/2013\/07\/K-uebung_cGeraldNaber_131.jpg\"><img loading=\"lazy\" decoding=\"async\" class=\"alignleft size-thumbnail wp-image-2731\" alt=\"K-uebung_(c)GeraldNaber_131\" src=\"https:\/\/www.feuerwehr-matzen.at\/wp-content\/uploads\/2013\/07\/K-uebung_cGeraldNaber_131-150x150.jpg\" width=\"150\" height=\"150\" \/><\/a> <a href=\"https:\/\/www.feuerwehr-matzen.at\/wp-content\/uploads\/2013\/07\/K-uebung_cGeraldNaber_113.jpg\"><img loading=\"lazy\" decoding=\"async\" class=\"alignleft size-thumbnail wp-image-2730\" alt=\"K-uebung_(c)GeraldNaber_113\" src=\"https:\/\/www.feuerwehr-matzen.at\/wp-content\/uploads\/2013\/07\/K-uebung_cGeraldNaber_113-150x150.jpg\" width=\"150\" height=\"150\" \/><\/a> <a href=\"https:\/\/www.feuerwehr-matzen.at\/wp-content\/uploads\/2013\/08\/K-uebung_cGeraldNaber_110.jpg\"><img loading=\"lazy\" decoding=\"async\" class=\"alignleft size-thumbnail wp-image-3065\" alt=\"K-uebung_(c)GeraldNaber_110\" src=\"https:\/\/www.feuerwehr-matzen.at\/wp-content\/uploads\/2013\/08\/K-uebung_cGeraldNaber_110-150x150.jpg\" width=\"150\" height=\"150\" \/><\/a> <a href=\"https:\/\/www.feuerwehr-matzen.at\/wp-content\/uploads\/2013\/07\/K-uebung_cGeraldNaber_102.jpg\"><img loading=\"lazy\" decoding=\"async\" class=\"alignleft size-thumbnail wp-image-2728\" alt=\"K-uebung_(c)GeraldNaber_102\" src=\"https:\/\/www.feuerwehr-matzen.at\/wp-content\/uploads\/2013\/07\/K-uebung_cGeraldNaber_102-150x150.jpg\" width=\"150\" height=\"150\" \/><\/a> <a href=\"https:\/\/www.feuerwehr-matzen.at\/wp-content\/uploads\/2013\/07\/K-uebung_cGeraldNaber_101.jpg\"><img loading=\"lazy\" decoding=\"async\" class=\"alignleft size-thumbnail wp-image-2727\" alt=\"K-uebung_(c)GeraldNaber_101\" src=\"https:\/\/www.feuerwehr-matzen.at\/wp-content\/uploads\/2013\/07\/K-uebung_cGeraldNaber_101-150x150.jpg\" width=\"150\" height=\"150\" \/><\/a> <a href=\"https:\/\/www.feuerwehr-matzen.at\/wp-content\/uploads\/2013\/07\/K-uebung_cGeraldNaber_097.jpg\"><img loading=\"lazy\" decoding=\"async\" class=\"alignleft size-thumbnail wp-image-2726\" alt=\"K-uebung_(c)GeraldNaber_097\" src=\"https:\/\/www.feuerwehr-matzen.at\/wp-content\/uploads\/2013\/07\/K-uebung_cGeraldNaber_097-150x150.jpg\" width=\"150\" height=\"150\" \/><\/a> <a href=\"https:\/\/www.feuerwehr-matzen.at\/wp-content\/uploads\/2013\/07\/K-uebung_cGeraldNaber_095.jpg\"><img loading=\"lazy\" decoding=\"async\" class=\"alignleft size-thumbnail wp-image-2725\" alt=\"K-uebung_(c)GeraldNaber_095\" src=\"https:\/\/www.feuerwehr-matzen.at\/wp-content\/uploads\/2013\/07\/K-uebung_cGeraldNaber_095-150x150.jpg\" width=\"150\" height=\"150\" \/><\/a> <a href=\"https:\/\/www.feuerwehr-matzen.at\/wp-content\/uploads\/2013\/07\/K-uebung_cGeraldNaber_090.jpg\"><img loading=\"lazy\" decoding=\"async\" class=\"alignleft size-thumbnail wp-image-2724\" alt=\"K-uebung_(c)GeraldNaber_090\" src=\"https:\/\/www.feuerwehr-matzen.at\/wp-content\/uploads\/2013\/07\/K-uebung_cGeraldNaber_090-150x150.jpg\" width=\"150\" height=\"150\" \/><\/a> <a href=\"https:\/\/www.feuerwehr-matzen.at\/wp-content\/uploads\/2013\/07\/K-uebung_cGeraldNaber_077.jpg\"><img loading=\"lazy\" decoding=\"async\" class=\"alignleft size-thumbnail wp-image-2723\" alt=\"K-uebung_(c)GeraldNaber_077\" src=\"https:\/\/www.feuerwehr-matzen.at\/wp-content\/uploads\/2013\/07\/K-uebung_cGeraldNaber_077-150x150.jpg\" width=\"150\" height=\"150\" \/><\/a> <a href=\"https:\/\/www.feuerwehr-matzen.at\/wp-content\/uploads\/2013\/07\/K-uebung_cGeraldNaber_073.jpg\"><img loading=\"lazy\" decoding=\"async\" class=\"alignleft size-thumbnail wp-image-2722\" alt=\"K-uebung_(c)GeraldNaber_073\" src=\"https:\/\/www.feuerwehr-matzen.at\/wp-content\/uploads\/2013\/07\/K-uebung_cGeraldNaber_073-150x150.jpg\" width=\"150\" height=\"150\" \/><\/a> <a href=\"https:\/\/www.feuerwehr-matzen.at\/wp-content\/uploads\/2013\/07\/K-uebung_cGeraldNaber_069.jpg\"><img loading=\"lazy\" decoding=\"async\" class=\"alignleft size-thumbnail wp-image-2721\" alt=\"K-uebung_(c)GeraldNaber_069\" src=\"https:\/\/www.feuerwehr-matzen.at\/wp-content\/uploads\/2013\/07\/K-uebung_cGeraldNaber_069-150x150.jpg\" width=\"150\" height=\"150\" \/><\/a> <a href=\"https:\/\/www.feuerwehr-matzen.at\/wp-content\/uploads\/2013\/07\/K-uebung_cGeraldNaber_067.jpg\"><img loading=\"lazy\" decoding=\"async\" class=\"alignleft size-thumbnail wp-image-2720\" alt=\"K-uebung_(c)GeraldNaber_067\" src=\"https:\/\/www.feuerwehr-matzen.at\/wp-content\/uploads\/2013\/07\/K-uebung_cGeraldNaber_067-150x150.jpg\" width=\"150\" height=\"150\" \/><\/a> <a href=\"https:\/\/www.feuerwehr-matzen.at\/wp-content\/uploads\/2013\/08\/K-uebung_cGeraldNaber_065.jpg\"><img loading=\"lazy\" decoding=\"async\" class=\"alignleft size-thumbnail wp-image-3064\" alt=\"K-uebung_(c)GeraldNaber_065\" src=\"https:\/\/www.feuerwehr-matzen.at\/wp-content\/uploads\/2013\/08\/K-uebung_cGeraldNaber_065-150x150.jpg\" width=\"150\" height=\"150\" \/><\/a> <a href=\"https:\/\/www.feuerwehr-matzen.at\/wp-content\/uploads\/2013\/08\/K-uebung_cGeraldNaber_058.jpg\"><img loading=\"lazy\" decoding=\"async\" class=\"alignleft size-thumbnail wp-image-3063\" alt=\"K-uebung_(c)GeraldNaber_058\" src=\"https:\/\/www.feuerwehr-matzen.at\/wp-content\/uploads\/2013\/08\/K-uebung_cGeraldNaber_058-150x150.jpg\" width=\"150\" height=\"150\" \/><\/a> <a href=\"https:\/\/www.feuerwehr-matzen.at\/wp-content\/uploads\/2013\/07\/K-uebung_cGeraldNaber_054.jpg\"><img loading=\"lazy\" decoding=\"async\" class=\"alignleft size-thumbnail wp-image-2717\" alt=\"K-uebung_(c)GeraldNaber_054\" src=\"https:\/\/www.feuerwehr-matzen.at\/wp-content\/uploads\/2013\/07\/K-uebung_cGeraldNaber_054-150x150.jpg\" width=\"150\" height=\"150\" \/><\/a> <a href=\"https:\/\/www.feuerwehr-matzen.at\/wp-content\/uploads\/2013\/08\/K-uebung_cGeraldNaber_050.jpg\"><img loading=\"lazy\" decoding=\"async\" class=\"alignleft size-thumbnail wp-image-3205\" alt=\"K-uebung_(c)GeraldNaber_050\" src=\"https:\/\/www.feuerwehr-matzen.at\/wp-content\/uploads\/2013\/08\/K-uebung_cGeraldNaber_050-150x150.jpg\" width=\"150\" height=\"150\" \/><\/a> <a href=\"https:\/\/www.feuerwehr-matzen.at\/wp-content\/uploads\/2013\/08\/K-uebung_cGeraldNaber_038.jpg\"><img loading=\"lazy\" decoding=\"async\" class=\"alignleft size-thumbnail wp-image-3204\" alt=\"K-uebung_(c)GeraldNaber_038\" src=\"https:\/\/www.feuerwehr-matzen.at\/wp-content\/uploads\/2013\/08\/K-uebung_cGeraldNaber_038-150x150.jpg\" width=\"150\" height=\"150\" \/><\/a> <a href=\"https:\/\/www.feuerwehr-matzen.at\/wp-content\/uploads\/2013\/07\/K-uebung_cGeraldNaber_036.jpg\"><img loading=\"lazy\" decoding=\"async\" class=\"alignleft size-thumbnail wp-image-2714\" alt=\"K-uebung_(c)GeraldNaber_036\" src=\"https:\/\/www.feuerwehr-matzen.at\/wp-content\/uploads\/2013\/07\/K-uebung_cGeraldNaber_036-150x150.jpg\" width=\"150\" height=\"150\" \/><\/a> <a href=\"https:\/\/www.feuerwehr-matzen.at\/wp-content\/uploads\/2013\/07\/K-uebung_cGeraldNaber_026.jpg\"><img loading=\"lazy\" decoding=\"async\" class=\"alignleft size-thumbnail wp-image-2713\" alt=\"K-uebung_(c)GeraldNaber_026\" src=\"https:\/\/www.feuerwehr-matzen.at\/wp-content\/uploads\/2013\/07\/K-uebung_cGeraldNaber_026-150x150.jpg\" width=\"150\" height=\"150\" \/><\/a> <a href=\"https:\/\/www.feuerwehr-matzen.at\/wp-content\/uploads\/2013\/07\/K-uebung_cGeraldNaber_024.jpg\"><img loading=\"lazy\" decoding=\"async\" class=\"alignleft size-thumbnail wp-image-2712\" alt=\"K-uebung_(c)GeraldNaber_024\" src=\"https:\/\/www.feuerwehr-matzen.at\/wp-content\/uploads\/2013\/07\/K-uebung_cGeraldNaber_024-150x150.jpg\" width=\"150\" height=\"150\" \/><\/a> <a href=\"https:\/\/www.feuerwehr-matzen.at\/wp-content\/uploads\/2013\/07\/K-uebung_cGeraldNaber_019.jpg\"><img loading=\"lazy\" decoding=\"async\" class=\"alignleft size-thumbnail wp-image-2711\" alt=\"K-uebung_(c)GeraldNaber_019\" src=\"https:\/\/www.feuerwehr-matzen.at\/wp-content\/uploads\/2013\/07\/K-uebung_cGeraldNaber_019-150x150.jpg\" width=\"150\" height=\"150\" \/><\/a> <a href=\"https:\/\/www.feuerwehr-matzen.at\/wp-content\/uploads\/2013\/08\/K-uebung_cGeraldNaber_013.jpg\"><img loading=\"lazy\" decoding=\"async\" class=\"alignleft size-thumbnail wp-image-3062\" alt=\"K-uebung_(c)GeraldNaber_013\" src=\"https:\/\/www.feuerwehr-matzen.at\/wp-content\/uploads\/2013\/08\/K-uebung_cGeraldNaber_013-150x150.jpg\" width=\"150\" height=\"150\" \/><\/a> <a href=\"https:\/\/www.feuerwehr-matzen.at\/wp-content\/uploads\/2013\/07\/K-uebung_cGeraldNaber_002.jpg\"><img loading=\"lazy\" decoding=\"async\" class=\"alignleft size-thumbnail wp-image-2709\" alt=\"K-uebung_(c)GeraldNaber_002\" src=\"https:\/\/www.feuerwehr-matzen.at\/wp-content\/uploads\/2013\/07\/K-uebung_cGeraldNaber_002-150x150.jpg\" width=\"150\" height=\"150\" \/><\/a><\/p>\n","protected":false},"excerpt":{"rendered":"<p>Schweres Busungl\u00fcck in Matzen Gro\u00dfschadens\u00fcbung mit 6 beteiligten Fahrzeugen und 45 Verletzten Samstag, den 20. April zwischen Matzen und G\u00e4nserndorf kurz vor 14 Uhr. Ein Autobus, in dem sich zirka 35 Personen befanden, kollidierte im Kreuzungsbereich der L3159 und einem <a class=\"more-link\" href=\"https:\/\/www.feuerwehr-matzen.at\/?page_id=1492\">weiterlesen  <span class=\"screen-reader-text\">  20. April 2013<\/span><span class=\"meta-nav\">&rarr;<\/span><\/a><\/p>\n","protected":false},"author":6,"featured_media":0,"parent":0,"menu_order":0,"comment_status":"closed","ping_status":"open","template":"","meta":{"footnotes":""},"class_list":["post-1492","page","type-page","status-publish","hentry"],"_links":{"self":[{"href":"https:\/\/www.feuerwehr-matzen.at\/index.php?rest_route=\/wp\/v2\/pages\/1492","targetHints":{"allow":["GET"]}}],"collection":[{"href":"https:\/\/www.feuerwehr-matzen.at\/index.php?rest_route=\/wp\/v2\/pages"}],"about":[{"href":"https:\/\/www.feuerwehr-matzen.at\/index.php?rest_route=\/wp\/v2\/types\/page"}],"author":[{"embeddable":true,"href":"https:\/\/www.feuerwehr-matzen.at\/index.php?rest_route=\/wp\/v2\/users\/6"}],"replies":[{"embeddable":true,"href":"https:\/\/www.feuerwehr-matzen.at\/index.php?rest_route=%2Fwp%2Fv2%2Fcomments&post=1492"}],"version-history":[{"count":15,"href":"https:\/\/www.feuerwehr-matzen.at\/index.php?rest_route=\/wp\/v2\/pages\/1492\/revisions"}],"predecessor-version":[{"id":3399,"href":"https:\/\/www.feuerwehr-matzen.at\/index.php?rest_route=\/wp\/v2\/pages\/1492\/revisions\/3399"}],"wp:attachment":[{"href":"https:\/\/www.feuerwehr-matzen.at\/index.php?rest_route=%2Fwp%2Fv2%2Fmedia&parent=1492"}],"curies":[{"name":"wp","href":"https:\/\/api.w.org\/{rel}","templated":true}]}}