{"id":1494,"date":"2013-07-22T16:11:13","date_gmt":"2013-07-22T14:11:13","guid":{"rendered":"http:\/\/www.feuerwehr-matzen.at\/?page_id=1494"},"modified":"2020-09-18T14:15:11","modified_gmt":"2020-09-18T12:15:11","slug":"01-marz-2013","status":"publish","type":"page","link":"https:\/\/www.feuerwehr-matzen.at\/?page_id=1494","title":{"rendered":"01. M\u00e4rz 2013"},"content":{"rendered":"<p><strong>Brand im Optimum Matzen<\/strong><a title=\"\u00dcbungen 2013\" href=\"https:\/\/www.feuerwehr-matzen.at\/?page_id=486\"><img loading=\"lazy\" decoding=\"async\" class=\"alignright size-full wp-image-1833\" alt=\"return\" src=\"https:\/\/www.feuerwehr-matzen.at\/wp-content\/uploads\/2013\/07\/return.jpg\" width=\"65\" height=\"30\" \/><\/a><\/p>\n<p>In der ersten Monats\u00fcbung des Jahres am 1.M\u00e4rz 2013 war die \u00dcbungsannahme ein Kellerbrand mit vermissten Personen im Optimum Matzen.<br \/>\nKurz nach 19 Uhr r\u00fcckten 18 Einsatzkr\u00e4fte mit 2 Fahrzeugen zum \u00dcbungsort aus. Dort angekommen erteilte der \u00dcbungsleiter seinen Gruppenkommandanten die Befehle. Die Mannschaft des RLF-A 2000 wurde mit der Menschenrettung unter Atemschutz beauftragt. Nur wenige Augenblicke sp\u00e4ter begab sich der erste Atemschutztrupp in das Brandobjekt. Die restliche Mannschaft stellte die Wasserversorgung her, richtete die Einsatzleitung und einen Atemschutzsammelplatz ein und bereitete die weitere Betreueung der verletzten Personen vor.<br \/>\nKurz nach Eindringen des Atemschutztrupps in den Brandraum, konnte die erste Person vorgefunden und ins Freie gebracht werden. Aufgrund der noch vorhandenen Luftreserven, etschied sich der Trupp nochmals zur Menschenrettung vorzugehen. W\u00e4hrend sich der Trupp durch den engen Raum tastete wurde ein Kanister mit brennbaren Fl\u00fc\u00dfigkeiten gefunden und aus der Gefahrenzone gebracht. Da vermutet wurde, dass sich noch eine Person im Brandraum befand, r\u00fcckte der Trupp abermalls in den verqualtmen Raum. Kurz darauf konnte eine weitere Person aufgefunden und in Sicherheit gebracht werden. Die Kameraden vor dem Brandobjekt k\u00fcmmerten sich inzwischen um den ersten Verletzten.<br \/>\nNachdem alle Personen aus dem Objekt gerettet wurden, konnte die \u00dcbung erfolgreich beendet und zur \u00dcbungsnachbesprechung \u00fcbergegangen werden. Kommandant Neubauer lobte die Vorgangsweise des Trupps und erl\u00e4uterte die Gefahren in einem Ernstfall. Nach dem Ausbildungsleiter Widhalm ebenso die Arbeit aller Einsatzkr\u00e4fte lobte r\u00fcckten alle Beteiligten nach rund einer Stunden ins Zeughaus zu einer kleinen St\u00e4rkung ein.<\/p>\n<p><a href=\"https:\/\/www.feuerwehr-matzen.at\/wp-content\/uploads\/2013\/07\/DSC07727.jpg\"><img loading=\"lazy\" decoding=\"async\" class=\"alignleft size-thumbnail wp-image-2707\" alt=\"DSC07727\" src=\"https:\/\/www.feuerwehr-matzen.at\/wp-content\/uploads\/2013\/07\/DSC07727-150x150.jpg\" width=\"150\" height=\"150\" \/><\/a> <a href=\"https:\/\/www.feuerwehr-matzen.at\/wp-content\/uploads\/2013\/07\/DSC07725.jpg\"><img loading=\"lazy\" decoding=\"async\" class=\"alignleft size-thumbnail wp-image-2706\" alt=\"DSC07725\" src=\"https:\/\/www.feuerwehr-matzen.at\/wp-content\/uploads\/2013\/07\/DSC07725-150x150.jpg\" width=\"150\" height=\"150\" \/><\/a> <a href=\"https:\/\/www.feuerwehr-matzen.at\/wp-content\/uploads\/2013\/07\/DSC07721.jpg\"><img loading=\"lazy\" decoding=\"async\" class=\"alignleft size-thumbnail wp-image-2705\" alt=\"DSC07721\" src=\"https:\/\/www.feuerwehr-matzen.at\/wp-content\/uploads\/2013\/07\/DSC07721-150x150.jpg\" width=\"150\" height=\"150\" \/><\/a> <a href=\"https:\/\/www.feuerwehr-matzen.at\/wp-content\/uploads\/2013\/07\/DSC07720.jpg\"><img loading=\"lazy\" decoding=\"async\" class=\"alignleft size-thumbnail wp-image-2704\" alt=\"DSC07720\" src=\"https:\/\/www.feuerwehr-matzen.at\/wp-content\/uploads\/2013\/07\/DSC07720-150x150.jpg\" width=\"150\" height=\"150\" \/><\/a> <a href=\"https:\/\/www.feuerwehr-matzen.at\/wp-content\/uploads\/2013\/07\/DSC07715.jpg\"><img loading=\"lazy\" decoding=\"async\" class=\"alignleft size-thumbnail wp-image-2703\" alt=\"DSC07715\" src=\"https:\/\/www.feuerwehr-matzen.at\/wp-content\/uploads\/2013\/07\/DSC07715-150x150.jpg\" width=\"150\" height=\"150\" \/><\/a> <a href=\"https:\/\/www.feuerwehr-matzen.at\/wp-content\/uploads\/2013\/07\/DSC07712.jpg\"><img loading=\"lazy\" decoding=\"async\" class=\"alignleft size-thumbnail wp-image-2702\" alt=\"DSC07712\" src=\"https:\/\/www.feuerwehr-matzen.at\/wp-content\/uploads\/2013\/07\/DSC07712-150x150.jpg\" width=\"150\" height=\"150\" \/><\/a> <a href=\"https:\/\/www.feuerwehr-matzen.at\/wp-content\/uploads\/2013\/07\/DSC07708.jpg\"><img loading=\"lazy\" decoding=\"async\" class=\"alignleft size-thumbnail wp-image-2701\" alt=\"DSC07708\" src=\"https:\/\/www.feuerwehr-matzen.at\/wp-content\/uploads\/2013\/07\/DSC07708-150x150.jpg\" width=\"150\" height=\"150\" \/><\/a> <a href=\"https:\/\/www.feuerwehr-matzen.at\/wp-content\/uploads\/2013\/07\/DSC07706.jpg\"><img loading=\"lazy\" decoding=\"async\" class=\"alignleft size-thumbnail wp-image-2700\" alt=\"DSC07706\" src=\"https:\/\/www.feuerwehr-matzen.at\/wp-content\/uploads\/2013\/07\/DSC07706-150x150.jpg\" width=\"150\" height=\"150\" \/><\/a> <a href=\"https:\/\/www.feuerwehr-matzen.at\/wp-content\/uploads\/2013\/07\/DSC07700.jpg\"><img loading=\"lazy\" decoding=\"async\" class=\"alignleft size-thumbnail wp-image-2699\" alt=\"DSC07700\" src=\"https:\/\/www.feuerwehr-matzen.at\/wp-content\/uploads\/2013\/07\/DSC07700-150x150.jpg\" width=\"150\" height=\"150\" \/><\/a><\/p>\n","protected":false},"excerpt":{"rendered":"<p>Brand im Optimum Matzen In der ersten Monats\u00fcbung des Jahres am 1.M\u00e4rz 2013 war die \u00dcbungsannahme ein Kellerbrand mit vermissten Personen im Optimum Matzen. Kurz nach 19 Uhr r\u00fcckten 18 Einsatzkr\u00e4fte mit 2 Fahrzeugen zum \u00dcbungsort aus. Dort angekommen erteilte <a class=\"more-link\" href=\"https:\/\/www.feuerwehr-matzen.at\/?page_id=1494\">weiterlesen  <span class=\"screen-reader-text\">  01. M\u00e4rz 2013<\/span><span class=\"meta-nav\">&rarr;<\/span><\/a><\/p>\n","protected":false},"author":6,"featured_media":0,"parent":0,"menu_order":0,"comment_status":"closed","ping_status":"open","template":"","meta":{"footnotes":""},"class_list":["post-1494","page","type-page","status-publish","hentry"],"_links":{"self":[{"href":"https:\/\/www.feuerwehr-matzen.at\/index.php?rest_route=\/wp\/v2\/pages\/1494","targetHints":{"allow":["GET"]}}],"collection":[{"href":"https:\/\/www.feuerwehr-matzen.at\/index.php?rest_route=\/wp\/v2\/pages"}],"about":[{"href":"https:\/\/www.feuerwehr-matzen.at\/index.php?rest_route=\/wp\/v2\/types\/page"}],"author":[{"embeddable":true,"href":"https:\/\/www.feuerwehr-matzen.at\/index.php?rest_route=\/wp\/v2\/users\/6"}],"replies":[{"embeddable":true,"href":"https:\/\/www.feuerwehr-matzen.at\/index.php?rest_route=%2Fwp%2Fv2%2Fcomments&post=1494"}],"version-history":[{"count":4,"href":"https:\/\/www.feuerwehr-matzen.at\/index.php?rest_route=\/wp\/v2\/pages\/1494\/revisions"}],"predecessor-version":[{"id":5749,"href":"https:\/\/www.feuerwehr-matzen.at\/index.php?rest_route=\/wp\/v2\/pages\/1494\/revisions\/5749"}],"wp:attachment":[{"href":"https:\/\/www.feuerwehr-matzen.at\/index.php?rest_route=%2Fwp%2Fv2%2Fmedia&parent=1494"}],"curies":[{"name":"wp","href":"https:\/\/api.w.org\/{rel}","templated":true}]}}