{"id":19,"date":"2013-06-17T16:03:35","date_gmt":"2013-06-17T14:03:35","guid":{"rendered":"http:\/\/www.gobolino.at\/feuerwehr\/?page_id=19"},"modified":"2021-04-25T21:19:14","modified_gmt":"2021-04-25T19:19:14","slug":"alamierungen","status":"publish","type":"page","link":"https:\/\/www.feuerwehr-matzen.at\/?page_id=19","title":{"rendered":"Alarmierungen"},"content":{"rendered":"<p style=\"text-align: justify;\">Was passiert, wenn Sie den Feuerwehr-Notruf 122 anrufen?<br>Der Diensthabende der Bereichsalarmzentrale (kurz: BAZ) Mistelbach \u00fcbernimmt den eingehenden Notruf. Um ein exaktes alarmieren der ben\u00f6tigten Einsatzkr\u00e4fte zu erm\u00f6glichen, m\u00fcssen Sie ihm ein paar wichtige Informationen weitergeben. Nachdem der Diensthabende alle Informationen aufgenommen hat beendet er das Gespr\u00e4ch und alarmiert umgehend eine oder mehrere zust\u00e4ndige Feuerwehren. Der Diensthabende kann von seinem Arbeitsplatz alle Feuerwehren der Bezirke G\u00e4nserndorf und Mistelbach auf Knopfdruck alarmieren.<\/p>\n<p style=\"text-align: justify;\">Die Freiwillige Feuerwehr Matzen verf\u00fcgt \u00fcber folgende Alarmierungsvarianten:<br>Die Sirenenalarmierung stellt die wichtigste Alarmierungsart im Einsatzfall dar. F\u00fcr die Ausl\u00f6sung einer Sirene gibt es die M\u00f6glichkeit per Hand im Feuerwehrhaus oder durch die BAZ Mistelbach. Die 3 Matzner Sirenen befinden sich am Hauptplatz (Altes Feuerwehrhaus), in der Oberen Berggasse und in der Bahnstra\u00dfe (Neues Feuerwehrhaus). Nat\u00fcrlich dienen die Sirenen nicht nur der Feuerwehr, sondern der gesamten Bev\u00f6lkerung. Die Sirenen warnen alle B\u00fcrger im Katastrophenfall. Hier die wichtigen Zivilschutzsignale der Sirenen.<\/p>\n\n\n<figure class=\"wp-block-gallery columns-1 is-cropped wp-block-gallery-1 is-layout-flex wp-block-gallery-is-layout-flex\"><ul class=\"blocks-gallery-grid\"><li class=\"blocks-gallery-item\"><figure><a href=\"https:\/\/www.feuerwehr-matzen.at\/wp-content\/uploads\/2021\/04\/zivilschutzsignale.gif\"><img loading=\"lazy\" decoding=\"async\" width=\"512\" height=\"304\" src=\"https:\/\/www.feuerwehr-matzen.at\/wp-content\/uploads\/2021\/04\/zivilschutzsignale.gif\" alt=\"\" data-id=\"6924\" data-full-url=\"https:\/\/www.feuerwehr-matzen.at\/wp-content\/uploads\/2021\/04\/zivilschutzsignale.gif\" data-link=\"https:\/\/www.feuerwehr-matzen.at\/?attachment_id=6924\" class=\"wp-image-6924\"\/><\/a><\/figure><\/li><\/ul><\/figure>\n\n\n\n<p><\/p>\n\n\n\n<p>Seit 2010 bildet die BlaulichtSMS die zweite Alarmierungsvariante. Dieses Variante versendet im Einsatzfall automatisch Textmitteilungen an alle Feuerwehrmitglieder. Diese bekommen den kompletten Alarmtext innerhalb von Sekunden direkt auf ihr Handydisplay. Dieses Flash SMS ist bevorzugt, da es keine Verz\u00f6gerung durch eventuelle Netz\u00fcberlastungen der Netzbetreiber gibt. Au\u00dferdem ist es \u00fcber die BlaulichtSMS m\u00f6glich \u00fcber entweder verschiedene Alarmierungsschleifen oder einzelne Kameraden zu alarmieren. Bei Vollalarm wird gleichzeitig mittels Sirene und BlaulichtSMS alarmiert. Es gibt aber auch die M\u00f6glichkeit der stillen Alarmierung \u00fcber die variablen Schleifen der BlaulichtSMS. Zus\u00e4tzlich wird die BlaulichtSMS zur Benachrichtigung von Kursen oder \u00dcbungen verwendet.<\/p>\n","protected":false},"excerpt":{"rendered":"<p>Was passiert, wenn Sie den Feuerwehr-Notruf 122 anrufen?Der Diensthabende der Bereichsalarmzentrale (kurz: BAZ) Mistelbach \u00fcbernimmt den eingehenden Notruf. Um ein exaktes alarmieren der ben\u00f6tigten Einsatzkr\u00e4fte zu erm\u00f6glichen, m\u00fcssen Sie ihm ein paar wichtige Informationen weitergeben. Nachdem der Diensthabende alle Informationen <a class=\"more-link\" href=\"https:\/\/www.feuerwehr-matzen.at\/?page_id=19\">weiterlesen  <span class=\"screen-reader-text\">  Alarmierungen<\/span><span class=\"meta-nav\">&rarr;<\/span><\/a><\/p>\n","protected":false},"author":6,"featured_media":0,"parent":0,"menu_order":0,"comment_status":"closed","ping_status":"open","template":"","meta":{"footnotes":""},"class_list":["post-19","page","type-page","status-publish","hentry"],"_links":{"self":[{"href":"https:\/\/www.feuerwehr-matzen.at\/index.php?rest_route=\/wp\/v2\/pages\/19","targetHints":{"allow":["GET"]}}],"collection":[{"href":"https:\/\/www.feuerwehr-matzen.at\/index.php?rest_route=\/wp\/v2\/pages"}],"about":[{"href":"https:\/\/www.feuerwehr-matzen.at\/index.php?rest_route=\/wp\/v2\/types\/page"}],"author":[{"embeddable":true,"href":"https:\/\/www.feuerwehr-matzen.at\/index.php?rest_route=\/wp\/v2\/users\/6"}],"replies":[{"embeddable":true,"href":"https:\/\/www.feuerwehr-matzen.at\/index.php?rest_route=%2Fwp%2Fv2%2Fcomments&post=19"}],"version-history":[{"count":15,"href":"https:\/\/www.feuerwehr-matzen.at\/index.php?rest_route=\/wp\/v2\/pages\/19\/revisions"}],"predecessor-version":[{"id":6987,"href":"https:\/\/www.feuerwehr-matzen.at\/index.php?rest_route=\/wp\/v2\/pages\/19\/revisions\/6987"}],"wp:attachment":[{"href":"https:\/\/www.feuerwehr-matzen.at\/index.php?rest_route=%2Fwp%2Fv2%2Fmedia&parent=19"}],"curies":[{"name":"wp","href":"https:\/\/api.w.org\/{rel}","templated":true}]}}