{"id":202,"date":"2013-06-18T17:07:19","date_gmt":"2013-06-18T15:07:19","guid":{"rendered":"http:\/\/www.gobolino.at\/feuerwehr\/?page_id=202"},"modified":"2020-09-18T14:15:44","modified_gmt":"2020-09-18T12:15:44","slug":"geschichte","status":"publish","type":"page","link":"https:\/\/www.feuerwehr-matzen.at\/?page_id=202","title":{"rendered":"Geschichte"},"content":{"rendered":"<p><strong>Gr\u00fcndung<br \/>\n<\/strong>Die freiwillige Feuerwehr Matzen wurde am 12. M\u00e4rz 1880 unter dem damaligen Kommandanten Heinrich Hahn gegr\u00fcndet. Die Vereinsgr\u00fcndung wurde am 14. M\u00e4rz 1880 vom damaligen B\u00fcrgermeister Leonhard Skoumal und dem zust\u00e4ndigen Ausschuss best\u00e4tigt.<\/p>\n<p><strong> 1899<br \/>\n<\/strong>Moritz Oppennauer gr\u00fcndete den Feuerwehrverband Matzen. Er diente bis 1924 als Kommandant dieser Feuerwehrvereinigung.<\/p>\n<p><strong>1928<br \/>\n<\/strong>Unter Kommandant Matthias Stadler wurde in diesem Jahr eine Viertakt-Motorspritze, die den Hydrophor abl\u00f6ste, angeschafft.<\/p>\n<p><strong>1938-1945<\/strong><br \/>\nMit der Annexion \u00d6sterreichs durch das Deutsche Reich 1938 verlor auch die Feuerwehr Matzen ihre autonome Stellung. Der Gemeinde unterstellt, handelte es sich nur mehr um eine technische Polizeihilfstruppe. Die FF Matzen wurde 1941 bei einem Gro\u00dfbrand eingesetzt und zu Kriegsende galt es einige Br\u00e4nde im Ortsgebiet zu bek\u00e4mpfen.<\/p>\n<p><strong>1945-1950<\/strong><br \/>\nDer Wiederaufbau der Feuerwehr Matzen wurde in diesen Jahren durchgef\u00fchrt. Viele Ausr\u00fcstungsgegenst\u00e4nde waren in den Kriegsjahren verloren gegangen, viele M\u00e4nner aus der Kriegsgefangenschaft noch nicht zur\u00fcckgekehrt. Manch Einer wollte \u00fcberhaupt keine Uniform mehr anziehen.<br \/>\nEin Mann der ersten Stunde, ein Mann, der schon vor Kriegsbeginn die Wehr f\u00fchrte, von 1930-1951, war Georg Hepler. Er begann mit einer Handvoll M\u00e4nner den Wiederaufbau der FF Matzen. Die bereits 1928 angekaufte Motorspritze wurde wieder in den Dienst der Matzner Feuerwehr gestellt. Es wurden weitere wichtige Anschaffungen get\u00e4tigt.<br \/>\nIm Jahre 1950 wurde die BTF OMV G\u00e4nserndorf gegr\u00fcndet, welche einen wesentlichen Sicherheitsfaktor und hohen Stellenwert bildete. Somit wurden in Prottes und Matzen Feuerwachen gegr\u00fcndet.<\/p>\n<p><strong>1950-1976<\/strong><br \/>\nIm Jahre 1952 wurde Karl Leibrecht sen. Kommandant der Feuerwehr Matzen und blieb in dieser Funktion bis 1980. 1955 wurde ein Mannschaftswagen der Type &#8222;Dodge&#8220;, ein Kriegsfahrzeug, angekauft und f\u00fcr die Feuerwehr so umgebaut, dass Ger\u00e4te und die Mannschaft Platz fanden.<br \/>\nZwei Jahre sp\u00e4ter wurde eine neue Pumpe mit Anh\u00e4nger der Firma Rosenbauer in den Dienst gestellt. Sie l\u00f6ste die 1928 gekaufte Motorspritze ab. Im August 1962 wurde in Matzen ein TLF 1000 seiner Bestimmung \u00fcbergeben. Von 1950 bis 1966 war die Feuerwehr im sogenannten &#8222;Meierhof&#8220; untergebracht.<br \/>\n1966 wurde ein nach modernsten Kenntnissen gebauter Neubau in der Meierhofgasse bezogen. Dieses Feuerwehrhaus leistete seine Dienste bis ins Jahr 2003. Im Jahre 1968 wurde ein Kommandofahrzeug der Marke Fiat angeschafft.<\/p>\n<p><strong>1980<\/strong><br \/>\nZum 100 Jahr Jubil\u00e4um erhielt die Feuerwehr ein neues TLF 2000. Dieses wurde am 24. Juni 1980 von B\u00fcrgermeister Kaspar \u00fcbergeben. Das TLF 2000 ist bis heute im Einsatz.<\/p>\n<p><strong>1981<\/strong><br \/>\nIn diesem Jahr wurde der Ankauf einer Gel\u00e4ndemaschine, eines Notstromaggregates sowie Fluter get\u00e4tigt. Diese Anschaffung war notwendig da es in der Nacht immer wieder zu schweren Unf\u00e4llen kam. Ebenso wurde in Eigenregie eine Abschleppachse, die bis zur Mitte der 90er Jahre ihren Dienst versah, gebaut.<\/p>\n<p><strong>1986<br \/>\n<\/strong>Unter dem neuen Kommandant Franz Kienberger wurde eine Funkfixstation und ein Telefon in das Feuerwehrhaus eingebaut.<br \/>\nAm 30. August 1986 kam es zu einer schweren Menschenrettung nach einen Verkehrsunfall. Dieser f\u00fchrte dazu, dass zum ersten Mal der Rettungshubschrauber Christopherus III zur Nachtlandung in unserem Bezirk ansetzen musste.<\/p>\n<p><strong>1987<\/strong><br \/>\nEs erfolgte die Innenrenovierung des Feuerwehrhauses. Ebenso wurde ein Kleinr\u00fcstfahrzeug mit Bergeausr\u00fcstung als Ersatz f\u00fcr das in die Jahre gekommene Kommandofahrzeug &#8222;Fiat&#8220; angekauft. Weiters wurde ein Hydraulisches Rettungsger\u00e4t in den Dienst der Feuerwehr gestellt.<br \/>\nIn diesem Jahr ereignete sich ein noch nie dagewesener Gro\u00dfbrand in Tallesbrunn. Der gesamte Bezirk G\u00e4nserndorf war bei -25\u00b0C im Einsatz. Ebenso waren weitere Br\u00e4nde und einige Unwettereins\u00e4tze zu verzeichnen.<\/p>\n<p><strong>1989<\/strong><br \/>\n1989 begann seitens der Alarmierung ein neues Zeitalter bei der Feuerwehr Matzen. Die Feuerwehr begann mit der ersten Ausbaustufe zur Funkalarmierung und den Ankauf von 11 Personenrufempf\u00e4ngern. Die Funkalarmierung brachte eine wesentliche Verbesserung der Ausfahrtszeit mit sich und konnte diese auf 4 bis 4,5 Minuten senken.<\/p>\n<p><strong>1990<\/strong><br \/>\nZur 110 Jahrfeier der Feuerwehr Matzen wurden viele Veranstaltungen abgehalten:<br \/>\nJubil\u00e4umsball, Alarm\u00fcbungen, Floriani-Feier, Abschnittsleistungsbewerb, Festsitzung und eine Fahrzeug und Ger\u00e4teschau.<br \/>\nAm 20. Juni 1990 musste die Feuerwehr Matzen zu einen Einsatz in der Schule ausr\u00fccken. Ein fehlerhaftes Ventil lies 20.000 Liter Wasser auslaufen. 6 Mann waren 12 Stunden besch\u00e4ftigt um die Sch\u00e4den zu beseitigen. Im selben Jahr wurde die Ortschaft Matzen von einer Brandserie heimgesucht.<\/p>\n<p><strong>1991<\/strong><br \/>\nZur 110 Jahrfeier der Feuerwehr Matzen wurden viele Veranstaltungen abgehalten:<br \/>\nJubil\u00e4umsball, Alarm\u00fcbungen, Floriani-Feier, Abschnittsleistungsbewerb, Festsitzung und eine Fahrzeug und Ger\u00e4teschau.<br \/>\nAm 20. Juni 1990 musste die Feuerwehr Matzen zu einen Einsatz in der Schule ausr\u00fccken. Ein fehlerhaftes Ventil lies 20.000 Liter Wasser auslaufen. 6 Mann waren 12 Stunden besch\u00e4ftigt um die Sch\u00e4den zu beseitigen. Im selben Jahr wurde die Ortschaft Matzen von einer Brandserie heimgesucht.<\/p>\n<p><strong>1992<\/strong><br \/>\nAuf Grund der vielen Brandeins\u00e4tze der letzten Jahre wurde ein Ringmonitor (Wasserwerfer) und ein Hydroschild (Wasserwand) in den Dienst der Feuerwehr Matzen gestellt. Ebenso wurde in diesem Jahr ein gebrauchtes Fahrzeug angeschafft. Dieses wurde in Eigenregie zu einem Kommandofahrzeug umgebaut und am 24. Dezember 1992 der \u00d6ffentlichkeit pr\u00e4sentiert.<\/p>\n<p><strong>1993<\/strong><br \/>\nIm Jahr 1993 wurden 3 neue Atemschutzger\u00e4te sowie 6 Reserveflaschen angekauft und in das neue Kommandofahrzeug eingebaut.<\/p>\n<p><strong>1994<\/strong><br \/>\n1994 wurde eine neue Abschleppachse angekauft. Diese ersetzte die alte, nicht mehr zeitgem\u00e4\u00dfe Abschleppachse.<\/p>\n<p>Ebenso wurde die 800 Jahr Feier der Gemeinde Matzen von der Feuerwehr Matzen mit einer Wasser &amp; Feuer Show, einem Historischer Umzug sowie einer Alarm\u00fcbung in der Schule mitgestaltet.<br \/>\nAm 15. August 1994 um 0.30 Uhr wurde die Feuerwehr Matzen zu einem Amoniakaustritt am Eislaufplatz in Matzen alarmiert. Die Feuerwehr Matzen r\u00fcckte mit 3 Fahrzeugen und 20 Mann zu diesem Einsatz aus. Ebenso stand auch &#8222;Chemie Auersthal&#8220; mit 17 Mann im Einsatz. Die Feuerwehren standen bis in die Abendstunden im Einsatz.<\/p>\n<p><strong>1995<br \/>\n<\/strong>In diesem Jahr feierte die Feuerwehr Matzen ihr 115-j\u00e4hriges Jubil\u00e4um. Zu diesem Ereignis wurde eine 18 Meter Anh\u00e4ngeleiter angeschafft. Au\u00dferdem konnten dank gro\u00dfz\u00fcgiger Sponsoren 28 St\u00fcck Feuerwehrhelme der neuen Generation angekauft und in den Dienst gestellt werden. Ebenso wurde der Bezirksfeuerwehrtag in Matzen abgehalten.<br \/>\n<em id=\"__mceDel\">Am 22. Oktober 1995 wurde vom Abschnitt G\u00e4nserndorf, zu dem auch die Feuerwehr Matzen geh\u00f6rt, der Weltrekord f\u00fcr &#8222;die l\u00e4ngste Schlauchleitung der Welt&#8220; aufgestellt. Diese Leitung verlief vom Matzner Hauptplatz bis zum Rathausplatz in G\u00e4nserndorf. Diese Strecke betrug 10.505 Meter. Es wurden 65.000 Liter Wasser in einer Zeit von 55 Minuten 59 Sekunden verpumpt.<\/em><\/p>\n<p><strong>1996<\/strong><br \/>\nAufgrund der seit 1995 steigenden technischen Eins\u00e4tze, insbesondere die Zunahme der Verkehrsunf\u00e4lle, veranlasste die Feuerwehr zum Ankauf einer hydraulischen Rettungsschere mit einer Druckkraft von 27 Tonnen. Ebenso wurde mit der Ausr\u00fcstung der Mannschaft mit Sicherheitsstiefeln begonnen. Die BTF OMV G\u00e4nserndorf stellte der Feuerwehr Matzen 3 gebrauchte Gummivollschutzanz\u00fcge zur Verf\u00fcgung.<br \/>\n<em id=\"__mceDel\">Nach Abschluss der Planungsarbeiten f\u00fcr die Feuerwehrzentrale in der Bahnstrasse wurde am 11. August 1996 die Bauverhandlung angesetzt und die Bewilligung zum Bau erteilt. Bereits Ende November 1996, nach Beendigung der Einspruchsfristen, wurde mit den Abbrucharbeiten in Eigenregie begonnen.<\/em><\/p>\n<p><strong>1997<\/strong><br \/>\n1997 wurde mit dem Zu- und Umbau der neuen Feuerwehrzentrale begonnen. Bis in den Sommer war man so weit gekommen, dass der Zubau fertig gestellt werden konnte. Bis Ende November wurden die Ausfahrtstore im Haupthaus eingebaut und Decke und Dach am Zubau fertiggestellt.<br \/>\n<em id=\"__mceDel\">Aufgrund des steigenden Gefahrenpotentiales wurde der Ankauf eines Druckbel\u00fcfters get\u00e4tigt. Ebenfalls wurde in Eigenregie eine Nebelmaschine angekauft um wirklichkeitsnahes Training durchf\u00fchren zu k\u00f6nnen.<\/em><\/p>\n<p><strong>1998<\/strong><br \/>\nIn diesem Jahr wurden die Arbeiten an der neuen Feuerwehrzentrale weitergef\u00fchrt.<br \/>\n<em id=\"__mceDel\">Am 27. Juli 1998 brannte in Folge eines Blitzschlages eine Bohrungssonde der OMV zwischen Matzen und Reyersdorf.<\/em><\/p>\n<p><strong>1999<\/strong><br \/>\n<em id=\"__mceDel\">Die Feuerwehr Matzen kaufte neue Einsatzjacken und stellte sie im Zuge der Florianifeier der Bev\u00f6lkerung vor.<br \/>\n<\/em><em id=\"__mceDel\"><em id=\"__mceDel\">In diesem Jahr wurde zum ersten Mal der &#8222;Tag der offenen T\u00fcr&#8220; mit anschlie\u00dfendem Richtfest im neuen Feuerwehrhaus, welches sich noch im Bau befand, abgehalten. Die Bev\u00f6lkerung zeigte gro\u00dfes Interesse am Baufortschritt der neuen Feuerwehrzentrale. Zum 120-Jahr-Jubil\u00e4um wurde die Chronik der Feuerwehr Matzen der Bev\u00f6lkerung vorgestellt.<\/em><\/em><\/p>\n<p><strong>2001<\/strong><br \/>\n<em id=\"__mceDel\">In Jahr 2001 wurde die Feuerwehr Matzen am Weihnachtsabend zu einem Gro\u00dfbrand nach Raggendorf alarmiert. Die Feuerwehr stand \u00fcber 4 Stunden im Einsatz.<\/em><\/p>\n<p><strong>2003<\/strong><br \/>\n<em id=\"__mceDel\">Die Arbeiten in der neuen Feuerwehrzentrale wurden im Juli 2003 abgeschlossen. Ein paar Tage darauf wurde das allj\u00e4hrliche Feuerwehrfest abgehalten und im Zuge dieses wurde das neue Feuerwehrhaus seiner Bestimmung \u00fcbergeben. Im Jahr 2003 begann ein neues Zeitalter der Alarmierung. Die Feuerwehr Matzen kaufte sich eine Blue Box II zum Alarmieren per SMS.<\/em><\/p>\n<p><strong>2004<\/strong><br \/>\n<em id=\"__mceDel\">Im Februar 2004 wurde die erste Homepage der FF Matzen online gestellt. Die Site wurde im Zuge des Maturaprojekt von FM Klemens Widhalm erarbeitet.<\/em><\/p>\n<p><strong>2005<\/strong><br \/>\n<em id=\"__mceDel\">Die 45. Abschnittsfeuerwehrleistungsbewerbe fanden in diesem Jahr in Matzen statt. Im Zuge des Abschnittsfeuerwehrtages wurde die 125 Jahr Feier abgehalten. Im Jahr 2005 wurde der Ankauf von pers\u00f6nlicher Schutzausr\u00fcstung abgeschlossen. Nun verf\u00fcgt jedes Mitglied \u00fcber eine komplette PSA.<\/em><\/p>\n<p><strong>2006<\/strong><br \/>\n<em id=\"__mceDel\">Das neue Kommandofahrzeug wurde in Zusammenarbeit mit der Gemeinde Matzen angekauft. Die Feuerwehr Matzen wurde zu 16 KHD Eins\u00e4tze im Zuge der Hochwasserkatastrophe an der March alarmiert. Die Gruppe die 2004 die Ausbildungspr\u00fcfung &#8222;Technischer Einsatz&#8220; bew\u00e4ltigte, schafften 2006 die Leistungsstufe Silber.<\/em><\/p>\n<p><strong>2007<\/strong><br \/>\n<em id=\"__mceDel\">Die Feuerwehr Matzen hatte im Jahr 2007 4 schwere Verkehrsunf\u00e4lle mit insgesamt 4 Todesopfern zu bew\u00e4ltigen.<\/em><\/p>\n<p><strong>2008<\/strong><br \/>\n<em id=\"__mceDel\">Nach 28 Jahren wurde das TLF-A 2000 durch ein neues R\u00fcstl\u00f6schfahrzeug ersetzt.<\/em><\/p>\n<p><strong>2009<\/strong><br \/>\n<em id=\"__mceDel\">Die Ausbildungspr\u00fcfung &#8222;Technischer Einsatz&#8220; wurde in Gold abgelegt. Der 2. Kinderfeuerwehrtag wurde in Matzen abgehalten. Ein schweres Unwetter \u00fcber Matzen verursachte 35 Eins\u00e4tze die durch die Feuerwehr Matzen abgearbeitet werden mussten.<\/em><\/p>\n<p><strong>2010<\/strong><br \/>\n<em id=\"__mceDel\">Neben zwei Gro\u00df\u00fcbungen, Tankwagenunfall und Brand im Kinder- und Jugendbetreuungszentrum, steigerte eine ganzj\u00e4hrige Atemschutzschulung mit Abschluss im Brandhaus Tulln das Know How der Einsatzkr\u00e4fte. In Zusammenarbeit mit der OMV wurde eine Praxisausbildung bei Gasbr\u00e4nden durchgef\u00fchrt. Die Ausbildungspr\u00fcfung &#8222;L\u00f6scheinsatz&#8220; wurde in Bronze bestanden. Die Blue Box II wurde durch die Alarmierungsvariante BlaulichtSMS abgel\u00f6st. Ein schweres Unwetter fordert die Einsatzkr\u00e4fte der Feuerwehr Matzen ein ganzes Wochenende.<\/em><\/p>\n","protected":false},"excerpt":{"rendered":"<p>Gr\u00fcndung Die freiwillige Feuerwehr Matzen wurde am 12. M\u00e4rz 1880 unter dem damaligen Kommandanten Heinrich Hahn gegr\u00fcndet. Die Vereinsgr\u00fcndung wurde am 14. M\u00e4rz 1880 vom damaligen B\u00fcrgermeister Leonhard Skoumal und dem zust\u00e4ndigen Ausschuss best\u00e4tigt. 1899 Moritz Oppennauer gr\u00fcndete den Feuerwehrverband <a class=\"more-link\" href=\"https:\/\/www.feuerwehr-matzen.at\/?page_id=202\">weiterlesen  <span class=\"screen-reader-text\">  Geschichte<\/span><span class=\"meta-nav\">&rarr;<\/span><\/a><\/p>\n","protected":false},"author":6,"featured_media":0,"parent":0,"menu_order":0,"comment_status":"closed","ping_status":"open","template":"","meta":{"footnotes":""},"class_list":["post-202","page","type-page","status-publish","hentry"],"_links":{"self":[{"href":"https:\/\/www.feuerwehr-matzen.at\/index.php?rest_route=\/wp\/v2\/pages\/202","targetHints":{"allow":["GET"]}}],"collection":[{"href":"https:\/\/www.feuerwehr-matzen.at\/index.php?rest_route=\/wp\/v2\/pages"}],"about":[{"href":"https:\/\/www.feuerwehr-matzen.at\/index.php?rest_route=\/wp\/v2\/types\/page"}],"author":[{"embeddable":true,"href":"https:\/\/www.feuerwehr-matzen.at\/index.php?rest_route=\/wp\/v2\/users\/6"}],"replies":[{"embeddable":true,"href":"https:\/\/www.feuerwehr-matzen.at\/index.php?rest_route=%2Fwp%2Fv2%2Fcomments&post=202"}],"version-history":[{"count":6,"href":"https:\/\/www.feuerwehr-matzen.at\/index.php?rest_route=\/wp\/v2\/pages\/202\/revisions"}],"predecessor-version":[{"id":5840,"href":"https:\/\/www.feuerwehr-matzen.at\/index.php?rest_route=\/wp\/v2\/pages\/202\/revisions\/5840"}],"wp:attachment":[{"href":"https:\/\/www.feuerwehr-matzen.at\/index.php?rest_route=%2Fwp%2Fv2%2Fmedia&parent=202"}],"curies":[{"name":"wp","href":"https:\/\/api.w.org\/{rel}","templated":true}]}}