{"id":2939,"date":"2013-08-19T14:33:17","date_gmt":"2013-08-19T12:33:17","guid":{"rendered":"http:\/\/www.feuerwehr-matzen.at\/?page_id=2939"},"modified":"2020-09-18T14:15:11","modified_gmt":"2020-09-18T12:15:11","slug":"01-juli-2013","status":"publish","type":"page","link":"https:\/\/www.feuerwehr-matzen.at\/?page_id=2939","title":{"rendered":"01. Juli 2013"},"content":{"rendered":"<p><strong>Unterabschnitts Atemschutz\u00fcbung<\/strong><a title=\"\u00dcbungen 2013\" href=\"https:\/\/www.feuerwehr-matzen.at\/?page_id=486\"><img loading=\"lazy\" decoding=\"async\" class=\"alignright size-full wp-image-1833\" alt=\"return\" src=\"https:\/\/www.feuerwehr-matzen.at\/wp-content\/uploads\/2013\/07\/return.jpg\" width=\"65\" height=\"30\" \/><\/a><\/p>\n<p>Am 1. Juni 2013 wurden die Feuerwehren Matzen, Raggendorf, und Klein Harras um 19:00 zur Unterabschnitts Atemschutz\u00fcbung in Matzen alarmiert.<\/p>\n<p>\u00dcbungsannahme war ein Brand in der Volkschule mit vermissten Personen. \u00dcbungsleiter LM Widhalm Klemens erteilte dem ersten Atemschutztrupp der ortsans\u00e4ssigen Feuerwehr Matzen nach der Erkundung den Befehl mit der Menschenrettung zu beginnen. Durch die Befragung des Anrufers bekamen die Einsatzkr\u00e4fte die Information, dass sich noch 2 Personen in dem Geb\u00e4ude befanden. Das kurze Zeit sp\u00e4ter eingetroffene Kommandofahrzeug baute unverz\u00fcglich die \u00dcbungsleitung auf, um den weiteren Feuerwehren ihre Befehle zu \u00fcbergeben. Die Atemschutztrupps der Feuerwehren Raggendorf und Klein Harras stellten ebenfalls jeweils einen Atemschutztrupp zur Menschenrettung und der anschlie\u00dfenden Brandbek\u00e4mpfung. Durch die \u00dcbungsleitung wurde die Feuerwehr Gro\u00df Schweinbarth mit dem Atemluftkompressor zur Wiederbef\u00fcllung der Atemluftflaschen alarmiert. Um den Atemschutztrupps bessere Sicht und dadurch ein gezieltes Vorgehen zu erm\u00f6glichen, wurde nach Kanalisierung des einstr\u00f6menden Luftstromes der Druckbel\u00fcfter eingesetzt. Nachdem alle Personen gerettet und Brand aus gegeben wurde, konnte die \u00dcbung beendet werden. Nach der \u00dcbungsnachbesprechung r\u00fcckten die Feuerwehren zu einer kleinen St\u00e4rkung ins Feuerwehrhaus ein.<\/p>\n<p><a href=\"https:\/\/www.feuerwehr-matzen.at\/wp-content\/uploads\/2013\/08\/DSC08277.jpg\"><img loading=\"lazy\" decoding=\"async\" class=\"alignleft size-thumbnail wp-image-2949\" alt=\"DSC08277\" src=\"https:\/\/www.feuerwehr-matzen.at\/wp-content\/uploads\/2013\/08\/DSC08277-150x150.jpg\" width=\"150\" height=\"150\" \/><\/a> <a href=\"https:\/\/www.feuerwehr-matzen.at\/wp-content\/uploads\/2013\/08\/DSC08276.jpg\"><img loading=\"lazy\" decoding=\"async\" class=\"alignleft size-thumbnail wp-image-2948\" alt=\"DSC08276\" src=\"https:\/\/www.feuerwehr-matzen.at\/wp-content\/uploads\/2013\/08\/DSC08276-150x150.jpg\" width=\"150\" height=\"150\" \/><\/a> <a href=\"https:\/\/www.feuerwehr-matzen.at\/wp-content\/uploads\/2013\/08\/DSC08269.jpg\"><img loading=\"lazy\" decoding=\"async\" class=\"alignleft size-thumbnail wp-image-2947\" alt=\"DSC08269\" src=\"https:\/\/www.feuerwehr-matzen.at\/wp-content\/uploads\/2013\/08\/DSC08269-150x150.jpg\" width=\"150\" height=\"150\" \/><\/a> <a href=\"https:\/\/www.feuerwehr-matzen.at\/wp-content\/uploads\/2013\/08\/DSC08265.jpg\"><img loading=\"lazy\" decoding=\"async\" class=\"alignleft size-thumbnail wp-image-2946\" alt=\"DSC08265\" src=\"https:\/\/www.feuerwehr-matzen.at\/wp-content\/uploads\/2013\/08\/DSC08265-150x150.jpg\" width=\"150\" height=\"150\" \/><\/a> <a href=\"https:\/\/www.feuerwehr-matzen.at\/wp-content\/uploads\/2013\/08\/DSC08262.jpg\"><img loading=\"lazy\" decoding=\"async\" class=\"alignleft size-thumbnail wp-image-2945\" alt=\"DSC08262\" src=\"https:\/\/www.feuerwehr-matzen.at\/wp-content\/uploads\/2013\/08\/DSC08262-150x150.jpg\" width=\"150\" height=\"150\" \/><\/a> <a href=\"https:\/\/www.feuerwehr-matzen.at\/wp-content\/uploads\/2013\/08\/DSC08259.jpg\"><img loading=\"lazy\" decoding=\"async\" class=\"alignleft size-thumbnail wp-image-2944\" alt=\"DSC08259\" src=\"https:\/\/www.feuerwehr-matzen.at\/wp-content\/uploads\/2013\/08\/DSC08259-150x150.jpg\" width=\"150\" height=\"150\" \/><\/a> <a href=\"https:\/\/www.feuerwehr-matzen.at\/wp-content\/uploads\/2013\/08\/DSC08249.jpg\"><img loading=\"lazy\" decoding=\"async\" class=\"alignleft size-thumbnail wp-image-2943\" alt=\"DSC08249\" src=\"https:\/\/www.feuerwehr-matzen.at\/wp-content\/uploads\/2013\/08\/DSC08249-150x150.jpg\" width=\"150\" height=\"150\" \/><\/a> <a href=\"https:\/\/www.feuerwehr-matzen.at\/wp-content\/uploads\/2013\/08\/DSC08245.jpg\"><img loading=\"lazy\" decoding=\"async\" class=\"alignleft size-thumbnail wp-image-2942\" alt=\"DSC08245\" src=\"https:\/\/www.feuerwehr-matzen.at\/wp-content\/uploads\/2013\/08\/DSC08245-150x150.jpg\" width=\"150\" height=\"150\" \/><\/a> <a href=\"https:\/\/www.feuerwehr-matzen.at\/wp-content\/uploads\/2013\/08\/DSC08241.jpg\"><img loading=\"lazy\" decoding=\"async\" class=\"alignleft size-thumbnail wp-image-2941\" alt=\"DSC08241\" src=\"https:\/\/www.feuerwehr-matzen.at\/wp-content\/uploads\/2013\/08\/DSC08241-150x150.jpg\" width=\"150\" height=\"150\" \/><\/a> <a href=\"https:\/\/www.feuerwehr-matzen.at\/wp-content\/uploads\/2013\/08\/DSC08237.jpg\"><img loading=\"lazy\" decoding=\"async\" class=\"alignleft size-thumbnail wp-image-2940\" alt=\"DSC08237\" src=\"https:\/\/www.feuerwehr-matzen.at\/wp-content\/uploads\/2013\/08\/DSC08237-150x150.jpg\" width=\"150\" height=\"150\" \/><\/a><\/p>\n","protected":false},"excerpt":{"rendered":"<p>Unterabschnitts Atemschutz\u00fcbung Am 1. Juni 2013 wurden die Feuerwehren Matzen, Raggendorf, und Klein Harras um 19:00 zur Unterabschnitts Atemschutz\u00fcbung in Matzen alarmiert. \u00dcbungsannahme war ein Brand in der Volkschule mit vermissten Personen. \u00dcbungsleiter LM Widhalm Klemens erteilte dem ersten Atemschutztrupp <a class=\"more-link\" href=\"https:\/\/www.feuerwehr-matzen.at\/?page_id=2939\">weiterlesen  <span class=\"screen-reader-text\">  01. Juli 2013<\/span><span class=\"meta-nav\">&rarr;<\/span><\/a><\/p>\n","protected":false},"author":6,"featured_media":0,"parent":0,"menu_order":0,"comment_status":"closed","ping_status":"closed","template":"","meta":{"footnotes":""},"class_list":["post-2939","page","type-page","status-publish","hentry"],"_links":{"self":[{"href":"https:\/\/www.feuerwehr-matzen.at\/index.php?rest_route=\/wp\/v2\/pages\/2939","targetHints":{"allow":["GET"]}}],"collection":[{"href":"https:\/\/www.feuerwehr-matzen.at\/index.php?rest_route=\/wp\/v2\/pages"}],"about":[{"href":"https:\/\/www.feuerwehr-matzen.at\/index.php?rest_route=\/wp\/v2\/types\/page"}],"author":[{"embeddable":true,"href":"https:\/\/www.feuerwehr-matzen.at\/index.php?rest_route=\/wp\/v2\/users\/6"}],"replies":[{"embeddable":true,"href":"https:\/\/www.feuerwehr-matzen.at\/index.php?rest_route=%2Fwp%2Fv2%2Fcomments&post=2939"}],"version-history":[{"count":2,"href":"https:\/\/www.feuerwehr-matzen.at\/index.php?rest_route=\/wp\/v2\/pages\/2939\/revisions"}],"predecessor-version":[{"id":2952,"href":"https:\/\/www.feuerwehr-matzen.at\/index.php?rest_route=\/wp\/v2\/pages\/2939\/revisions\/2952"}],"wp:attachment":[{"href":"https:\/\/www.feuerwehr-matzen.at\/index.php?rest_route=%2Fwp%2Fv2%2Fmedia&parent=2939"}],"curies":[{"name":"wp","href":"https:\/\/api.w.org\/{rel}","templated":true}]}}