{"id":3297,"date":"2013-08-22T15:03:03","date_gmt":"2013-08-22T13:03:03","guid":{"rendered":"http:\/\/www.feuerwehr-matzen.at\/?page_id=3297"},"modified":"2020-09-18T14:15:34","modified_gmt":"2020-09-18T12:15:34","slug":"21-august-2013","status":"publish","type":"page","link":"https:\/\/www.feuerwehr-matzen.at\/?page_id=3297","title":{"rendered":"21. August 2013"},"content":{"rendered":"<p><strong>Kellerbrand in Raggendorf <\/strong><a title=\"Eins\u00e4tze 2013\" href=\"https:\/\/www.feuerwehr-matzen.at\/?page_id=177\"><img loading=\"lazy\" decoding=\"async\" class=\"alignright size-full wp-image-1833\" alt=\"return\" src=\"https:\/\/www.feuerwehr-matzen.at\/wp-content\/uploads\/2013\/07\/return.jpg\" width=\"65\" height=\"30\" \/><\/a><\/p>\n<p>W\u00e4hrend die Grundausbildung mit dem Thema &#8222;Menschenrettung aus Fahrzeugen&#8220; im Laufen war und parallel ein dringender Wespeneinsatz<br \/>\nabgearbeitet wurde heulten die Sirenen in Matzen.<\/p>\n<p>Am Mittwoch, den 21. August 2013, wurden die Feuerwehren Matzen, Raggendorf und Sch\u00f6nkirchen-Reyersdorf um 19:33 zu einem Kellerbrand alarmiert.<\/p>\n<p>Da der laufende Einsatz sowie die Grundausbildung nat\u00fcrlich sofort abgebrochen wurde, konnte das R\u00fcstl\u00f6schfahrzeug innerhalb von 2 Minuten vollbesetzt Richtung Raggendorf ausr\u00fccken. Innerhalb weniger Minuten folgte das Kommandofahrzeug mit 6 Mann. Bereits w\u00e4hrend der Anfahrt wurden weitere Informationen eingeholt und vom Gruppenkommandant wurde das Ausr\u00fcsten mit schwerem Atemschutz befohlen.<br \/>\nLaut ersten Informationen handelte es sich um einen Kellerbrand in einem Einfamilienhaus, Personen sind keine mehr im Geb\u00e4ude. Beim Eintreffen in der Matznerstra\u00dfe in Raggendorf ging der Atemschutztrupp der FF Raggendorf gerade in das Brandobjekt, aus dem es stark rauchte. Ein Fahrzeug hat in der im Keller befindlichen Garage zu brennen begonnen. Unser Einsatzbefehl lautete: Bereitstellen des Atemschutz Reservetrupps, Stellung von Personal f\u00fcr die Einsatzleitung, Vorbereiten des Druckbel\u00fcfters. In weiterer Folge wurde von uns die Absicherung der Einsatzstelle durch Abl\u00f6sen der abr\u00fcckenden FF Sch\u00f6nkirchen Reyersdorf \u00fcbernommen.<br \/>\nEbenso unterst\u00fctzte unser Atemschutztrupp die FF Raggendorf beim herausstellen des gel\u00f6schten Fahrzeuges aus der Garage. 2 Mann wurden mit einem Hochdruckrohr zum Fahrzeug abgestellt und etwaig auftretende R\u00fcckz\u00fcndungen sofort bek\u00e4mpfen zu k\u00f6nnen. Mit unserem Druckbel\u00fcftungsger\u00e4t wurde sowohl das Wohngeschoss als auch das Kellergeschoss Rauchfrei gemacht.<\/p>\n<p>Nach rund einer Stunde konnten die ersten Kr\u00e4fte abr\u00fccken und gegen 21 Uhr war die Feuerwehr Matzen wieder einsatzbereit.<\/p>\n<p>Im Einsatz befindliche Fahrzeuge: RLF-A 2000, KDO<br \/>\nMannschaftsst\u00e4rke: 15<br \/>\nsonstige Einsatzkr\u00e4fte: FF Raggendorf, FF Sch\u00f6nkirchen-Reyersdorf, Polizei, RK G\u00e4nserndorf<\/p>\n<p><a href=\"https:\/\/www.feuerwehr-matzen.at\/wp-content\/uploads\/2013\/08\/DSC08409.jpg\"><img loading=\"lazy\" decoding=\"async\" class=\"alignleft size-thumbnail wp-image-3279\" alt=\"DSC08409\" src=\"https:\/\/www.feuerwehr-matzen.at\/wp-content\/uploads\/2013\/08\/DSC08409-150x150.jpg\" width=\"150\" height=\"150\" \/><\/a> <a href=\"https:\/\/www.feuerwehr-matzen.at\/wp-content\/uploads\/2013\/08\/DSC08440.jpg\"><img loading=\"lazy\" decoding=\"async\" class=\"alignleft size-thumbnail wp-image-3290\" alt=\"DSC08440\" src=\"https:\/\/www.feuerwehr-matzen.at\/wp-content\/uploads\/2013\/08\/DSC08440-150x150.jpg\" width=\"150\" height=\"150\" \/><\/a> <a href=\"https:\/\/www.feuerwehr-matzen.at\/wp-content\/uploads\/2013\/08\/DSC08433.jpg\"><img loading=\"lazy\" decoding=\"async\" class=\"alignleft size-thumbnail wp-image-3288\" alt=\"DSC08433\" src=\"https:\/\/www.feuerwehr-matzen.at\/wp-content\/uploads\/2013\/08\/DSC08433-150x150.jpg\" width=\"150\" height=\"150\" \/><\/a> <a href=\"https:\/\/www.feuerwehr-matzen.at\/wp-content\/uploads\/2013\/08\/DSC08430.jpg\"><img loading=\"lazy\" decoding=\"async\" class=\"alignleft size-thumbnail wp-image-3302\" alt=\"DSC08430\" src=\"https:\/\/www.feuerwehr-matzen.at\/wp-content\/uploads\/2013\/08\/DSC08430-150x150.jpg\" width=\"150\" height=\"150\" \/><\/a> <a href=\"https:\/\/www.feuerwehr-matzen.at\/wp-content\/uploads\/2013\/08\/DSC08434.jpg\"><img loading=\"lazy\" decoding=\"async\" class=\"alignleft size-thumbnail wp-image-3289\" alt=\"DSC08434\" src=\"https:\/\/www.feuerwehr-matzen.at\/wp-content\/uploads\/2013\/08\/DSC08434-150x150.jpg\" width=\"150\" height=\"150\" \/><\/a> <a href=\"https:\/\/www.feuerwehr-matzen.at\/wp-content\/uploads\/2013\/08\/DSC08432.jpg\"><img loading=\"lazy\" decoding=\"async\" class=\"alignleft size-thumbnail wp-image-3287\" alt=\"DSC08432\" src=\"https:\/\/www.feuerwehr-matzen.at\/wp-content\/uploads\/2013\/08\/DSC08432-150x150.jpg\" width=\"150\" height=\"150\" \/><\/a> <a href=\"https:\/\/www.feuerwehr-matzen.at\/wp-content\/uploads\/2013\/08\/DSC08428.jpg\"><img loading=\"lazy\" decoding=\"async\" class=\"alignleft size-thumbnail wp-image-3285\" alt=\"DSC08428\" src=\"https:\/\/www.feuerwehr-matzen.at\/wp-content\/uploads\/2013\/08\/DSC08428-150x150.jpg\" width=\"150\" height=\"150\" \/><\/a> <a href=\"https:\/\/www.feuerwehr-matzen.at\/wp-content\/uploads\/2013\/08\/DSC08427.jpg\"><img loading=\"lazy\" decoding=\"async\" class=\"alignleft size-thumbnail wp-image-3284\" alt=\"DSC08427\" src=\"https:\/\/www.feuerwehr-matzen.at\/wp-content\/uploads\/2013\/08\/DSC08427-150x150.jpg\" width=\"150\" height=\"150\" \/><\/a> <a href=\"https:\/\/www.feuerwehr-matzen.at\/wp-content\/uploads\/2013\/08\/DSC08420.jpg\"><img loading=\"lazy\" decoding=\"async\" class=\"alignleft size-thumbnail wp-image-3282\" alt=\"DSC08420\" src=\"https:\/\/www.feuerwehr-matzen.at\/wp-content\/uploads\/2013\/08\/DSC08420-150x150.jpg\" width=\"150\" height=\"150\" \/><\/a> <a href=\"https:\/\/www.feuerwehr-matzen.at\/wp-content\/uploads\/2013\/08\/DSC08423.jpg\"><img loading=\"lazy\" decoding=\"async\" class=\"alignleft size-thumbnail wp-image-3283\" alt=\"DSC08423\" src=\"https:\/\/www.feuerwehr-matzen.at\/wp-content\/uploads\/2013\/08\/DSC08423-150x150.jpg\" width=\"150\" height=\"150\" \/><\/a> <a href=\"https:\/\/www.feuerwehr-matzen.at\/wp-content\/uploads\/2013\/08\/DSC08416.jpg\"><img loading=\"lazy\" decoding=\"async\" class=\"alignleft size-thumbnail wp-image-3280\" alt=\"DSC08416\" src=\"https:\/\/www.feuerwehr-matzen.at\/wp-content\/uploads\/2013\/08\/DSC08416-150x150.jpg\" width=\"150\" height=\"150\" \/><\/a> <a href=\"https:\/\/www.feuerwehr-matzen.at\/wp-content\/uploads\/2013\/08\/DSC08418.jpg\"><img loading=\"lazy\" decoding=\"async\" class=\"alignleft size-thumbnail wp-image-3281\" alt=\"DSC08418\" src=\"https:\/\/www.feuerwehr-matzen.at\/wp-content\/uploads\/2013\/08\/DSC08418-150x150.jpg\" width=\"150\" height=\"150\" \/><\/a> <a href=\"https:\/\/www.feuerwehr-matzen.at\/wp-content\/uploads\/2013\/08\/DSC08405.jpg\"><img loading=\"lazy\" decoding=\"async\" class=\"alignleft size-thumbnail wp-image-3278\" alt=\"DSC08405\" src=\"https:\/\/www.feuerwehr-matzen.at\/wp-content\/uploads\/2013\/08\/DSC08405-150x150.jpg\" width=\"150\" height=\"150\" \/><\/a><\/p>\n","protected":false},"excerpt":{"rendered":"<p>Kellerbrand in Raggendorf W\u00e4hrend die Grundausbildung mit dem Thema &#8222;Menschenrettung aus Fahrzeugen&#8220; im Laufen war und parallel ein dringender Wespeneinsatz abgearbeitet wurde heulten die Sirenen in Matzen. Am Mittwoch, den 21. August 2013, wurden die Feuerwehren Matzen, Raggendorf und Sch\u00f6nkirchen-Reyersdorf <a class=\"more-link\" href=\"https:\/\/www.feuerwehr-matzen.at\/?page_id=3297\">weiterlesen  <span class=\"screen-reader-text\">  21. August 2013<\/span><span class=\"meta-nav\">&rarr;<\/span><\/a><\/p>\n","protected":false},"author":6,"featured_media":0,"parent":0,"menu_order":0,"comment_status":"closed","ping_status":"open","template":"","meta":{"footnotes":""},"class_list":["post-3297","page","type-page","status-publish","hentry"],"_links":{"self":[{"href":"https:\/\/www.feuerwehr-matzen.at\/index.php?rest_route=\/wp\/v2\/pages\/3297","targetHints":{"allow":["GET"]}}],"collection":[{"href":"https:\/\/www.feuerwehr-matzen.at\/index.php?rest_route=\/wp\/v2\/pages"}],"about":[{"href":"https:\/\/www.feuerwehr-matzen.at\/index.php?rest_route=\/wp\/v2\/types\/page"}],"author":[{"embeddable":true,"href":"https:\/\/www.feuerwehr-matzen.at\/index.php?rest_route=\/wp\/v2\/users\/6"}],"replies":[{"embeddable":true,"href":"https:\/\/www.feuerwehr-matzen.at\/index.php?rest_route=%2Fwp%2Fv2%2Fcomments&post=3297"}],"version-history":[{"count":4,"href":"https:\/\/www.feuerwehr-matzen.at\/index.php?rest_route=\/wp\/v2\/pages\/3297\/revisions"}],"predecessor-version":[{"id":3305,"href":"https:\/\/www.feuerwehr-matzen.at\/index.php?rest_route=\/wp\/v2\/pages\/3297\/revisions\/3305"}],"wp:attachment":[{"href":"https:\/\/www.feuerwehr-matzen.at\/index.php?rest_route=%2Fwp%2Fv2%2Fmedia&parent=3297"}],"curies":[{"name":"wp","href":"https:\/\/api.w.org\/{rel}","templated":true}]}}