{"id":333,"date":"2013-06-19T14:27:15","date_gmt":"2013-06-19T12:27:15","guid":{"rendered":"http:\/\/www.gobolino.at\/feuerwehr\/?page_id=333"},"modified":"2020-09-18T14:15:45","modified_gmt":"2020-09-18T12:15:45","slug":"2012-2","status":"publish","type":"page","link":"https:\/\/www.feuerwehr-matzen.at\/?page_id=333","title":{"rendered":"\u00dcbungen 2012"},"content":{"rendered":"<table style=\"table-layout: fixed; text-align: left;\" border=\"0\">\n<tbody>\n<tr>\n<th class=\"ffdatum\">02. November<\/th>\n<td class=\"fftext\">Monats\u00fcbung &#8211; Stab Fast<\/td>\n<td class=\"fffoto\"><a title=\"02. November 2012\" href=\"https:\/\/www.feuerwehr-matzen.at\/?page_id=1454\"><img decoding=\"async\" alt=\"Bericht und Fotos\" src=\"https:\/\/www.feuerwehr-matzen.at\/wp-content\/uploads\/2013\/07\/bericht_bilder.png\" \/><\/a><\/td>\n<\/tr>\n<tr>\n<th class=\"ffdatum\">05. Oktober<\/th>\n<td class=\"fftext\">UA-Atemschutz\u00fcbung<\/td>\n<td class=\"fffoto\"><a title=\"05. Oktober 2012\" href=\"https:\/\/www.feuerwehr-matzen.at\/?page_id=1472\"><img decoding=\"async\" alt=\"Bericht und Fotos\" src=\"https:\/\/www.feuerwehr-matzen.at\/wp-content\/uploads\/2013\/07\/bericht_bilder.png\" \/><\/a><\/td>\n<\/tr>\n<tr>\n<th class=\"ffdatum\">16. Juni<\/th>\n<td class=\"fftext\">24 Stunden Tag<\/td>\n<td class=\"fffoto\"><a title=\"16. Juni 2012\" href=\"https:\/\/www.feuerwehr-matzen.at\/?page_id=1474\"><img decoding=\"async\" alt=\"Bericht und Fotos\" src=\"https:\/\/www.feuerwehr-matzen.at\/wp-content\/uploads\/2013\/07\/bericht_bilder.png\" \/><\/a><\/td>\n<\/tr>\n<tr>\n<th class=\"ffdatum\">04. Mai<\/th>\n<td class=\"fftext\">Monats\u00fcbung &#8211; PKW gegen LKW<\/td>\n<td class=\"fffoto\"><a title=\"04. Mai 2012\" href=\"https:\/\/www.feuerwehr-matzen.at\/?page_id=1476\"><img decoding=\"async\" alt=\"Bericht und Fotos\" src=\"https:\/\/www.feuerwehr-matzen.at\/wp-content\/uploads\/2013\/07\/bericht_bilder.png\" \/><\/a><\/td>\n<\/tr>\n<tr>\n<th class=\"ffdatum\">26. April<\/th>\n<td class=\"fftext\">Grundausbildung &#8211; Abschluss\u00fcbung<\/td>\n<td class=\"fffoto\"><a title=\"26. Mai 2012\" href=\"https:\/\/www.feuerwehr-matzen.at\/?page_id=1479\"><img decoding=\"async\" alt=\"Bericht und Fotos\" src=\"https:\/\/www.feuerwehr-matzen.at\/wp-content\/uploads\/2013\/07\/bericht_bilder.png\" \/><\/a><\/td>\n<\/tr>\n<tr>\n<th class=\"ffdatum\">06. April<\/th>\n<td class=\"fftext\">Monats\u00fcbung &#8211; Stationsbetrieb<\/td>\n<td class=\"fffoto\"><a title=\"06. April 2012\" href=\"https:\/\/www.feuerwehr-matzen.at\/?page_id=1481\"><img decoding=\"async\" alt=\"Bericht und Fotos\" src=\"https:\/\/www.feuerwehr-matzen.at\/wp-content\/uploads\/2013\/07\/bericht_bilder.png\" \/><\/a><\/td>\n<\/tr>\n<tr>\n<th class=\"ffdatum\">02. M\u00e4rz<\/th>\n<td class=\"fftext\">Monats\u00fcbung &#8211; Wohnungsbrand<\/td>\n<td class=\"fffoto\"><a title=\"02. M\u00e4rz 2012\" href=\"https:\/\/www.feuerwehr-matzen.at\/?page_id=1483\"><img decoding=\"async\" alt=\"Bericht und Fotos\" src=\"https:\/\/www.feuerwehr-matzen.at\/wp-content\/uploads\/2013\/07\/bericht_bilder.png\" \/><\/a><\/td>\n<\/tr>\n<\/tbody>\n<\/table>\n<style><!--\n.ffdatum{width:30%; padding-left:20px; vertical-align:middle;}\n.fftext{width:60%px; padding-left:5px; vertical-align:middle;}\n.fffoto{width:10%; vertical-align:middle;}\n--><\/style>\n","protected":false},"excerpt":{"rendered":"<p>02. November Monats\u00fcbung &#8211; Stab Fast 05. Oktober UA-Atemschutz\u00fcbung 16. Juni 24 Stunden Tag 04. Mai Monats\u00fcbung &#8211; PKW gegen LKW 26. April Grundausbildung &#8211; Abschluss\u00fcbung 06. April Monats\u00fcbung &#8211; Stationsbetrieb 02. M\u00e4rz Monats\u00fcbung &#8211; Wohnungsbrand<\/p>\n","protected":false},"author":6,"featured_media":0,"parent":0,"menu_order":0,"comment_status":"closed","ping_status":"closed","template":"","meta":{"footnotes":""},"class_list":["post-333","page","type-page","status-publish","hentry"],"_links":{"self":[{"href":"https:\/\/www.feuerwehr-matzen.at\/index.php?rest_route=\/wp\/v2\/pages\/333","targetHints":{"allow":["GET"]}}],"collection":[{"href":"https:\/\/www.feuerwehr-matzen.at\/index.php?rest_route=\/wp\/v2\/pages"}],"about":[{"href":"https:\/\/www.feuerwehr-matzen.at\/index.php?rest_route=\/wp\/v2\/types\/page"}],"author":[{"embeddable":true,"href":"https:\/\/www.feuerwehr-matzen.at\/index.php?rest_route=\/wp\/v2\/users\/6"}],"replies":[{"embeddable":true,"href":"https:\/\/www.feuerwehr-matzen.at\/index.php?rest_route=%2Fwp%2Fv2%2Fcomments&post=333"}],"version-history":[{"count":23,"href":"https:\/\/www.feuerwehr-matzen.at\/index.php?rest_route=\/wp\/v2\/pages\/333\/revisions"}],"predecessor-version":[{"id":5845,"href":"https:\/\/www.feuerwehr-matzen.at\/index.php?rest_route=\/wp\/v2\/pages\/333\/revisions\/5845"}],"wp:attachment":[{"href":"https:\/\/www.feuerwehr-matzen.at\/index.php?rest_route=%2Fwp%2Fv2%2Fmedia&parent=333"}],"curies":[{"name":"wp","href":"https:\/\/api.w.org\/{rel}","templated":true}]}}