{"id":3651,"date":"2013-10-28T11:45:32","date_gmt":"2013-10-28T09:45:32","guid":{"rendered":"http:\/\/www.feuerwehr-matzen.at\/?page_id=3651"},"modified":"2020-09-18T14:15:23","modified_gmt":"2020-09-18T12:15:23","slug":"3651-2","status":"publish","type":"page","link":"https:\/\/www.feuerwehr-matzen.at\/?page_id=3651","title":{"rendered":"14. Oktober 2013"},"content":{"rendered":"<p><strong>Brand in der Lebenshilfe Matzen<\/strong><a title=\"Eins\u00e4tze 2013\" href=\"https:\/\/www.feuerwehr-matzen.at\/?page_id=177\"><img loading=\"lazy\" decoding=\"async\" class=\"alignright size-full wp-image-1833\" alt=\"return\" src=\"https:\/\/www.feuerwehr-matzen.at\/wp-content\/uploads\/2013\/07\/return.jpg\" width=\"65\" height=\"30\" \/><\/a><\/p>\n<p>Am 14.10.2013 kam es um zirka 15 Uhr zu einem Brand in der Lebenshilfewerkst\u00e4tte in Matzen. Gl\u00fccklicherweise schlugen die installierten Brandmelder umgehend an und warnten die cirka 30 anwesenden Klienten und die Betreuungspersonen. Umgehend wurde durch die Betreuer die Feuerwehr alarmiert. Parallel dazu wurden erste L\u00f6schma\u00dfnahmen gesetzt und das Geb\u00e4ude evakuiert.<br \/>\nUm 15:01 wurden die Feuerwehren Matzen, Raggendorf, Gr. Schweinbarth und Prottes zu einem Zimmerbrand (Alarmstufe B2) alarmiert. Kurze Zeit sp\u00e4ter r\u00fcckte die Feuerwehr Matzen mit 14 Mann und 3 Fahrzeugen zum Einsatzort aus.<br \/>\nEinsatzleiter BI Sch\u00fctz stellte bei der Erkundung starke Verrauchung der Werkst\u00e4tte im Erdgeschoss und im Lagerabschnitt im Keller fest. Umgehend wurde ein Atemschutztrupp, welcher sich bereits w\u00e4hrend der Anfahrt ausger\u00fcstet hat, zur Brandbek\u00e4mpfung in das Erdgeschoss geschickt. Nach Kontrolle des gesamten Brandabschnittes konnte kein Brand ausgemacht werden. Sofort wurde auf die neue Situation reagiert und der Atemschutztrupp wurde in das Kellergeschoss geschickt. Hier konnte der Brandherd rasch lokalisiert und mit der Brandbek\u00e4mpfung begonnen werden. Aus unbekannter Ursache kam es bei der Holzabsaugung der Werkst\u00e4tte zu einem Brand.<br \/>\nDurch die, mit dem Kommandofahrzeug Matzen, aufgebaute Einsatzleitung bekamen die nachr\u00fcckenden Nachbarfeuerwehren den Auftrag einen zweiten Atemschutztrupp in das Brandobjekt zu schicken. Ebenso wurde ein Reservetrupp vor dem Objekt bereitgestellt und die Einsatzstelle gro\u00dfr\u00e4umig abgesichert. Zur Unterst\u00fctzung der eingesetzten Atemschutztrupps wurde der Keller mittels Druckbel\u00fcfter rauchfrei gemacht.<br \/>\nUm den Brand erfolgreich bek\u00e4mpfen zu k\u00f6nnen wurde in weiterer Folge die Absaugung und die Transportbeh\u00e4lter des S\u00e4gemehls ins Freie gebracht. Hier wurde die Anlage ge\u00f6ffnet und mittels Hochdruckrohr die letzten Glutnester abgel\u00f6scht.<br \/>\nInsgesamt waren 4 Feuerwehren mit 40 Mann und 8 Fahrzeugen f\u00fcr rund 90 Minuten im Einsatz. Das Rote Kreuz war mit einem Fahrzeug und 2 Mann als medizinischer Standdienst vor Ort. Die Polizei war mit 2 Mann und 2 Fahrzeugen anwesend. Die B\u00fcrgermeisterin Claudia Weber ist kurz nach der Alarmierung am Einsatzort eingetroffen und hat sich gemeinsam mit den Betreuern um die Klienten gek\u00fcmmert.<br \/>\nBei diesem Einsatz gilt es positiv herauszuheben, dass die Evakuierung, inklusive Unterbringung im Optimum hervorragend geklappt hat. Auch die Zusammenarbeit zwischen den Einsatzkr\u00e4ften der verschiedenen Feuerwehren, dem Roten Kreuz, sowie der Polizei, welche mit der Brandursachenermittlung beauftragt ist, ist positiv hervorzuheben. Die Geb\u00e4udekenntnis der eingesetzten Kr\u00e4fte waren ebenfalls als sehr gut einzustufen, da dieses Risikoobjekt bereits durch \u00dcbungen bekannt ist.<\/p>\n<p>Im Einsatz befindliche Fahrzeuge: RLF-A 2000, KDO, LAST<br \/>\nMannschaftsst\u00e4rke: 14<br \/>\nsonstige Einsatzkr\u00e4fte: FF Raggendorf, FF Gro\u00df Schweinbarth, FF Prottes, Polizei, RK G\u00e4nserndorf<\/p>\n<p><a href=\"https:\/\/www.feuerwehr-matzen.at\/wp-content\/uploads\/2013\/10\/DSC08553.jpg\"><img loading=\"lazy\" decoding=\"async\" class=\"alignleft size-medium wp-image-3653\" alt=\"DSC08553\" src=\"https:\/\/www.feuerwehr-matzen.at\/wp-content\/uploads\/2013\/10\/DSC08553-300x200.jpg\" width=\"300\" height=\"200\" srcset=\"https:\/\/www.feuerwehr-matzen.at\/wp-content\/uploads\/2013\/10\/DSC08553-300x200.jpg 300w, https:\/\/www.feuerwehr-matzen.at\/wp-content\/uploads\/2013\/10\/DSC08553-690x462.jpg 690w, https:\/\/www.feuerwehr-matzen.at\/wp-content\/uploads\/2013\/10\/DSC08553-390x261.jpg 390w, https:\/\/www.feuerwehr-matzen.at\/wp-content\/uploads\/2013\/10\/DSC08553.jpg 800w\" sizes=\"auto, (max-width: 300px) 100vw, 300px\" \/><\/a> <a href=\"https:\/\/www.feuerwehr-matzen.at\/wp-content\/uploads\/2013\/10\/DSC08554.jpg\"><img loading=\"lazy\" decoding=\"async\" class=\"size-medium wp-image-3654 alignleft\" alt=\"DSC08554\" src=\"https:\/\/www.feuerwehr-matzen.at\/wp-content\/uploads\/2013\/10\/DSC08554-300x200.jpg\" width=\"300\" height=\"200\" srcset=\"https:\/\/www.feuerwehr-matzen.at\/wp-content\/uploads\/2013\/10\/DSC08554-300x200.jpg 300w, https:\/\/www.feuerwehr-matzen.at\/wp-content\/uploads\/2013\/10\/DSC08554-690x462.jpg 690w, https:\/\/www.feuerwehr-matzen.at\/wp-content\/uploads\/2013\/10\/DSC08554-390x261.jpg 390w, https:\/\/www.feuerwehr-matzen.at\/wp-content\/uploads\/2013\/10\/DSC08554.jpg 800w\" sizes=\"auto, (max-width: 300px) 100vw, 300px\" \/><\/a> <a href=\"https:\/\/www.feuerwehr-matzen.at\/wp-content\/uploads\/2013\/10\/DSC08558.jpg\"><img loading=\"lazy\" decoding=\"async\" class=\"size-medium wp-image-3655 alignleft\" alt=\"DSC08558\" src=\"https:\/\/www.feuerwehr-matzen.at\/wp-content\/uploads\/2013\/10\/DSC08558-300x200.jpg\" width=\"300\" height=\"200\" srcset=\"https:\/\/www.feuerwehr-matzen.at\/wp-content\/uploads\/2013\/10\/DSC08558-300x200.jpg 300w, https:\/\/www.feuerwehr-matzen.at\/wp-content\/uploads\/2013\/10\/DSC08558-690x462.jpg 690w, https:\/\/www.feuerwehr-matzen.at\/wp-content\/uploads\/2013\/10\/DSC08558-390x261.jpg 390w, https:\/\/www.feuerwehr-matzen.at\/wp-content\/uploads\/2013\/10\/DSC08558.jpg 800w\" sizes=\"auto, (max-width: 300px) 100vw, 300px\" \/><\/a> <a href=\"https:\/\/www.feuerwehr-matzen.at\/wp-content\/uploads\/2013\/10\/DSC08559.jpg\"><img loading=\"lazy\" decoding=\"async\" class=\"size-medium wp-image-3656 alignleft\" alt=\"DSC08559\" src=\"https:\/\/www.feuerwehr-matzen.at\/wp-content\/uploads\/2013\/10\/DSC08559-300x200.jpg\" width=\"300\" height=\"200\" srcset=\"https:\/\/www.feuerwehr-matzen.at\/wp-content\/uploads\/2013\/10\/DSC08559-300x200.jpg 300w, https:\/\/www.feuerwehr-matzen.at\/wp-content\/uploads\/2013\/10\/DSC08559-690x462.jpg 690w, https:\/\/www.feuerwehr-matzen.at\/wp-content\/uploads\/2013\/10\/DSC08559-390x261.jpg 390w, https:\/\/www.feuerwehr-matzen.at\/wp-content\/uploads\/2013\/10\/DSC08559.jpg 800w\" sizes=\"auto, (max-width: 300px) 100vw, 300px\" \/><\/a> <a href=\"https:\/\/www.feuerwehr-matzen.at\/wp-content\/uploads\/2013\/10\/DSC08563.jpg\"><img loading=\"lazy\" decoding=\"async\" class=\"size-medium wp-image-3657 alignleft\" alt=\"DSC08563\" src=\"https:\/\/www.feuerwehr-matzen.at\/wp-content\/uploads\/2013\/10\/DSC08563-300x200.jpg\" width=\"300\" height=\"200\" srcset=\"https:\/\/www.feuerwehr-matzen.at\/wp-content\/uploads\/2013\/10\/DSC08563-300x200.jpg 300w, https:\/\/www.feuerwehr-matzen.at\/wp-content\/uploads\/2013\/10\/DSC08563-690x462.jpg 690w, https:\/\/www.feuerwehr-matzen.at\/wp-content\/uploads\/2013\/10\/DSC08563-390x261.jpg 390w, https:\/\/www.feuerwehr-matzen.at\/wp-content\/uploads\/2013\/10\/DSC08563.jpg 800w\" sizes=\"auto, (max-width: 300px) 100vw, 300px\" \/><\/a> <a href=\"https:\/\/www.feuerwehr-matzen.at\/wp-content\/uploads\/2013\/10\/DSC08568.jpg\"><img loading=\"lazy\" decoding=\"async\" class=\"size-medium wp-image-3658 alignleft\" alt=\"DSC08568\" src=\"https:\/\/www.feuerwehr-matzen.at\/wp-content\/uploads\/2013\/10\/DSC08568-300x200.jpg\" width=\"300\" height=\"200\" srcset=\"https:\/\/www.feuerwehr-matzen.at\/wp-content\/uploads\/2013\/10\/DSC08568-300x200.jpg 300w, https:\/\/www.feuerwehr-matzen.at\/wp-content\/uploads\/2013\/10\/DSC08568-690x462.jpg 690w, https:\/\/www.feuerwehr-matzen.at\/wp-content\/uploads\/2013\/10\/DSC08568-390x261.jpg 390w, https:\/\/www.feuerwehr-matzen.at\/wp-content\/uploads\/2013\/10\/DSC08568.jpg 800w\" sizes=\"auto, (max-width: 300px) 100vw, 300px\" \/><\/a> <a href=\"https:\/\/www.feuerwehr-matzen.at\/wp-content\/uploads\/2013\/10\/DSC08573.jpg\"><img loading=\"lazy\" decoding=\"async\" class=\"size-medium wp-image-3659 alignleft\" alt=\"DSC08573\" src=\"https:\/\/www.feuerwehr-matzen.at\/wp-content\/uploads\/2013\/10\/DSC08573-300x200.jpg\" width=\"300\" height=\"200\" srcset=\"https:\/\/www.feuerwehr-matzen.at\/wp-content\/uploads\/2013\/10\/DSC08573-300x200.jpg 300w, https:\/\/www.feuerwehr-matzen.at\/wp-content\/uploads\/2013\/10\/DSC08573-690x462.jpg 690w, https:\/\/www.feuerwehr-matzen.at\/wp-content\/uploads\/2013\/10\/DSC08573-390x261.jpg 390w, https:\/\/www.feuerwehr-matzen.at\/wp-content\/uploads\/2013\/10\/DSC08573.jpg 800w\" sizes=\"auto, (max-width: 300px) 100vw, 300px\" \/><\/a><\/p>\n","protected":false},"excerpt":{"rendered":"<p>Brand in der Lebenshilfe Matzen Am 14.10.2013 kam es um zirka 15 Uhr zu einem Brand in der Lebenshilfewerkst\u00e4tte in Matzen. Gl\u00fccklicherweise schlugen die installierten Brandmelder umgehend an und warnten die cirka 30 anwesenden Klienten und die Betreuungspersonen. Umgehend wurde <a class=\"more-link\" href=\"https:\/\/www.feuerwehr-matzen.at\/?page_id=3651\">weiterlesen  <span class=\"screen-reader-text\">  14. Oktober 2013<\/span><span class=\"meta-nav\">&rarr;<\/span><\/a><\/p>\n","protected":false},"author":6,"featured_media":0,"parent":0,"menu_order":0,"comment_status":"closed","ping_status":"closed","template":"","meta":{"footnotes":""},"class_list":["post-3651","page","type-page","status-publish","hentry"],"_links":{"self":[{"href":"https:\/\/www.feuerwehr-matzen.at\/index.php?rest_route=\/wp\/v2\/pages\/3651","targetHints":{"allow":["GET"]}}],"collection":[{"href":"https:\/\/www.feuerwehr-matzen.at\/index.php?rest_route=\/wp\/v2\/pages"}],"about":[{"href":"https:\/\/www.feuerwehr-matzen.at\/index.php?rest_route=\/wp\/v2\/types\/page"}],"author":[{"embeddable":true,"href":"https:\/\/www.feuerwehr-matzen.at\/index.php?rest_route=\/wp\/v2\/users\/6"}],"replies":[{"embeddable":true,"href":"https:\/\/www.feuerwehr-matzen.at\/index.php?rest_route=%2Fwp%2Fv2%2Fcomments&post=3651"}],"version-history":[{"count":3,"href":"https:\/\/www.feuerwehr-matzen.at\/index.php?rest_route=\/wp\/v2\/pages\/3651\/revisions"}],"predecessor-version":[{"id":3674,"href":"https:\/\/www.feuerwehr-matzen.at\/index.php?rest_route=\/wp\/v2\/pages\/3651\/revisions\/3674"}],"wp:attachment":[{"href":"https:\/\/www.feuerwehr-matzen.at\/index.php?rest_route=%2Fwp%2Fv2%2Fmedia&parent=3651"}],"curies":[{"name":"wp","href":"https:\/\/api.w.org\/{rel}","templated":true}]}}