{"id":3666,"date":"2013-11-12T12:42:41","date_gmt":"2013-11-12T10:42:41","guid":{"rendered":"http:\/\/www.feuerwehr-matzen.at\/?page_id=3666"},"modified":"2020-09-18T14:15:23","modified_gmt":"2020-09-18T12:15:23","slug":"3666-2","status":"publish","type":"page","link":"https:\/\/www.feuerwehr-matzen.at\/?page_id=3666","title":{"rendered":"11. November 2013"},"content":{"rendered":"<p><strong>Fahrzeugbergung auf der L19<\/strong><a title=\"Eins\u00e4tze 2013\" href=\"https:\/\/www.feuerwehr-matzen.at\/?page_id=177\"><img loading=\"lazy\" decoding=\"async\" class=\"alignright size-full wp-image-1833\" alt=\"return\" src=\"https:\/\/www.feuerwehr-matzen.at\/wp-content\/uploads\/2013\/07\/return.jpg\" width=\"65\" height=\"30\" \/><\/a><\/p>\n<p>Am 11. November 2013 um 06:33 wurde die Feuerwehr Matzen mittels Sirene und SMS-Alarm zu einem Technischen Einsatz (T1) alarmiert. Ein PKW kam aus bisher unbekannter Ursache von der Stra\u00dfe ab und landete in Folge in einem Feld. Nur wenige Minuten nach der Alarmierung machten sich 5 Kameraden mit dem R\u00fcftl\u00f6schfahrzeug auf dem Weg zur Einsatzstelle auf die L19 Richtung Prottes. An der Unfallstelle angekommen wurde diese unverz\u00fcglich abgesichert, um mit der Bergung beginnen zu k\u00f6nnen. Mittels Seilwinde konnte das Unfallfahrzeug wieder auf die Stra\u00dfe gezogen werden, worauf die Fahrerin selbstst\u00e4ndig in die n\u00e4chste Werkstatt weiterfahren konnte. Da die Fahrbahn auf einer L\u00e4nge von ca. 70 Metern verschmutzt war, musste diese gereinigt werden, bevor die Fahrspuren wieder f\u00fcr den Verkehr freigegeben werden konnten.<\/p>\n<p>Um 8:25 konnte die Einsatzbereitschaft wieder hergestellt werden.<br \/>\nIm Einsatz befindliche Fahrzeuge: RLF-A 2000<br \/>\nMannschaftsst\u00e4rke: 5<br \/>\nsonstige Einsatzkr\u00e4fte: Polizei<\/p>\n<p><a href=\"https:\/\/www.feuerwehr-matzen.at\/wp-content\/uploads\/2013\/11\/DSC08717.jpg\"><img loading=\"lazy\" decoding=\"async\" class=\"alignleft size-thumbnail wp-image-3667\" alt=\"DSC08717\" src=\"https:\/\/www.feuerwehr-matzen.at\/wp-content\/uploads\/2013\/11\/DSC08717-150x150.jpg\" width=\"150\" height=\"150\" \/><\/a> <a href=\"https:\/\/www.feuerwehr-matzen.at\/wp-content\/uploads\/2013\/11\/DSC08718.jpg\"><img loading=\"lazy\" decoding=\"async\" class=\"alignleft size-thumbnail wp-image-3668\" alt=\"DSC08718\" src=\"https:\/\/www.feuerwehr-matzen.at\/wp-content\/uploads\/2013\/11\/DSC08718-150x150.jpg\" width=\"150\" height=\"150\" \/><\/a> <a href=\"https:\/\/www.feuerwehr-matzen.at\/wp-content\/uploads\/2013\/11\/DSC08720.jpg\"><img loading=\"lazy\" decoding=\"async\" class=\"alignleft size-thumbnail wp-image-3669\" alt=\"DSC08720\" src=\"https:\/\/www.feuerwehr-matzen.at\/wp-content\/uploads\/2013\/11\/DSC08720-150x150.jpg\" width=\"150\" height=\"150\" \/><\/a> <a href=\"https:\/\/www.feuerwehr-matzen.at\/wp-content\/uploads\/2013\/11\/DSC08722.jpg\"><img loading=\"lazy\" decoding=\"async\" class=\"alignleft size-thumbnail wp-image-3670\" alt=\"DSC08722\" src=\"https:\/\/www.feuerwehr-matzen.at\/wp-content\/uploads\/2013\/11\/DSC08722-150x150.jpg\" width=\"150\" height=\"150\" \/><\/a><\/p>\n","protected":false},"excerpt":{"rendered":"<p>Fahrzeugbergung auf der L19 Am 11. November 2013 um 06:33 wurde die Feuerwehr Matzen mittels Sirene und SMS-Alarm zu einem Technischen Einsatz (T1) alarmiert. Ein PKW kam aus bisher unbekannter Ursache von der Stra\u00dfe ab und landete in Folge in <a class=\"more-link\" href=\"https:\/\/www.feuerwehr-matzen.at\/?page_id=3666\">weiterlesen  <span class=\"screen-reader-text\">  11. November 2013<\/span><span class=\"meta-nav\">&rarr;<\/span><\/a><\/p>\n","protected":false},"author":6,"featured_media":0,"parent":0,"menu_order":0,"comment_status":"closed","ping_status":"closed","template":"","meta":{"footnotes":""},"class_list":["post-3666","page","type-page","status-publish","hentry"],"_links":{"self":[{"href":"https:\/\/www.feuerwehr-matzen.at\/index.php?rest_route=\/wp\/v2\/pages\/3666","targetHints":{"allow":["GET"]}}],"collection":[{"href":"https:\/\/www.feuerwehr-matzen.at\/index.php?rest_route=\/wp\/v2\/pages"}],"about":[{"href":"https:\/\/www.feuerwehr-matzen.at\/index.php?rest_route=\/wp\/v2\/types\/page"}],"author":[{"embeddable":true,"href":"https:\/\/www.feuerwehr-matzen.at\/index.php?rest_route=\/wp\/v2\/users\/6"}],"replies":[{"embeddable":true,"href":"https:\/\/www.feuerwehr-matzen.at\/index.php?rest_route=%2Fwp%2Fv2%2Fcomments&post=3666"}],"version-history":[{"count":2,"href":"https:\/\/www.feuerwehr-matzen.at\/index.php?rest_route=\/wp\/v2\/pages\/3666\/revisions"}],"predecessor-version":[{"id":3672,"href":"https:\/\/www.feuerwehr-matzen.at\/index.php?rest_route=\/wp\/v2\/pages\/3666\/revisions\/3672"}],"wp:attachment":[{"href":"https:\/\/www.feuerwehr-matzen.at\/index.php?rest_route=%2Fwp%2Fv2%2Fmedia&parent=3666"}],"curies":[{"name":"wp","href":"https:\/\/api.w.org\/{rel}","templated":true}]}}