{"id":3689,"date":"2013-11-20T12:21:28","date_gmt":"2013-11-20T10:21:28","guid":{"rendered":"http:\/\/www.feuerwehr-matzen.at\/?page_id=3689"},"modified":"2020-09-18T14:15:11","modified_gmt":"2020-09-18T12:15:11","slug":"06-september-2013","status":"publish","type":"page","link":"https:\/\/www.feuerwehr-matzen.at\/?page_id=3689","title":{"rendered":"06. September 2013"},"content":{"rendered":"<p><strong>Monats\u00fcbung<\/strong><a title=\"\u00dcbungen 2013\" href=\"https:\/\/www.feuerwehr-matzen.at\/?page_id=486\"><img loading=\"lazy\" decoding=\"async\" class=\"alignright size-full wp-image-1833\" alt=\"return\" src=\"https:\/\/www.feuerwehr-matzen.at\/wp-content\/uploads\/2013\/07\/return.jpg\" width=\"65\" height=\"30\" \/><\/a><\/p>\n<p>Am 6. September fand die Monats\u00fcbung mit dem Thema Menschenrettung aus Fahrzeugen statt.<br \/>\nDas \u00dcbungsszenario bestand aus einem Verkehrsunfall mit zwei eingeklemmten Personen. Zwei Fahrzeuge verkeilten sich nach einer Kollision mit einem LKW.<br \/>\nVorbildlich wurden die beiden Verletzten aus den Fahrzeugen mittels hydr. Rettungsger\u00e4t befreit. Es wurde dabei die sogenannte Crash Rettung sowie eine schonende Methode angewandt.<br \/>\nNach einer kurzen Nachbesprechung konnte die \u00dcbung nach rund 1,5 Stunden beendet werden.<\/p>\n<p><a href=\"https:\/\/www.feuerwehr-matzen.at\/wp-content\/uploads\/2013\/11\/DSC08444.jpg\"><img loading=\"lazy\" decoding=\"async\" class=\"alignleft size-thumbnail wp-image-3677\" alt=\"DSC08444\" src=\"https:\/\/www.feuerwehr-matzen.at\/wp-content\/uploads\/2013\/11\/DSC08444-150x150.jpg\" width=\"150\" height=\"150\" \/><\/a> <a href=\"https:\/\/www.feuerwehr-matzen.at\/wp-content\/uploads\/2013\/11\/DSC08448.jpg\"><img loading=\"lazy\" decoding=\"async\" class=\"alignleft size-thumbnail wp-image-3678\" alt=\"DSC08448\" src=\"https:\/\/www.feuerwehr-matzen.at\/wp-content\/uploads\/2013\/11\/DSC08448-150x150.jpg\" width=\"150\" height=\"150\" \/><\/a> <a href=\"https:\/\/www.feuerwehr-matzen.at\/wp-content\/uploads\/2013\/11\/DSC08449.jpg\"><img loading=\"lazy\" decoding=\"async\" class=\"alignleft size-thumbnail wp-image-3679\" alt=\"DSC08449\" src=\"https:\/\/www.feuerwehr-matzen.at\/wp-content\/uploads\/2013\/11\/DSC08449-150x150.jpg\" width=\"150\" height=\"150\" \/><\/a> <a href=\"https:\/\/www.feuerwehr-matzen.at\/wp-content\/uploads\/2013\/11\/DSC08451.jpg\"><img loading=\"lazy\" decoding=\"async\" class=\"alignleft size-thumbnail wp-image-3680\" alt=\"DSC08451\" src=\"https:\/\/www.feuerwehr-matzen.at\/wp-content\/uploads\/2013\/11\/DSC08451-150x150.jpg\" width=\"150\" height=\"150\" \/><\/a> <a href=\"https:\/\/www.feuerwehr-matzen.at\/wp-content\/uploads\/2013\/11\/DSC08458.jpg\"><img loading=\"lazy\" decoding=\"async\" class=\"alignleft size-thumbnail wp-image-3681\" alt=\"DSC08458\" src=\"https:\/\/www.feuerwehr-matzen.at\/wp-content\/uploads\/2013\/11\/DSC08458-150x150.jpg\" width=\"150\" height=\"150\" \/><\/a> <a href=\"https:\/\/www.feuerwehr-matzen.at\/wp-content\/uploads\/2013\/11\/DSC08462.jpg\"><img loading=\"lazy\" decoding=\"async\" class=\"alignleft size-thumbnail wp-image-3682\" alt=\"DSC08462\" src=\"https:\/\/www.feuerwehr-matzen.at\/wp-content\/uploads\/2013\/11\/DSC08462-150x150.jpg\" width=\"150\" height=\"150\" \/><\/a> <a href=\"https:\/\/www.feuerwehr-matzen.at\/wp-content\/uploads\/2013\/11\/DSC08475.jpg\"><img loading=\"lazy\" decoding=\"async\" class=\"alignleft size-thumbnail wp-image-3683\" alt=\"DSC08475\" src=\"https:\/\/www.feuerwehr-matzen.at\/wp-content\/uploads\/2013\/11\/DSC08475-150x150.jpg\" width=\"150\" height=\"150\" \/><\/a> <a href=\"https:\/\/www.feuerwehr-matzen.at\/wp-content\/uploads\/2013\/11\/DSC08479.jpg\"><img loading=\"lazy\" decoding=\"async\" class=\"alignleft size-thumbnail wp-image-3684\" alt=\"DSC08479\" src=\"https:\/\/www.feuerwehr-matzen.at\/wp-content\/uploads\/2013\/11\/DSC08479-150x150.jpg\" width=\"150\" height=\"150\" \/><\/a> <a href=\"https:\/\/www.feuerwehr-matzen.at\/wp-content\/uploads\/2013\/11\/DSC08492.jpg\"><img loading=\"lazy\" decoding=\"async\" class=\"alignleft size-thumbnail wp-image-3685\" alt=\"DSC08492\" src=\"https:\/\/www.feuerwehr-matzen.at\/wp-content\/uploads\/2013\/11\/DSC08492-150x150.jpg\" width=\"150\" height=\"150\" \/><\/a><\/p>\n","protected":false},"excerpt":{"rendered":"<p>Monats\u00fcbung Am 6. September fand die Monats\u00fcbung mit dem Thema Menschenrettung aus Fahrzeugen statt. Das \u00dcbungsszenario bestand aus einem Verkehrsunfall mit zwei eingeklemmten Personen. Zwei Fahrzeuge verkeilten sich nach einer Kollision mit einem LKW. Vorbildlich wurden die beiden Verletzten aus <a class=\"more-link\" href=\"https:\/\/www.feuerwehr-matzen.at\/?page_id=3689\">weiterlesen  <span class=\"screen-reader-text\">  06. September 2013<\/span><span class=\"meta-nav\">&rarr;<\/span><\/a><\/p>\n","protected":false},"author":6,"featured_media":0,"parent":0,"menu_order":0,"comment_status":"closed","ping_status":"closed","template":"","meta":{"footnotes":""},"class_list":["post-3689","page","type-page","status-publish","hentry"],"_links":{"self":[{"href":"https:\/\/www.feuerwehr-matzen.at\/index.php?rest_route=\/wp\/v2\/pages\/3689","targetHints":{"allow":["GET"]}}],"collection":[{"href":"https:\/\/www.feuerwehr-matzen.at\/index.php?rest_route=\/wp\/v2\/pages"}],"about":[{"href":"https:\/\/www.feuerwehr-matzen.at\/index.php?rest_route=\/wp\/v2\/types\/page"}],"author":[{"embeddable":true,"href":"https:\/\/www.feuerwehr-matzen.at\/index.php?rest_route=\/wp\/v2\/users\/6"}],"replies":[{"embeddable":true,"href":"https:\/\/www.feuerwehr-matzen.at\/index.php?rest_route=%2Fwp%2Fv2%2Fcomments&post=3689"}],"version-history":[{"count":1,"href":"https:\/\/www.feuerwehr-matzen.at\/index.php?rest_route=\/wp\/v2\/pages\/3689\/revisions"}],"predecessor-version":[{"id":3690,"href":"https:\/\/www.feuerwehr-matzen.at\/index.php?rest_route=\/wp\/v2\/pages\/3689\/revisions\/3690"}],"wp:attachment":[{"href":"https:\/\/www.feuerwehr-matzen.at\/index.php?rest_route=%2Fwp%2Fv2%2Fmedia&parent=3689"}],"curies":[{"name":"wp","href":"https:\/\/api.w.org\/{rel}","templated":true}]}}