{"id":3701,"date":"2013-11-20T12:27:32","date_gmt":"2013-11-20T10:27:32","guid":{"rendered":"http:\/\/www.feuerwehr-matzen.at\/?page_id=3701"},"modified":"2020-09-18T14:15:23","modified_gmt":"2020-09-18T12:15:23","slug":"19-oktober-2013","status":"publish","type":"page","link":"https:\/\/www.feuerwehr-matzen.at\/?page_id=3701","title":{"rendered":"19. Oktober 2013"},"content":{"rendered":"<p><strong>Brandhaus<\/strong><a title=\"\u00dcbungen 2013\" href=\"https:\/\/www.feuerwehr-matzen.at\/?page_id=486\"><img loading=\"lazy\" decoding=\"async\" class=\"alignright size-full wp-image-1833\" alt=\"return\" src=\"https:\/\/www.feuerwehr-matzen.at\/wp-content\/uploads\/2013\/07\/return.jpg\" width=\"65\" height=\"30\" \/><\/a><\/p>\n<p>Am 19. 10. 2013 begaben sich 18 Kameraden der Feuerwehr Matzen in die Landesfeuerwehrschule nach Tulln. Von 8 -12 Uhr hatten die Atemschutztr\u00e4ger die M\u00f6glichkeit im Brandhaus den Ernstfall unter einsatznahen Bedingungen zu erproben. Jeder Atemschutzger\u00e4tetr\u00e4ger der Feuerwehr Matzen durfte eine der drei Positionen im Trupp besetzen und das richtige Vorgehen beim Innenangriff im Brandsimulator trainieren. Beobachtet wurden die Trupps von einer F\u00fchrungskraft der Feuerwehr Matzen. Unterst\u00fctzt wurden diese von einem Kameraden der Feuerwehr Raggendorf.<br \/>\nInsgesamt wurden in 9 Durchg\u00e4ngen verschiedene Szenarien durchgespielt, bei denen es sich haupts\u00e4chlich um die Brandbek\u00e4mpfung handelte. Es wurde versucht, das in den Schulungen gelernte umzusetzen.<br \/>\nNach jedem Durchgang wurde der Atemschutztrupp von deren Beobachter auf eventuelle Verbesserungsm\u00f6glichkeiten hingewiesen.<br \/>\nUm 12 Uhr machten sich die Matzner Einsatzkr\u00e4fte nach einem anstrengenden aber lehrreichen Vormittag wieder auf den Heimweg. Im Zeughaus wurde nach der Sicherstellung der Einsatzbereitschaft noch eine Nachbesprechung abgehalten.<\/p>\n<p><a href=\"https:\/\/www.feuerwehr-matzen.at\/wp-content\/uploads\/2013\/11\/DSC_0240.jpg\"><img loading=\"lazy\" decoding=\"async\" class=\"alignleft size-thumbnail wp-image-3702\" alt=\"DSC_0240\" src=\"https:\/\/www.feuerwehr-matzen.at\/wp-content\/uploads\/2013\/11\/DSC_0240-150x150.jpg\" width=\"150\" height=\"150\" \/><\/a> <a href=\"https:\/\/www.feuerwehr-matzen.at\/wp-content\/uploads\/2013\/11\/DSC_0245.jpg\"><img loading=\"lazy\" decoding=\"async\" class=\"alignleft size-thumbnail wp-image-3703\" alt=\"DSC_0245\" src=\"https:\/\/www.feuerwehr-matzen.at\/wp-content\/uploads\/2013\/11\/DSC_0245-150x150.jpg\" width=\"150\" height=\"150\" \/><\/a> <a href=\"https:\/\/www.feuerwehr-matzen.at\/wp-content\/uploads\/2013\/11\/DSC_0246.jpg\"><img loading=\"lazy\" decoding=\"async\" class=\"alignleft size-thumbnail wp-image-3704\" alt=\"DSC_0246\" src=\"https:\/\/www.feuerwehr-matzen.at\/wp-content\/uploads\/2013\/11\/DSC_0246-150x150.jpg\" width=\"150\" height=\"150\" \/><\/a> <a href=\"https:\/\/www.feuerwehr-matzen.at\/wp-content\/uploads\/2013\/11\/DSC_0249.jpg\"><img loading=\"lazy\" decoding=\"async\" class=\"alignleft size-thumbnail wp-image-3705\" alt=\"DSC_0249\" src=\"https:\/\/www.feuerwehr-matzen.at\/wp-content\/uploads\/2013\/11\/DSC_0249-150x150.jpg\" width=\"150\" height=\"150\" \/><\/a> <a href=\"https:\/\/www.feuerwehr-matzen.at\/wp-content\/uploads\/2013\/11\/DSC_0250.jpg\"><img loading=\"lazy\" decoding=\"async\" class=\"alignleft size-thumbnail wp-image-3706\" alt=\"DSC_0250\" src=\"https:\/\/www.feuerwehr-matzen.at\/wp-content\/uploads\/2013\/11\/DSC_0250-150x150.jpg\" width=\"150\" height=\"150\" \/><\/a> <a href=\"https:\/\/www.feuerwehr-matzen.at\/wp-content\/uploads\/2013\/11\/DSC_0264.jpg\"><img loading=\"lazy\" decoding=\"async\" class=\"alignleft size-thumbnail wp-image-3707\" alt=\"DSC_0264\" src=\"https:\/\/www.feuerwehr-matzen.at\/wp-content\/uploads\/2013\/11\/DSC_0264-150x150.jpg\" width=\"150\" height=\"150\" \/><\/a> <a href=\"https:\/\/www.feuerwehr-matzen.at\/wp-content\/uploads\/2013\/11\/DSC_0270.jpg\"><img loading=\"lazy\" decoding=\"async\" class=\"alignleft size-thumbnail wp-image-3708\" alt=\"DSC_0270\" src=\"https:\/\/www.feuerwehr-matzen.at\/wp-content\/uploads\/2013\/11\/DSC_0270-150x150.jpg\" width=\"150\" height=\"150\" \/><\/a> <a href=\"https:\/\/www.feuerwehr-matzen.at\/wp-content\/uploads\/2013\/11\/DSC_0272.jpg\"><img loading=\"lazy\" decoding=\"async\" class=\"alignleft size-thumbnail wp-image-3709\" alt=\"DSC_0272\" src=\"https:\/\/www.feuerwehr-matzen.at\/wp-content\/uploads\/2013\/11\/DSC_0272-150x150.jpg\" width=\"150\" height=\"150\" \/><\/a> <a href=\"https:\/\/www.feuerwehr-matzen.at\/wp-content\/uploads\/2013\/11\/DSC_0285.jpg\"><img loading=\"lazy\" decoding=\"async\" class=\"alignleft size-thumbnail wp-image-3710\" alt=\"DSC_0285\" src=\"https:\/\/www.feuerwehr-matzen.at\/wp-content\/uploads\/2013\/11\/DSC_0285-150x150.jpg\" width=\"150\" height=\"150\" \/><\/a> <a href=\"https:\/\/www.feuerwehr-matzen.at\/wp-content\/uploads\/2013\/11\/DSC08575.jpg\"><img loading=\"lazy\" decoding=\"async\" class=\"alignleft size-thumbnail wp-image-3711\" alt=\"DSC08575\" src=\"https:\/\/www.feuerwehr-matzen.at\/wp-content\/uploads\/2013\/11\/DSC08575-150x150.jpg\" width=\"150\" height=\"150\" \/><\/a> <a href=\"https:\/\/www.feuerwehr-matzen.at\/wp-content\/uploads\/2013\/11\/DSC08597.jpg\"><img loading=\"lazy\" decoding=\"async\" class=\"alignleft size-thumbnail wp-image-3712\" alt=\"DSC08597\" src=\"https:\/\/www.feuerwehr-matzen.at\/wp-content\/uploads\/2013\/11\/DSC08597-150x150.jpg\" width=\"150\" height=\"150\" \/><\/a> <a href=\"https:\/\/www.feuerwehr-matzen.at\/wp-content\/uploads\/2013\/11\/DSC08617.jpg\"><img loading=\"lazy\" decoding=\"async\" class=\"alignleft size-thumbnail wp-image-3713\" alt=\"DSC08617\" src=\"https:\/\/www.feuerwehr-matzen.at\/wp-content\/uploads\/2013\/11\/DSC08617-150x150.jpg\" width=\"150\" height=\"150\" \/><\/a> <a href=\"https:\/\/www.feuerwehr-matzen.at\/wp-content\/uploads\/2013\/11\/DSC08625.jpg\"><img loading=\"lazy\" decoding=\"async\" class=\"alignleft size-thumbnail wp-image-3714\" alt=\"DSC08625\" src=\"https:\/\/www.feuerwehr-matzen.at\/wp-content\/uploads\/2013\/11\/DSC08625-150x150.jpg\" width=\"150\" height=\"150\" \/><\/a> <a href=\"https:\/\/www.feuerwehr-matzen.at\/wp-content\/uploads\/2013\/11\/DSC08635.jpg\"><img loading=\"lazy\" decoding=\"async\" class=\"alignleft size-thumbnail wp-image-3715\" alt=\"DSC08635\" src=\"https:\/\/www.feuerwehr-matzen.at\/wp-content\/uploads\/2013\/11\/DSC08635-150x150.jpg\" width=\"150\" height=\"150\" \/><\/a> <a href=\"https:\/\/www.feuerwehr-matzen.at\/wp-content\/uploads\/2013\/11\/DSC08636.jpg\"><img loading=\"lazy\" decoding=\"async\" class=\"alignleft size-thumbnail wp-image-3716\" alt=\"DSC08636\" src=\"https:\/\/www.feuerwehr-matzen.at\/wp-content\/uploads\/2013\/11\/DSC08636-150x150.jpg\" width=\"150\" height=\"150\" \/><\/a> <a href=\"https:\/\/www.feuerwehr-matzen.at\/wp-content\/uploads\/2013\/11\/DSC08650.jpg\"><img loading=\"lazy\" decoding=\"async\" class=\"alignleft size-thumbnail wp-image-3717\" alt=\"DSC08650\" src=\"https:\/\/www.feuerwehr-matzen.at\/wp-content\/uploads\/2013\/11\/DSC08650-150x150.jpg\" width=\"150\" height=\"150\" \/><\/a> <a href=\"https:\/\/www.feuerwehr-matzen.at\/wp-content\/uploads\/2013\/11\/IR_0012.jpg\"><img loading=\"lazy\" decoding=\"async\" class=\"alignleft size-thumbnail wp-image-3718\" alt=\"IR_0012\" src=\"https:\/\/www.feuerwehr-matzen.at\/wp-content\/uploads\/2013\/11\/IR_0012-150x150.jpg\" width=\"150\" height=\"150\" \/><\/a> <a href=\"https:\/\/www.feuerwehr-matzen.at\/wp-content\/uploads\/2013\/11\/IR_0035.jpg\"><img loading=\"lazy\" decoding=\"async\" class=\"alignleft size-thumbnail wp-image-3719\" alt=\"IR_0035\" src=\"https:\/\/www.feuerwehr-matzen.at\/wp-content\/uploads\/2013\/11\/IR_0035-150x150.jpg\" width=\"150\" height=\"150\" \/><\/a> <a href=\"https:\/\/www.feuerwehr-matzen.at\/wp-content\/uploads\/2013\/11\/IR_0055.jpg\"><img loading=\"lazy\" decoding=\"async\" class=\"alignleft size-thumbnail wp-image-3720\" alt=\"IR_0055\" src=\"https:\/\/www.feuerwehr-matzen.at\/wp-content\/uploads\/2013\/11\/IR_0055-150x150.jpg\" width=\"150\" height=\"150\" \/><\/a> <a href=\"https:\/\/www.feuerwehr-matzen.at\/wp-content\/uploads\/2013\/11\/IR_0059.jpg\"><img loading=\"lazy\" decoding=\"async\" class=\"alignleft size-thumbnail wp-image-3721\" alt=\"IR_0059\" src=\"https:\/\/www.feuerwehr-matzen.at\/wp-content\/uploads\/2013\/11\/IR_0059-150x150.jpg\" width=\"150\" height=\"150\" \/><\/a> <a href=\"https:\/\/www.feuerwehr-matzen.at\/wp-content\/uploads\/2013\/11\/IR_0092.jpg\"><img loading=\"lazy\" decoding=\"async\" class=\"alignleft size-thumbnail wp-image-3722\" alt=\"IR_0092\" src=\"https:\/\/www.feuerwehr-matzen.at\/wp-content\/uploads\/2013\/11\/IR_0092-150x150.jpg\" width=\"150\" height=\"150\" \/><\/a> <a href=\"https:\/\/www.feuerwehr-matzen.at\/wp-content\/uploads\/2013\/11\/IR_0104.jpg\"><img loading=\"lazy\" decoding=\"async\" class=\"alignleft size-thumbnail wp-image-3723\" alt=\"IR_0104\" src=\"https:\/\/www.feuerwehr-matzen.at\/wp-content\/uploads\/2013\/11\/IR_0104-150x150.jpg\" width=\"150\" height=\"150\" \/><\/a><\/p>\n","protected":false},"excerpt":{"rendered":"<p>Brandhaus Am 19. 10. 2013 begaben sich 18 Kameraden der Feuerwehr Matzen in die Landesfeuerwehrschule nach Tulln. Von 8 -12 Uhr hatten die Atemschutztr\u00e4ger die M\u00f6glichkeit im Brandhaus den Ernstfall unter einsatznahen Bedingungen zu erproben. Jeder Atemschutzger\u00e4tetr\u00e4ger der Feuerwehr Matzen <a class=\"more-link\" href=\"https:\/\/www.feuerwehr-matzen.at\/?page_id=3701\">weiterlesen  <span class=\"screen-reader-text\">  19. Oktober 2013<\/span><span class=\"meta-nav\">&rarr;<\/span><\/a><\/p>\n","protected":false},"author":6,"featured_media":0,"parent":0,"menu_order":0,"comment_status":"closed","ping_status":"closed","template":"","meta":{"footnotes":""},"class_list":["post-3701","page","type-page","status-publish","hentry"],"_links":{"self":[{"href":"https:\/\/www.feuerwehr-matzen.at\/index.php?rest_route=\/wp\/v2\/pages\/3701","targetHints":{"allow":["GET"]}}],"collection":[{"href":"https:\/\/www.feuerwehr-matzen.at\/index.php?rest_route=\/wp\/v2\/pages"}],"about":[{"href":"https:\/\/www.feuerwehr-matzen.at\/index.php?rest_route=\/wp\/v2\/types\/page"}],"author":[{"embeddable":true,"href":"https:\/\/www.feuerwehr-matzen.at\/index.php?rest_route=\/wp\/v2\/users\/6"}],"replies":[{"embeddable":true,"href":"https:\/\/www.feuerwehr-matzen.at\/index.php?rest_route=%2Fwp%2Fv2%2Fcomments&post=3701"}],"version-history":[{"count":1,"href":"https:\/\/www.feuerwehr-matzen.at\/index.php?rest_route=\/wp\/v2\/pages\/3701\/revisions"}],"predecessor-version":[{"id":3724,"href":"https:\/\/www.feuerwehr-matzen.at\/index.php?rest_route=\/wp\/v2\/pages\/3701\/revisions\/3724"}],"wp:attachment":[{"href":"https:\/\/www.feuerwehr-matzen.at\/index.php?rest_route=%2Fwp%2Fv2%2Fmedia&parent=3701"}],"curies":[{"name":"wp","href":"https:\/\/api.w.org\/{rel}","templated":true}]}}