{"id":3727,"date":"2013-11-20T12:34:06","date_gmt":"2013-11-20T10:34:06","guid":{"rendered":"http:\/\/www.feuerwehr-matzen.at\/?page_id=3727"},"modified":"2020-09-18T14:15:34","modified_gmt":"2020-09-18T12:15:34","slug":"20-oktober-2013","status":"publish","type":"page","link":"https:\/\/www.feuerwehr-matzen.at\/?page_id=3727","title":{"rendered":"20. Oktober 2013"},"content":{"rendered":"<p><strong>Abschluss\u00fcbung Grundausbildung<\/strong><a title=\"\u00dcbungen 2013\" href=\"https:\/\/www.feuerwehr-matzen.at\/?page_id=486\"><img loading=\"lazy\" decoding=\"async\" class=\"alignright size-full wp-image-1833\" alt=\"return\" src=\"https:\/\/www.feuerwehr-matzen.at\/wp-content\/uploads\/2013\/07\/return.jpg\" width=\"65\" height=\"30\" \/><\/a><\/p>\n<p>Nachdem unsere Jungfeuerwehrm\u00e4nner demn\u00e4chst beim Abschlussmodul Truppmann antreten, gab es auch dieses Mal wieder eine unangek\u00fcndigte Abschluss\u00fcbung.<br \/>\nAm Vormittag des 20. Oktober hielt unser Ausbilder eine Grundausbildungseinheit ab. Dieses Mal ging es um Leitern im Feuerwehrdienst von 8-12 Uhr. In der Zwischenzeit wurde von einigen Kameraden ohne Wissen der Auszubildenden eine Einsatz\u00fcbung hergerichtet.<br \/>\nUm 9:37 schrillten dann die Handys mit einer Alarmmeldung zu einer Fahrzeugbergung. Alle Beteiligten plus einige Kameraden die bereits vor dem Feuerwehrhaus warteten eilten in den Mannschaftraum und h\u00fcpften in die Einsatzbekleidung. Vollbesetzt r\u00fcckte das R\u00fcstl\u00f6schfahrzeug zur vermeintlichen Fahrzeugbergung aus. Die auftretenden Fragen der Auszubildenden warum den die Sirene nicht heulen w\u00fcrde konnten erfolgreich beseitigt werden. An der Einsatzstelle angekommen erkundeten der Einsatzleiter mit dem Gruppenkommandanten das Unfallszenario. Zum Schrecken der Jungfeuerwehrm\u00e4nner eilte der Gruppenkommandant mit der Meldung \u201eMenschenrettung\u201c zur\u00fcck zum Fahrzeug. Umgehend wurde das hydr. Rettungsger\u00e4t in Stellung g gebracht und die Verletzten erstversorgt. W\u00e4hrend dessen kam vom Einsatzleiter die Meldung, dass der Rettungswagen noch 10 Minuten brauchen w\u00fcrde. Alle drei Jungfeuerwehrm\u00e4nner wurden an der Front eingeteilt und arbeiteten vorbildlich nach den Ausbildungsrichtlinien. Nachdem beide Opfer erfolgreich aus dem Unfallfahrzeug befreit und am Sammelplatz versorgt wurden, begr\u00fc\u00dfte unser Ausbilder die Auszubildende mit der Frage wann sie gemerkt h\u00e4tten, dass es sich um eine \u00dcbung handelte. Die drei Jungfeuerwehrm\u00e4nner blickte sich gegenseitig an und antworteten gleichzeitig: \u201eJetzt!\u201c<\/p>\n<p>Nachdem die Fahrzeugbergung durchgef\u00fchrt wurde, konnten alle Beteiligten wieder einr\u00fccken und die Einsatzbereitschaft herstellen.<\/p>\n<p><a href=\"https:\/\/www.feuerwehr-matzen.at\/wp-content\/uploads\/2013\/11\/DSC08686.jpg\"><img loading=\"lazy\" decoding=\"async\" class=\"alignleft size-thumbnail wp-image-3728\" alt=\"DSC08686\" src=\"https:\/\/www.feuerwehr-matzen.at\/wp-content\/uploads\/2013\/11\/DSC08686-150x150.jpg\" width=\"150\" height=\"150\" \/><\/a> <a href=\"https:\/\/www.feuerwehr-matzen.at\/wp-content\/uploads\/2013\/11\/DSC08688.jpg\"><img loading=\"lazy\" decoding=\"async\" class=\"alignleft size-thumbnail wp-image-3729\" alt=\"DSC08688\" src=\"https:\/\/www.feuerwehr-matzen.at\/wp-content\/uploads\/2013\/11\/DSC08688-150x150.jpg\" width=\"150\" height=\"150\" \/><\/a> <a href=\"https:\/\/www.feuerwehr-matzen.at\/wp-content\/uploads\/2013\/11\/DSC08690.jpg\"><img loading=\"lazy\" decoding=\"async\" class=\"alignleft size-thumbnail wp-image-3730\" alt=\"DSC08690\" src=\"https:\/\/www.feuerwehr-matzen.at\/wp-content\/uploads\/2013\/11\/DSC08690-150x150.jpg\" width=\"150\" height=\"150\" \/><\/a> <a href=\"https:\/\/www.feuerwehr-matzen.at\/wp-content\/uploads\/2013\/11\/DSC08697.jpg\"><img loading=\"lazy\" decoding=\"async\" class=\"alignleft size-thumbnail wp-image-3731\" alt=\"DSC08697\" src=\"https:\/\/www.feuerwehr-matzen.at\/wp-content\/uploads\/2013\/11\/DSC08697-150x150.jpg\" width=\"150\" height=\"150\" \/><\/a> <a href=\"https:\/\/www.feuerwehr-matzen.at\/wp-content\/uploads\/2013\/11\/DSC08706.jpg\"><img loading=\"lazy\" decoding=\"async\" class=\"alignleft size-thumbnail wp-image-3732\" alt=\"DSC08706\" src=\"https:\/\/www.feuerwehr-matzen.at\/wp-content\/uploads\/2013\/11\/DSC08706-150x150.jpg\" width=\"150\" height=\"150\" \/><\/a> <a href=\"https:\/\/www.feuerwehr-matzen.at\/wp-content\/uploads\/2013\/11\/DSC08708.jpg\"><img loading=\"lazy\" decoding=\"async\" class=\"alignleft size-thumbnail wp-image-3733\" alt=\"DSC08708\" src=\"https:\/\/www.feuerwehr-matzen.at\/wp-content\/uploads\/2013\/11\/DSC08708-150x150.jpg\" width=\"150\" height=\"150\" \/><\/a> <a href=\"https:\/\/www.feuerwehr-matzen.at\/wp-content\/uploads\/2013\/11\/DSC08709.jpg\"><img loading=\"lazy\" decoding=\"async\" class=\"alignleft size-thumbnail wp-image-3734\" alt=\"DSC08709\" src=\"https:\/\/www.feuerwehr-matzen.at\/wp-content\/uploads\/2013\/11\/DSC08709-150x150.jpg\" width=\"150\" height=\"150\" \/><\/a><\/p>\n","protected":false},"excerpt":{"rendered":"<p>Abschluss\u00fcbung Grundausbildung Nachdem unsere Jungfeuerwehrm\u00e4nner demn\u00e4chst beim Abschlussmodul Truppmann antreten, gab es auch dieses Mal wieder eine unangek\u00fcndigte Abschluss\u00fcbung. Am Vormittag des 20. Oktober hielt unser Ausbilder eine Grundausbildungseinheit ab. Dieses Mal ging es um Leitern im Feuerwehrdienst von 8-12 <a class=\"more-link\" href=\"https:\/\/www.feuerwehr-matzen.at\/?page_id=3727\">weiterlesen  <span class=\"screen-reader-text\">  20. Oktober 2013<\/span><span class=\"meta-nav\">&rarr;<\/span><\/a><\/p>\n","protected":false},"author":6,"featured_media":0,"parent":0,"menu_order":0,"comment_status":"closed","ping_status":"closed","template":"","meta":{"footnotes":""},"class_list":["post-3727","page","type-page","status-publish","hentry"],"_links":{"self":[{"href":"https:\/\/www.feuerwehr-matzen.at\/index.php?rest_route=\/wp\/v2\/pages\/3727","targetHints":{"allow":["GET"]}}],"collection":[{"href":"https:\/\/www.feuerwehr-matzen.at\/index.php?rest_route=\/wp\/v2\/pages"}],"about":[{"href":"https:\/\/www.feuerwehr-matzen.at\/index.php?rest_route=\/wp\/v2\/types\/page"}],"author":[{"embeddable":true,"href":"https:\/\/www.feuerwehr-matzen.at\/index.php?rest_route=\/wp\/v2\/users\/6"}],"replies":[{"embeddable":true,"href":"https:\/\/www.feuerwehr-matzen.at\/index.php?rest_route=%2Fwp%2Fv2%2Fcomments&post=3727"}],"version-history":[{"count":1,"href":"https:\/\/www.feuerwehr-matzen.at\/index.php?rest_route=\/wp\/v2\/pages\/3727\/revisions"}],"predecessor-version":[{"id":3735,"href":"https:\/\/www.feuerwehr-matzen.at\/index.php?rest_route=\/wp\/v2\/pages\/3727\/revisions\/3735"}],"wp:attachment":[{"href":"https:\/\/www.feuerwehr-matzen.at\/index.php?rest_route=%2Fwp%2Fv2%2Fmedia&parent=3727"}],"curies":[{"name":"wp","href":"https:\/\/api.w.org\/{rel}","templated":true}]}}