{"id":3740,"date":"2013-11-22T01:36:31","date_gmt":"2013-11-21T23:36:31","guid":{"rendered":"http:\/\/www.feuerwehr-matzen.at\/?page_id=3740"},"modified":"2020-09-18T14:15:34","modified_gmt":"2020-09-18T12:15:34","slug":"21-september-2013","status":"publish","type":"page","link":"https:\/\/www.feuerwehr-matzen.at\/?page_id=3740","title":{"rendered":"21. September 2013"},"content":{"rendered":"<p><strong>Workshop &#8211; Branddienst<\/strong><a title=\"\u00dcbungen 2013\" href=\"https:\/\/www.feuerwehr-matzen.at\/?page_id=486\"><img loading=\"lazy\" decoding=\"async\" class=\"alignright size-full wp-image-1833\" alt=\"return\" src=\"https:\/\/www.feuerwehr-matzen.at\/wp-content\/uploads\/2013\/07\/return.jpg\" width=\"65\" height=\"30\" \/><\/a><\/p>\n<p>Am dritten Septemberwochende wurden die Atemschutzger\u00e4tetr\u00e4ger unserer Feuerwehr auf die neuen Atemschutzger\u00e4te praktisch eingeschult.<br \/>\nNach der Ger\u00e4te\u00fcbergabe und der Theorieschulung durch die Herstellerfirma wurde an diesem Wochenende der praktische Umgang mit den<br \/>\nGer\u00e4ten ge\u00fcbt.<br \/>\nEs wurde hier sehr viel Wert auf jeden einzelnen Atemschutztr\u00e4ger gelegt, daher wurde sowohl Samstag als auch am Sonntag Vormittag in<br \/>\nKleingruppen ausgebildet. Gemeinsam mit dem SB Atemschutz Rudolf Zimmer konnte unser Ausbilder Klemens Widhalm die wichtigsten Themen<br \/>\nim Bereich Atemschutz wiederholen. Neben der Ger\u00e4tekunde und dem Ausr\u00fcsten mit den neuen Atemschutzger\u00e4ten waren Stationen zum Thema<br \/>\nSuchtechniken, richtiges Vorgehen und der T\u00fcrthematik vorbereitet.<br \/>\nEin weiterer Punkt war die praktische Erprobung eines m\u00f6glichen Atemschutz\/F\u00fchrungsfunkes. Hier konnten verschieden M\u00f6glichkeiten in der<br \/>\nPraxis getestet werden. Dies war wichtig um das optimale Funkzubeh\u00f6r f\u00fcr unsere Digitalfunkger\u00e4te besorgen zu k\u00f6nnen.<br \/>\nNeben den bereits erw\u00e4hnten Herausforderungen, war eine kleine Einsatz\u00fcbung zu meistern. Eine vermisste Person war mittels schwerem Atemschutz<br \/>\nund Fluchthaube aus dem verrauchten Bereich zu befreien. Zu guter Letzt wurde der Seitkriechgang mit der Flash-Over Reaktion ge\u00fcbt. Bei diesem<br \/>\nstandartisierten Ablauf, ist es die Aufgabe des Strahlrohrf\u00fchrers, den Atemschutztrupp beim z\u00fcnden eines Flash-Overs (einer explosionsartigen Rauchgasdurchz\u00fcndung)<br \/>\nmit dem Wasserstrahl soweit abzuschirmen, dass diese Verletzungsfrei \u00fcberstanden wird.<\/p>\n<p><a href=\"https:\/\/www.feuerwehr-matzen.at\/wp-content\/uploads\/2013\/11\/DSC08499.jpg\"><img loading=\"lazy\" decoding=\"async\" class=\"alignleft size-thumbnail wp-image-3741\" alt=\"DSC08499\" src=\"https:\/\/www.feuerwehr-matzen.at\/wp-content\/uploads\/2013\/11\/DSC08499-150x150.jpg\" width=\"150\" height=\"150\" \/><\/a> <a href=\"https:\/\/www.feuerwehr-matzen.at\/wp-content\/uploads\/2013\/11\/DSC08501.jpg\"><img loading=\"lazy\" decoding=\"async\" class=\"alignleft size-thumbnail wp-image-3742\" alt=\"DSC08501\" src=\"https:\/\/www.feuerwehr-matzen.at\/wp-content\/uploads\/2013\/11\/DSC08501-150x150.jpg\" width=\"150\" height=\"150\" \/><\/a> <a href=\"https:\/\/www.feuerwehr-matzen.at\/wp-content\/uploads\/2013\/11\/DSC08502.jpg\"><img loading=\"lazy\" decoding=\"async\" class=\"alignleft size-thumbnail wp-image-3743\" alt=\"DSC08502\" src=\"https:\/\/www.feuerwehr-matzen.at\/wp-content\/uploads\/2013\/11\/DSC08502-150x150.jpg\" width=\"150\" height=\"150\" \/><\/a> <a href=\"https:\/\/www.feuerwehr-matzen.at\/wp-content\/uploads\/2013\/11\/DSC08505.jpg\"><img loading=\"lazy\" decoding=\"async\" class=\"alignleft size-thumbnail wp-image-3744\" alt=\"DSC08505\" src=\"https:\/\/www.feuerwehr-matzen.at\/wp-content\/uploads\/2013\/11\/DSC08505-150x150.jpg\" width=\"150\" height=\"150\" \/><\/a> <a href=\"https:\/\/www.feuerwehr-matzen.at\/wp-content\/uploads\/2013\/11\/DSC08507.jpg\"><img loading=\"lazy\" decoding=\"async\" class=\"alignleft size-thumbnail wp-image-3745\" alt=\"DSC08507\" src=\"https:\/\/www.feuerwehr-matzen.at\/wp-content\/uploads\/2013\/11\/DSC08507-150x150.jpg\" width=\"150\" height=\"150\" \/><\/a> <a href=\"https:\/\/www.feuerwehr-matzen.at\/wp-content\/uploads\/2013\/11\/DSC08511.jpg\"><img loading=\"lazy\" decoding=\"async\" class=\"alignleft size-thumbnail wp-image-3746\" alt=\"DSC08511\" src=\"https:\/\/www.feuerwehr-matzen.at\/wp-content\/uploads\/2013\/11\/DSC08511-150x150.jpg\" width=\"150\" height=\"150\" \/><\/a> <a href=\"https:\/\/www.feuerwehr-matzen.at\/wp-content\/uploads\/2013\/11\/DSC08513.jpg\"><img loading=\"lazy\" decoding=\"async\" class=\"alignleft size-thumbnail wp-image-3747\" alt=\"DSC08513\" src=\"https:\/\/www.feuerwehr-matzen.at\/wp-content\/uploads\/2013\/11\/DSC08513-150x150.jpg\" width=\"150\" height=\"150\" \/><\/a> <a href=\"https:\/\/www.feuerwehr-matzen.at\/wp-content\/uploads\/2013\/11\/DSC08531.jpg\"><img loading=\"lazy\" decoding=\"async\" class=\"alignleft size-thumbnail wp-image-3748\" alt=\"DSC08531\" src=\"https:\/\/www.feuerwehr-matzen.at\/wp-content\/uploads\/2013\/11\/DSC08531-150x150.jpg\" width=\"150\" height=\"150\" \/><\/a> <a href=\"https:\/\/www.feuerwehr-matzen.at\/wp-content\/uploads\/2013\/11\/DSC08535.jpg\"><img loading=\"lazy\" decoding=\"async\" class=\"alignleft size-thumbnail wp-image-3749\" alt=\"DSC08535\" src=\"https:\/\/www.feuerwehr-matzen.at\/wp-content\/uploads\/2013\/11\/DSC08535-150x150.jpg\" width=\"150\" height=\"150\" \/><\/a><\/p>\n","protected":false},"excerpt":{"rendered":"<p>Workshop &#8211; Branddienst Am dritten Septemberwochende wurden die Atemschutzger\u00e4tetr\u00e4ger unserer Feuerwehr auf die neuen Atemschutzger\u00e4te praktisch eingeschult. Nach der Ger\u00e4te\u00fcbergabe und der Theorieschulung durch die Herstellerfirma wurde an diesem Wochenende der praktische Umgang mit den Ger\u00e4ten ge\u00fcbt. Es wurde hier <a class=\"more-link\" href=\"https:\/\/www.feuerwehr-matzen.at\/?page_id=3740\">weiterlesen  <span class=\"screen-reader-text\">  21. September 2013<\/span><span class=\"meta-nav\">&rarr;<\/span><\/a><\/p>\n","protected":false},"author":6,"featured_media":0,"parent":0,"menu_order":0,"comment_status":"closed","ping_status":"closed","template":"","meta":{"footnotes":""},"class_list":["post-3740","page","type-page","status-publish","hentry"],"_links":{"self":[{"href":"https:\/\/www.feuerwehr-matzen.at\/index.php?rest_route=\/wp\/v2\/pages\/3740","targetHints":{"allow":["GET"]}}],"collection":[{"href":"https:\/\/www.feuerwehr-matzen.at\/index.php?rest_route=\/wp\/v2\/pages"}],"about":[{"href":"https:\/\/www.feuerwehr-matzen.at\/index.php?rest_route=\/wp\/v2\/types\/page"}],"author":[{"embeddable":true,"href":"https:\/\/www.feuerwehr-matzen.at\/index.php?rest_route=\/wp\/v2\/users\/6"}],"replies":[{"embeddable":true,"href":"https:\/\/www.feuerwehr-matzen.at\/index.php?rest_route=%2Fwp%2Fv2%2Fcomments&post=3740"}],"version-history":[{"count":2,"href":"https:\/\/www.feuerwehr-matzen.at\/index.php?rest_route=\/wp\/v2\/pages\/3740\/revisions"}],"predecessor-version":[{"id":3752,"href":"https:\/\/www.feuerwehr-matzen.at\/index.php?rest_route=\/wp\/v2\/pages\/3740\/revisions\/3752"}],"wp:attachment":[{"href":"https:\/\/www.feuerwehr-matzen.at\/index.php?rest_route=%2Fwp%2Fv2%2Fmedia&parent=3740"}],"curies":[{"name":"wp","href":"https:\/\/api.w.org\/{rel}","templated":true}]}}